{"id":837,"date":"2023-12-20T23:48:09","date_gmt":"2023-12-20T21:48:09","guid":{"rendered":"https:\/\/trampampam.lt\/?post_type=product&#038;p=837"},"modified":"2026-01-20T13:57:16","modified_gmt":"2026-01-20T11:57:16","slug":"folinis-balionas-skaicius-spurga","status":"publish","type":"product","link":"https:\/\/trampampam.lt\/en\/product\/folinis-balionas-skaicius-spurga\/","title":{"rendered":"Folinis balionas skai\u010dius &#8222;Spurga&#8221;"},"content":{"rendered":"<h1>Folinis balionas skai\u010dius &#8222;Spurga&#8221;<\/h1>\n<h2>Spalvingas ir \u017eaismingas folinis balionas skai\u010dius, kuris atrodo kaip gardi spurga, tikrai prad\u017eiugins vakar\u0117lio smali\u017ei\u0173.<\/h2>\n<h2>Balion\u0105 rekomenduojama p\u016bsti rankine <a href=\"https:\/\/trampampam.lt\/en\/product\/pompa_balionams\/\">pompa<\/a>, kuri\u0105 taip pat rasite m\u016bs\u0173 parduotuv\u0117je.<\/h2>\n<h2>Baliono auk\u0161tis prip\u016btus ~101 cm<\/h2>","protected":false},"excerpt":{"rendered":"<h1>Folinis balionas skai\u010dius &#8222;Spurga&#8221;<\/h1>\n<h2>Spalvingas ir \u017eaismingas folinis balionas skai\u010dius, kuris atrodo kaip gardi spurga, tikrai prad\u017eiugins vakar\u0117lio smali\u017ei\u0173.<\/h2>\n<h2>Balion\u0105 rekomenduojama p\u016bsti rankine <a href=\"https:\/\/trampampam.lt\/en\/product\/pompa_balionams\/\">pompa<\/a>, kuri\u0105 taip pat rasite m\u016bs\u0173 parduotuv\u0117je.<\/h2>\n<h2>Baliono auk\u0161tis prip\u016btus ~101 cm<\/h2>","protected":false},"featured_media":859,"comment_status":"open","ping_status":"closed","template":"","meta":{"jetpack_publicize_message":"","jetpack_publicize_feature_enabled":true,"jetpack_social_post_already_shared":false,"jetpack_social_options":{"image_generator_settings":{"template":"highway","default_image_id":0,"font":"","enabled":false},"version":2}},"product_brand":[],"product_cat":[56],"product_tag":[53,45,54,117,80,87,77,78,57,107],"class_list":{"0":"post-837","1":"product","2":"type-product","3":"status-publish","4":"has-post-thumbnail","6":"product_cat-foliniai-balionai","7":"product_tag-balionai","8":"product_tag-balionams","9":"product_tag-balionas","10":"product_tag-balionu","11":"product_tag-didelis","12":"product_tag-dovana","13":"product_tag-folinis","14":"product_tag-skaicius","15":"product_tag-spalvoti","16":"product_tag-spurga","18":"first","19":"instock","20":"sale","21":"shipping-taxable","22":"purchasable","23":"product-type-variable"},"yoast_head":"<!-- This site is optimized with the Yoast SEO plugin v27.4 - https:\/\/yoast.com\/product\/yoast-seo-wordpress\/ -->\n<title>Folinis balionas skai\u010dius &quot;Spurga&quot; - Trampampam.lt<\/title>\n<meta name=\"description\" content=\"Folinis balionas skai\u010dius &quot;Spurga&quot;. Spalvingas ir \u017eaismingas folinis balionas skai\u010dius tikrai prad\u017eiugins vakar\u0117lio smali\u017ei\u0173. Auk\u0161tis ~101 cm\" \/>\n<meta name=\"robots\" content=\"index, follow, max-snippet:-1, max-image-preview:large, max-video-preview:-1\" \/>\n<link rel=\"canonical\" href=\"https:\/\/trampampam.lt\/en\/product\/folinis-balionas-skaicius-spurga\/\" \/>\n<meta property=\"og:locale\" content=\"en_US\" \/>\n<meta property=\"og:type\" content=\"article\" \/>\n<meta property=\"og:title\" content=\"Folinis balionas skai\u010dius &quot;Spurga&quot; - Trampampam.lt\" \/>\n<meta property=\"og:description\" content=\"Folinis balionas skai\u010dius &quot;Spurga&quot;. Spalvingas ir \u017eaismingas folinis balionas skai\u010dius tikrai prad\u017eiugins vakar\u0117lio smali\u017ei\u0173. Auk\u0161tis ~101 cm\" \/>\n<meta property=\"og:url\" content=\"https:\/\/trampampam.lt\/en\/product\/folinis-balionas-skaicius-spurga\/\" \/>\n<meta property=\"og:site_name\" content=\"Trampampam.lt\" \/>\n<meta property=\"article:publisher\" content=\"https:\/\/www.facebook.com\/Trampampam.lt\" \/>\n<meta property=\"article:modified_time\" content=\"2026-01-20T11:57:16+00:00\" \/>\n<meta property=\"og:image\" content=\"https:\/\/trampampam.lt\/wp-content\/uploads\/2023\/12\/img_2602.jpeg\" \/>\n\t<meta property=\"og:image:width\" content=\"1179\" \/>\n\t<meta property=\"og:image:height\" content=\"1165\" \/>\n\t<meta property=\"og:image:type\" content=\"image\/jpeg\" \/>\n<meta name=\"twitter:card\" content=\"summary_large_image\" \/>\n<meta name=\"twitter:label1\" content=\"Est. reading time\" \/>\n\t<meta name=\"twitter:data1\" content=\"1 minute\" \/>\n<script type=\"application\/ld+json\" class=\"yoast-schema-graph\">{\"@context\":\"https:\\\/\\\/schema.org\",\"@graph\":[{\"@type\":\"WebPage\",\"@id\":\"https:\\\/\\\/trampampam.lt\\\/produktas\\\/folinis-balionas-skaicius-spurga\\\/\",\"url\":\"https:\\\/\\\/trampampam.lt\\\/produktas\\\/folinis-balionas-skaicius-spurga\\\/\",\"name\":\"Folinis balionas skai\u010dius \\\"Spurga\\\" - Trampampam.lt\",\"isPartOf\":{\"@id\":\"https:\\\/\\\/trampampam.lt\\\/#website\"},\"primaryImageOfPage\":{\"@id\":\"https:\\\/\\\/trampampam.lt\\\/produktas\\\/folinis-balionas-skaicius-spurga\\\/#primaryimage\"},\"image\":{\"@id\":\"https:\\\/\\\/trampampam.lt\\\/produktas\\\/folinis-balionas-skaicius-spurga\\\/#primaryimage\"},\"thumbnailUrl\":\"https:\\\/\\\/i0.wp.com\\\/trampampam.lt\\\/wp-content\\\/uploads\\\/2023\\\/12\\\/img_2602.jpeg?fit=1179%2C1165&ssl=1\",\"datePublished\":\"2023-12-20T21:48:09+00:00\",\"dateModified\":\"2026-01-20T11:57:16+00:00\",\"description\":\"Folinis balionas skai\u010dius \\\"Spurga\\\". Spalvingas ir \u017eaismingas folinis balionas skai\u010dius tikrai prad\u017eiugins vakar\u0117lio smali\u017ei\u0173. Auk\u0161tis ~101 cm\",\"breadcrumb\":{\"@id\":\"https:\\\/\\\/trampampam.lt\\\/produktas\\\/folinis-balionas-skaicius-spurga\\\/#breadcrumb\"},\"inLanguage\":\"en-US\",\"potentialAction\":[{\"@type\":\"ReadAction\",\"target\":[\"https:\\\/\\\/trampampam.lt\\\/produktas\\\/folinis-balionas-skaicius-spurga\\\/\"]}]},{\"@type\":\"ImageObject\",\"inLanguage\":\"en-US\",\"@id\":\"https:\\\/\\\/trampampam.lt\\\/produktas\\\/folinis-balionas-skaicius-spurga\\\/#primaryimage\",\"url\":\"https:\\\/\\\/i0.wp.com\\\/trampampam.lt\\\/wp-content\\\/uploads\\\/2023\\\/12\\\/img_2602.jpeg?fit=1179%2C1165&ssl=1\",\"contentUrl\":\"https:\\\/\\\/i0.wp.com\\\/trampampam.lt\\\/wp-content\\\/uploads\\\/2023\\\/12\\\/img_2602.jpeg?fit=1179%2C1165&ssl=1\",\"width\":1179,\"height\":1165,\"caption\":\"Folinis balionas skai\u010dius Spurga\"},{\"@type\":\"BreadcrumbList\",\"@id\":\"https:\\\/\\\/trampampam.lt\\\/produktas\\\/folinis-balionas-skaicius-spurga\\\/#breadcrumb\",\"itemListElement\":[{\"@type\":\"ListItem\",\"position\":1,\"name\":\"Home\",\"item\":\"https:\\\/\\\/trampampam.lt\\\/\"},{\"@type\":\"ListItem\",\"position\":2,\"name\":\"Preki\u0173 katalogas\",\"item\":\"https:\\\/\\\/trampampam.lt\\\/\"},{\"@type\":\"ListItem\",\"position\":3,\"name\":\"Folinis balionas skai\u010dius &#8222;Spurga&#8221;\"}]},{\"@type\":\"WebSite\",\"@id\":\"https:\\\/\\\/trampampam.lt\\\/#website\",\"url\":\"https:\\\/\\\/trampampam.lt\\\/\",\"name\":\"Telefon\u0173 d\u0117klai, Balionai ir kita \u0161ventin\u0117 atributika | Trampampam.lt\",\"description\":\"Telefon\u0173 d\u0117klai, balionai, dovan\u0173 id\u0117jos ir kita \u0161ventin\u0117 atributika\",\"publisher\":{\"@id\":\"https:\\\/\\\/trampampam.lt\\\/#organization\"},\"alternateName\":\"Telefon\u0173 d\u0117klai\",\"potentialAction\":[{\"@type\":\"SearchAction\",\"target\":{\"@type\":\"EntryPoint\",\"urlTemplate\":\"https:\\\/\\\/trampampam.lt\\\/?s={search_term_string}\"},\"query-input\":{\"@type\":\"PropertyValueSpecification\",\"valueRequired\":true,\"valueName\":\"search_term_string\"}}],\"inLanguage\":\"en-US\"},{\"@type\":\"Organization\",\"@id\":\"https:\\\/\\\/trampampam.lt\\\/#organization\",\"name\":\"Trampampam.lt\",\"url\":\"https:\\\/\\\/trampampam.lt\\\/\",\"logo\":{\"@type\":\"ImageObject\",\"inLanguage\":\"en-US\",\"@id\":\"https:\\\/\\\/trampampam.lt\\\/#\\\/schema\\\/logo\\\/image\\\/\",\"url\":\"https:\\\/\\\/i0.wp.com\\\/trampampam.lt\\\/wp-content\\\/uploads\\\/2023\\\/11\\\/Small-logo-be-fono-1-e1698868741484.png?fit=390%2C399&ssl=1\",\"contentUrl\":\"https:\\\/\\\/i0.wp.com\\\/trampampam.lt\\\/wp-content\\\/uploads\\\/2023\\\/11\\\/Small-logo-be-fono-1-e1698868741484.png?fit=390%2C399&ssl=1\",\"width\":390,\"height\":399,\"caption\":\"Trampampam.lt\"},\"image\":{\"@id\":\"https:\\\/\\\/trampampam.lt\\\/#\\\/schema\\\/logo\\\/image\\\/\"},\"sameAs\":[\"https:\\\/\\\/www.facebook.com\\\/Trampampam.lt\",\"https:\\\/\\\/www.instagram.com\\\/trampampam.lt\\\/\"]}]}<\/script>\n<!-- \/ Yoast SEO plugin. -->","yoast_head_json":{"title":"Folinis balionas skai\u010dius \"Spurga\" - Trampampam.lt","description":"Folinis balionas skai\u010dius \"Spurga\". Spalvingas ir \u017eaismingas folinis balionas skai\u010dius tikrai prad\u017eiugins vakar\u0117lio smali\u017ei\u0173. Auk\u0161tis ~101 cm","robots":{"index":"index","follow":"follow","max-snippet":"max-snippet:-1","max-image-preview":"max-image-preview:large","max-video-preview":"max-video-preview:-1"},"canonical":"https:\/\/trampampam.lt\/en\/product\/folinis-balionas-skaicius-spurga\/","og_locale":"en_US","og_type":"article","og_title":"Folinis balionas skai\u010dius \"Spurga\" - Trampampam.lt","og_description":"Folinis balionas skai\u010dius \"Spurga\". Spalvingas ir \u017eaismingas folinis balionas skai\u010dius tikrai prad\u017eiugins vakar\u0117lio smali\u017ei\u0173. Auk\u0161tis ~101 cm","og_url":"https:\/\/trampampam.lt\/en\/product\/folinis-balionas-skaicius-spurga\/","og_site_name":"Trampampam.lt","article_publisher":"https:\/\/www.facebook.com\/Trampampam.lt","article_modified_time":"2026-01-20T11:57:16+00:00","og_image":[{"width":1179,"height":1165,"url":"https:\/\/trampampam.lt\/wp-content\/uploads\/2023\/12\/img_2602.jpeg","type":"image\/jpeg"}],"twitter_card":"summary_large_image","twitter_misc":{"Est. reading time":"1 minute"},"schema":{"@context":"https:\/\/schema.org","@graph":[{"@type":"WebPage","@id":"https:\/\/trampampam.lt\/produktas\/folinis-balionas-skaicius-spurga\/","url":"https:\/\/trampampam.lt\/produktas\/folinis-balionas-skaicius-spurga\/","name":"Folinis balionas skai\u010dius \"Spurga\" - Trampampam.lt","isPartOf":{"@id":"https:\/\/trampampam.lt\/#website"},"primaryImageOfPage":{"@id":"https:\/\/trampampam.lt\/produktas\/folinis-balionas-skaicius-spurga\/#primaryimage"},"image":{"@id":"https:\/\/trampampam.lt\/produktas\/folinis-balionas-skaicius-spurga\/#primaryimage"},"thumbnailUrl":"https:\/\/i0.wp.com\/trampampam.lt\/wp-content\/uploads\/2023\/12\/img_2602.jpeg?fit=1179%2C1165&ssl=1","datePublished":"2023-12-20T21:48:09+00:00","dateModified":"2026-01-20T11:57:16+00:00","description":"Folinis balionas skai\u010dius \"Spurga\". Spalvingas ir \u017eaismingas folinis balionas skai\u010dius tikrai prad\u017eiugins vakar\u0117lio smali\u017ei\u0173. Auk\u0161tis ~101 cm","breadcrumb":{"@id":"https:\/\/trampampam.lt\/produktas\/folinis-balionas-skaicius-spurga\/#breadcrumb"},"inLanguage":"en-US","potentialAction":[{"@type":"ReadAction","target":["https:\/\/trampampam.lt\/produktas\/folinis-balionas-skaicius-spurga\/"]}]},{"@type":"ImageObject","inLanguage":"en-US","@id":"https:\/\/trampampam.lt\/produktas\/folinis-balionas-skaicius-spurga\/#primaryimage","url":"https:\/\/i0.wp.com\/trampampam.lt\/wp-content\/uploads\/2023\/12\/img_2602.jpeg?fit=1179%2C1165&ssl=1","contentUrl":"https:\/\/i0.wp.com\/trampampam.lt\/wp-content\/uploads\/2023\/12\/img_2602.jpeg?fit=1179%2C1165&ssl=1","width":1179,"height":1165,"caption":"Folinis balionas skai\u010dius Spurga"},{"@type":"BreadcrumbList","@id":"https:\/\/trampampam.lt\/produktas\/folinis-balionas-skaicius-spurga\/#breadcrumb","itemListElement":[{"@type":"ListItem","position":1,"name":"Home","item":"https:\/\/trampampam.lt\/"},{"@type":"ListItem","position":2,"name":"Preki\u0173 katalogas","item":"https:\/\/trampampam.lt\/"},{"@type":"ListItem","position":3,"name":"Folinis balionas skai\u010dius &#8222;Spurga&#8221;"}]},{"@type":"WebSite","@id":"https:\/\/trampampam.lt\/#website","url":"https:\/\/trampampam.lt\/","name":"Telefon\u0173 d\u0117klai, Balionai ir kita \u0161ventin\u0117 atributika | Trampampam.lt","description":"Telefon\u0173 d\u0117klai, balionai, dovan\u0173 id\u0117jos ir kita \u0161ventin\u0117 atributika","publisher":{"@id":"https:\/\/trampampam.lt\/#organization"},"alternateName":"Telefon\u0173 d\u0117klai","potentialAction":[{"@type":"SearchAction","target":{"@type":"EntryPoint","urlTemplate":"https:\/\/trampampam.lt\/?s={search_term_string}"},"query-input":{"@type":"PropertyValueSpecification","valueRequired":true,"valueName":"search_term_string"}}],"inLanguage":"en-US"},{"@type":"Organization","@id":"https:\/\/trampampam.lt\/#organization","name":"Trampampam.lt","url":"https:\/\/trampampam.lt\/","logo":{"@type":"ImageObject","inLanguage":"en-US","@id":"https:\/\/trampampam.lt\/#\/schema\/logo\/image\/","url":"https:\/\/i0.wp.com\/trampampam.lt\/wp-content\/uploads\/2023\/11\/Small-logo-be-fono-1-e1698868741484.png?fit=390%2C399&ssl=1","contentUrl":"https:\/\/i0.wp.com\/trampampam.lt\/wp-content\/uploads\/2023\/11\/Small-logo-be-fono-1-e1698868741484.png?fit=390%2C399&ssl=1","width":390,"height":399,"caption":"Trampampam.lt"},"image":{"@id":"https:\/\/trampampam.lt\/#\/schema\/logo\/image\/"},"sameAs":["https:\/\/www.facebook.com\/Trampampam.lt","https:\/\/www.instagram.com\/trampampam.lt\/"]}]}},"jetpack_publicize_connections":[],"jetpack_sharing_enabled":true,"_links":{"self":[{"href":"https:\/\/trampampam.lt\/en\/wp-json\/wp\/v2\/product\/837","targetHints":{"allow":["GET"]}}],"collection":[{"href":"https:\/\/trampampam.lt\/en\/wp-json\/wp\/v2\/product"}],"about":[{"href":"https:\/\/trampampam.lt\/en\/wp-json\/wp\/v2\/types\/product"}],"replies":[{"embeddable":true,"href":"https:\/\/trampampam.lt\/en\/wp-json\/wp\/v2\/comments?post=837"}],"wp:featuredmedia":[{"embeddable":true,"href":"https:\/\/trampampam.lt\/en\/wp-json\/wp\/v2\/media\/859"}],"wp:attachment":[{"href":"https:\/\/trampampam.lt\/en\/wp-json\/wp\/v2\/media?parent=837"}],"wp:term":[{"taxonomy":"product_brand","embeddable":true,"href":"https:\/\/trampampam.lt\/en\/wp-json\/wp\/v2\/product_brand?post=837"},{"taxonomy":"product_cat","embeddable":true,"href":"https:\/\/trampampam.lt\/en\/wp-json\/wp\/v2\/product_cat?post=837"},{"taxonomy":"product_tag","embeddable":true,"href":"https:\/\/trampampam.lt\/en\/wp-json\/wp\/v2\/product_tag?post=837"}],"curies":[{"name":"wp","href":"https:\/\/api.w.org\/{rel}","templated":true}]}}