{"id":833,"date":"2023-12-20T23:27:48","date_gmt":"2023-12-20T21:27:48","guid":{"rendered":"https:\/\/trampampam.lt\/produktas\/segtukas-balionu-gelems-formuoti\/"},"modified":"2025-07-16T20:42:17","modified_gmt":"2025-07-16T17:42:17","slug":"segtukas-balionu-gelems-formuoti","status":"publish","type":"product","link":"https:\/\/trampampam.lt\/en\/product\/segtukas-balionu-gelems-formuoti\/","title":{"rendered":"Segtukas balion\u0173 g\u0117l\u0117ms formuoti"},"content":{"rendered":"<h1>Segtukas balion\u0173 g\u0117l\u0117ms formuoti<\/h1>\n<h2>Segtuko pagalba suformuosit \u012fvairiaspalves g\u0117les lengvai ir greitai.<\/h2>\n<h2>Ant vieno segtuko galima pakabinti 6 vnt. balion\u0173.<br \/>\nTinka vestuvi\u0173, gimtadieni\u0173 ir kit\u0173 vakar\u0117li\u0173 dekoravimui.<\/h2>\n<h2>Dydis: 6,7 cm<\/h2>","protected":false},"excerpt":{"rendered":"<h1>Segtukas balion\u0173 g\u0117l\u0117ms formuoti<\/h1>\n<h2>Segtuko pagalba suformuosit \u012fvairiaspalves g\u0117les lengvai ir greitai.<\/h2>\n<h2>Ant vieno segtuko galima pakabinti 6 vnt. balion\u0173.<br \/>\nTinka vestuvi\u0173, gimtadieni\u0173 ir kit\u0173 vakar\u0117li\u0173 dekoravimui.<\/h2>\n<h2>Dydis: 6,7 cm<\/h2>","protected":false},"featured_media":830,"comment_status":"open","ping_status":"closed","template":"","meta":{"jetpack_publicize_message":"","jetpack_publicize_feature_enabled":true,"jetpack_social_post_already_shared":false,"jetpack_social_options":{"image_generator_settings":{"template":"highway","default_image_id":0,"font":"","enabled":false},"version":2}},"product_brand":[],"product_cat":[27],"product_tag":[45,54,117,71,118,116],"class_list":{"0":"post-833","1":"product","2":"type-product","3":"status-publish","4":"has-post-thumbnail","6":"product_cat-priedai_balionams","7":"product_tag-balionams","8":"product_tag-balionas","9":"product_tag-balionu","10":"product_tag-balta","11":"product_tag-gelyte","12":"product_tag-segtukas","14":"first","15":"instock","16":"sale","17":"shipping-taxable","18":"purchasable","19":"product-type-simple"},"yoast_head":"<!-- This site is optimized with the Yoast SEO plugin v27.4 - https:\/\/yoast.com\/product\/yoast-seo-wordpress\/ -->\n<title>Segtukas balion\u0173 g\u0117l\u0117ms formuoti - Trampampam.lt<\/title>\n<meta name=\"description\" content=\"Segtukas balion\u0173 g\u0117l\u0117ms formuoti. Segtuko pagalba suformuosit \u012fvairiaspalves g\u0117les lengvai ir greitai.Ant vieno segtuko galima pakabinti 6 vnt. balion\u0173.Tinka vestuvi\u0173, gimtadieni\u0173 ir kit\u0173 vakar\u0117li\u0173 dekoravimui.Dydis: 6,7 cm\" \/>\n<meta name=\"robots\" content=\"index, follow, max-snippet:-1, max-image-preview:large, max-video-preview:-1\" \/>\n<link rel=\"canonical\" href=\"https:\/\/trampampam.lt\/en\/product\/segtukas-balionu-gelems-formuoti\/\" \/>\n<meta property=\"og:locale\" content=\"en_US\" \/>\n<meta property=\"og:type\" content=\"article\" \/>\n<meta property=\"og:title\" content=\"Segtukas balion\u0173 g\u0117l\u0117ms formuoti - Trampampam.lt\" \/>\n<meta property=\"og:description\" content=\"Segtukas balion\u0173 g\u0117l\u0117ms formuoti. Segtuko pagalba suformuosit \u012fvairiaspalves g\u0117les lengvai ir greitai.Ant vieno segtuko galima pakabinti 6 vnt. balion\u0173.Tinka vestuvi\u0173, gimtadieni\u0173 ir kit\u0173 vakar\u0117li\u0173 dekoravimui.Dydis: 6,7 cm\" \/>\n<meta property=\"og:url\" content=\"https:\/\/trampampam.lt\/en\/product\/segtukas-balionu-gelems-formuoti\/\" \/>\n<meta property=\"og:site_name\" content=\"Trampampam.lt\" \/>\n<meta property=\"article:publisher\" content=\"https:\/\/www.facebook.com\/Trampampam.lt\" \/>\n<meta property=\"article:modified_time\" content=\"2025-07-16T17:42:17+00:00\" \/>\n<meta property=\"og:image\" content=\"https:\/\/trampampam.lt\/wp-content\/uploads\/2023\/12\/img_3216.jpeg\" \/>\n\t<meta property=\"og:image:width\" content=\"1179\" \/>\n\t<meta property=\"og:image:height\" content=\"1218\" \/>\n\t<meta property=\"og:image:type\" content=\"image\/jpeg\" \/>\n<meta name=\"twitter:card\" content=\"summary_large_image\" \/>\n<meta name=\"twitter:label1\" content=\"Est. reading time\" \/>\n\t<meta name=\"twitter:data1\" content=\"1 minute\" \/>\n<script type=\"application\/ld+json\" class=\"yoast-schema-graph\">{\"@context\":\"https:\\\/\\\/schema.org\",\"@graph\":[{\"@type\":\"WebPage\",\"@id\":\"https:\\\/\\\/trampampam.lt\\\/produktas\\\/segtukas-balionu-gelems-formuoti\\\/\",\"url\":\"https:\\\/\\\/trampampam.lt\\\/produktas\\\/segtukas-balionu-gelems-formuoti\\\/\",\"name\":\"Segtukas balion\u0173 g\u0117l\u0117ms formuoti - Trampampam.lt\",\"isPartOf\":{\"@id\":\"https:\\\/\\\/trampampam.lt\\\/#website\"},\"primaryImageOfPage\":{\"@id\":\"https:\\\/\\\/trampampam.lt\\\/produktas\\\/segtukas-balionu-gelems-formuoti\\\/#primaryimage\"},\"image\":{\"@id\":\"https:\\\/\\\/trampampam.lt\\\/produktas\\\/segtukas-balionu-gelems-formuoti\\\/#primaryimage\"},\"thumbnailUrl\":\"https:\\\/\\\/i0.wp.com\\\/trampampam.lt\\\/wp-content\\\/uploads\\\/2023\\\/12\\\/img_3216.jpeg?fit=1179%2C1218&ssl=1\",\"datePublished\":\"2023-12-20T21:27:48+00:00\",\"dateModified\":\"2025-07-16T17:42:17+00:00\",\"description\":\"Segtukas balion\u0173 g\u0117l\u0117ms formuoti. Segtuko pagalba suformuosit \u012fvairiaspalves g\u0117les lengvai ir greitai.Ant vieno segtuko galima pakabinti 6 vnt. balion\u0173.Tinka vestuvi\u0173, gimtadieni\u0173 ir kit\u0173 vakar\u0117li\u0173 dekoravimui.Dydis: 6,7 cm\",\"breadcrumb\":{\"@id\":\"https:\\\/\\\/trampampam.lt\\\/produktas\\\/segtukas-balionu-gelems-formuoti\\\/#breadcrumb\"},\"inLanguage\":\"en-US\",\"potentialAction\":[{\"@type\":\"ReadAction\",\"target\":[\"https:\\\/\\\/trampampam.lt\\\/produktas\\\/segtukas-balionu-gelems-formuoti\\\/\"]}]},{\"@type\":\"ImageObject\",\"inLanguage\":\"en-US\",\"@id\":\"https:\\\/\\\/trampampam.lt\\\/produktas\\\/segtukas-balionu-gelems-formuoti\\\/#primaryimage\",\"url\":\"https:\\\/\\\/i0.wp.com\\\/trampampam.lt\\\/wp-content\\\/uploads\\\/2023\\\/12\\\/img_3216.jpeg?fit=1179%2C1218&ssl=1\",\"contentUrl\":\"https:\\\/\\\/i0.wp.com\\\/trampampam.lt\\\/wp-content\\\/uploads\\\/2023\\\/12\\\/img_3216.jpeg?fit=1179%2C1218&ssl=1\",\"width\":1179,\"height\":1218,\"caption\":\"Segtukas balion\u0173 g\u0117l\u0117ms formuoti\"},{\"@type\":\"BreadcrumbList\",\"@id\":\"https:\\\/\\\/trampampam.lt\\\/produktas\\\/segtukas-balionu-gelems-formuoti\\\/#breadcrumb\",\"itemListElement\":[{\"@type\":\"ListItem\",\"position\":1,\"name\":\"Home\",\"item\":\"https:\\\/\\\/trampampam.lt\\\/\"},{\"@type\":\"ListItem\",\"position\":2,\"name\":\"Preki\u0173 katalogas\",\"item\":\"https:\\\/\\\/trampampam.lt\\\/\"},{\"@type\":\"ListItem\",\"position\":3,\"name\":\"Segtukas balion\u0173 g\u0117l\u0117ms formuoti\"}]},{\"@type\":\"WebSite\",\"@id\":\"https:\\\/\\\/trampampam.lt\\\/#website\",\"url\":\"https:\\\/\\\/trampampam.lt\\\/\",\"name\":\"Telefon\u0173 d\u0117klai, Balionai ir kita \u0161ventin\u0117 atributika | Trampampam.lt\",\"description\":\"Telefon\u0173 d\u0117klai, balionai, dovan\u0173 id\u0117jos ir kita \u0161ventin\u0117 atributika\",\"publisher\":{\"@id\":\"https:\\\/\\\/trampampam.lt\\\/#organization\"},\"alternateName\":\"Telefon\u0173 d\u0117klai\",\"potentialAction\":[{\"@type\":\"SearchAction\",\"target\":{\"@type\":\"EntryPoint\",\"urlTemplate\":\"https:\\\/\\\/trampampam.lt\\\/?s={search_term_string}\"},\"query-input\":{\"@type\":\"PropertyValueSpecification\",\"valueRequired\":true,\"valueName\":\"search_term_string\"}}],\"inLanguage\":\"en-US\"},{\"@type\":\"Organization\",\"@id\":\"https:\\\/\\\/trampampam.lt\\\/#organization\",\"name\":\"Trampampam.lt\",\"url\":\"https:\\\/\\\/trampampam.lt\\\/\",\"logo\":{\"@type\":\"ImageObject\",\"inLanguage\":\"en-US\",\"@id\":\"https:\\\/\\\/trampampam.lt\\\/#\\\/schema\\\/logo\\\/image\\\/\",\"url\":\"https:\\\/\\\/i0.wp.com\\\/trampampam.lt\\\/wp-content\\\/uploads\\\/2023\\\/11\\\/Small-logo-be-fono-1-e1698868741484.png?fit=390%2C399&ssl=1\",\"contentUrl\":\"https:\\\/\\\/i0.wp.com\\\/trampampam.lt\\\/wp-content\\\/uploads\\\/2023\\\/11\\\/Small-logo-be-fono-1-e1698868741484.png?fit=390%2C399&ssl=1\",\"width\":390,\"height\":399,\"caption\":\"Trampampam.lt\"},\"image\":{\"@id\":\"https:\\\/\\\/trampampam.lt\\\/#\\\/schema\\\/logo\\\/image\\\/\"},\"sameAs\":[\"https:\\\/\\\/www.facebook.com\\\/Trampampam.lt\",\"https:\\\/\\\/www.instagram.com\\\/trampampam.lt\\\/\"]}]}<\/script>\n<!-- \/ Yoast SEO plugin. -->","yoast_head_json":{"title":"Segtukas balion\u0173 g\u0117l\u0117ms formuoti - Trampampam.lt","description":"Segtukas balion\u0173 g\u0117l\u0117ms formuoti. Segtuko pagalba suformuosit \u012fvairiaspalves g\u0117les lengvai ir greitai.Ant vieno segtuko galima pakabinti 6 vnt. balion\u0173.Tinka vestuvi\u0173, gimtadieni\u0173 ir kit\u0173 vakar\u0117li\u0173 dekoravimui.Dydis: 6,7 cm","robots":{"index":"index","follow":"follow","max-snippet":"max-snippet:-1","max-image-preview":"max-image-preview:large","max-video-preview":"max-video-preview:-1"},"canonical":"https:\/\/trampampam.lt\/en\/product\/segtukas-balionu-gelems-formuoti\/","og_locale":"en_US","og_type":"article","og_title":"Segtukas balion\u0173 g\u0117l\u0117ms formuoti - Trampampam.lt","og_description":"Segtukas balion\u0173 g\u0117l\u0117ms formuoti. Segtuko pagalba suformuosit \u012fvairiaspalves g\u0117les lengvai ir greitai.Ant vieno segtuko galima pakabinti 6 vnt. balion\u0173.Tinka vestuvi\u0173, gimtadieni\u0173 ir kit\u0173 vakar\u0117li\u0173 dekoravimui.Dydis: 6,7 cm","og_url":"https:\/\/trampampam.lt\/en\/product\/segtukas-balionu-gelems-formuoti\/","og_site_name":"Trampampam.lt","article_publisher":"https:\/\/www.facebook.com\/Trampampam.lt","article_modified_time":"2025-07-16T17:42:17+00:00","og_image":[{"width":1179,"height":1218,"url":"https:\/\/trampampam.lt\/wp-content\/uploads\/2023\/12\/img_3216.jpeg","type":"image\/jpeg"}],"twitter_card":"summary_large_image","twitter_misc":{"Est. reading time":"1 minute"},"schema":{"@context":"https:\/\/schema.org","@graph":[{"@type":"WebPage","@id":"https:\/\/trampampam.lt\/produktas\/segtukas-balionu-gelems-formuoti\/","url":"https:\/\/trampampam.lt\/produktas\/segtukas-balionu-gelems-formuoti\/","name":"Segtukas balion\u0173 g\u0117l\u0117ms formuoti - Trampampam.lt","isPartOf":{"@id":"https:\/\/trampampam.lt\/#website"},"primaryImageOfPage":{"@id":"https:\/\/trampampam.lt\/produktas\/segtukas-balionu-gelems-formuoti\/#primaryimage"},"image":{"@id":"https:\/\/trampampam.lt\/produktas\/segtukas-balionu-gelems-formuoti\/#primaryimage"},"thumbnailUrl":"https:\/\/i0.wp.com\/trampampam.lt\/wp-content\/uploads\/2023\/12\/img_3216.jpeg?fit=1179%2C1218&ssl=1","datePublished":"2023-12-20T21:27:48+00:00","dateModified":"2025-07-16T17:42:17+00:00","description":"Segtukas balion\u0173 g\u0117l\u0117ms formuoti. Segtuko pagalba suformuosit \u012fvairiaspalves g\u0117les lengvai ir greitai.Ant vieno segtuko galima pakabinti 6 vnt. balion\u0173.Tinka vestuvi\u0173, gimtadieni\u0173 ir kit\u0173 vakar\u0117li\u0173 dekoravimui.Dydis: 6,7 cm","breadcrumb":{"@id":"https:\/\/trampampam.lt\/produktas\/segtukas-balionu-gelems-formuoti\/#breadcrumb"},"inLanguage":"en-US","potentialAction":[{"@type":"ReadAction","target":["https:\/\/trampampam.lt\/produktas\/segtukas-balionu-gelems-formuoti\/"]}]},{"@type":"ImageObject","inLanguage":"en-US","@id":"https:\/\/trampampam.lt\/produktas\/segtukas-balionu-gelems-formuoti\/#primaryimage","url":"https:\/\/i0.wp.com\/trampampam.lt\/wp-content\/uploads\/2023\/12\/img_3216.jpeg?fit=1179%2C1218&ssl=1","contentUrl":"https:\/\/i0.wp.com\/trampampam.lt\/wp-content\/uploads\/2023\/12\/img_3216.jpeg?fit=1179%2C1218&ssl=1","width":1179,"height":1218,"caption":"Segtukas balion\u0173 g\u0117l\u0117ms formuoti"},{"@type":"BreadcrumbList","@id":"https:\/\/trampampam.lt\/produktas\/segtukas-balionu-gelems-formuoti\/#breadcrumb","itemListElement":[{"@type":"ListItem","position":1,"name":"Home","item":"https:\/\/trampampam.lt\/"},{"@type":"ListItem","position":2,"name":"Preki\u0173 katalogas","item":"https:\/\/trampampam.lt\/"},{"@type":"ListItem","position":3,"name":"Segtukas balion\u0173 g\u0117l\u0117ms formuoti"}]},{"@type":"WebSite","@id":"https:\/\/trampampam.lt\/#website","url":"https:\/\/trampampam.lt\/","name":"Telefon\u0173 d\u0117klai, Balionai ir kita \u0161ventin\u0117 atributika | Trampampam.lt","description":"Telefon\u0173 d\u0117klai, balionai, dovan\u0173 id\u0117jos ir kita \u0161ventin\u0117 atributika","publisher":{"@id":"https:\/\/trampampam.lt\/#organization"},"alternateName":"Telefon\u0173 d\u0117klai","potentialAction":[{"@type":"SearchAction","target":{"@type":"EntryPoint","urlTemplate":"https:\/\/trampampam.lt\/?s={search_term_string}"},"query-input":{"@type":"PropertyValueSpecification","valueRequired":true,"valueName":"search_term_string"}}],"inLanguage":"en-US"},{"@type":"Organization","@id":"https:\/\/trampampam.lt\/#organization","name":"Trampampam.lt","url":"https:\/\/trampampam.lt\/","logo":{"@type":"ImageObject","inLanguage":"en-US","@id":"https:\/\/trampampam.lt\/#\/schema\/logo\/image\/","url":"https:\/\/i0.wp.com\/trampampam.lt\/wp-content\/uploads\/2023\/11\/Small-logo-be-fono-1-e1698868741484.png?fit=390%2C399&ssl=1","contentUrl":"https:\/\/i0.wp.com\/trampampam.lt\/wp-content\/uploads\/2023\/11\/Small-logo-be-fono-1-e1698868741484.png?fit=390%2C399&ssl=1","width":390,"height":399,"caption":"Trampampam.lt"},"image":{"@id":"https:\/\/trampampam.lt\/#\/schema\/logo\/image\/"},"sameAs":["https:\/\/www.facebook.com\/Trampampam.lt","https:\/\/www.instagram.com\/trampampam.lt\/"]}]}},"jetpack_publicize_connections":[],"jetpack_sharing_enabled":true,"_links":{"self":[{"href":"https:\/\/trampampam.lt\/en\/wp-json\/wp\/v2\/product\/833","targetHints":{"allow":["GET"]}}],"collection":[{"href":"https:\/\/trampampam.lt\/en\/wp-json\/wp\/v2\/product"}],"about":[{"href":"https:\/\/trampampam.lt\/en\/wp-json\/wp\/v2\/types\/product"}],"replies":[{"embeddable":true,"href":"https:\/\/trampampam.lt\/en\/wp-json\/wp\/v2\/comments?post=833"}],"wp:featuredmedia":[{"embeddable":true,"href":"https:\/\/trampampam.lt\/en\/wp-json\/wp\/v2\/media\/830"}],"wp:attachment":[{"href":"https:\/\/trampampam.lt\/en\/wp-json\/wp\/v2\/media?parent=833"}],"wp:term":[{"taxonomy":"product_brand","embeddable":true,"href":"https:\/\/trampampam.lt\/en\/wp-json\/wp\/v2\/product_brand?post=833"},{"taxonomy":"product_cat","embeddable":true,"href":"https:\/\/trampampam.lt\/en\/wp-json\/wp\/v2\/product_cat?post=833"},{"taxonomy":"product_tag","embeddable":true,"href":"https:\/\/trampampam.lt\/en\/wp-json\/wp\/v2\/product_tag?post=833"}],"curies":[{"name":"wp","href":"https:\/\/api.w.org\/{rel}","templated":true}]}}