{"id":827,"date":"2023-12-20T22:57:04","date_gmt":"2023-12-20T20:57:04","guid":{"rendered":"https:\/\/trampampam.lt\/produktas\/baliono-lazdele-su-laikikliu-40-cm\/"},"modified":"2026-02-12T21:58:47","modified_gmt":"2026-02-12T19:58:47","slug":"baliono-lazdele-su-laikikliu","status":"publish","type":"product","link":"https:\/\/trampampam.lt\/en\/product\/baliono-lazdele-su-laikikliu\/","title":{"rendered":"Baliono lazdel\u0117 su laikikliu, 40 cm"},"content":{"rendered":"<h1>Baliono lazdel\u0117 su laikikliu<\/h1>\n<h2>Baliono lazdel\u0117s ilgis &#8211; 40 cm<\/h2>\n<h2>Parduodama po 1 vnt., tad galima u\u017esakyti tiksliai tiek kiek reikia.<\/h2>","protected":false},"excerpt":{"rendered":"<h1>Baliono lazdel\u0117 su laikikliu<\/h1>\n<h2>Baliono lazdel\u0117s ilgis &#8211; 40 cm<\/h2>\n<h2>Parduodama po 1 vnt., tad galima u\u017esakyti tiksliai tiek kiek reikia.<\/h2>","protected":false},"featured_media":829,"comment_status":"open","ping_status":"closed","template":"","meta":{"jetpack_publicize_message":"","jetpack_publicize_feature_enabled":true,"jetpack_social_post_already_shared":false,"jetpack_social_options":{"image_generator_settings":{"template":"highway","default_image_id":0,"font":"","enabled":false},"version":2}},"product_brand":[],"product_cat":[27],"product_tag":[53,45,54,349,117,94,350,100],"class_list":{"0":"post-827","1":"product","2":"type-product","3":"status-publish","4":"has-post-thumbnail","6":"product_cat-priedai_balionams","7":"product_tag-balionai","8":"product_tag-balionams","9":"product_tag-balionas","10":"product_tag-baliono","11":"product_tag-balionu","12":"product_tag-balionu-rinkinys","13":"product_tag-laikiklis","14":"product_tag-lazdele","16":"first","17":"instock","18":"sale","19":"shipping-taxable","20":"purchasable","21":"product-type-simple"},"yoast_head":"<!-- This site is optimized with the Yoast SEO plugin v27.4 - https:\/\/yoast.com\/product\/yoast-seo-wordpress\/ -->\n<title>Baliono lazdel\u0117 su laikikliu, 40 cm - Trampampam.lt<\/title>\n<meta name=\"description\" content=\"Baliono lazdel\u0117 su laikikliuBaliono lazdel\u0117s ilgis - 40 cmParduodama po 1 vnt., tad galima u\u017esakyti tiksliai tiek kiek reikia.\" \/>\n<meta name=\"robots\" content=\"index, follow, max-snippet:-1, max-image-preview:large, max-video-preview:-1\" \/>\n<link rel=\"canonical\" href=\"https:\/\/trampampam.lt\/en\/product\/baliono-lazdele-su-laikikliu\/\" \/>\n<meta property=\"og:locale\" content=\"en_US\" \/>\n<meta property=\"og:type\" content=\"article\" \/>\n<meta property=\"og:title\" content=\"Baliono lazdel\u0117 su laikikliu, 40 cm - Trampampam.lt\" \/>\n<meta property=\"og:description\" content=\"Baliono lazdel\u0117 su laikikliuBaliono lazdel\u0117s ilgis - 40 cmParduodama po 1 vnt., tad galima u\u017esakyti tiksliai tiek kiek reikia.\" \/>\n<meta property=\"og:url\" content=\"https:\/\/trampampam.lt\/en\/product\/baliono-lazdele-su-laikikliu\/\" \/>\n<meta property=\"og:site_name\" content=\"Trampampam.lt\" \/>\n<meta property=\"article:publisher\" content=\"https:\/\/www.facebook.com\/Trampampam.lt\" \/>\n<meta property=\"article:modified_time\" content=\"2026-02-12T19:58:47+00:00\" \/>\n<meta property=\"og:image\" content=\"https:\/\/i0.wp.com\/trampampam.lt\/wp-content\/uploads\/2023\/12\/img_2647-removebg-preview.jpeg?fit=504%2C495&ssl=1\" \/>\n\t<meta property=\"og:image:width\" content=\"504\" \/>\n\t<meta property=\"og:image:height\" content=\"495\" \/>\n\t<meta property=\"og:image:type\" content=\"image\/jpeg\" \/>\n<meta name=\"twitter:card\" content=\"summary_large_image\" \/>\n<meta name=\"twitter:label1\" content=\"Est. reading time\" \/>\n\t<meta name=\"twitter:data1\" content=\"1 minute\" \/>\n<script type=\"application\/ld+json\" class=\"yoast-schema-graph\">{\"@context\":\"https:\\\/\\\/schema.org\",\"@graph\":[{\"@type\":\"WebPage\",\"@id\":\"https:\\\/\\\/trampampam.lt\\\/produktas\\\/baliono-lazdele-su-laikikliu\\\/\",\"url\":\"https:\\\/\\\/trampampam.lt\\\/produktas\\\/baliono-lazdele-su-laikikliu\\\/\",\"name\":\"Baliono lazdel\u0117 su laikikliu, 40 cm - Trampampam.lt\",\"isPartOf\":{\"@id\":\"https:\\\/\\\/trampampam.lt\\\/#website\"},\"primaryImageOfPage\":{\"@id\":\"https:\\\/\\\/trampampam.lt\\\/produktas\\\/baliono-lazdele-su-laikikliu\\\/#primaryimage\"},\"image\":{\"@id\":\"https:\\\/\\\/trampampam.lt\\\/produktas\\\/baliono-lazdele-su-laikikliu\\\/#primaryimage\"},\"thumbnailUrl\":\"https:\\\/\\\/i0.wp.com\\\/trampampam.lt\\\/wp-content\\\/uploads\\\/2023\\\/12\\\/img_2647-removebg-preview.jpeg?fit=504%2C495&ssl=1\",\"datePublished\":\"2023-12-20T20:57:04+00:00\",\"dateModified\":\"2026-02-12T19:58:47+00:00\",\"description\":\"Baliono lazdel\u0117 su laikikliuBaliono lazdel\u0117s ilgis - 40 cmParduodama po 1 vnt., tad galima u\u017esakyti tiksliai tiek kiek reikia.\",\"breadcrumb\":{\"@id\":\"https:\\\/\\\/trampampam.lt\\\/produktas\\\/baliono-lazdele-su-laikikliu\\\/#breadcrumb\"},\"inLanguage\":\"en-US\",\"potentialAction\":[{\"@type\":\"ReadAction\",\"target\":[\"https:\\\/\\\/trampampam.lt\\\/produktas\\\/baliono-lazdele-su-laikikliu\\\/\"]}]},{\"@type\":\"ImageObject\",\"inLanguage\":\"en-US\",\"@id\":\"https:\\\/\\\/trampampam.lt\\\/produktas\\\/baliono-lazdele-su-laikikliu\\\/#primaryimage\",\"url\":\"https:\\\/\\\/i0.wp.com\\\/trampampam.lt\\\/wp-content\\\/uploads\\\/2023\\\/12\\\/img_2647-removebg-preview.jpeg?fit=504%2C495&ssl=1\",\"contentUrl\":\"https:\\\/\\\/i0.wp.com\\\/trampampam.lt\\\/wp-content\\\/uploads\\\/2023\\\/12\\\/img_2647-removebg-preview.jpeg?fit=504%2C495&ssl=1\",\"width\":504,\"height\":495,\"caption\":\"Balion\u0173 lazdel\u0117 su laikikliu\"},{\"@type\":\"BreadcrumbList\",\"@id\":\"https:\\\/\\\/trampampam.lt\\\/produktas\\\/baliono-lazdele-su-laikikliu\\\/#breadcrumb\",\"itemListElement\":[{\"@type\":\"ListItem\",\"position\":1,\"name\":\"Home\",\"item\":\"https:\\\/\\\/trampampam.lt\\\/\"},{\"@type\":\"ListItem\",\"position\":2,\"name\":\"Preki\u0173 katalogas\",\"item\":\"https:\\\/\\\/trampampam.lt\\\/\"},{\"@type\":\"ListItem\",\"position\":3,\"name\":\"Baliono lazdel\u0117 su laikikliu, 40 cm\"}]},{\"@type\":\"WebSite\",\"@id\":\"https:\\\/\\\/trampampam.lt\\\/#website\",\"url\":\"https:\\\/\\\/trampampam.lt\\\/\",\"name\":\"Telefon\u0173 d\u0117klai, Balionai ir kita \u0161ventin\u0117 atributika | Trampampam.lt\",\"description\":\"Telefon\u0173 d\u0117klai, balionai, dovan\u0173 id\u0117jos ir kita \u0161ventin\u0117 atributika\",\"publisher\":{\"@id\":\"https:\\\/\\\/trampampam.lt\\\/#organization\"},\"alternateName\":\"Telefon\u0173 d\u0117klai\",\"potentialAction\":[{\"@type\":\"SearchAction\",\"target\":{\"@type\":\"EntryPoint\",\"urlTemplate\":\"https:\\\/\\\/trampampam.lt\\\/?s={search_term_string}\"},\"query-input\":{\"@type\":\"PropertyValueSpecification\",\"valueRequired\":true,\"valueName\":\"search_term_string\"}}],\"inLanguage\":\"en-US\"},{\"@type\":\"Organization\",\"@id\":\"https:\\\/\\\/trampampam.lt\\\/#organization\",\"name\":\"Trampampam.lt\",\"url\":\"https:\\\/\\\/trampampam.lt\\\/\",\"logo\":{\"@type\":\"ImageObject\",\"inLanguage\":\"en-US\",\"@id\":\"https:\\\/\\\/trampampam.lt\\\/#\\\/schema\\\/logo\\\/image\\\/\",\"url\":\"https:\\\/\\\/i0.wp.com\\\/trampampam.lt\\\/wp-content\\\/uploads\\\/2023\\\/11\\\/Small-logo-be-fono-1-e1698868741484.png?fit=390%2C399&ssl=1\",\"contentUrl\":\"https:\\\/\\\/i0.wp.com\\\/trampampam.lt\\\/wp-content\\\/uploads\\\/2023\\\/11\\\/Small-logo-be-fono-1-e1698868741484.png?fit=390%2C399&ssl=1\",\"width\":390,\"height\":399,\"caption\":\"Trampampam.lt\"},\"image\":{\"@id\":\"https:\\\/\\\/trampampam.lt\\\/#\\\/schema\\\/logo\\\/image\\\/\"},\"sameAs\":[\"https:\\\/\\\/www.facebook.com\\\/Trampampam.lt\",\"https:\\\/\\\/www.instagram.com\\\/trampampam.lt\\\/\"]}]}<\/script>\n<!-- \/ Yoast SEO plugin. -->","yoast_head_json":{"title":"Baliono lazdel\u0117 su laikikliu, 40 cm - Trampampam.lt","description":"Baliono lazdel\u0117 su laikikliuBaliono lazdel\u0117s ilgis - 40 cmParduodama po 1 vnt., tad galima u\u017esakyti tiksliai tiek kiek reikia.","robots":{"index":"index","follow":"follow","max-snippet":"max-snippet:-1","max-image-preview":"max-image-preview:large","max-video-preview":"max-video-preview:-1"},"canonical":"https:\/\/trampampam.lt\/en\/product\/baliono-lazdele-su-laikikliu\/","og_locale":"en_US","og_type":"article","og_title":"Baliono lazdel\u0117 su laikikliu, 40 cm - Trampampam.lt","og_description":"Baliono lazdel\u0117 su laikikliuBaliono lazdel\u0117s ilgis - 40 cmParduodama po 1 vnt., tad galima u\u017esakyti tiksliai tiek kiek reikia.","og_url":"https:\/\/trampampam.lt\/en\/product\/baliono-lazdele-su-laikikliu\/","og_site_name":"Trampampam.lt","article_publisher":"https:\/\/www.facebook.com\/Trampampam.lt","article_modified_time":"2026-02-12T19:58:47+00:00","og_image":[{"width":504,"height":495,"url":"https:\/\/i0.wp.com\/trampampam.lt\/wp-content\/uploads\/2023\/12\/img_2647-removebg-preview.jpeg?fit=504%2C495&ssl=1","type":"image\/jpeg"}],"twitter_card":"summary_large_image","twitter_misc":{"Est. reading time":"1 minute"},"schema":{"@context":"https:\/\/schema.org","@graph":[{"@type":"WebPage","@id":"https:\/\/trampampam.lt\/produktas\/baliono-lazdele-su-laikikliu\/","url":"https:\/\/trampampam.lt\/produktas\/baliono-lazdele-su-laikikliu\/","name":"Baliono lazdel\u0117 su laikikliu, 40 cm - Trampampam.lt","isPartOf":{"@id":"https:\/\/trampampam.lt\/#website"},"primaryImageOfPage":{"@id":"https:\/\/trampampam.lt\/produktas\/baliono-lazdele-su-laikikliu\/#primaryimage"},"image":{"@id":"https:\/\/trampampam.lt\/produktas\/baliono-lazdele-su-laikikliu\/#primaryimage"},"thumbnailUrl":"https:\/\/i0.wp.com\/trampampam.lt\/wp-content\/uploads\/2023\/12\/img_2647-removebg-preview.jpeg?fit=504%2C495&ssl=1","datePublished":"2023-12-20T20:57:04+00:00","dateModified":"2026-02-12T19:58:47+00:00","description":"Baliono lazdel\u0117 su laikikliuBaliono lazdel\u0117s ilgis - 40 cmParduodama po 1 vnt., tad galima u\u017esakyti tiksliai tiek kiek reikia.","breadcrumb":{"@id":"https:\/\/trampampam.lt\/produktas\/baliono-lazdele-su-laikikliu\/#breadcrumb"},"inLanguage":"en-US","potentialAction":[{"@type":"ReadAction","target":["https:\/\/trampampam.lt\/produktas\/baliono-lazdele-su-laikikliu\/"]}]},{"@type":"ImageObject","inLanguage":"en-US","@id":"https:\/\/trampampam.lt\/produktas\/baliono-lazdele-su-laikikliu\/#primaryimage","url":"https:\/\/i0.wp.com\/trampampam.lt\/wp-content\/uploads\/2023\/12\/img_2647-removebg-preview.jpeg?fit=504%2C495&ssl=1","contentUrl":"https:\/\/i0.wp.com\/trampampam.lt\/wp-content\/uploads\/2023\/12\/img_2647-removebg-preview.jpeg?fit=504%2C495&ssl=1","width":504,"height":495,"caption":"Balion\u0173 lazdel\u0117 su laikikliu"},{"@type":"BreadcrumbList","@id":"https:\/\/trampampam.lt\/produktas\/baliono-lazdele-su-laikikliu\/#breadcrumb","itemListElement":[{"@type":"ListItem","position":1,"name":"Home","item":"https:\/\/trampampam.lt\/"},{"@type":"ListItem","position":2,"name":"Preki\u0173 katalogas","item":"https:\/\/trampampam.lt\/"},{"@type":"ListItem","position":3,"name":"Baliono lazdel\u0117 su laikikliu, 40 cm"}]},{"@type":"WebSite","@id":"https:\/\/trampampam.lt\/#website","url":"https:\/\/trampampam.lt\/","name":"Telefon\u0173 d\u0117klai, Balionai ir kita \u0161ventin\u0117 atributika | Trampampam.lt","description":"Telefon\u0173 d\u0117klai, balionai, dovan\u0173 id\u0117jos ir kita \u0161ventin\u0117 atributika","publisher":{"@id":"https:\/\/trampampam.lt\/#organization"},"alternateName":"Telefon\u0173 d\u0117klai","potentialAction":[{"@type":"SearchAction","target":{"@type":"EntryPoint","urlTemplate":"https:\/\/trampampam.lt\/?s={search_term_string}"},"query-input":{"@type":"PropertyValueSpecification","valueRequired":true,"valueName":"search_term_string"}}],"inLanguage":"en-US"},{"@type":"Organization","@id":"https:\/\/trampampam.lt\/#organization","name":"Trampampam.lt","url":"https:\/\/trampampam.lt\/","logo":{"@type":"ImageObject","inLanguage":"en-US","@id":"https:\/\/trampampam.lt\/#\/schema\/logo\/image\/","url":"https:\/\/i0.wp.com\/trampampam.lt\/wp-content\/uploads\/2023\/11\/Small-logo-be-fono-1-e1698868741484.png?fit=390%2C399&ssl=1","contentUrl":"https:\/\/i0.wp.com\/trampampam.lt\/wp-content\/uploads\/2023\/11\/Small-logo-be-fono-1-e1698868741484.png?fit=390%2C399&ssl=1","width":390,"height":399,"caption":"Trampampam.lt"},"image":{"@id":"https:\/\/trampampam.lt\/#\/schema\/logo\/image\/"},"sameAs":["https:\/\/www.facebook.com\/Trampampam.lt","https:\/\/www.instagram.com\/trampampam.lt\/"]}]}},"jetpack_publicize_connections":[],"jetpack_sharing_enabled":true,"_links":{"self":[{"href":"https:\/\/trampampam.lt\/en\/wp-json\/wp\/v2\/product\/827","targetHints":{"allow":["GET"]}}],"collection":[{"href":"https:\/\/trampampam.lt\/en\/wp-json\/wp\/v2\/product"}],"about":[{"href":"https:\/\/trampampam.lt\/en\/wp-json\/wp\/v2\/types\/product"}],"replies":[{"embeddable":true,"href":"https:\/\/trampampam.lt\/en\/wp-json\/wp\/v2\/comments?post=827"}],"wp:featuredmedia":[{"embeddable":true,"href":"https:\/\/trampampam.lt\/en\/wp-json\/wp\/v2\/media\/829"}],"wp:attachment":[{"href":"https:\/\/trampampam.lt\/en\/wp-json\/wp\/v2\/media?parent=827"}],"wp:term":[{"taxonomy":"product_brand","embeddable":true,"href":"https:\/\/trampampam.lt\/en\/wp-json\/wp\/v2\/product_brand?post=827"},{"taxonomy":"product_cat","embeddable":true,"href":"https:\/\/trampampam.lt\/en\/wp-json\/wp\/v2\/product_cat?post=827"},{"taxonomy":"product_tag","embeddable":true,"href":"https:\/\/trampampam.lt\/en\/wp-json\/wp\/v2\/product_tag?post=827"}],"curies":[{"name":"wp","href":"https:\/\/api.w.org\/{rel}","templated":true}]}}