{"id":795,"date":"2023-12-16T21:42:47","date_gmt":"2023-12-16T19:42:47","guid":{"rendered":"https:\/\/trampampam.lt\/?post_type=product&#038;p=795"},"modified":"2024-12-27T23:35:27","modified_gmt":"2024-12-27T21:35:27","slug":"folinis-balionas-dovana-2","status":"publish","type":"product","link":"https:\/\/trampampam.lt\/en\/product\/folinis-balionas-dovana-2\/","title":{"rendered":"Folinis balionas &#8222;Dovana&#8221;, (50&#215;50 cm)"},"content":{"rendered":"<h1>Folinis balionas &#8222;Dovana&#8221;<\/h1>\n<h2>Galima p\u016bsti oru ar helio dujomis. P\u016btimui geriausia naudoti balion\u0173 p\u016btimo <a href=\"https:\/\/trampampam.lt\/en\/product\/pompa_balionams\/\">pomp\u0105<\/a>, kuri\u0105 taip pat rasite m\u016bs\u0173 parduotuv\u0117je.<\/h2>\n<h2>Prip\u016bsto baliono i\u0161matavimai: 50 x 50 cm<\/h2>\n<h2>SVARBU: Balionas parduodamas neprip\u016bstas.<\/h2>","protected":false},"excerpt":{"rendered":"<h1>Folinis balionas &#8222;Dovana&#8221;<\/h1>\n<h2>Galima p\u016bsti oru ar helio dujomis. P\u016btimui geriausia naudoti balion\u0173 p\u016btimo <a href=\"https:\/\/trampampam.lt\/en\/product\/pompa_balionams\/\">pomp\u0105<\/a>, kuri\u0105 taip pat rasite m\u016bs\u0173 parduotuv\u0117je.<\/h2>\n<h2>Prip\u016bsto baliono i\u0161matavimai: 50 x 50 cm<\/h2>\n<h2>SVARBU: Balionas parduodamas neprip\u016bstas.<\/h2>\n<p>&nbsp;<\/p>","protected":false},"featured_media":740,"comment_status":"open","ping_status":"closed","template":"","meta":{"jetpack_publicize_message":"","jetpack_publicize_feature_enabled":true,"jetpack_social_post_already_shared":false,"jetpack_social_options":{"image_generator_settings":{"template":"highway","default_image_id":0,"font":"","enabled":false},"version":2}},"product_brand":[],"product_cat":[19,56],"product_tag":[53,45,87,77,103,61,59],"class_list":{"0":"post-795","1":"product","2":"type-product","3":"status-publish","4":"has-post-thumbnail","6":"product_cat-balionai","7":"product_cat-foliniai-balionai","8":"product_tag-balionai","9":"product_tag-balionams","10":"product_tag-dovana","11":"product_tag-folinis","12":"product_tag-kaledinis","13":"product_tag-raudona","14":"product_tag-zalia","16":"first","17":"instock","18":"sale","19":"shipping-taxable","20":"purchasable","21":"product-type-simple"},"yoast_head":"<!-- This site is optimized with the Yoast SEO plugin v27.4 - https:\/\/yoast.com\/product\/yoast-seo-wordpress\/ -->\n<title>Folinis balionas &quot;Dovana&quot;, (50x50 cm) - Trampampam.lt<\/title>\n<meta name=\"description\" content=\"Folinis balionas &quot;Dovana&quot;. Puikiai tinka Kal\u0117din\u0117ms dekoracijoms. Pu\u010diamas pompa. Prip\u016bsto baliono i\u0161matavimai: 50 x 50 cm\" \/>\n<meta name=\"robots\" content=\"index, follow, max-snippet:-1, max-image-preview:large, max-video-preview:-1\" \/>\n<link rel=\"canonical\" href=\"https:\/\/trampampam.lt\/en\/product\/folinis-balionas-dovana-2\/\" \/>\n<meta property=\"og:locale\" content=\"en_US\" \/>\n<meta property=\"og:type\" content=\"article\" \/>\n<meta property=\"og:title\" content=\"Folinis balionas &quot;Dovana&quot;, (50x50 cm) - Trampampam.lt\" \/>\n<meta property=\"og:description\" content=\"Folinis balionas &quot;Dovana&quot;. Puikiai tinka Kal\u0117din\u0117ms dekoracijoms. Pu\u010diamas pompa. Prip\u016bsto baliono i\u0161matavimai: 50 x 50 cm\" \/>\n<meta property=\"og:url\" content=\"https:\/\/trampampam.lt\/en\/product\/folinis-balionas-dovana-2\/\" \/>\n<meta property=\"og:site_name\" content=\"Trampampam.lt\" \/>\n<meta property=\"article:publisher\" content=\"https:\/\/www.facebook.com\/Trampampam.lt\" \/>\n<meta property=\"article:modified_time\" content=\"2024-12-27T21:35:27+00:00\" \/>\n<meta property=\"og:image\" content=\"https:\/\/trampampam.lt\/wp-content\/uploads\/2023\/12\/IMG_3159.jpg\" \/>\n\t<meta property=\"og:image:width\" content=\"1179\" \/>\n\t<meta property=\"og:image:height\" content=\"1153\" \/>\n\t<meta property=\"og:image:type\" content=\"image\/jpeg\" \/>\n<meta name=\"twitter:card\" content=\"summary_large_image\" \/>\n<meta name=\"twitter:label1\" content=\"Est. reading time\" \/>\n\t<meta name=\"twitter:data1\" content=\"1 minute\" \/>\n<script type=\"application\/ld+json\" class=\"yoast-schema-graph\">{\"@context\":\"https:\\\/\\\/schema.org\",\"@graph\":[{\"@type\":\"WebPage\",\"@id\":\"https:\\\/\\\/trampampam.lt\\\/produktas\\\/folinis-balionas-dovana-2\\\/\",\"url\":\"https:\\\/\\\/trampampam.lt\\\/produktas\\\/folinis-balionas-dovana-2\\\/\",\"name\":\"Folinis balionas \\\"Dovana\\\", (50x50 cm) - Trampampam.lt\",\"isPartOf\":{\"@id\":\"https:\\\/\\\/trampampam.lt\\\/#website\"},\"primaryImageOfPage\":{\"@id\":\"https:\\\/\\\/trampampam.lt\\\/produktas\\\/folinis-balionas-dovana-2\\\/#primaryimage\"},\"image\":{\"@id\":\"https:\\\/\\\/trampampam.lt\\\/produktas\\\/folinis-balionas-dovana-2\\\/#primaryimage\"},\"thumbnailUrl\":\"https:\\\/\\\/i0.wp.com\\\/trampampam.lt\\\/wp-content\\\/uploads\\\/2023\\\/12\\\/IMG_3159.jpg?fit=1179%2C1153&ssl=1\",\"datePublished\":\"2023-12-16T19:42:47+00:00\",\"dateModified\":\"2024-12-27T21:35:27+00:00\",\"description\":\"Folinis balionas \\\"Dovana\\\". Puikiai tinka Kal\u0117din\u0117ms dekoracijoms. Pu\u010diamas pompa. Prip\u016bsto baliono i\u0161matavimai: 50 x 50 cm\",\"breadcrumb\":{\"@id\":\"https:\\\/\\\/trampampam.lt\\\/produktas\\\/folinis-balionas-dovana-2\\\/#breadcrumb\"},\"inLanguage\":\"en-US\",\"potentialAction\":[{\"@type\":\"ReadAction\",\"target\":[\"https:\\\/\\\/trampampam.lt\\\/produktas\\\/folinis-balionas-dovana-2\\\/\"]}]},{\"@type\":\"ImageObject\",\"inLanguage\":\"en-US\",\"@id\":\"https:\\\/\\\/trampampam.lt\\\/produktas\\\/folinis-balionas-dovana-2\\\/#primaryimage\",\"url\":\"https:\\\/\\\/i0.wp.com\\\/trampampam.lt\\\/wp-content\\\/uploads\\\/2023\\\/12\\\/IMG_3159.jpg?fit=1179%2C1153&ssl=1\",\"contentUrl\":\"https:\\\/\\\/i0.wp.com\\\/trampampam.lt\\\/wp-content\\\/uploads\\\/2023\\\/12\\\/IMG_3159.jpg?fit=1179%2C1153&ssl=1\",\"width\":1179,\"height\":1153,\"caption\":\"Folinis balionas \u017dalia dovana\"},{\"@type\":\"BreadcrumbList\",\"@id\":\"https:\\\/\\\/trampampam.lt\\\/produktas\\\/folinis-balionas-dovana-2\\\/#breadcrumb\",\"itemListElement\":[{\"@type\":\"ListItem\",\"position\":1,\"name\":\"Home\",\"item\":\"https:\\\/\\\/trampampam.lt\\\/\"},{\"@type\":\"ListItem\",\"position\":2,\"name\":\"Preki\u0173 katalogas\",\"item\":\"https:\\\/\\\/trampampam.lt\\\/\"},{\"@type\":\"ListItem\",\"position\":3,\"name\":\"Folinis balionas &#8222;Dovana&#8221;, (50&#215;50 cm)\"}]},{\"@type\":\"WebSite\",\"@id\":\"https:\\\/\\\/trampampam.lt\\\/#website\",\"url\":\"https:\\\/\\\/trampampam.lt\\\/\",\"name\":\"Telefon\u0173 d\u0117klai, Balionai ir kita \u0161ventin\u0117 atributika | Trampampam.lt\",\"description\":\"Telefon\u0173 d\u0117klai, balionai, dovan\u0173 id\u0117jos ir kita \u0161ventin\u0117 atributika\",\"publisher\":{\"@id\":\"https:\\\/\\\/trampampam.lt\\\/#organization\"},\"alternateName\":\"Telefon\u0173 d\u0117klai\",\"potentialAction\":[{\"@type\":\"SearchAction\",\"target\":{\"@type\":\"EntryPoint\",\"urlTemplate\":\"https:\\\/\\\/trampampam.lt\\\/?s={search_term_string}\"},\"query-input\":{\"@type\":\"PropertyValueSpecification\",\"valueRequired\":true,\"valueName\":\"search_term_string\"}}],\"inLanguage\":\"en-US\"},{\"@type\":\"Organization\",\"@id\":\"https:\\\/\\\/trampampam.lt\\\/#organization\",\"name\":\"Trampampam.lt\",\"url\":\"https:\\\/\\\/trampampam.lt\\\/\",\"logo\":{\"@type\":\"ImageObject\",\"inLanguage\":\"en-US\",\"@id\":\"https:\\\/\\\/trampampam.lt\\\/#\\\/schema\\\/logo\\\/image\\\/\",\"url\":\"https:\\\/\\\/i0.wp.com\\\/trampampam.lt\\\/wp-content\\\/uploads\\\/2023\\\/11\\\/Small-logo-be-fono-1-e1698868741484.png?fit=390%2C399&ssl=1\",\"contentUrl\":\"https:\\\/\\\/i0.wp.com\\\/trampampam.lt\\\/wp-content\\\/uploads\\\/2023\\\/11\\\/Small-logo-be-fono-1-e1698868741484.png?fit=390%2C399&ssl=1\",\"width\":390,\"height\":399,\"caption\":\"Trampampam.lt\"},\"image\":{\"@id\":\"https:\\\/\\\/trampampam.lt\\\/#\\\/schema\\\/logo\\\/image\\\/\"},\"sameAs\":[\"https:\\\/\\\/www.facebook.com\\\/Trampampam.lt\",\"https:\\\/\\\/www.instagram.com\\\/trampampam.lt\\\/\"]}]}<\/script>\n<!-- \/ Yoast SEO plugin. -->","yoast_head_json":{"title":"Folinis balionas \"Dovana\", (50x50 cm) - Trampampam.lt","description":"Folinis balionas \"Dovana\". Puikiai tinka Kal\u0117din\u0117ms dekoracijoms. Pu\u010diamas pompa. Prip\u016bsto baliono i\u0161matavimai: 50 x 50 cm","robots":{"index":"index","follow":"follow","max-snippet":"max-snippet:-1","max-image-preview":"max-image-preview:large","max-video-preview":"max-video-preview:-1"},"canonical":"https:\/\/trampampam.lt\/en\/product\/folinis-balionas-dovana-2\/","og_locale":"en_US","og_type":"article","og_title":"Folinis balionas \"Dovana\", (50x50 cm) - Trampampam.lt","og_description":"Folinis balionas \"Dovana\". Puikiai tinka Kal\u0117din\u0117ms dekoracijoms. Pu\u010diamas pompa. Prip\u016bsto baliono i\u0161matavimai: 50 x 50 cm","og_url":"https:\/\/trampampam.lt\/en\/product\/folinis-balionas-dovana-2\/","og_site_name":"Trampampam.lt","article_publisher":"https:\/\/www.facebook.com\/Trampampam.lt","article_modified_time":"2024-12-27T21:35:27+00:00","og_image":[{"width":1179,"height":1153,"url":"https:\/\/trampampam.lt\/wp-content\/uploads\/2023\/12\/IMG_3159.jpg","type":"image\/jpeg"}],"twitter_card":"summary_large_image","twitter_misc":{"Est. reading time":"1 minute"},"schema":{"@context":"https:\/\/schema.org","@graph":[{"@type":"WebPage","@id":"https:\/\/trampampam.lt\/produktas\/folinis-balionas-dovana-2\/","url":"https:\/\/trampampam.lt\/produktas\/folinis-balionas-dovana-2\/","name":"Folinis balionas \"Dovana\", (50x50 cm) - Trampampam.lt","isPartOf":{"@id":"https:\/\/trampampam.lt\/#website"},"primaryImageOfPage":{"@id":"https:\/\/trampampam.lt\/produktas\/folinis-balionas-dovana-2\/#primaryimage"},"image":{"@id":"https:\/\/trampampam.lt\/produktas\/folinis-balionas-dovana-2\/#primaryimage"},"thumbnailUrl":"https:\/\/i0.wp.com\/trampampam.lt\/wp-content\/uploads\/2023\/12\/IMG_3159.jpg?fit=1179%2C1153&ssl=1","datePublished":"2023-12-16T19:42:47+00:00","dateModified":"2024-12-27T21:35:27+00:00","description":"Folinis balionas \"Dovana\". Puikiai tinka Kal\u0117din\u0117ms dekoracijoms. Pu\u010diamas pompa. Prip\u016bsto baliono i\u0161matavimai: 50 x 50 cm","breadcrumb":{"@id":"https:\/\/trampampam.lt\/produktas\/folinis-balionas-dovana-2\/#breadcrumb"},"inLanguage":"en-US","potentialAction":[{"@type":"ReadAction","target":["https:\/\/trampampam.lt\/produktas\/folinis-balionas-dovana-2\/"]}]},{"@type":"ImageObject","inLanguage":"en-US","@id":"https:\/\/trampampam.lt\/produktas\/folinis-balionas-dovana-2\/#primaryimage","url":"https:\/\/i0.wp.com\/trampampam.lt\/wp-content\/uploads\/2023\/12\/IMG_3159.jpg?fit=1179%2C1153&ssl=1","contentUrl":"https:\/\/i0.wp.com\/trampampam.lt\/wp-content\/uploads\/2023\/12\/IMG_3159.jpg?fit=1179%2C1153&ssl=1","width":1179,"height":1153,"caption":"Folinis balionas \u017dalia dovana"},{"@type":"BreadcrumbList","@id":"https:\/\/trampampam.lt\/produktas\/folinis-balionas-dovana-2\/#breadcrumb","itemListElement":[{"@type":"ListItem","position":1,"name":"Home","item":"https:\/\/trampampam.lt\/"},{"@type":"ListItem","position":2,"name":"Preki\u0173 katalogas","item":"https:\/\/trampampam.lt\/"},{"@type":"ListItem","position":3,"name":"Folinis balionas &#8222;Dovana&#8221;, (50&#215;50 cm)"}]},{"@type":"WebSite","@id":"https:\/\/trampampam.lt\/#website","url":"https:\/\/trampampam.lt\/","name":"Telefon\u0173 d\u0117klai, Balionai ir kita \u0161ventin\u0117 atributika | Trampampam.lt","description":"Telefon\u0173 d\u0117klai, balionai, dovan\u0173 id\u0117jos ir kita \u0161ventin\u0117 atributika","publisher":{"@id":"https:\/\/trampampam.lt\/#organization"},"alternateName":"Telefon\u0173 d\u0117klai","potentialAction":[{"@type":"SearchAction","target":{"@type":"EntryPoint","urlTemplate":"https:\/\/trampampam.lt\/?s={search_term_string}"},"query-input":{"@type":"PropertyValueSpecification","valueRequired":true,"valueName":"search_term_string"}}],"inLanguage":"en-US"},{"@type":"Organization","@id":"https:\/\/trampampam.lt\/#organization","name":"Trampampam.lt","url":"https:\/\/trampampam.lt\/","logo":{"@type":"ImageObject","inLanguage":"en-US","@id":"https:\/\/trampampam.lt\/#\/schema\/logo\/image\/","url":"https:\/\/i0.wp.com\/trampampam.lt\/wp-content\/uploads\/2023\/11\/Small-logo-be-fono-1-e1698868741484.png?fit=390%2C399&ssl=1","contentUrl":"https:\/\/i0.wp.com\/trampampam.lt\/wp-content\/uploads\/2023\/11\/Small-logo-be-fono-1-e1698868741484.png?fit=390%2C399&ssl=1","width":390,"height":399,"caption":"Trampampam.lt"},"image":{"@id":"https:\/\/trampampam.lt\/#\/schema\/logo\/image\/"},"sameAs":["https:\/\/www.facebook.com\/Trampampam.lt","https:\/\/www.instagram.com\/trampampam.lt\/"]}]}},"jetpack_publicize_connections":[],"jetpack_sharing_enabled":true,"_links":{"self":[{"href":"https:\/\/trampampam.lt\/en\/wp-json\/wp\/v2\/product\/795","targetHints":{"allow":["GET"]}}],"collection":[{"href":"https:\/\/trampampam.lt\/en\/wp-json\/wp\/v2\/product"}],"about":[{"href":"https:\/\/trampampam.lt\/en\/wp-json\/wp\/v2\/types\/product"}],"replies":[{"embeddable":true,"href":"https:\/\/trampampam.lt\/en\/wp-json\/wp\/v2\/comments?post=795"}],"wp:featuredmedia":[{"embeddable":true,"href":"https:\/\/trampampam.lt\/en\/wp-json\/wp\/v2\/media\/740"}],"wp:attachment":[{"href":"https:\/\/trampampam.lt\/en\/wp-json\/wp\/v2\/media?parent=795"}],"wp:term":[{"taxonomy":"product_brand","embeddable":true,"href":"https:\/\/trampampam.lt\/en\/wp-json\/wp\/v2\/product_brand?post=795"},{"taxonomy":"product_cat","embeddable":true,"href":"https:\/\/trampampam.lt\/en\/wp-json\/wp\/v2\/product_cat?post=795"},{"taxonomy":"product_tag","embeddable":true,"href":"https:\/\/trampampam.lt\/en\/wp-json\/wp\/v2\/product_tag?post=795"}],"curies":[{"name":"wp","href":"https:\/\/api.w.org\/{rel}","templated":true}]}}