{"id":724,"date":"2023-11-25T22:41:59","date_gmt":"2023-11-25T20:41:59","guid":{"rendered":"https:\/\/trampampam.lt\/?post_type=product&#038;p=724"},"modified":"2024-01-15T22:31:04","modified_gmt":"2024-01-15T20:31:04","slug":"silkine-skarele-dziungles","status":"publish","type":"product","link":"https:\/\/trampampam.lt\/en\/product\/silkine-skarele-dziungles\/","title":{"rendered":"\u0160ilkin\u0117 skarel\u0117 &#8222;D\u017eiungl\u0117s\u201d"},"content":{"rendered":"","protected":false},"excerpt":{"rendered":"<h1>\u0160ilkin\u0117 skarel\u0117 &#8222;D\u017eiungl\u0117s&#8221;<\/h1>\n<h2>\u0160ilkin\u0117 skarel\u0117 &#8211; puiki dovana !<\/h2>\n<h2>Sud\u0117tis: 100 % \u0161ilkas<\/h2>\n<h2>Matmenys: 53 x 53 cm (galima 1-2 cm paklaida)<\/h2>\n<p>&nbsp;<\/p>","protected":false},"featured_media":725,"comment_status":"open","ping_status":"closed","template":"","meta":{"jetpack_publicize_message":"","jetpack_publicize_feature_enabled":true,"jetpack_social_post_already_shared":false,"jetpack_social_options":{"image_generator_settings":{"template":"highway","default_image_id":0,"font":"","enabled":false},"version":2}},"product_brand":[],"product_cat":[86],"product_tag":[98,87,99,90,89,96,88,57,97],"class_list":{"0":"post-724","1":"product","2":"type-product","3":"status-publish","4":"has-post-thumbnail","6":"product_cat-dovanu_idejos","7":"product_tag-afrikoj","8":"product_tag-dovana","9":"product_tag-dziungles","10":"product_tag-marga","11":"product_tag-silkas","12":"product_tag-silkine","13":"product_tag-skarele","14":"product_tag-spalvoti","15":"product_tag-zebras","17":"first","18":"instock","19":"sale","20":"sold-individually","21":"shipping-taxable","22":"purchasable","23":"product-type-simple"},"yoast_head":"<!-- This site is optimized with the Yoast SEO plugin v27.5 - https:\/\/yoast.com\/product\/yoast-seo-wordpress\/ -->\n<title>\u0160ilkin\u0117 skarel\u0117 &quot;D\u017eiungl\u0117s\u201d - Trampampam.lt<\/title>\n<meta name=\"robots\" content=\"index, follow, max-snippet:-1, max-image-preview:large, max-video-preview:-1\" \/>\n<link rel=\"canonical\" href=\"https:\/\/trampampam.lt\/en\/product\/silkine-skarele-dziungles\/\" \/>\n<meta property=\"og:locale\" content=\"en_US\" \/>\n<meta property=\"og:type\" content=\"article\" \/>\n<meta property=\"og:title\" content=\"\u0160ilkin\u0117 skarel\u0117 &quot;D\u017eiungl\u0117s\u201d - Trampampam.lt\" \/>\n<meta property=\"og:description\" content=\"\u0160ilkin\u0117 skarel\u0117 &quot;D\u017eiungl\u0117s&quot; \u0160ilkin\u0117 skarel\u0117 - puiki dovana ! Sud\u0117tis: 100 % \u0161ilkas Matmenys: 53 x 53 cm (galima 1-2 cm paklaida) &nbsp;\" \/>\n<meta property=\"og:url\" content=\"https:\/\/trampampam.lt\/en\/product\/silkine-skarele-dziungles\/\" \/>\n<meta property=\"og:site_name\" content=\"Trampampam.lt\" \/>\n<meta property=\"article:publisher\" content=\"https:\/\/www.facebook.com\/Trampampam.lt\" \/>\n<meta property=\"article:modified_time\" content=\"2024-01-15T20:31:04+00:00\" \/>\n<meta property=\"og:image\" content=\"https:\/\/trampampam.lt\/wp-content\/uploads\/2023\/11\/Silkine-skarele-dziungles.png\" \/>\n\t<meta property=\"og:image:width\" content=\"500\" \/>\n\t<meta property=\"og:image:height\" content=\"498\" \/>\n\t<meta property=\"og:image:type\" content=\"image\/png\" \/>\n<meta name=\"twitter:card\" content=\"summary_large_image\" \/>\n<script type=\"application\/ld+json\" class=\"yoast-schema-graph\">{\"@context\":\"https:\\\/\\\/schema.org\",\"@graph\":[{\"@type\":\"WebPage\",\"@id\":\"https:\\\/\\\/trampampam.lt\\\/produktas\\\/silkine-skarele-dziungles\\\/\",\"url\":\"https:\\\/\\\/trampampam.lt\\\/produktas\\\/silkine-skarele-dziungles\\\/\",\"name\":\"\u0160ilkin\u0117 skarel\u0117 \\\"D\u017eiungl\u0117s\u201d - Trampampam.lt\",\"isPartOf\":{\"@id\":\"https:\\\/\\\/trampampam.lt\\\/#website\"},\"primaryImageOfPage\":{\"@id\":\"https:\\\/\\\/trampampam.lt\\\/produktas\\\/silkine-skarele-dziungles\\\/#primaryimage\"},\"image\":{\"@id\":\"https:\\\/\\\/trampampam.lt\\\/produktas\\\/silkine-skarele-dziungles\\\/#primaryimage\"},\"thumbnailUrl\":\"https:\\\/\\\/i0.wp.com\\\/trampampam.lt\\\/wp-content\\\/uploads\\\/2023\\\/11\\\/Silkine-skarele-dziungles.png?fit=500%2C498&ssl=1\",\"datePublished\":\"2023-11-25T20:41:59+00:00\",\"dateModified\":\"2024-01-15T20:31:04+00:00\",\"breadcrumb\":{\"@id\":\"https:\\\/\\\/trampampam.lt\\\/produktas\\\/silkine-skarele-dziungles\\\/#breadcrumb\"},\"inLanguage\":\"en-US\",\"potentialAction\":[{\"@type\":\"ReadAction\",\"target\":[\"https:\\\/\\\/trampampam.lt\\\/produktas\\\/silkine-skarele-dziungles\\\/\"]}]},{\"@type\":\"ImageObject\",\"inLanguage\":\"en-US\",\"@id\":\"https:\\\/\\\/trampampam.lt\\\/produktas\\\/silkine-skarele-dziungles\\\/#primaryimage\",\"url\":\"https:\\\/\\\/i0.wp.com\\\/trampampam.lt\\\/wp-content\\\/uploads\\\/2023\\\/11\\\/Silkine-skarele-dziungles.png?fit=500%2C498&ssl=1\",\"contentUrl\":\"https:\\\/\\\/i0.wp.com\\\/trampampam.lt\\\/wp-content\\\/uploads\\\/2023\\\/11\\\/Silkine-skarele-dziungles.png?fit=500%2C498&ssl=1\",\"width\":500,\"height\":498,\"caption\":\"\u0160ilkin\u0117 skarel\u0117 D\u017eiungl\u0117s\"},{\"@type\":\"BreadcrumbList\",\"@id\":\"https:\\\/\\\/trampampam.lt\\\/produktas\\\/silkine-skarele-dziungles\\\/#breadcrumb\",\"itemListElement\":[{\"@type\":\"ListItem\",\"position\":1,\"name\":\"Home\",\"item\":\"https:\\\/\\\/trampampam.lt\\\/\"},{\"@type\":\"ListItem\",\"position\":2,\"name\":\"Preki\u0173 katalogas\",\"item\":\"https:\\\/\\\/trampampam.lt\\\/\"},{\"@type\":\"ListItem\",\"position\":3,\"name\":\"\u0160ilkin\u0117 skarel\u0117 &#8222;D\u017eiungl\u0117s\u201d\"}]},{\"@type\":\"WebSite\",\"@id\":\"https:\\\/\\\/trampampam.lt\\\/#website\",\"url\":\"https:\\\/\\\/trampampam.lt\\\/\",\"name\":\"Telefon\u0173 d\u0117klai, Balionai ir kita \u0161ventin\u0117 atributika | Trampampam.lt\",\"description\":\"Telefon\u0173 d\u0117klai, balionai, dovan\u0173 id\u0117jos ir kita \u0161ventin\u0117 atributika\",\"publisher\":{\"@id\":\"https:\\\/\\\/trampampam.lt\\\/#organization\"},\"alternateName\":\"Telefon\u0173 d\u0117klai\",\"potentialAction\":[{\"@type\":\"SearchAction\",\"target\":{\"@type\":\"EntryPoint\",\"urlTemplate\":\"https:\\\/\\\/trampampam.lt\\\/?s={search_term_string}\"},\"query-input\":{\"@type\":\"PropertyValueSpecification\",\"valueRequired\":true,\"valueName\":\"search_term_string\"}}],\"inLanguage\":\"en-US\"},{\"@type\":\"Organization\",\"@id\":\"https:\\\/\\\/trampampam.lt\\\/#organization\",\"name\":\"Trampampam.lt\",\"url\":\"https:\\\/\\\/trampampam.lt\\\/\",\"logo\":{\"@type\":\"ImageObject\",\"inLanguage\":\"en-US\",\"@id\":\"https:\\\/\\\/trampampam.lt\\\/#\\\/schema\\\/logo\\\/image\\\/\",\"url\":\"https:\\\/\\\/i0.wp.com\\\/trampampam.lt\\\/wp-content\\\/uploads\\\/2023\\\/11\\\/Small-logo-be-fono-1-e1698868741484.png?fit=390%2C399&ssl=1\",\"contentUrl\":\"https:\\\/\\\/i0.wp.com\\\/trampampam.lt\\\/wp-content\\\/uploads\\\/2023\\\/11\\\/Small-logo-be-fono-1-e1698868741484.png?fit=390%2C399&ssl=1\",\"width\":390,\"height\":399,\"caption\":\"Trampampam.lt\"},\"image\":{\"@id\":\"https:\\\/\\\/trampampam.lt\\\/#\\\/schema\\\/logo\\\/image\\\/\"},\"sameAs\":[\"https:\\\/\\\/www.facebook.com\\\/Trampampam.lt\",\"https:\\\/\\\/www.instagram.com\\\/trampampam.lt\\\/\"]}]}<\/script>\n<!-- \/ Yoast SEO plugin. -->","yoast_head_json":{"title":"\u0160ilkin\u0117 skarel\u0117 \"D\u017eiungl\u0117s\u201d - Trampampam.lt","robots":{"index":"index","follow":"follow","max-snippet":"max-snippet:-1","max-image-preview":"max-image-preview:large","max-video-preview":"max-video-preview:-1"},"canonical":"https:\/\/trampampam.lt\/en\/product\/silkine-skarele-dziungles\/","og_locale":"en_US","og_type":"article","og_title":"\u0160ilkin\u0117 skarel\u0117 \"D\u017eiungl\u0117s\u201d - Trampampam.lt","og_description":"\u0160ilkin\u0117 skarel\u0117 \"D\u017eiungl\u0117s\" \u0160ilkin\u0117 skarel\u0117 - puiki dovana ! Sud\u0117tis: 100 % \u0161ilkas Matmenys: 53 x 53 cm (galima 1-2 cm paklaida) &nbsp;","og_url":"https:\/\/trampampam.lt\/en\/product\/silkine-skarele-dziungles\/","og_site_name":"Trampampam.lt","article_publisher":"https:\/\/www.facebook.com\/Trampampam.lt","article_modified_time":"2024-01-15T20:31:04+00:00","og_image":[{"width":500,"height":498,"url":"https:\/\/trampampam.lt\/wp-content\/uploads\/2023\/11\/Silkine-skarele-dziungles.png","type":"image\/png"}],"twitter_card":"summary_large_image","schema":{"@context":"https:\/\/schema.org","@graph":[{"@type":"WebPage","@id":"https:\/\/trampampam.lt\/produktas\/silkine-skarele-dziungles\/","url":"https:\/\/trampampam.lt\/produktas\/silkine-skarele-dziungles\/","name":"\u0160ilkin\u0117 skarel\u0117 \"D\u017eiungl\u0117s\u201d - Trampampam.lt","isPartOf":{"@id":"https:\/\/trampampam.lt\/#website"},"primaryImageOfPage":{"@id":"https:\/\/trampampam.lt\/produktas\/silkine-skarele-dziungles\/#primaryimage"},"image":{"@id":"https:\/\/trampampam.lt\/produktas\/silkine-skarele-dziungles\/#primaryimage"},"thumbnailUrl":"https:\/\/i0.wp.com\/trampampam.lt\/wp-content\/uploads\/2023\/11\/Silkine-skarele-dziungles.png?fit=500%2C498&ssl=1","datePublished":"2023-11-25T20:41:59+00:00","dateModified":"2024-01-15T20:31:04+00:00","breadcrumb":{"@id":"https:\/\/trampampam.lt\/produktas\/silkine-skarele-dziungles\/#breadcrumb"},"inLanguage":"en-US","potentialAction":[{"@type":"ReadAction","target":["https:\/\/trampampam.lt\/produktas\/silkine-skarele-dziungles\/"]}]},{"@type":"ImageObject","inLanguage":"en-US","@id":"https:\/\/trampampam.lt\/produktas\/silkine-skarele-dziungles\/#primaryimage","url":"https:\/\/i0.wp.com\/trampampam.lt\/wp-content\/uploads\/2023\/11\/Silkine-skarele-dziungles.png?fit=500%2C498&ssl=1","contentUrl":"https:\/\/i0.wp.com\/trampampam.lt\/wp-content\/uploads\/2023\/11\/Silkine-skarele-dziungles.png?fit=500%2C498&ssl=1","width":500,"height":498,"caption":"\u0160ilkin\u0117 skarel\u0117 D\u017eiungl\u0117s"},{"@type":"BreadcrumbList","@id":"https:\/\/trampampam.lt\/produktas\/silkine-skarele-dziungles\/#breadcrumb","itemListElement":[{"@type":"ListItem","position":1,"name":"Home","item":"https:\/\/trampampam.lt\/"},{"@type":"ListItem","position":2,"name":"Preki\u0173 katalogas","item":"https:\/\/trampampam.lt\/"},{"@type":"ListItem","position":3,"name":"\u0160ilkin\u0117 skarel\u0117 &#8222;D\u017eiungl\u0117s\u201d"}]},{"@type":"WebSite","@id":"https:\/\/trampampam.lt\/#website","url":"https:\/\/trampampam.lt\/","name":"Telefon\u0173 d\u0117klai, Balionai ir kita \u0161ventin\u0117 atributika | Trampampam.lt","description":"Telefon\u0173 d\u0117klai, balionai, dovan\u0173 id\u0117jos ir kita \u0161ventin\u0117 atributika","publisher":{"@id":"https:\/\/trampampam.lt\/#organization"},"alternateName":"Telefon\u0173 d\u0117klai","potentialAction":[{"@type":"SearchAction","target":{"@type":"EntryPoint","urlTemplate":"https:\/\/trampampam.lt\/?s={search_term_string}"},"query-input":{"@type":"PropertyValueSpecification","valueRequired":true,"valueName":"search_term_string"}}],"inLanguage":"en-US"},{"@type":"Organization","@id":"https:\/\/trampampam.lt\/#organization","name":"Trampampam.lt","url":"https:\/\/trampampam.lt\/","logo":{"@type":"ImageObject","inLanguage":"en-US","@id":"https:\/\/trampampam.lt\/#\/schema\/logo\/image\/","url":"https:\/\/i0.wp.com\/trampampam.lt\/wp-content\/uploads\/2023\/11\/Small-logo-be-fono-1-e1698868741484.png?fit=390%2C399&ssl=1","contentUrl":"https:\/\/i0.wp.com\/trampampam.lt\/wp-content\/uploads\/2023\/11\/Small-logo-be-fono-1-e1698868741484.png?fit=390%2C399&ssl=1","width":390,"height":399,"caption":"Trampampam.lt"},"image":{"@id":"https:\/\/trampampam.lt\/#\/schema\/logo\/image\/"},"sameAs":["https:\/\/www.facebook.com\/Trampampam.lt","https:\/\/www.instagram.com\/trampampam.lt\/"]}]}},"jetpack_publicize_connections":[],"jetpack_sharing_enabled":true,"_links":{"self":[{"href":"https:\/\/trampampam.lt\/en\/wp-json\/wp\/v2\/product\/724","targetHints":{"allow":["GET"]}}],"collection":[{"href":"https:\/\/trampampam.lt\/en\/wp-json\/wp\/v2\/product"}],"about":[{"href":"https:\/\/trampampam.lt\/en\/wp-json\/wp\/v2\/types\/product"}],"replies":[{"embeddable":true,"href":"https:\/\/trampampam.lt\/en\/wp-json\/wp\/v2\/comments?post=724"}],"wp:featuredmedia":[{"embeddable":true,"href":"https:\/\/trampampam.lt\/en\/wp-json\/wp\/v2\/media\/725"}],"wp:attachment":[{"href":"https:\/\/trampampam.lt\/en\/wp-json\/wp\/v2\/media?parent=724"}],"wp:term":[{"taxonomy":"product_brand","embeddable":true,"href":"https:\/\/trampampam.lt\/en\/wp-json\/wp\/v2\/product_brand?post=724"},{"taxonomy":"product_cat","embeddable":true,"href":"https:\/\/trampampam.lt\/en\/wp-json\/wp\/v2\/product_cat?post=724"},{"taxonomy":"product_tag","embeddable":true,"href":"https:\/\/trampampam.lt\/en\/wp-json\/wp\/v2\/product_tag?post=724"}],"curies":[{"name":"wp","href":"https:\/\/api.w.org\/{rel}","templated":true}]}}