{"id":7049,"date":"2026-04-25T23:43:32","date_gmt":"2026-04-25T20:43:32","guid":{"rendered":"https:\/\/trampampam.lt\/produktas\/night-in-paris_tough-phone-case\/"},"modified":"2026-04-25T23:47:49","modified_gmt":"2026-04-25T20:47:49","slug":"night-in-paris_tough-phone-case","status":"publish","type":"product","link":"https:\/\/trampampam.lt\/en\/product\/night-in-paris_tough-phone-case\/","title":{"rendered":"Night in Paris_Tough Phone Case"},"content":{"rendered":"<h1>\ud83d\udcf1\ud83d\udca5\u00a0O\u00a0ne!\u00a0Telefonas\u00a0v\u0117l\u00a0i\u0161krito\u2026<\/h1>\n<h1>Bet\u00a0chill\u00a0\u2014\u00a0mes\u00a0tuo\u00a0pasir\u016bpinsim<\/h1>\n<h1>\u0160is\u00a0premium,\u00a0itin\u00a0tvirtas\u00a0telefono\u00a0d\u0117klas\u00a0sukurtas\u00a0taip,\u00a0kad\u00a0net\u00a0netik\u0117ti\u00a0\u201eoops\u201c\u00a0momentai\u00a0neb\u016bt\u0173\u00a0drama.\u00a0Lengvas\u00a0rankoje,\u00a0bet\u00a0rimtas,\u00a0kai\u00a0reikia\u00a0saugoti.<\/h1>\n<h1>\ud83d\udee1\ufe0f\u00a0Dviej\u0173\u00a0sluoksni\u0173\u00a0apsauga\u00a0\u2013\u00a0kaip\u00a0asmeninis\u00a0tavo\u00a0telefono\u00a0bodyguard\u2019as<\/h1>\n<h2>\u2714\ufe0f\u00a0Pagamintas\u00a0i\u0161\u00a0auk\u0161\u010diausios\u00a0kokyb\u0117s\u00a0med\u017eiag\u0173<\/h2>\n<h2>\u2714\ufe0f\u00a0Blizgus\u00a0pavir\u0161ius,\u00a0kuris\u00a0atrodo\u00a0\ud83d\udd25<\/h2>\n<h2>\u2714\ufe0f\u00a0Grafika\u00a0nei\u0161blunka\u00a0\u2013\u00a0vibe\u2019as\u00a0lieka<\/h2>\n<h2>\u2714\ufe0f\u00a0Tvirtas,\u00a0bet\u00a0stilingas\u00a0(taip,\u00a0abu\u00a0viename)<\/h2>\n<h2>Ma\u017eiau\u00a0streso,\u00a0daugiau\u00a0pasitik\u0117jimo.<\/h2>","protected":false},"excerpt":{"rendered":"<h1>\ud83d\udcf1\ud83d\udca5\u00a0O\u00a0ne!\u00a0Telefonas\u00a0v\u0117l\u00a0i\u0161krito\u2026<\/h1>\n<h1>Bet\u00a0chill\u00a0\u2014\u00a0mes\u00a0tuo\u00a0pasir\u016bpinsim<\/h1>\n<h1>\u0160is\u00a0premium,\u00a0itin\u00a0tvirtas\u00a0telefono\u00a0d\u0117klas\u00a0sukurtas\u00a0taip,\u00a0kad\u00a0net\u00a0netik\u0117ti\u00a0\u201eoops\u201c\u00a0momentai\u00a0neb\u016bt\u0173\u00a0drama.\u00a0Lengvas\u00a0rankoje,\u00a0bet\u00a0rimtas,\u00a0kai\u00a0reikia\u00a0saugoti.<\/h1>\n<h1>\ud83d\udee1\ufe0f\u00a0Dviej\u0173\u00a0sluoksni\u0173\u00a0apsauga\u00a0\u2013\u00a0kaip\u00a0asmeninis\u00a0tavo\u00a0telefono\u00a0bodyguard\u2019as<\/h1>\n<h2>\u2714\ufe0f\u00a0Pagamintas\u00a0i\u0161\u00a0auk\u0161\u010diausios\u00a0kokyb\u0117s\u00a0med\u017eiag\u0173<\/h2>\n<h2>\u2714\ufe0f\u00a0Blizgus\u00a0pavir\u0161ius,\u00a0kuris\u00a0atrodo\u00a0\ud83d\udd25<\/h2>\n<h2>\u2714\ufe0f\u00a0Grafika\u00a0nei\u0161blunka\u00a0\u2013\u00a0vibe\u2019as\u00a0lieka<\/h2>\n<h2>\u2714\ufe0f\u00a0Tvirtas,\u00a0bet\u00a0stilingas\u00a0(taip,\u00a0abu\u00a0viename)<\/h2>\n<h2>Ma\u017eiau\u00a0streso,\u00a0daugiau\u00a0pasitik\u0117jimo.<\/h2>","protected":false},"featured_media":7055,"comment_status":"open","ping_status":"closed","template":"","meta":{"jetpack_publicize_message":"","jetpack_publicize_feature_enabled":true,"jetpack_social_post_already_shared":true,"jetpack_social_options":{"image_generator_settings":{"template":"highway","default_image_id":0,"font":"","enabled":false},"version":2}},"product_brand":[],"product_cat":[443,153],"product_tag":[377,381,322,466,67,467,343,404],"class_list":{"0":"post-7049","1":"product","2":"type-product","3":"status-publish","4":"has-post-thumbnail","6":"product_cat-3d-telefonu-deklai-dvigubi","7":"product_cat-telefonu_deklai-priedai","8":"product_tag-apple","9":"product_tag-black","10":"product_tag-dekliukas","11":"product_tag-google","12":"product_tag-juoda","13":"product_tag-paris","14":"product_tag-phone-case","15":"product_tag-samsung","16":"product_shipping_class-podbase","18":"first","19":"instock","20":"shipping-taxable","21":"purchasable","22":"product-type-variable"},"yoast_head":"<!-- This site is optimized with the Yoast SEO plugin v27.5 - https:\/\/yoast.com\/product\/yoast-seo-wordpress\/ -->\n<title>Night in Paris_Tough Phone Case - Trampampam.lt<\/title>\n<meta name=\"description\" content=\"\u0160is premium, itin tvirtas telefono d\u0117klas sukurtas taip, kad net netik\u0117ti \u201eoops\u201c momentai neb\u016bt\u0173 drama. Lengvas rankoje, bet rimtas, kai reikia saugoti.\" \/>\n<meta name=\"robots\" content=\"index, follow, max-snippet:-1, max-image-preview:large, max-video-preview:-1\" \/>\n<link rel=\"canonical\" href=\"https:\/\/trampampam.lt\/en\/product\/night-in-paris_tough-phone-case\/\" \/>\n<meta property=\"og:locale\" content=\"en_US\" \/>\n<meta property=\"og:type\" content=\"article\" \/>\n<meta property=\"og:title\" content=\"Night in Paris_Tough Phone Case - Trampampam.lt\" \/>\n<meta property=\"og:description\" content=\"\u0160is premium, itin tvirtas telefono d\u0117klas sukurtas taip, kad net netik\u0117ti \u201eoops\u201c momentai neb\u016bt\u0173 drama. Lengvas rankoje, bet rimtas, kai reikia saugoti.\" \/>\n<meta property=\"og:url\" content=\"https:\/\/trampampam.lt\/en\/product\/night-in-paris_tough-phone-case\/\" \/>\n<meta property=\"og:site_name\" content=\"Trampampam.lt\" \/>\n<meta property=\"article:publisher\" content=\"https:\/\/www.facebook.com\/Trampampam.lt\" \/>\n<meta property=\"article:modified_time\" content=\"2026-04-25T20:47:49+00:00\" \/>\n<meta property=\"og:image\" content=\"https:\/\/trampampam.lt\/wp-content\/uploads\/2026\/04\/69ed275f87b910ac01ec1913.jpeg\" \/>\n\t<meta property=\"og:image:width\" content=\"1200\" \/>\n\t<meta property=\"og:image:height\" content=\"1200\" \/>\n\t<meta property=\"og:image:type\" content=\"image\/jpeg\" \/>\n<meta name=\"twitter:card\" content=\"summary_large_image\" \/>\n<meta name=\"twitter:label1\" content=\"Est. reading time\" \/>\n\t<meta name=\"twitter:data1\" content=\"1 minute\" \/>\n<script type=\"application\/ld+json\" class=\"yoast-schema-graph\">{\"@context\":\"https:\\\/\\\/schema.org\",\"@graph\":[{\"@type\":\"WebPage\",\"@id\":\"https:\\\/\\\/trampampam.lt\\\/produktas\\\/night-in-paris_tough-phone-case\\\/\",\"url\":\"https:\\\/\\\/trampampam.lt\\\/produktas\\\/night-in-paris_tough-phone-case\\\/\",\"name\":\"Night in Paris_Tough Phone Case - Trampampam.lt\",\"isPartOf\":{\"@id\":\"https:\\\/\\\/trampampam.lt\\\/#website\"},\"primaryImageOfPage\":{\"@id\":\"https:\\\/\\\/trampampam.lt\\\/produktas\\\/night-in-paris_tough-phone-case\\\/#primaryimage\"},\"image\":{\"@id\":\"https:\\\/\\\/trampampam.lt\\\/produktas\\\/night-in-paris_tough-phone-case\\\/#primaryimage\"},\"thumbnailUrl\":\"https:\\\/\\\/i0.wp.com\\\/trampampam.lt\\\/wp-content\\\/uploads\\\/2026\\\/04\\\/69ed275f87b910ac01ec1913.jpeg?fit=1200%2C1200&ssl=1\",\"datePublished\":\"2026-04-25T20:43:32+00:00\",\"dateModified\":\"2026-04-25T20:47:49+00:00\",\"description\":\"\u0160is premium, itin tvirtas telefono d\u0117klas sukurtas taip, kad net netik\u0117ti \u201eoops\u201c momentai neb\u016bt\u0173 drama. Lengvas rankoje, bet rimtas, kai reikia saugoti.\",\"breadcrumb\":{\"@id\":\"https:\\\/\\\/trampampam.lt\\\/produktas\\\/night-in-paris_tough-phone-case\\\/#breadcrumb\"},\"inLanguage\":\"en-US\",\"potentialAction\":[{\"@type\":\"ReadAction\",\"target\":[\"https:\\\/\\\/trampampam.lt\\\/produktas\\\/night-in-paris_tough-phone-case\\\/\"]}]},{\"@type\":\"ImageObject\",\"inLanguage\":\"en-US\",\"@id\":\"https:\\\/\\\/trampampam.lt\\\/produktas\\\/night-in-paris_tough-phone-case\\\/#primaryimage\",\"url\":\"https:\\\/\\\/i0.wp.com\\\/trampampam.lt\\\/wp-content\\\/uploads\\\/2026\\\/04\\\/69ed275f87b910ac01ec1913.jpeg?fit=1200%2C1200&ssl=1\",\"contentUrl\":\"https:\\\/\\\/i0.wp.com\\\/trampampam.lt\\\/wp-content\\\/uploads\\\/2026\\\/04\\\/69ed275f87b910ac01ec1913.jpeg?fit=1200%2C1200&ssl=1\",\"width\":1200,\"height\":1200},{\"@type\":\"BreadcrumbList\",\"@id\":\"https:\\\/\\\/trampampam.lt\\\/produktas\\\/night-in-paris_tough-phone-case\\\/#breadcrumb\",\"itemListElement\":[{\"@type\":\"ListItem\",\"position\":1,\"name\":\"Home\",\"item\":\"https:\\\/\\\/trampampam.lt\\\/\"},{\"@type\":\"ListItem\",\"position\":2,\"name\":\"Preki\u0173 katalogas\",\"item\":\"https:\\\/\\\/trampampam.lt\\\/\"},{\"@type\":\"ListItem\",\"position\":3,\"name\":\"Night in Paris_Tough Phone Case\"}]},{\"@type\":\"WebSite\",\"@id\":\"https:\\\/\\\/trampampam.lt\\\/#website\",\"url\":\"https:\\\/\\\/trampampam.lt\\\/\",\"name\":\"Telefon\u0173 d\u0117klai, Balionai ir kita \u0161ventin\u0117 atributika | Trampampam.lt\",\"description\":\"Telefon\u0173 d\u0117klai, balionai, dovan\u0173 id\u0117jos ir kita \u0161ventin\u0117 atributika\",\"publisher\":{\"@id\":\"https:\\\/\\\/trampampam.lt\\\/#organization\"},\"alternateName\":\"Telefon\u0173 d\u0117klai\",\"potentialAction\":[{\"@type\":\"SearchAction\",\"target\":{\"@type\":\"EntryPoint\",\"urlTemplate\":\"https:\\\/\\\/trampampam.lt\\\/?s={search_term_string}\"},\"query-input\":{\"@type\":\"PropertyValueSpecification\",\"valueRequired\":true,\"valueName\":\"search_term_string\"}}],\"inLanguage\":\"en-US\"},{\"@type\":\"Organization\",\"@id\":\"https:\\\/\\\/trampampam.lt\\\/#organization\",\"name\":\"Trampampam.lt\",\"url\":\"https:\\\/\\\/trampampam.lt\\\/\",\"logo\":{\"@type\":\"ImageObject\",\"inLanguage\":\"en-US\",\"@id\":\"https:\\\/\\\/trampampam.lt\\\/#\\\/schema\\\/logo\\\/image\\\/\",\"url\":\"https:\\\/\\\/i0.wp.com\\\/trampampam.lt\\\/wp-content\\\/uploads\\\/2023\\\/11\\\/Small-logo-be-fono-1-e1698868741484.png?fit=390%2C399&ssl=1\",\"contentUrl\":\"https:\\\/\\\/i0.wp.com\\\/trampampam.lt\\\/wp-content\\\/uploads\\\/2023\\\/11\\\/Small-logo-be-fono-1-e1698868741484.png?fit=390%2C399&ssl=1\",\"width\":390,\"height\":399,\"caption\":\"Trampampam.lt\"},\"image\":{\"@id\":\"https:\\\/\\\/trampampam.lt\\\/#\\\/schema\\\/logo\\\/image\\\/\"},\"sameAs\":[\"https:\\\/\\\/www.facebook.com\\\/Trampampam.lt\",\"https:\\\/\\\/www.instagram.com\\\/trampampam.lt\\\/\"]}]}<\/script>\n<!-- \/ Yoast SEO plugin. -->","yoast_head_json":{"title":"Night in Paris_Tough Phone Case - Trampampam.lt","description":"\u0160is premium, itin tvirtas telefono d\u0117klas sukurtas taip, kad net netik\u0117ti \u201eoops\u201c momentai neb\u016bt\u0173 drama. Lengvas rankoje, bet rimtas, kai reikia saugoti.","robots":{"index":"index","follow":"follow","max-snippet":"max-snippet:-1","max-image-preview":"max-image-preview:large","max-video-preview":"max-video-preview:-1"},"canonical":"https:\/\/trampampam.lt\/en\/product\/night-in-paris_tough-phone-case\/","og_locale":"en_US","og_type":"article","og_title":"Night in Paris_Tough Phone Case - Trampampam.lt","og_description":"\u0160is premium, itin tvirtas telefono d\u0117klas sukurtas taip, kad net netik\u0117ti \u201eoops\u201c momentai neb\u016bt\u0173 drama. Lengvas rankoje, bet rimtas, kai reikia saugoti.","og_url":"https:\/\/trampampam.lt\/en\/product\/night-in-paris_tough-phone-case\/","og_site_name":"Trampampam.lt","article_publisher":"https:\/\/www.facebook.com\/Trampampam.lt","article_modified_time":"2026-04-25T20:47:49+00:00","og_image":[{"width":1200,"height":1200,"url":"https:\/\/trampampam.lt\/wp-content\/uploads\/2026\/04\/69ed275f87b910ac01ec1913.jpeg","type":"image\/jpeg"}],"twitter_card":"summary_large_image","twitter_misc":{"Est. reading time":"1 minute"},"schema":{"@context":"https:\/\/schema.org","@graph":[{"@type":"WebPage","@id":"https:\/\/trampampam.lt\/produktas\/night-in-paris_tough-phone-case\/","url":"https:\/\/trampampam.lt\/produktas\/night-in-paris_tough-phone-case\/","name":"Night in Paris_Tough Phone Case - Trampampam.lt","isPartOf":{"@id":"https:\/\/trampampam.lt\/#website"},"primaryImageOfPage":{"@id":"https:\/\/trampampam.lt\/produktas\/night-in-paris_tough-phone-case\/#primaryimage"},"image":{"@id":"https:\/\/trampampam.lt\/produktas\/night-in-paris_tough-phone-case\/#primaryimage"},"thumbnailUrl":"https:\/\/i0.wp.com\/trampampam.lt\/wp-content\/uploads\/2026\/04\/69ed275f87b910ac01ec1913.jpeg?fit=1200%2C1200&ssl=1","datePublished":"2026-04-25T20:43:32+00:00","dateModified":"2026-04-25T20:47:49+00:00","description":"\u0160is premium, itin tvirtas telefono d\u0117klas sukurtas taip, kad net netik\u0117ti \u201eoops\u201c momentai neb\u016bt\u0173 drama. Lengvas rankoje, bet rimtas, kai reikia saugoti.","breadcrumb":{"@id":"https:\/\/trampampam.lt\/produktas\/night-in-paris_tough-phone-case\/#breadcrumb"},"inLanguage":"en-US","potentialAction":[{"@type":"ReadAction","target":["https:\/\/trampampam.lt\/produktas\/night-in-paris_tough-phone-case\/"]}]},{"@type":"ImageObject","inLanguage":"en-US","@id":"https:\/\/trampampam.lt\/produktas\/night-in-paris_tough-phone-case\/#primaryimage","url":"https:\/\/i0.wp.com\/trampampam.lt\/wp-content\/uploads\/2026\/04\/69ed275f87b910ac01ec1913.jpeg?fit=1200%2C1200&ssl=1","contentUrl":"https:\/\/i0.wp.com\/trampampam.lt\/wp-content\/uploads\/2026\/04\/69ed275f87b910ac01ec1913.jpeg?fit=1200%2C1200&ssl=1","width":1200,"height":1200},{"@type":"BreadcrumbList","@id":"https:\/\/trampampam.lt\/produktas\/night-in-paris_tough-phone-case\/#breadcrumb","itemListElement":[{"@type":"ListItem","position":1,"name":"Home","item":"https:\/\/trampampam.lt\/"},{"@type":"ListItem","position":2,"name":"Preki\u0173 katalogas","item":"https:\/\/trampampam.lt\/"},{"@type":"ListItem","position":3,"name":"Night in Paris_Tough Phone Case"}]},{"@type":"WebSite","@id":"https:\/\/trampampam.lt\/#website","url":"https:\/\/trampampam.lt\/","name":"Telefon\u0173 d\u0117klai, Balionai ir kita \u0161ventin\u0117 atributika | Trampampam.lt","description":"Telefon\u0173 d\u0117klai, balionai, dovan\u0173 id\u0117jos ir kita \u0161ventin\u0117 atributika","publisher":{"@id":"https:\/\/trampampam.lt\/#organization"},"alternateName":"Telefon\u0173 d\u0117klai","potentialAction":[{"@type":"SearchAction","target":{"@type":"EntryPoint","urlTemplate":"https:\/\/trampampam.lt\/?s={search_term_string}"},"query-input":{"@type":"PropertyValueSpecification","valueRequired":true,"valueName":"search_term_string"}}],"inLanguage":"en-US"},{"@type":"Organization","@id":"https:\/\/trampampam.lt\/#organization","name":"Trampampam.lt","url":"https:\/\/trampampam.lt\/","logo":{"@type":"ImageObject","inLanguage":"en-US","@id":"https:\/\/trampampam.lt\/#\/schema\/logo\/image\/","url":"https:\/\/i0.wp.com\/trampampam.lt\/wp-content\/uploads\/2023\/11\/Small-logo-be-fono-1-e1698868741484.png?fit=390%2C399&ssl=1","contentUrl":"https:\/\/i0.wp.com\/trampampam.lt\/wp-content\/uploads\/2023\/11\/Small-logo-be-fono-1-e1698868741484.png?fit=390%2C399&ssl=1","width":390,"height":399,"caption":"Trampampam.lt"},"image":{"@id":"https:\/\/trampampam.lt\/#\/schema\/logo\/image\/"},"sameAs":["https:\/\/www.facebook.com\/Trampampam.lt","https:\/\/www.instagram.com\/trampampam.lt\/"]}]}},"jetpack_publicize_connections":[],"jetpack_sharing_enabled":true,"_links":{"self":[{"href":"https:\/\/trampampam.lt\/en\/wp-json\/wp\/v2\/product\/7049","targetHints":{"allow":["GET"]}}],"collection":[{"href":"https:\/\/trampampam.lt\/en\/wp-json\/wp\/v2\/product"}],"about":[{"href":"https:\/\/trampampam.lt\/en\/wp-json\/wp\/v2\/types\/product"}],"replies":[{"embeddable":true,"href":"https:\/\/trampampam.lt\/en\/wp-json\/wp\/v2\/comments?post=7049"}],"wp:featuredmedia":[{"embeddable":true,"href":"https:\/\/trampampam.lt\/en\/wp-json\/wp\/v2\/media\/7055"}],"wp:attachment":[{"href":"https:\/\/trampampam.lt\/en\/wp-json\/wp\/v2\/media?parent=7049"}],"wp:term":[{"taxonomy":"product_brand","embeddable":true,"href":"https:\/\/trampampam.lt\/en\/wp-json\/wp\/v2\/product_brand?post=7049"},{"taxonomy":"product_cat","embeddable":true,"href":"https:\/\/trampampam.lt\/en\/wp-json\/wp\/v2\/product_cat?post=7049"},{"taxonomy":"product_tag","embeddable":true,"href":"https:\/\/trampampam.lt\/en\/wp-json\/wp\/v2\/product_tag?post=7049"}],"curies":[{"name":"wp","href":"https:\/\/api.w.org\/{rel}","templated":true}]}}