{"id":5876,"date":"2026-04-25T20:55:03","date_gmt":"2026-04-25T17:55:03","guid":{"rendered":"https:\/\/trampampam.lt\/produktas\/ekrano-apsauginis-stiklas-premium-screen-protector\/"},"modified":"2026-04-25T21:04:04","modified_gmt":"2026-04-25T18:04:04","slug":"ekrano-apsauginis-stiklas-premium-screen-protector","status":"publish","type":"product","link":"https:\/\/trampampam.lt\/en\/product\/ekrano-apsauginis-stiklas-premium-screen-protector\/","title":{"rendered":"Ekrano apsauginis stiklas (Premium Screen Protector)"},"content":{"rendered":"<h1>Premium\u00a0kokyb\u0117s\u00a0\u00a0ekrano\u00a0apsauginis\u00a0stiklas\u00a0\u00a0\u2013\u00a0neatsiejama\u00a0J\u016bs\u0173\u00a0\u012frenginio\u00a0dalis.Jis\u00a0apsaugo\u00a0J\u016bs\u0173\u00a0telefono\u00a0ekran\u0105\u00a0nuo\u00a0\u012fbr\u0117\u017eim\u0173,\u00a0\u012ftr\u016bkim\u0173\u00a0ar\u00a0kit\u0173\u00a0pa\u017eeidim\u0173.\u00a0Sukurta\u00a0naudojant\u00a0pa\u017eangiausias\u00a0technologijas\u00a0ir\u00a0kruop\u0161t\u0173\u00a0d\u0117mes\u012f\u00a0detal\u0117ms.\u00a0M\u016bs\u0173\u00a0ekrano\u00a0apsauginis\u00a0stikliukas\u00a0sukurtas\u00a0taip,\u00a0kad\u00a0u\u017etikrint\u0173\u00a0neprilygstam\u0105\u00a0apsaug\u0105\u00a0nepakenkiant\u00a0ai\u0161kumui\u00a0ar\u00a0lietimo\u00a0jautrumui.<\/h1>\n<h2>Komplekte\u00a0pridedamas\u00a0montavimo\u00a0rinkinys,\u00a0kurio\u00a0d\u0117ka\u00a0Ekrano\u00a0apsauginio\u00a0stiklo\u00a0u\u017ed\u0117jimo\u00a0procesas\u00a0tampa\u00a0ypa\u010d\u00a0lengvas.<\/h2>\n<p>Ar\u00a0linki\u00a0to\u00a0savo\u00a0telefonui?<\/p>\n<p><img data-recalc-dims=\"1\" loading=\"lazy\" decoding=\"async\" src=\"https:\/\/i0.wp.com\/trampampam.lt\/wp-content\/uploads\/2024\/12\/6B73E917-E823-4B33-9795-2E26EBD20D5A-300x300.png.webp?resize=300%2C300&#038;ssl=1\" alt=\"Sudu\u017e\u0119s telefono ekranas\" width=\"300\" height=\"300\" \/><\/p>\n<h2>Naudojant\u00a0\u0161i\u00a0Premium\u00a0kokyb\u0117s\u00a0ekrano\u00a0apsaugin\u012f\u00a0stikl\u0105\u00a0nelaimingi\u00a0atsitikimai\u00a0netur\u0117s\u00a0tiek\u00a0daug\u00a0pasekmi\u0173.<\/h2>\n<h2><strong>Klausiate\u00a0ar\u00a0tikrai\u00a0Jums\u00a0jo\u00a0reikia?<\/strong><\/h2>\n<h2><strong>Tikrai\u00a0TAIP,\u00a0nes:<\/strong><\/h2>\n<h2><span style=\"color: var(--theme-heading-color, var(--theme-heading-2-color, var(--theme-headings-color)));\">Apsaugo\u00a0ekran\u0105\u00a0nuo\u00a0\u012fbr\u0117\u017eim\u0173,\u00a0\u012ftr\u016bkim\u0173\u00a0ir\u00a0kit\u0173\u00a0pa\u017eeidim\u0173<\/span><\/h2>\n<h2><span style=\"color: var(--theme-heading-color, var(--theme-heading-2-color, var(--theme-headings-color)));\">I\u0161laiko\u00a0ekrano\u00a0skaidrum\u0105\u00a0ir\u00a0lietimo\u00a0jautrum\u0105<\/span><\/h2>\n<h2><span style=\"color: var(--theme-heading-color, var(--theme-heading-2-color, var(--theme-headings-color)));\">D\u0117l\u00a0pridedamo\u00a0montavimo\u00a0rinkinio\u00a0lengvai\u00a0u\u017ed\u0117site\u00a0patys<\/span><\/h2>\n<h2><span style=\"color: var(--theme-heading-color, var(--theme-heading-2-color, var(--theme-headings-color)));\">Pritaikytas\u00a0i\u0161skirtinai\u00a0J\u016bs\u0173\u00a0telefono\u00a0modeliui<\/span><\/h2>\n<h2><span style=\"color: var(--theme-heading-color, var(--theme-heading-2-color, var(--theme-headings-color)));\">Sutaupysite,\u00a0nes\u00a0telefonui\u00a0nukritus\u00a0ekranas\u00a0liks\u00a0sveikas\u00a0ir\u00a0nereik\u0117s\u00a0brangiai\u00a0mok\u0117ti\u00a0u\u017e\u00a0ekrano\u00a0keitim\u0105.<\/span><\/h2>\n<p><strong>Apsaugojai\u00a0ekran\u0105\u00a0\u2013\u00a0apsaugok\u00a0ir\u00a0telefon\u0105\u00a0!<\/strong><\/p>\n<p>I\u0161skirtinio\u00a0dizaino,\u00a0originalius\u00a0ir\u00a0itin\u00a0auk\u0161tos\u00a0kokyb\u0117s\u00a0Telefon\u0173\u00a0d\u0117klus\u00a0rasi\u00a0<a href=\"https:\/\/trampampam.lt\/en\/product-category\/telefonu_deklai-priedai\/\">\u010cIA<\/a><\/p>","protected":false},"excerpt":{"rendered":"<h1>Premium\u00a0kokyb\u0117s\u00a0\u00a0ekrano\u00a0apsauginis\u00a0stiklas\u00a0\u00a0\u2013\u00a0neatsiejama\u00a0J\u016bs\u0173\u00a0\u012frenginio\u00a0dalis.Jis\u00a0apsaugo\u00a0J\u016bs\u0173\u00a0telefono\u00a0ekran\u0105\u00a0nuo\u00a0\u012fbr\u0117\u017eim\u0173,\u00a0\u012ftr\u016bkim\u0173\u00a0ar\u00a0kit\u0173\u00a0pa\u017eeidim\u0173.\u00a0Sukurta\u00a0naudojant\u00a0pa\u017eangiausias\u00a0technologijas\u00a0ir\u00a0kruop\u0161t\u0173\u00a0d\u0117mes\u012f\u00a0detal\u0117ms.\u00a0M\u016bs\u0173\u00a0ekrano\u00a0apsauginis\u00a0stikliukas\u00a0sukurtas\u00a0taip,\u00a0kad\u00a0u\u017etikrint\u0173\u00a0neprilygstam\u0105\u00a0apsaug\u0105\u00a0nepakenkiant\u00a0ai\u0161kumui\u00a0ar\u00a0lietimo\u00a0jautrumui.<\/h1>\n<h2>Komplekte\u00a0pridedamas\u00a0montavimo\u00a0rinkinys,\u00a0kurio\u00a0d\u0117ka\u00a0Ekrano\u00a0apsauginio\u00a0stiklo\u00a0u\u017ed\u0117jimo\u00a0procesas\u00a0tampa\u00a0ypa\u010d\u00a0lengvas.<\/h2>\n<p>Ar\u00a0linki\u00a0to\u00a0savo\u00a0telefonui?<\/p>\n<p><img loading=\"lazy\" decoding=\"async\" src=\"https:\/\/trampampam.lt\/wp-content\/uploads\/2024\/12\/6B73E917-E823-4B33-9795-2E26EBD20D5A-300x300.png.webp\" alt=\"Sudu\u017e\u0119s telefono ekranas\" width=\"300\" height=\"300\" \/><\/p>\n<h2>Naudojant\u00a0\u0161i\u00a0Premium\u00a0kokyb\u0117s\u00a0ekrano\u00a0apsaugin\u012f\u00a0stikl\u0105\u00a0nelaimingi\u00a0atsitikimai\u00a0netur\u0117s\u00a0tiek\u00a0daug\u00a0pasekmi\u0173.<\/h2>\n<h2><strong>Klausiate\u00a0ar\u00a0tikrai\u00a0Jums\u00a0jo\u00a0reikia?<\/strong><\/h2>\n<h2><strong>Tikrai\u00a0TAIP,\u00a0nes:<\/strong><\/h2>\n<h2>Apsaugo\u00a0ekran\u0105\u00a0nuo\u00a0\u012fbr\u0117\u017eim\u0173,\u00a0\u012ftr\u016bkim\u0173\u00a0ir\u00a0kit\u0173\u00a0pa\u017eeidim\u0173<\/h2>\n<h2>I\u0161laiko\u00a0ekrano\u00a0skaidrum\u0105\u00a0ir\u00a0lietimo\u00a0jautrum\u0105<\/h2>\n<h2>D\u0117l\u00a0pridedamo\u00a0montavimo\u00a0rinkinio\u00a0lengvai\u00a0u\u017ed\u0117site\u00a0patys<\/h2>\n<h2>Pritaikytas\u00a0i\u0161skirtinai\u00a0J\u016bs\u0173\u00a0telefono\u00a0modeliui<\/h2>\n<h2>Sutaupysite,\u00a0nes\u00a0telefonui\u00a0nukritus\u00a0ekranas\u00a0liks\u00a0sveikas\u00a0ir\u00a0nereik\u0117s\u00a0brangiai\u00a0mok\u0117ti\u00a0u\u017e\u00a0ekrano\u00a0keitim\u0105.<\/h2>\n<p><strong>Apsaugojai\u00a0ekran\u0105\u00a0\u2013\u00a0apsaugok\u00a0ir\u00a0telefon\u0105\u00a0!<\/strong><\/p>\n<p><a href=\"https:\/\/trampampam.lt\/en\/product-category\/telefonu_deklai\/\" target=\"_blank\" rel=\"noopener noreferrer\">I\u0161skirtinio\u00a0dizaino,\u00a0originalius\u00a0ir\u00a0itin\u00a0auk\u0161tos\u00a0kokyb\u0117s\u00a0Telefon\u0173\u00a0d\u0117klus\u00a0rasi\u00a0<\/a><a href=\"https:\/\/trampampam.lt\/en\/product-category\/telefonu_deklai-priedai\/\">\u010cIA<\/a><\/p>","protected":false},"featured_media":5881,"comment_status":"open","ping_status":"closed","template":"","meta":{"jetpack_publicize_message":"","jetpack_publicize_feature_enabled":true,"jetpack_social_post_already_shared":true,"jetpack_social_options":{"image_generator_settings":{"template":"highway","default_image_id":0,"font":"","enabled":false},"version":2}},"product_brand":[],"product_cat":[153,360],"product_tag":[366,365,452,451,367],"class_list":{"0":"post-5876","1":"product","2":"type-product","3":"status-publish","4":"has-post-thumbnail","6":"product_cat-telefonu_deklai-priedai","7":"product_cat-telefonu-priedai","8":"product_tag-apsauginis","9":"product_tag-ekrano","10":"product_tag-phone-screen-protector","11":"product_tag-screen-protector","12":"product_tag-stiklas","13":"product_shipping_class-podbase","15":"first","16":"instock","17":"shipping-taxable","18":"purchasable","19":"product-type-variable"},"yoast_head":"<!-- This site is optimized with the Yoast SEO plugin v27.5 - https:\/\/yoast.com\/product\/yoast-seo-wordpress\/ -->\n<title>Ekrano apsauginis stiklas (Premium Screen Protector) - Trampampam.lt<\/title>\n<meta name=\"description\" content=\"Premium kokyb\u0117s ekrano apsauginis stiklas \u2013 neatsiejama J\u016bs\u0173 \u012frenginio dalis.Jis apsaugo J\u016bs\u0173 telefono ekran\u0105 nuo \u012fbr\u0117\u017eim\u0173, \u012ftr\u016bkim\u0173 ar kit\u0173 pa\u017eeidim\u0173.\" \/>\n<meta name=\"robots\" content=\"index, follow, max-snippet:-1, max-image-preview:large, max-video-preview:-1\" \/>\n<link rel=\"canonical\" href=\"https:\/\/trampampam.lt\/en\/product\/ekrano-apsauginis-stiklas-premium-screen-protector\/\" \/>\n<meta property=\"og:locale\" content=\"en_US\" \/>\n<meta property=\"og:type\" content=\"article\" \/>\n<meta property=\"og:title\" content=\"Ekrano apsauginis stiklas (Premium Screen Protector) - Trampampam.lt\" \/>\n<meta property=\"og:description\" content=\"Premium kokyb\u0117s ekrano apsauginis stiklas \u2013 neatsiejama J\u016bs\u0173 \u012frenginio dalis.Jis apsaugo J\u016bs\u0173 telefono ekran\u0105 nuo \u012fbr\u0117\u017eim\u0173, \u012ftr\u016bkim\u0173 ar kit\u0173 pa\u017eeidim\u0173.\" \/>\n<meta property=\"og:url\" content=\"https:\/\/trampampam.lt\/en\/product\/ekrano-apsauginis-stiklas-premium-screen-protector\/\" \/>\n<meta property=\"og:site_name\" content=\"Trampampam.lt\" \/>\n<meta property=\"article:publisher\" content=\"https:\/\/www.facebook.com\/Trampampam.lt\" \/>\n<meta property=\"article:modified_time\" content=\"2026-04-25T18:04:04+00:00\" \/>\n<meta property=\"og:image\" content=\"https:\/\/trampampam.lt\/wp-content\/uploads\/2026\/04\/670c1716ef7af11dcde87325.jpeg\" \/>\n\t<meta property=\"og:image:width\" content=\"1200\" \/>\n\t<meta property=\"og:image:height\" content=\"1200\" \/>\n\t<meta property=\"og:image:type\" content=\"image\/jpeg\" \/>\n<meta name=\"twitter:card\" content=\"summary_large_image\" \/>\n<meta name=\"twitter:label1\" content=\"Est. reading time\" \/>\n\t<meta name=\"twitter:data1\" content=\"2 minutes\" \/>\n<script type=\"application\/ld+json\" class=\"yoast-schema-graph\">{\"@context\":\"https:\\\/\\\/schema.org\",\"@graph\":[{\"@type\":\"WebPage\",\"@id\":\"https:\\\/\\\/trampampam.lt\\\/produktas\\\/ekrano-apsauginis-stiklas-premium-screen-protector\\\/\",\"url\":\"https:\\\/\\\/trampampam.lt\\\/produktas\\\/ekrano-apsauginis-stiklas-premium-screen-protector\\\/\",\"name\":\"Ekrano apsauginis stiklas (Premium Screen Protector) - Trampampam.lt\",\"isPartOf\":{\"@id\":\"https:\\\/\\\/trampampam.lt\\\/#website\"},\"primaryImageOfPage\":{\"@id\":\"https:\\\/\\\/trampampam.lt\\\/produktas\\\/ekrano-apsauginis-stiklas-premium-screen-protector\\\/#primaryimage\"},\"image\":{\"@id\":\"https:\\\/\\\/trampampam.lt\\\/produktas\\\/ekrano-apsauginis-stiklas-premium-screen-protector\\\/#primaryimage\"},\"thumbnailUrl\":\"https:\\\/\\\/i0.wp.com\\\/trampampam.lt\\\/wp-content\\\/uploads\\\/2026\\\/04\\\/670c1716ef7af11dcde87325.jpeg?fit=1200%2C1200&ssl=1\",\"datePublished\":\"2026-04-25T17:55:03+00:00\",\"dateModified\":\"2026-04-25T18:04:04+00:00\",\"description\":\"Premium kokyb\u0117s ekrano apsauginis stiklas \u2013 neatsiejama J\u016bs\u0173 \u012frenginio dalis.Jis apsaugo J\u016bs\u0173 telefono ekran\u0105 nuo \u012fbr\u0117\u017eim\u0173, \u012ftr\u016bkim\u0173 ar kit\u0173 pa\u017eeidim\u0173.\",\"breadcrumb\":{\"@id\":\"https:\\\/\\\/trampampam.lt\\\/produktas\\\/ekrano-apsauginis-stiklas-premium-screen-protector\\\/#breadcrumb\"},\"inLanguage\":\"en-US\",\"potentialAction\":[{\"@type\":\"ReadAction\",\"target\":[\"https:\\\/\\\/trampampam.lt\\\/produktas\\\/ekrano-apsauginis-stiklas-premium-screen-protector\\\/\"]}]},{\"@type\":\"ImageObject\",\"inLanguage\":\"en-US\",\"@id\":\"https:\\\/\\\/trampampam.lt\\\/produktas\\\/ekrano-apsauginis-stiklas-premium-screen-protector\\\/#primaryimage\",\"url\":\"https:\\\/\\\/i0.wp.com\\\/trampampam.lt\\\/wp-content\\\/uploads\\\/2026\\\/04\\\/670c1716ef7af11dcde87325.jpeg?fit=1200%2C1200&ssl=1\",\"contentUrl\":\"https:\\\/\\\/i0.wp.com\\\/trampampam.lt\\\/wp-content\\\/uploads\\\/2026\\\/04\\\/670c1716ef7af11dcde87325.jpeg?fit=1200%2C1200&ssl=1\",\"width\":1200,\"height\":1200},{\"@type\":\"BreadcrumbList\",\"@id\":\"https:\\\/\\\/trampampam.lt\\\/produktas\\\/ekrano-apsauginis-stiklas-premium-screen-protector\\\/#breadcrumb\",\"itemListElement\":[{\"@type\":\"ListItem\",\"position\":1,\"name\":\"Home\",\"item\":\"https:\\\/\\\/trampampam.lt\\\/\"},{\"@type\":\"ListItem\",\"position\":2,\"name\":\"Preki\u0173 katalogas\",\"item\":\"https:\\\/\\\/trampampam.lt\\\/\"},{\"@type\":\"ListItem\",\"position\":3,\"name\":\"Ekrano apsauginis stiklas (Premium Screen Protector)\"}]},{\"@type\":\"WebSite\",\"@id\":\"https:\\\/\\\/trampampam.lt\\\/#website\",\"url\":\"https:\\\/\\\/trampampam.lt\\\/\",\"name\":\"Telefon\u0173 d\u0117klai, Balionai ir kita \u0161ventin\u0117 atributika | Trampampam.lt\",\"description\":\"Telefon\u0173 d\u0117klai, balionai, dovan\u0173 id\u0117jos ir kita \u0161ventin\u0117 atributika\",\"publisher\":{\"@id\":\"https:\\\/\\\/trampampam.lt\\\/#organization\"},\"alternateName\":\"Telefon\u0173 d\u0117klai\",\"potentialAction\":[{\"@type\":\"SearchAction\",\"target\":{\"@type\":\"EntryPoint\",\"urlTemplate\":\"https:\\\/\\\/trampampam.lt\\\/?s={search_term_string}\"},\"query-input\":{\"@type\":\"PropertyValueSpecification\",\"valueRequired\":true,\"valueName\":\"search_term_string\"}}],\"inLanguage\":\"en-US\"},{\"@type\":\"Organization\",\"@id\":\"https:\\\/\\\/trampampam.lt\\\/#organization\",\"name\":\"Trampampam.lt\",\"url\":\"https:\\\/\\\/trampampam.lt\\\/\",\"logo\":{\"@type\":\"ImageObject\",\"inLanguage\":\"en-US\",\"@id\":\"https:\\\/\\\/trampampam.lt\\\/#\\\/schema\\\/logo\\\/image\\\/\",\"url\":\"https:\\\/\\\/i0.wp.com\\\/trampampam.lt\\\/wp-content\\\/uploads\\\/2023\\\/11\\\/Small-logo-be-fono-1-e1698868741484.png?fit=390%2C399&ssl=1\",\"contentUrl\":\"https:\\\/\\\/i0.wp.com\\\/trampampam.lt\\\/wp-content\\\/uploads\\\/2023\\\/11\\\/Small-logo-be-fono-1-e1698868741484.png?fit=390%2C399&ssl=1\",\"width\":390,\"height\":399,\"caption\":\"Trampampam.lt\"},\"image\":{\"@id\":\"https:\\\/\\\/trampampam.lt\\\/#\\\/schema\\\/logo\\\/image\\\/\"},\"sameAs\":[\"https:\\\/\\\/www.facebook.com\\\/Trampampam.lt\",\"https:\\\/\\\/www.instagram.com\\\/trampampam.lt\\\/\"]}]}<\/script>\n<!-- \/ Yoast SEO plugin. -->","yoast_head_json":{"title":"Ekrano apsauginis stiklas (Premium Screen Protector) - Trampampam.lt","description":"Premium kokyb\u0117s ekrano apsauginis stiklas \u2013 neatsiejama J\u016bs\u0173 \u012frenginio dalis.Jis apsaugo J\u016bs\u0173 telefono ekran\u0105 nuo \u012fbr\u0117\u017eim\u0173, \u012ftr\u016bkim\u0173 ar kit\u0173 pa\u017eeidim\u0173.","robots":{"index":"index","follow":"follow","max-snippet":"max-snippet:-1","max-image-preview":"max-image-preview:large","max-video-preview":"max-video-preview:-1"},"canonical":"https:\/\/trampampam.lt\/en\/product\/ekrano-apsauginis-stiklas-premium-screen-protector\/","og_locale":"en_US","og_type":"article","og_title":"Ekrano apsauginis stiklas (Premium Screen Protector) - Trampampam.lt","og_description":"Premium kokyb\u0117s ekrano apsauginis stiklas \u2013 neatsiejama J\u016bs\u0173 \u012frenginio dalis.Jis apsaugo J\u016bs\u0173 telefono ekran\u0105 nuo \u012fbr\u0117\u017eim\u0173, \u012ftr\u016bkim\u0173 ar kit\u0173 pa\u017eeidim\u0173.","og_url":"https:\/\/trampampam.lt\/en\/product\/ekrano-apsauginis-stiklas-premium-screen-protector\/","og_site_name":"Trampampam.lt","article_publisher":"https:\/\/www.facebook.com\/Trampampam.lt","article_modified_time":"2026-04-25T18:04:04+00:00","og_image":[{"width":1200,"height":1200,"url":"https:\/\/trampampam.lt\/wp-content\/uploads\/2026\/04\/670c1716ef7af11dcde87325.jpeg","type":"image\/jpeg"}],"twitter_card":"summary_large_image","twitter_misc":{"Est. reading time":"2 minutes"},"schema":{"@context":"https:\/\/schema.org","@graph":[{"@type":"WebPage","@id":"https:\/\/trampampam.lt\/produktas\/ekrano-apsauginis-stiklas-premium-screen-protector\/","url":"https:\/\/trampampam.lt\/produktas\/ekrano-apsauginis-stiklas-premium-screen-protector\/","name":"Ekrano apsauginis stiklas (Premium Screen Protector) - Trampampam.lt","isPartOf":{"@id":"https:\/\/trampampam.lt\/#website"},"primaryImageOfPage":{"@id":"https:\/\/trampampam.lt\/produktas\/ekrano-apsauginis-stiklas-premium-screen-protector\/#primaryimage"},"image":{"@id":"https:\/\/trampampam.lt\/produktas\/ekrano-apsauginis-stiklas-premium-screen-protector\/#primaryimage"},"thumbnailUrl":"https:\/\/i0.wp.com\/trampampam.lt\/wp-content\/uploads\/2026\/04\/670c1716ef7af11dcde87325.jpeg?fit=1200%2C1200&ssl=1","datePublished":"2026-04-25T17:55:03+00:00","dateModified":"2026-04-25T18:04:04+00:00","description":"Premium kokyb\u0117s ekrano apsauginis stiklas \u2013 neatsiejama J\u016bs\u0173 \u012frenginio dalis.Jis apsaugo J\u016bs\u0173 telefono ekran\u0105 nuo \u012fbr\u0117\u017eim\u0173, \u012ftr\u016bkim\u0173 ar kit\u0173 pa\u017eeidim\u0173.","breadcrumb":{"@id":"https:\/\/trampampam.lt\/produktas\/ekrano-apsauginis-stiklas-premium-screen-protector\/#breadcrumb"},"inLanguage":"en-US","potentialAction":[{"@type":"ReadAction","target":["https:\/\/trampampam.lt\/produktas\/ekrano-apsauginis-stiklas-premium-screen-protector\/"]}]},{"@type":"ImageObject","inLanguage":"en-US","@id":"https:\/\/trampampam.lt\/produktas\/ekrano-apsauginis-stiklas-premium-screen-protector\/#primaryimage","url":"https:\/\/i0.wp.com\/trampampam.lt\/wp-content\/uploads\/2026\/04\/670c1716ef7af11dcde87325.jpeg?fit=1200%2C1200&ssl=1","contentUrl":"https:\/\/i0.wp.com\/trampampam.lt\/wp-content\/uploads\/2026\/04\/670c1716ef7af11dcde87325.jpeg?fit=1200%2C1200&ssl=1","width":1200,"height":1200},{"@type":"BreadcrumbList","@id":"https:\/\/trampampam.lt\/produktas\/ekrano-apsauginis-stiklas-premium-screen-protector\/#breadcrumb","itemListElement":[{"@type":"ListItem","position":1,"name":"Home","item":"https:\/\/trampampam.lt\/"},{"@type":"ListItem","position":2,"name":"Preki\u0173 katalogas","item":"https:\/\/trampampam.lt\/"},{"@type":"ListItem","position":3,"name":"Ekrano apsauginis stiklas (Premium Screen Protector)"}]},{"@type":"WebSite","@id":"https:\/\/trampampam.lt\/#website","url":"https:\/\/trampampam.lt\/","name":"Telefon\u0173 d\u0117klai, Balionai ir kita \u0161ventin\u0117 atributika | Trampampam.lt","description":"Telefon\u0173 d\u0117klai, balionai, dovan\u0173 id\u0117jos ir kita \u0161ventin\u0117 atributika","publisher":{"@id":"https:\/\/trampampam.lt\/#organization"},"alternateName":"Telefon\u0173 d\u0117klai","potentialAction":[{"@type":"SearchAction","target":{"@type":"EntryPoint","urlTemplate":"https:\/\/trampampam.lt\/?s={search_term_string}"},"query-input":{"@type":"PropertyValueSpecification","valueRequired":true,"valueName":"search_term_string"}}],"inLanguage":"en-US"},{"@type":"Organization","@id":"https:\/\/trampampam.lt\/#organization","name":"Trampampam.lt","url":"https:\/\/trampampam.lt\/","logo":{"@type":"ImageObject","inLanguage":"en-US","@id":"https:\/\/trampampam.lt\/#\/schema\/logo\/image\/","url":"https:\/\/i0.wp.com\/trampampam.lt\/wp-content\/uploads\/2023\/11\/Small-logo-be-fono-1-e1698868741484.png?fit=390%2C399&ssl=1","contentUrl":"https:\/\/i0.wp.com\/trampampam.lt\/wp-content\/uploads\/2023\/11\/Small-logo-be-fono-1-e1698868741484.png?fit=390%2C399&ssl=1","width":390,"height":399,"caption":"Trampampam.lt"},"image":{"@id":"https:\/\/trampampam.lt\/#\/schema\/logo\/image\/"},"sameAs":["https:\/\/www.facebook.com\/Trampampam.lt","https:\/\/www.instagram.com\/trampampam.lt\/"]}]}},"jetpack_publicize_connections":[],"jetpack_sharing_enabled":true,"_links":{"self":[{"href":"https:\/\/trampampam.lt\/en\/wp-json\/wp\/v2\/product\/5876","targetHints":{"allow":["GET"]}}],"collection":[{"href":"https:\/\/trampampam.lt\/en\/wp-json\/wp\/v2\/product"}],"about":[{"href":"https:\/\/trampampam.lt\/en\/wp-json\/wp\/v2\/types\/product"}],"replies":[{"embeddable":true,"href":"https:\/\/trampampam.lt\/en\/wp-json\/wp\/v2\/comments?post=5876"}],"wp:featuredmedia":[{"embeddable":true,"href":"https:\/\/trampampam.lt\/en\/wp-json\/wp\/v2\/media\/5881"}],"wp:attachment":[{"href":"https:\/\/trampampam.lt\/en\/wp-json\/wp\/v2\/media?parent=5876"}],"wp:term":[{"taxonomy":"product_brand","embeddable":true,"href":"https:\/\/trampampam.lt\/en\/wp-json\/wp\/v2\/product_brand?post=5876"},{"taxonomy":"product_cat","embeddable":true,"href":"https:\/\/trampampam.lt\/en\/wp-json\/wp\/v2\/product_cat?post=5876"},{"taxonomy":"product_tag","embeddable":true,"href":"https:\/\/trampampam.lt\/en\/wp-json\/wp\/v2\/product_tag?post=5876"}],"curies":[{"name":"wp","href":"https:\/\/api.w.org\/{rel}","templated":true}]}}