{"id":581,"date":"2023-11-04T00:04:26","date_gmt":"2023-11-03T22:04:26","guid":{"rendered":"https:\/\/trampampam.lt\/?post_type=product&#038;p=581"},"modified":"2025-03-26T17:54:52","modified_gmt":"2025-03-26T15:54:52","slug":"didelis-balionas","status":"publish","type":"product","link":"https:\/\/trampampam.lt\/en\/product\/didelis-balionas\/","title":{"rendered":"Didelis balionas (90cm), 1 vnt."},"content":{"rendered":"<h1>Didelis balionas<\/h1>\n<h2>Balionas gali b\u016bti pu\u010diamas oru ar helio dujomis. P\u016btimui geriausia naudoti balion\u0173 <a href=\"https:\/\/trampampam.lt\/en\/product\/pompa_balionams\/\">pomp\u0105<\/a><\/h2>\n<h2>Prip\u016bsto baliono skersmuo yra ~90 cm<\/h2>","protected":false},"excerpt":{"rendered":"<h1>Didelis balionas<\/h1>\n<h2>Balionas gali b\u016bti pu\u010diamas oru ar helio dujomis. P\u016btimui geriausia naudoti balion\u0173 <a href=\"https:\/\/trampampam.lt\/en\/product\/pompa_balionams\/\">pomp\u0105<\/a><\/h2>\n<h2>Prip\u016bsto baliono skersmuo yra ~90 cm<\/h2>","protected":false},"featured_media":586,"comment_status":"open","ping_status":"closed","template":"","meta":{"jetpack_publicize_message":"","jetpack_publicize_feature_enabled":true,"jetpack_social_post_already_shared":false,"jetpack_social_options":{"image_generator_settings":{"template":"highway","default_image_id":0,"font":"","enabled":false},"version":2}},"product_brand":[],"product_cat":[19,55],"product_tag":[53,45,71,80,58,62,46,63],"class_list":{"0":"post-581","1":"product","2":"type-product","3":"status-publish","4":"has-post-thumbnail","6":"product_cat-balionai","7":"product_cat-guminiai-balionai","8":"product_tag-balionai","9":"product_tag-balionams","10":"product_tag-balta","11":"product_tag-didelis","12":"product_tag-guminiai","13":"product_tag-melyna","14":"product_tag-pusti","15":"product_tag-rozine","17":"first","18":"instock","19":"sale","20":"shipping-taxable","21":"purchasable","22":"product-type-variable"},"yoast_head":"<!-- This site is optimized with the Yoast SEO plugin v27.4 - https:\/\/yoast.com\/product\/yoast-seo-wordpress\/ -->\n<title>Didelis balionas (90cm), 1 vnt. - Trampampam.lt<\/title>\n<meta name=\"description\" content=\"Didelis balionas. Balionas gali b\u016bti pu\u010diamas oru ar helio dujomis. P\u016btimui geriausia naudoti balion\u0173 pomp\u0105. Prip\u016bsto baliono skersmuo yra ~90 cm\" \/>\n<meta name=\"robots\" content=\"index, follow, max-snippet:-1, max-image-preview:large, max-video-preview:-1\" \/>\n<link rel=\"canonical\" href=\"https:\/\/trampampam.lt\/en\/product\/didelis-balionas\/\" \/>\n<meta property=\"og:locale\" content=\"en_US\" \/>\n<meta property=\"og:type\" content=\"article\" \/>\n<meta property=\"og:title\" content=\"Didelis balionas (90cm), 1 vnt. - Trampampam.lt\" \/>\n<meta property=\"og:description\" content=\"Didelis balionas. Balionas gali b\u016bti pu\u010diamas oru ar helio dujomis. P\u016btimui geriausia naudoti balion\u0173 pomp\u0105. Prip\u016bsto baliono skersmuo yra ~90 cm\" \/>\n<meta property=\"og:url\" content=\"https:\/\/trampampam.lt\/en\/product\/didelis-balionas\/\" \/>\n<meta property=\"og:site_name\" content=\"Trampampam.lt\" \/>\n<meta property=\"article:publisher\" content=\"https:\/\/www.facebook.com\/Trampampam.lt\" \/>\n<meta property=\"article:modified_time\" content=\"2025-03-26T15:54:52+00:00\" \/>\n<meta property=\"og:image\" content=\"https:\/\/trampampam.lt\/wp-content\/uploads\/2023\/11\/IMG_2441-e1699049954763.jpg\" \/>\n\t<meta property=\"og:image:width\" content=\"1149\" \/>\n\t<meta property=\"og:image:height\" content=\"1149\" \/>\n\t<meta property=\"og:image:type\" content=\"image\/jpeg\" \/>\n<meta name=\"twitter:card\" content=\"summary_large_image\" \/>\n<meta name=\"twitter:label1\" content=\"Est. reading time\" \/>\n\t<meta name=\"twitter:data1\" content=\"1 minute\" \/>\n<script type=\"application\/ld+json\" class=\"yoast-schema-graph\">{\"@context\":\"https:\\\/\\\/schema.org\",\"@graph\":[{\"@type\":\"WebPage\",\"@id\":\"https:\\\/\\\/trampampam.lt\\\/produktas\\\/didelis-balionas\\\/\",\"url\":\"https:\\\/\\\/trampampam.lt\\\/produktas\\\/didelis-balionas\\\/\",\"name\":\"Didelis balionas (90cm), 1 vnt. - Trampampam.lt\",\"isPartOf\":{\"@id\":\"https:\\\/\\\/trampampam.lt\\\/#website\"},\"primaryImageOfPage\":{\"@id\":\"https:\\\/\\\/trampampam.lt\\\/produktas\\\/didelis-balionas\\\/#primaryimage\"},\"image\":{\"@id\":\"https:\\\/\\\/trampampam.lt\\\/produktas\\\/didelis-balionas\\\/#primaryimage\"},\"thumbnailUrl\":\"https:\\\/\\\/i0.wp.com\\\/trampampam.lt\\\/wp-content\\\/uploads\\\/2023\\\/11\\\/IMG_2441-e1699049954763.jpg?fit=1149%2C1149&ssl=1\",\"datePublished\":\"2023-11-03T22:04:26+00:00\",\"dateModified\":\"2025-03-26T15:54:52+00:00\",\"description\":\"Didelis balionas. Balionas gali b\u016bti pu\u010diamas oru ar helio dujomis. P\u016btimui geriausia naudoti balion\u0173 pomp\u0105. Prip\u016bsto baliono skersmuo yra ~90 cm\",\"breadcrumb\":{\"@id\":\"https:\\\/\\\/trampampam.lt\\\/produktas\\\/didelis-balionas\\\/#breadcrumb\"},\"inLanguage\":\"en-US\",\"potentialAction\":[{\"@type\":\"ReadAction\",\"target\":[\"https:\\\/\\\/trampampam.lt\\\/produktas\\\/didelis-balionas\\\/\"]}]},{\"@type\":\"ImageObject\",\"inLanguage\":\"en-US\",\"@id\":\"https:\\\/\\\/trampampam.lt\\\/produktas\\\/didelis-balionas\\\/#primaryimage\",\"url\":\"https:\\\/\\\/i0.wp.com\\\/trampampam.lt\\\/wp-content\\\/uploads\\\/2023\\\/11\\\/IMG_2441-e1699049954763.jpg?fit=1149%2C1149&ssl=1\",\"contentUrl\":\"https:\\\/\\\/i0.wp.com\\\/trampampam.lt\\\/wp-content\\\/uploads\\\/2023\\\/11\\\/IMG_2441-e1699049954763.jpg?fit=1149%2C1149&ssl=1\",\"width\":1149,\"height\":1149,\"caption\":\"Baltas didelis balionas\"},{\"@type\":\"BreadcrumbList\",\"@id\":\"https:\\\/\\\/trampampam.lt\\\/produktas\\\/didelis-balionas\\\/#breadcrumb\",\"itemListElement\":[{\"@type\":\"ListItem\",\"position\":1,\"name\":\"Home\",\"item\":\"https:\\\/\\\/trampampam.lt\\\/\"},{\"@type\":\"ListItem\",\"position\":2,\"name\":\"Preki\u0173 katalogas\",\"item\":\"https:\\\/\\\/trampampam.lt\\\/\"},{\"@type\":\"ListItem\",\"position\":3,\"name\":\"Didelis balionas (90cm), 1 vnt.\"}]},{\"@type\":\"WebSite\",\"@id\":\"https:\\\/\\\/trampampam.lt\\\/#website\",\"url\":\"https:\\\/\\\/trampampam.lt\\\/\",\"name\":\"Telefon\u0173 d\u0117klai, Balionai ir kita \u0161ventin\u0117 atributika | Trampampam.lt\",\"description\":\"Telefon\u0173 d\u0117klai, balionai, dovan\u0173 id\u0117jos ir kita \u0161ventin\u0117 atributika\",\"publisher\":{\"@id\":\"https:\\\/\\\/trampampam.lt\\\/#organization\"},\"alternateName\":\"Telefon\u0173 d\u0117klai\",\"potentialAction\":[{\"@type\":\"SearchAction\",\"target\":{\"@type\":\"EntryPoint\",\"urlTemplate\":\"https:\\\/\\\/trampampam.lt\\\/?s={search_term_string}\"},\"query-input\":{\"@type\":\"PropertyValueSpecification\",\"valueRequired\":true,\"valueName\":\"search_term_string\"}}],\"inLanguage\":\"en-US\"},{\"@type\":\"Organization\",\"@id\":\"https:\\\/\\\/trampampam.lt\\\/#organization\",\"name\":\"Trampampam.lt\",\"url\":\"https:\\\/\\\/trampampam.lt\\\/\",\"logo\":{\"@type\":\"ImageObject\",\"inLanguage\":\"en-US\",\"@id\":\"https:\\\/\\\/trampampam.lt\\\/#\\\/schema\\\/logo\\\/image\\\/\",\"url\":\"https:\\\/\\\/i0.wp.com\\\/trampampam.lt\\\/wp-content\\\/uploads\\\/2023\\\/11\\\/Small-logo-be-fono-1-e1698868741484.png?fit=390%2C399&ssl=1\",\"contentUrl\":\"https:\\\/\\\/i0.wp.com\\\/trampampam.lt\\\/wp-content\\\/uploads\\\/2023\\\/11\\\/Small-logo-be-fono-1-e1698868741484.png?fit=390%2C399&ssl=1\",\"width\":390,\"height\":399,\"caption\":\"Trampampam.lt\"},\"image\":{\"@id\":\"https:\\\/\\\/trampampam.lt\\\/#\\\/schema\\\/logo\\\/image\\\/\"},\"sameAs\":[\"https:\\\/\\\/www.facebook.com\\\/Trampampam.lt\",\"https:\\\/\\\/www.instagram.com\\\/trampampam.lt\\\/\"]}]}<\/script>\n<!-- \/ Yoast SEO plugin. -->","yoast_head_json":{"title":"Didelis balionas (90cm), 1 vnt. - Trampampam.lt","description":"Didelis balionas. Balionas gali b\u016bti pu\u010diamas oru ar helio dujomis. P\u016btimui geriausia naudoti balion\u0173 pomp\u0105. Prip\u016bsto baliono skersmuo yra ~90 cm","robots":{"index":"index","follow":"follow","max-snippet":"max-snippet:-1","max-image-preview":"max-image-preview:large","max-video-preview":"max-video-preview:-1"},"canonical":"https:\/\/trampampam.lt\/en\/product\/didelis-balionas\/","og_locale":"en_US","og_type":"article","og_title":"Didelis balionas (90cm), 1 vnt. - Trampampam.lt","og_description":"Didelis balionas. Balionas gali b\u016bti pu\u010diamas oru ar helio dujomis. P\u016btimui geriausia naudoti balion\u0173 pomp\u0105. Prip\u016bsto baliono skersmuo yra ~90 cm","og_url":"https:\/\/trampampam.lt\/en\/product\/didelis-balionas\/","og_site_name":"Trampampam.lt","article_publisher":"https:\/\/www.facebook.com\/Trampampam.lt","article_modified_time":"2025-03-26T15:54:52+00:00","og_image":[{"width":1149,"height":1149,"url":"https:\/\/trampampam.lt\/wp-content\/uploads\/2023\/11\/IMG_2441-e1699049954763.jpg","type":"image\/jpeg"}],"twitter_card":"summary_large_image","twitter_misc":{"Est. reading time":"1 minute"},"schema":{"@context":"https:\/\/schema.org","@graph":[{"@type":"WebPage","@id":"https:\/\/trampampam.lt\/produktas\/didelis-balionas\/","url":"https:\/\/trampampam.lt\/produktas\/didelis-balionas\/","name":"Didelis balionas (90cm), 1 vnt. - Trampampam.lt","isPartOf":{"@id":"https:\/\/trampampam.lt\/#website"},"primaryImageOfPage":{"@id":"https:\/\/trampampam.lt\/produktas\/didelis-balionas\/#primaryimage"},"image":{"@id":"https:\/\/trampampam.lt\/produktas\/didelis-balionas\/#primaryimage"},"thumbnailUrl":"https:\/\/i0.wp.com\/trampampam.lt\/wp-content\/uploads\/2023\/11\/IMG_2441-e1699049954763.jpg?fit=1149%2C1149&ssl=1","datePublished":"2023-11-03T22:04:26+00:00","dateModified":"2025-03-26T15:54:52+00:00","description":"Didelis balionas. Balionas gali b\u016bti pu\u010diamas oru ar helio dujomis. P\u016btimui geriausia naudoti balion\u0173 pomp\u0105. Prip\u016bsto baliono skersmuo yra ~90 cm","breadcrumb":{"@id":"https:\/\/trampampam.lt\/produktas\/didelis-balionas\/#breadcrumb"},"inLanguage":"en-US","potentialAction":[{"@type":"ReadAction","target":["https:\/\/trampampam.lt\/produktas\/didelis-balionas\/"]}]},{"@type":"ImageObject","inLanguage":"en-US","@id":"https:\/\/trampampam.lt\/produktas\/didelis-balionas\/#primaryimage","url":"https:\/\/i0.wp.com\/trampampam.lt\/wp-content\/uploads\/2023\/11\/IMG_2441-e1699049954763.jpg?fit=1149%2C1149&ssl=1","contentUrl":"https:\/\/i0.wp.com\/trampampam.lt\/wp-content\/uploads\/2023\/11\/IMG_2441-e1699049954763.jpg?fit=1149%2C1149&ssl=1","width":1149,"height":1149,"caption":"Baltas didelis balionas"},{"@type":"BreadcrumbList","@id":"https:\/\/trampampam.lt\/produktas\/didelis-balionas\/#breadcrumb","itemListElement":[{"@type":"ListItem","position":1,"name":"Home","item":"https:\/\/trampampam.lt\/"},{"@type":"ListItem","position":2,"name":"Preki\u0173 katalogas","item":"https:\/\/trampampam.lt\/"},{"@type":"ListItem","position":3,"name":"Didelis balionas (90cm), 1 vnt."}]},{"@type":"WebSite","@id":"https:\/\/trampampam.lt\/#website","url":"https:\/\/trampampam.lt\/","name":"Telefon\u0173 d\u0117klai, Balionai ir kita \u0161ventin\u0117 atributika | Trampampam.lt","description":"Telefon\u0173 d\u0117klai, balionai, dovan\u0173 id\u0117jos ir kita \u0161ventin\u0117 atributika","publisher":{"@id":"https:\/\/trampampam.lt\/#organization"},"alternateName":"Telefon\u0173 d\u0117klai","potentialAction":[{"@type":"SearchAction","target":{"@type":"EntryPoint","urlTemplate":"https:\/\/trampampam.lt\/?s={search_term_string}"},"query-input":{"@type":"PropertyValueSpecification","valueRequired":true,"valueName":"search_term_string"}}],"inLanguage":"en-US"},{"@type":"Organization","@id":"https:\/\/trampampam.lt\/#organization","name":"Trampampam.lt","url":"https:\/\/trampampam.lt\/","logo":{"@type":"ImageObject","inLanguage":"en-US","@id":"https:\/\/trampampam.lt\/#\/schema\/logo\/image\/","url":"https:\/\/i0.wp.com\/trampampam.lt\/wp-content\/uploads\/2023\/11\/Small-logo-be-fono-1-e1698868741484.png?fit=390%2C399&ssl=1","contentUrl":"https:\/\/i0.wp.com\/trampampam.lt\/wp-content\/uploads\/2023\/11\/Small-logo-be-fono-1-e1698868741484.png?fit=390%2C399&ssl=1","width":390,"height":399,"caption":"Trampampam.lt"},"image":{"@id":"https:\/\/trampampam.lt\/#\/schema\/logo\/image\/"},"sameAs":["https:\/\/www.facebook.com\/Trampampam.lt","https:\/\/www.instagram.com\/trampampam.lt\/"]}]}},"jetpack_publicize_connections":[],"jetpack_sharing_enabled":true,"_links":{"self":[{"href":"https:\/\/trampampam.lt\/en\/wp-json\/wp\/v2\/product\/581","targetHints":{"allow":["GET"]}}],"collection":[{"href":"https:\/\/trampampam.lt\/en\/wp-json\/wp\/v2\/product"}],"about":[{"href":"https:\/\/trampampam.lt\/en\/wp-json\/wp\/v2\/types\/product"}],"replies":[{"embeddable":true,"href":"https:\/\/trampampam.lt\/en\/wp-json\/wp\/v2\/comments?post=581"}],"wp:featuredmedia":[{"embeddable":true,"href":"https:\/\/trampampam.lt\/en\/wp-json\/wp\/v2\/media\/586"}],"wp:attachment":[{"href":"https:\/\/trampampam.lt\/en\/wp-json\/wp\/v2\/media?parent=581"}],"wp:term":[{"taxonomy":"product_brand","embeddable":true,"href":"https:\/\/trampampam.lt\/en\/wp-json\/wp\/v2\/product_brand?post=581"},{"taxonomy":"product_cat","embeddable":true,"href":"https:\/\/trampampam.lt\/en\/wp-json\/wp\/v2\/product_cat?post=581"},{"taxonomy":"product_tag","embeddable":true,"href":"https:\/\/trampampam.lt\/en\/wp-json\/wp\/v2\/product_tag?post=581"}],"curies":[{"name":"wp","href":"https:\/\/api.w.org\/{rel}","templated":true}]}}