{"id":553,"date":"2023-11-03T22:37:59","date_gmt":"2023-11-03T20:37:59","guid":{"rendered":"https:\/\/trampampam.lt\/?post_type=product&#038;p=553"},"modified":"2025-03-27T11:56:12","modified_gmt":"2025-03-27T09:56:12","slug":"balionas-spiderman","status":"publish","type":"product","link":"https:\/\/trampampam.lt\/en\/product\/balionas-spiderman\/","title":{"rendered":"Folinis balionas &#8222;Spiderman&#8221; (55 x 63 cm)"},"content":{"rendered":"<h2>Folinis balionas &#8222;Spiderman&#8221;<\/h2>\n<h2>Balionas susideda i\u0161 atskir\u0173 detali\u0173<\/h2>\n<h2>Sustatyto dydis &#8211;\u00a055 x 63 cm<\/h2>\n<h2>Patartina p\u016bsti rankine <a href=\"https:\/\/trampampam.lt\/en\/product\/pompa_balionams\/\">pompa<\/a>, kuri\u0105 taip pat rasite m\u016bs\u0173 parduotuv\u0117je.<\/h2>","protected":false},"excerpt":{"rendered":"<h2>Folinis balionas &#8222;Spiderman&#8221;<\/h2>\n<h2>Balionas susideda i\u0161 atskir\u0173 detali\u0173<\/h2>\n<h2>Sustatyto dydis &#8211;\u00a055 x 63 cm<\/h2>\n<h2>Patartina p\u016bsti rankine <a href=\"https:\/\/trampampam.lt\/en\/product\/pompa_balionams\/\">pompa<\/a>, kuri\u0105 taip pat rasite m\u016bs\u0173 parduotuv\u0117je.<\/h2>","protected":false},"featured_media":554,"comment_status":"open","ping_status":"closed","template":"","meta":{"jetpack_publicize_message":"","jetpack_publicize_feature_enabled":true,"jetpack_social_post_already_shared":false,"jetpack_social_options":{"image_generator_settings":{"template":"highway","default_image_id":0,"font":"","enabled":false},"version":2}},"product_brand":[],"product_cat":[19,56],"product_tag":[53,45,54,77,62,46,108,79],"class_list":{"0":"post-553","1":"product","2":"type-product","3":"status-publish","4":"has-post-thumbnail","6":"product_cat-balionai","7":"product_cat-foliniai-balionai","8":"product_tag-balionai","9":"product_tag-balionams","10":"product_tag-balionas","11":"product_tag-folinis","12":"product_tag-melyna","13":"product_tag-pusti","14":"product_tag-spiderman","15":"product_tag-voras","17":"first","18":"outofstock","19":"sale","20":"shipping-taxable","21":"purchasable","22":"product-type-simple"},"yoast_head":"<!-- This site is optimized with the Yoast SEO plugin v27.4 - https:\/\/yoast.com\/product\/yoast-seo-wordpress\/ -->\n<title>Folinis balionas &quot;Spiderman&quot; (55 x 63 cm) - Trampampam.lt<\/title>\n<meta name=\"description\" content=\"Folinis balionas &quot;Spiderman&quot;. Balionas susideda i\u0161 atskir\u0173 detali\u0173. Sustatyto dydis - 55 x 63 cm.Patartina p\u016bsti rankine pompa\" \/>\n<meta name=\"robots\" content=\"index, follow, max-snippet:-1, max-image-preview:large, max-video-preview:-1\" \/>\n<link rel=\"canonical\" href=\"https:\/\/trampampam.lt\/en\/product\/balionas-spiderman\/\" \/>\n<meta property=\"og:locale\" content=\"en_US\" \/>\n<meta property=\"og:type\" content=\"article\" \/>\n<meta property=\"og:title\" content=\"Folinis balionas &quot;Spiderman&quot; (55 x 63 cm) - Trampampam.lt\" \/>\n<meta property=\"og:description\" content=\"Folinis balionas &quot;Spiderman&quot;. Balionas susideda i\u0161 atskir\u0173 detali\u0173. Sustatyto dydis - 55 x 63 cm.Patartina p\u016bsti rankine pompa\" \/>\n<meta property=\"og:url\" content=\"https:\/\/trampampam.lt\/en\/product\/balionas-spiderman\/\" \/>\n<meta property=\"og:site_name\" content=\"Trampampam.lt\" \/>\n<meta property=\"article:publisher\" content=\"https:\/\/www.facebook.com\/Trampampam.lt\" \/>\n<meta property=\"article:modified_time\" content=\"2025-03-27T09:56:12+00:00\" \/>\n<meta property=\"og:image\" content=\"https:\/\/trampampam.lt\/wp-content\/uploads\/2023\/11\/IMG_1879.jpg\" \/>\n\t<meta property=\"og:image:width\" content=\"400\" \/>\n\t<meta property=\"og:image:height\" content=\"400\" \/>\n\t<meta property=\"og:image:type\" content=\"image\/jpeg\" \/>\n<meta name=\"twitter:card\" content=\"summary_large_image\" \/>\n<meta name=\"twitter:label1\" content=\"Est. reading time\" \/>\n\t<meta name=\"twitter:data1\" content=\"1 minute\" \/>\n<script type=\"application\/ld+json\" class=\"yoast-schema-graph\">{\"@context\":\"https:\\\/\\\/schema.org\",\"@graph\":[{\"@type\":\"WebPage\",\"@id\":\"https:\\\/\\\/trampampam.lt\\\/produktas\\\/balionas-spiderman\\\/\",\"url\":\"https:\\\/\\\/trampampam.lt\\\/produktas\\\/balionas-spiderman\\\/\",\"name\":\"Folinis balionas \\\"Spiderman\\\" (55 x 63 cm) - Trampampam.lt\",\"isPartOf\":{\"@id\":\"https:\\\/\\\/trampampam.lt\\\/#website\"},\"primaryImageOfPage\":{\"@id\":\"https:\\\/\\\/trampampam.lt\\\/produktas\\\/balionas-spiderman\\\/#primaryimage\"},\"image\":{\"@id\":\"https:\\\/\\\/trampampam.lt\\\/produktas\\\/balionas-spiderman\\\/#primaryimage\"},\"thumbnailUrl\":\"https:\\\/\\\/i0.wp.com\\\/trampampam.lt\\\/wp-content\\\/uploads\\\/2023\\\/11\\\/IMG_1879.jpg?fit=400%2C400&ssl=1\",\"datePublished\":\"2023-11-03T20:37:59+00:00\",\"dateModified\":\"2025-03-27T09:56:12+00:00\",\"description\":\"Folinis balionas \\\"Spiderman\\\". Balionas susideda i\u0161 atskir\u0173 detali\u0173. Sustatyto dydis - 55 x 63 cm.Patartina p\u016bsti rankine pompa\",\"breadcrumb\":{\"@id\":\"https:\\\/\\\/trampampam.lt\\\/produktas\\\/balionas-spiderman\\\/#breadcrumb\"},\"inLanguage\":\"en-US\",\"potentialAction\":[{\"@type\":\"ReadAction\",\"target\":[\"https:\\\/\\\/trampampam.lt\\\/produktas\\\/balionas-spiderman\\\/\"]}]},{\"@type\":\"ImageObject\",\"inLanguage\":\"en-US\",\"@id\":\"https:\\\/\\\/trampampam.lt\\\/produktas\\\/balionas-spiderman\\\/#primaryimage\",\"url\":\"https:\\\/\\\/i0.wp.com\\\/trampampam.lt\\\/wp-content\\\/uploads\\\/2023\\\/11\\\/IMG_1879.jpg?fit=400%2C400&ssl=1\",\"contentUrl\":\"https:\\\/\\\/i0.wp.com\\\/trampampam.lt\\\/wp-content\\\/uploads\\\/2023\\\/11\\\/IMG_1879.jpg?fit=400%2C400&ssl=1\",\"width\":400,\"height\":400,\"caption\":\"Folinis balionas Spiderman\"},{\"@type\":\"BreadcrumbList\",\"@id\":\"https:\\\/\\\/trampampam.lt\\\/produktas\\\/balionas-spiderman\\\/#breadcrumb\",\"itemListElement\":[{\"@type\":\"ListItem\",\"position\":1,\"name\":\"Home\",\"item\":\"https:\\\/\\\/trampampam.lt\\\/\"},{\"@type\":\"ListItem\",\"position\":2,\"name\":\"Preki\u0173 katalogas\",\"item\":\"https:\\\/\\\/trampampam.lt\\\/\"},{\"@type\":\"ListItem\",\"position\":3,\"name\":\"Folinis balionas &#8222;Spiderman&#8221; (55 x 63 cm)\"}]},{\"@type\":\"WebSite\",\"@id\":\"https:\\\/\\\/trampampam.lt\\\/#website\",\"url\":\"https:\\\/\\\/trampampam.lt\\\/\",\"name\":\"Telefon\u0173 d\u0117klai, Balionai ir kita \u0161ventin\u0117 atributika | Trampampam.lt\",\"description\":\"Telefon\u0173 d\u0117klai, balionai, dovan\u0173 id\u0117jos ir kita \u0161ventin\u0117 atributika\",\"publisher\":{\"@id\":\"https:\\\/\\\/trampampam.lt\\\/#organization\"},\"alternateName\":\"Telefon\u0173 d\u0117klai\",\"potentialAction\":[{\"@type\":\"SearchAction\",\"target\":{\"@type\":\"EntryPoint\",\"urlTemplate\":\"https:\\\/\\\/trampampam.lt\\\/?s={search_term_string}\"},\"query-input\":{\"@type\":\"PropertyValueSpecification\",\"valueRequired\":true,\"valueName\":\"search_term_string\"}}],\"inLanguage\":\"en-US\"},{\"@type\":\"Organization\",\"@id\":\"https:\\\/\\\/trampampam.lt\\\/#organization\",\"name\":\"Trampampam.lt\",\"url\":\"https:\\\/\\\/trampampam.lt\\\/\",\"logo\":{\"@type\":\"ImageObject\",\"inLanguage\":\"en-US\",\"@id\":\"https:\\\/\\\/trampampam.lt\\\/#\\\/schema\\\/logo\\\/image\\\/\",\"url\":\"https:\\\/\\\/i0.wp.com\\\/trampampam.lt\\\/wp-content\\\/uploads\\\/2023\\\/11\\\/Small-logo-be-fono-1-e1698868741484.png?fit=390%2C399&ssl=1\",\"contentUrl\":\"https:\\\/\\\/i0.wp.com\\\/trampampam.lt\\\/wp-content\\\/uploads\\\/2023\\\/11\\\/Small-logo-be-fono-1-e1698868741484.png?fit=390%2C399&ssl=1\",\"width\":390,\"height\":399,\"caption\":\"Trampampam.lt\"},\"image\":{\"@id\":\"https:\\\/\\\/trampampam.lt\\\/#\\\/schema\\\/logo\\\/image\\\/\"},\"sameAs\":[\"https:\\\/\\\/www.facebook.com\\\/Trampampam.lt\",\"https:\\\/\\\/www.instagram.com\\\/trampampam.lt\\\/\"]}]}<\/script>\n<!-- \/ Yoast SEO plugin. -->","yoast_head_json":{"title":"Folinis balionas \"Spiderman\" (55 x 63 cm) - Trampampam.lt","description":"Folinis balionas \"Spiderman\". Balionas susideda i\u0161 atskir\u0173 detali\u0173. Sustatyto dydis - 55 x 63 cm.Patartina p\u016bsti rankine pompa","robots":{"index":"index","follow":"follow","max-snippet":"max-snippet:-1","max-image-preview":"max-image-preview:large","max-video-preview":"max-video-preview:-1"},"canonical":"https:\/\/trampampam.lt\/en\/product\/balionas-spiderman\/","og_locale":"en_US","og_type":"article","og_title":"Folinis balionas \"Spiderman\" (55 x 63 cm) - Trampampam.lt","og_description":"Folinis balionas \"Spiderman\". Balionas susideda i\u0161 atskir\u0173 detali\u0173. Sustatyto dydis - 55 x 63 cm.Patartina p\u016bsti rankine pompa","og_url":"https:\/\/trampampam.lt\/en\/product\/balionas-spiderman\/","og_site_name":"Trampampam.lt","article_publisher":"https:\/\/www.facebook.com\/Trampampam.lt","article_modified_time":"2025-03-27T09:56:12+00:00","og_image":[{"width":400,"height":400,"url":"https:\/\/trampampam.lt\/wp-content\/uploads\/2023\/11\/IMG_1879.jpg","type":"image\/jpeg"}],"twitter_card":"summary_large_image","twitter_misc":{"Est. reading time":"1 minute"},"schema":{"@context":"https:\/\/schema.org","@graph":[{"@type":"WebPage","@id":"https:\/\/trampampam.lt\/produktas\/balionas-spiderman\/","url":"https:\/\/trampampam.lt\/produktas\/balionas-spiderman\/","name":"Folinis balionas \"Spiderman\" (55 x 63 cm) - Trampampam.lt","isPartOf":{"@id":"https:\/\/trampampam.lt\/#website"},"primaryImageOfPage":{"@id":"https:\/\/trampampam.lt\/produktas\/balionas-spiderman\/#primaryimage"},"image":{"@id":"https:\/\/trampampam.lt\/produktas\/balionas-spiderman\/#primaryimage"},"thumbnailUrl":"https:\/\/i0.wp.com\/trampampam.lt\/wp-content\/uploads\/2023\/11\/IMG_1879.jpg?fit=400%2C400&ssl=1","datePublished":"2023-11-03T20:37:59+00:00","dateModified":"2025-03-27T09:56:12+00:00","description":"Folinis balionas \"Spiderman\". Balionas susideda i\u0161 atskir\u0173 detali\u0173. Sustatyto dydis - 55 x 63 cm.Patartina p\u016bsti rankine pompa","breadcrumb":{"@id":"https:\/\/trampampam.lt\/produktas\/balionas-spiderman\/#breadcrumb"},"inLanguage":"en-US","potentialAction":[{"@type":"ReadAction","target":["https:\/\/trampampam.lt\/produktas\/balionas-spiderman\/"]}]},{"@type":"ImageObject","inLanguage":"en-US","@id":"https:\/\/trampampam.lt\/produktas\/balionas-spiderman\/#primaryimage","url":"https:\/\/i0.wp.com\/trampampam.lt\/wp-content\/uploads\/2023\/11\/IMG_1879.jpg?fit=400%2C400&ssl=1","contentUrl":"https:\/\/i0.wp.com\/trampampam.lt\/wp-content\/uploads\/2023\/11\/IMG_1879.jpg?fit=400%2C400&ssl=1","width":400,"height":400,"caption":"Folinis balionas Spiderman"},{"@type":"BreadcrumbList","@id":"https:\/\/trampampam.lt\/produktas\/balionas-spiderman\/#breadcrumb","itemListElement":[{"@type":"ListItem","position":1,"name":"Home","item":"https:\/\/trampampam.lt\/"},{"@type":"ListItem","position":2,"name":"Preki\u0173 katalogas","item":"https:\/\/trampampam.lt\/"},{"@type":"ListItem","position":3,"name":"Folinis balionas &#8222;Spiderman&#8221; (55 x 63 cm)"}]},{"@type":"WebSite","@id":"https:\/\/trampampam.lt\/#website","url":"https:\/\/trampampam.lt\/","name":"Telefon\u0173 d\u0117klai, Balionai ir kita \u0161ventin\u0117 atributika | Trampampam.lt","description":"Telefon\u0173 d\u0117klai, balionai, dovan\u0173 id\u0117jos ir kita \u0161ventin\u0117 atributika","publisher":{"@id":"https:\/\/trampampam.lt\/#organization"},"alternateName":"Telefon\u0173 d\u0117klai","potentialAction":[{"@type":"SearchAction","target":{"@type":"EntryPoint","urlTemplate":"https:\/\/trampampam.lt\/?s={search_term_string}"},"query-input":{"@type":"PropertyValueSpecification","valueRequired":true,"valueName":"search_term_string"}}],"inLanguage":"en-US"},{"@type":"Organization","@id":"https:\/\/trampampam.lt\/#organization","name":"Trampampam.lt","url":"https:\/\/trampampam.lt\/","logo":{"@type":"ImageObject","inLanguage":"en-US","@id":"https:\/\/trampampam.lt\/#\/schema\/logo\/image\/","url":"https:\/\/i0.wp.com\/trampampam.lt\/wp-content\/uploads\/2023\/11\/Small-logo-be-fono-1-e1698868741484.png?fit=390%2C399&ssl=1","contentUrl":"https:\/\/i0.wp.com\/trampampam.lt\/wp-content\/uploads\/2023\/11\/Small-logo-be-fono-1-e1698868741484.png?fit=390%2C399&ssl=1","width":390,"height":399,"caption":"Trampampam.lt"},"image":{"@id":"https:\/\/trampampam.lt\/#\/schema\/logo\/image\/"},"sameAs":["https:\/\/www.facebook.com\/Trampampam.lt","https:\/\/www.instagram.com\/trampampam.lt\/"]}]}},"jetpack_publicize_connections":[],"jetpack_sharing_enabled":true,"_links":{"self":[{"href":"https:\/\/trampampam.lt\/en\/wp-json\/wp\/v2\/product\/553","targetHints":{"allow":["GET"]}}],"collection":[{"href":"https:\/\/trampampam.lt\/en\/wp-json\/wp\/v2\/product"}],"about":[{"href":"https:\/\/trampampam.lt\/en\/wp-json\/wp\/v2\/types\/product"}],"replies":[{"embeddable":true,"href":"https:\/\/trampampam.lt\/en\/wp-json\/wp\/v2\/comments?post=553"}],"wp:featuredmedia":[{"embeddable":true,"href":"https:\/\/trampampam.lt\/en\/wp-json\/wp\/v2\/media\/554"}],"wp:attachment":[{"href":"https:\/\/trampampam.lt\/en\/wp-json\/wp\/v2\/media?parent=553"}],"wp:term":[{"taxonomy":"product_brand","embeddable":true,"href":"https:\/\/trampampam.lt\/en\/wp-json\/wp\/v2\/product_brand?post=553"},{"taxonomy":"product_cat","embeddable":true,"href":"https:\/\/trampampam.lt\/en\/wp-json\/wp\/v2\/product_cat?post=553"},{"taxonomy":"product_tag","embeddable":true,"href":"https:\/\/trampampam.lt\/en\/wp-json\/wp\/v2\/product_tag?post=553"}],"curies":[{"name":"wp","href":"https:\/\/api.w.org\/{rel}","templated":true}]}}