{"id":541,"date":"2023-11-03T21:19:35","date_gmt":"2023-11-03T19:19:35","guid":{"rendered":"https:\/\/trampampam.lt\/?post_type=product&#038;p=541"},"modified":"2025-10-20T21:25:47","modified_gmt":"2025-10-20T18:25:47","slug":"balionu-rinkinys-geleti-smulkus-konfeti","status":"publish","type":"product","link":"https:\/\/trampampam.lt\/en\/product\/balionu-rinkinys-geleti-smulkus-konfeti\/","title":{"rendered":"Balion\u0173 rinkinys &#8222;G\u0117l\u0117ti smulk\u016bs konfeti&#8221;, (25 cm), 10 vnt."},"content":{"rendered":"<h1>Balion\u0173 rinkinys &#8222;G\u0117l\u0117ti smulk\u016bs konfeti&#8221;<\/h1>\n<h2>Pakuot\u0117je rasite 10 vnt. skaidri\u0173 g\u0117l\u0117t\u0173 balion\u0173, kurie pripildyti stambaus konfeti.<\/h2>\n<h2>\u0160ie \u017eaismingi balionai puikiai tinkai papuo\u0161ti bet kokiai \u0161ventei.<\/h2>\n<h2>Galima p\u016bsti oru ar helio dujomis. P\u016btimui geriausia naudoti balion\u0173 p\u016btimo <a href=\"https:\/\/trampampam.lt\/en\/product\/pompa_balionams\/\">pomp\u0105<\/a>, kuri\u0105 taip pat rasite m\u016bs\u0173 parduotuv\u0117je.<\/h2>\n<h2>Prip\u016bsto baliono skersmuo yra ~25 cm (10\u2033)<\/h2>\n<h2>Video, kaip prip\u016bsti balion\u0105, kad konfeti prilipt\u0173, rasite \u010dia:<\/h2>\n<p><a href=\"https:\/\/www.youtube.com\/watch?v=9YYKMT-xTqY\">https:\/\/www.youtube.com\/watch?v=9YYKMT-xTqY<\/a><\/p>","protected":false},"excerpt":{"rendered":"<h1>Balion\u0173 rinkinys &#8222;G\u0117l\u0117ti smulk\u016bs konfeti&#8221;<\/h1>\n<h2>Pakuot\u0117je rasite 10 vnt. skaidri\u0173 g\u0117l\u0117t\u0173 balion\u0173, kurie pripildyti smulkaus konfeti.<\/h2>\n<h2>\u0160ie \u017eaismingi balionai puikiai tinkai papuo\u0161ti bet kokiai \u0161ventei.<\/h2>\n<h2>Galima p\u016bsti oru ar helio dujomis. P\u016btimui geriausia naudoti balion\u0173 p\u016btimo <a href=\"https:\/\/trampampam.lt\/en\/product\/pompa_balionams\/\">pomp\u0105<\/a>, kuri\u0105 taip pat rasite m\u016bs\u0173 parduotuv\u0117je.<\/h2>\n<h2>Prip\u016bsto baliono skersmuo yra ~25 cm (10\u2033)<\/h2>","protected":false},"featured_media":543,"comment_status":"open","ping_status":"closed","template":"","meta":{"jetpack_publicize_message":"","jetpack_publicize_feature_enabled":true,"jetpack_social_post_already_shared":false,"jetpack_social_options":{"image_generator_settings":{"template":"highway","default_image_id":0,"font":"","enabled":false},"version":2}},"product_brand":[],"product_cat":[19,55],"product_tag":[53,45,58,72,46,63,57],"class_list":{"0":"post-541","1":"product","2":"type-product","3":"status-publish","4":"has-post-thumbnail","6":"product_cat-balionai","7":"product_cat-guminiai-balionai","8":"product_tag-balionai","9":"product_tag-balionams","10":"product_tag-guminiai","11":"product_tag-konfeti","12":"product_tag-pusti","13":"product_tag-rozine","14":"product_tag-spalvoti","16":"first","17":"instock","18":"sale","19":"shipping-taxable","20":"purchasable","21":"product-type-simple"},"yoast_head":"<!-- This site is optimized with the Yoast SEO plugin v27.4 - https:\/\/yoast.com\/product\/yoast-seo-wordpress\/ -->\n<title>Balion\u0173 rinkinys &quot;G\u0117l\u0117ti smulk\u016bs konfeti&quot;, (25 cm), 10 vnt. - Trampampam.lt<\/title>\n<meta name=\"description\" content=\"Balion\u0173 rinkinys &quot;G\u0117l\u0117ti stamb\u016bs konfeti&quot;. Pakuot\u0117je rasite 10 vnt. skaidri\u0173 g\u0117l\u0117t\u0173 balion\u0173, kurie pripildyti stambaus konfeti.\u0160ie \u017eaismingi balionai puikiai tinkai papuo\u0161ti bet kokiai \u0161ventei.\" \/>\n<meta name=\"robots\" content=\"index, follow, max-snippet:-1, max-image-preview:large, max-video-preview:-1\" \/>\n<link rel=\"canonical\" href=\"https:\/\/trampampam.lt\/en\/product\/balionu-rinkinys-geleti-smulkus-konfeti\/\" \/>\n<meta property=\"og:locale\" content=\"en_US\" \/>\n<meta property=\"og:type\" content=\"article\" \/>\n<meta property=\"og:title\" content=\"Balion\u0173 rinkinys &quot;G\u0117l\u0117ti smulk\u016bs konfeti&quot;, (25 cm), 10 vnt. - Trampampam.lt\" \/>\n<meta property=\"og:description\" content=\"Balion\u0173 rinkinys &quot;G\u0117l\u0117ti stamb\u016bs konfeti&quot;. Pakuot\u0117je rasite 10 vnt. skaidri\u0173 g\u0117l\u0117t\u0173 balion\u0173, kurie pripildyti stambaus konfeti.\u0160ie \u017eaismingi balionai puikiai tinkai papuo\u0161ti bet kokiai \u0161ventei.\" \/>\n<meta property=\"og:url\" content=\"https:\/\/trampampam.lt\/en\/product\/balionu-rinkinys-geleti-smulkus-konfeti\/\" \/>\n<meta property=\"og:site_name\" content=\"Trampampam.lt\" \/>\n<meta property=\"article:publisher\" content=\"https:\/\/www.facebook.com\/Trampampam.lt\" \/>\n<meta property=\"article:modified_time\" content=\"2025-10-20T18:25:47+00:00\" \/>\n<meta property=\"og:image\" content=\"https:\/\/i0.wp.com\/trampampam.lt\/wp-content\/uploads\/2023\/11\/Balionai-baltas-fonas.png?fit=1179%2C1177&ssl=1\" \/>\n\t<meta property=\"og:image:width\" content=\"1179\" \/>\n\t<meta property=\"og:image:height\" content=\"1177\" \/>\n\t<meta property=\"og:image:type\" content=\"image\/png\" \/>\n<meta name=\"twitter:card\" content=\"summary_large_image\" \/>\n<meta name=\"twitter:label1\" content=\"Est. reading time\" \/>\n\t<meta name=\"twitter:data1\" content=\"1 minute\" \/>\n<script type=\"application\/ld+json\" class=\"yoast-schema-graph\">{\"@context\":\"https:\\\/\\\/schema.org\",\"@graph\":[{\"@type\":\"WebPage\",\"@id\":\"https:\\\/\\\/trampampam.lt\\\/produktas\\\/balionu-rinkinys-geleti-smulkus-konfeti\\\/\",\"url\":\"https:\\\/\\\/trampampam.lt\\\/produktas\\\/balionu-rinkinys-geleti-smulkus-konfeti\\\/\",\"name\":\"Balion\u0173 rinkinys \\\"G\u0117l\u0117ti smulk\u016bs konfeti\\\", (25 cm), 10 vnt. - Trampampam.lt\",\"isPartOf\":{\"@id\":\"https:\\\/\\\/trampampam.lt\\\/#website\"},\"primaryImageOfPage\":{\"@id\":\"https:\\\/\\\/trampampam.lt\\\/produktas\\\/balionu-rinkinys-geleti-smulkus-konfeti\\\/#primaryimage\"},\"image\":{\"@id\":\"https:\\\/\\\/trampampam.lt\\\/produktas\\\/balionu-rinkinys-geleti-smulkus-konfeti\\\/#primaryimage\"},\"thumbnailUrl\":\"https:\\\/\\\/i0.wp.com\\\/trampampam.lt\\\/wp-content\\\/uploads\\\/2023\\\/11\\\/Balionai-baltas-fonas.png?fit=1179%2C1177&ssl=1\",\"datePublished\":\"2023-11-03T19:19:35+00:00\",\"dateModified\":\"2025-10-20T18:25:47+00:00\",\"description\":\"Balion\u0173 rinkinys \\\"G\u0117l\u0117ti stamb\u016bs konfeti\\\". Pakuot\u0117je rasite 10 vnt. skaidri\u0173 g\u0117l\u0117t\u0173 balion\u0173, kurie pripildyti stambaus konfeti.\u0160ie \u017eaismingi balionai puikiai tinkai papuo\u0161ti bet kokiai \u0161ventei.\",\"breadcrumb\":{\"@id\":\"https:\\\/\\\/trampampam.lt\\\/produktas\\\/balionu-rinkinys-geleti-smulkus-konfeti\\\/#breadcrumb\"},\"inLanguage\":\"en-US\",\"potentialAction\":[{\"@type\":\"ReadAction\",\"target\":[\"https:\\\/\\\/trampampam.lt\\\/produktas\\\/balionu-rinkinys-geleti-smulkus-konfeti\\\/\"]}]},{\"@type\":\"ImageObject\",\"inLanguage\":\"en-US\",\"@id\":\"https:\\\/\\\/trampampam.lt\\\/produktas\\\/balionu-rinkinys-geleti-smulkus-konfeti\\\/#primaryimage\",\"url\":\"https:\\\/\\\/i0.wp.com\\\/trampampam.lt\\\/wp-content\\\/uploads\\\/2023\\\/11\\\/Balionai-baltas-fonas.png?fit=1179%2C1177&ssl=1\",\"contentUrl\":\"https:\\\/\\\/i0.wp.com\\\/trampampam.lt\\\/wp-content\\\/uploads\\\/2023\\\/11\\\/Balionai-baltas-fonas.png?fit=1179%2C1177&ssl=1\",\"width\":1179,\"height\":1177,\"caption\":\"Balionai Konfeti\"},{\"@type\":\"BreadcrumbList\",\"@id\":\"https:\\\/\\\/trampampam.lt\\\/produktas\\\/balionu-rinkinys-geleti-smulkus-konfeti\\\/#breadcrumb\",\"itemListElement\":[{\"@type\":\"ListItem\",\"position\":1,\"name\":\"Home\",\"item\":\"https:\\\/\\\/trampampam.lt\\\/\"},{\"@type\":\"ListItem\",\"position\":2,\"name\":\"Preki\u0173 katalogas\",\"item\":\"https:\\\/\\\/trampampam.lt\\\/\"},{\"@type\":\"ListItem\",\"position\":3,\"name\":\"Balion\u0173 rinkinys &#8222;G\u0117l\u0117ti smulk\u016bs konfeti&#8221;, (25 cm), 10 vnt.\"}]},{\"@type\":\"WebSite\",\"@id\":\"https:\\\/\\\/trampampam.lt\\\/#website\",\"url\":\"https:\\\/\\\/trampampam.lt\\\/\",\"name\":\"Telefon\u0173 d\u0117klai, Balionai ir kita \u0161ventin\u0117 atributika | Trampampam.lt\",\"description\":\"Telefon\u0173 d\u0117klai, balionai, dovan\u0173 id\u0117jos ir kita \u0161ventin\u0117 atributika\",\"publisher\":{\"@id\":\"https:\\\/\\\/trampampam.lt\\\/#organization\"},\"alternateName\":\"Telefon\u0173 d\u0117klai\",\"potentialAction\":[{\"@type\":\"SearchAction\",\"target\":{\"@type\":\"EntryPoint\",\"urlTemplate\":\"https:\\\/\\\/trampampam.lt\\\/?s={search_term_string}\"},\"query-input\":{\"@type\":\"PropertyValueSpecification\",\"valueRequired\":true,\"valueName\":\"search_term_string\"}}],\"inLanguage\":\"en-US\"},{\"@type\":\"Organization\",\"@id\":\"https:\\\/\\\/trampampam.lt\\\/#organization\",\"name\":\"Trampampam.lt\",\"url\":\"https:\\\/\\\/trampampam.lt\\\/\",\"logo\":{\"@type\":\"ImageObject\",\"inLanguage\":\"en-US\",\"@id\":\"https:\\\/\\\/trampampam.lt\\\/#\\\/schema\\\/logo\\\/image\\\/\",\"url\":\"https:\\\/\\\/i0.wp.com\\\/trampampam.lt\\\/wp-content\\\/uploads\\\/2023\\\/11\\\/Small-logo-be-fono-1-e1698868741484.png?fit=390%2C399&ssl=1\",\"contentUrl\":\"https:\\\/\\\/i0.wp.com\\\/trampampam.lt\\\/wp-content\\\/uploads\\\/2023\\\/11\\\/Small-logo-be-fono-1-e1698868741484.png?fit=390%2C399&ssl=1\",\"width\":390,\"height\":399,\"caption\":\"Trampampam.lt\"},\"image\":{\"@id\":\"https:\\\/\\\/trampampam.lt\\\/#\\\/schema\\\/logo\\\/image\\\/\"},\"sameAs\":[\"https:\\\/\\\/www.facebook.com\\\/Trampampam.lt\",\"https:\\\/\\\/www.instagram.com\\\/trampampam.lt\\\/\"]}]}<\/script>\n<!-- \/ Yoast SEO plugin. -->","yoast_head_json":{"title":"Balion\u0173 rinkinys \"G\u0117l\u0117ti smulk\u016bs konfeti\", (25 cm), 10 vnt. - Trampampam.lt","description":"Balion\u0173 rinkinys \"G\u0117l\u0117ti stamb\u016bs konfeti\". Pakuot\u0117je rasite 10 vnt. skaidri\u0173 g\u0117l\u0117t\u0173 balion\u0173, kurie pripildyti stambaus konfeti.\u0160ie \u017eaismingi balionai puikiai tinkai papuo\u0161ti bet kokiai \u0161ventei.","robots":{"index":"index","follow":"follow","max-snippet":"max-snippet:-1","max-image-preview":"max-image-preview:large","max-video-preview":"max-video-preview:-1"},"canonical":"https:\/\/trampampam.lt\/en\/product\/balionu-rinkinys-geleti-smulkus-konfeti\/","og_locale":"en_US","og_type":"article","og_title":"Balion\u0173 rinkinys \"G\u0117l\u0117ti smulk\u016bs konfeti\", (25 cm), 10 vnt. - Trampampam.lt","og_description":"Balion\u0173 rinkinys \"G\u0117l\u0117ti stamb\u016bs konfeti\". Pakuot\u0117je rasite 10 vnt. skaidri\u0173 g\u0117l\u0117t\u0173 balion\u0173, kurie pripildyti stambaus konfeti.\u0160ie \u017eaismingi balionai puikiai tinkai papuo\u0161ti bet kokiai \u0161ventei.","og_url":"https:\/\/trampampam.lt\/en\/product\/balionu-rinkinys-geleti-smulkus-konfeti\/","og_site_name":"Trampampam.lt","article_publisher":"https:\/\/www.facebook.com\/Trampampam.lt","article_modified_time":"2025-10-20T18:25:47+00:00","og_image":[{"width":1179,"height":1177,"url":"https:\/\/i0.wp.com\/trampampam.lt\/wp-content\/uploads\/2023\/11\/Balionai-baltas-fonas.png?fit=1179%2C1177&ssl=1","type":"image\/png"}],"twitter_card":"summary_large_image","twitter_misc":{"Est. reading time":"1 minute"},"schema":{"@context":"https:\/\/schema.org","@graph":[{"@type":"WebPage","@id":"https:\/\/trampampam.lt\/produktas\/balionu-rinkinys-geleti-smulkus-konfeti\/","url":"https:\/\/trampampam.lt\/produktas\/balionu-rinkinys-geleti-smulkus-konfeti\/","name":"Balion\u0173 rinkinys \"G\u0117l\u0117ti smulk\u016bs konfeti\", (25 cm), 10 vnt. - Trampampam.lt","isPartOf":{"@id":"https:\/\/trampampam.lt\/#website"},"primaryImageOfPage":{"@id":"https:\/\/trampampam.lt\/produktas\/balionu-rinkinys-geleti-smulkus-konfeti\/#primaryimage"},"image":{"@id":"https:\/\/trampampam.lt\/produktas\/balionu-rinkinys-geleti-smulkus-konfeti\/#primaryimage"},"thumbnailUrl":"https:\/\/i0.wp.com\/trampampam.lt\/wp-content\/uploads\/2023\/11\/Balionai-baltas-fonas.png?fit=1179%2C1177&ssl=1","datePublished":"2023-11-03T19:19:35+00:00","dateModified":"2025-10-20T18:25:47+00:00","description":"Balion\u0173 rinkinys \"G\u0117l\u0117ti stamb\u016bs konfeti\". Pakuot\u0117je rasite 10 vnt. skaidri\u0173 g\u0117l\u0117t\u0173 balion\u0173, kurie pripildyti stambaus konfeti.\u0160ie \u017eaismingi balionai puikiai tinkai papuo\u0161ti bet kokiai \u0161ventei.","breadcrumb":{"@id":"https:\/\/trampampam.lt\/produktas\/balionu-rinkinys-geleti-smulkus-konfeti\/#breadcrumb"},"inLanguage":"en-US","potentialAction":[{"@type":"ReadAction","target":["https:\/\/trampampam.lt\/produktas\/balionu-rinkinys-geleti-smulkus-konfeti\/"]}]},{"@type":"ImageObject","inLanguage":"en-US","@id":"https:\/\/trampampam.lt\/produktas\/balionu-rinkinys-geleti-smulkus-konfeti\/#primaryimage","url":"https:\/\/i0.wp.com\/trampampam.lt\/wp-content\/uploads\/2023\/11\/Balionai-baltas-fonas.png?fit=1179%2C1177&ssl=1","contentUrl":"https:\/\/i0.wp.com\/trampampam.lt\/wp-content\/uploads\/2023\/11\/Balionai-baltas-fonas.png?fit=1179%2C1177&ssl=1","width":1179,"height":1177,"caption":"Balionai Konfeti"},{"@type":"BreadcrumbList","@id":"https:\/\/trampampam.lt\/produktas\/balionu-rinkinys-geleti-smulkus-konfeti\/#breadcrumb","itemListElement":[{"@type":"ListItem","position":1,"name":"Home","item":"https:\/\/trampampam.lt\/"},{"@type":"ListItem","position":2,"name":"Preki\u0173 katalogas","item":"https:\/\/trampampam.lt\/"},{"@type":"ListItem","position":3,"name":"Balion\u0173 rinkinys &#8222;G\u0117l\u0117ti smulk\u016bs konfeti&#8221;, (25 cm), 10 vnt."}]},{"@type":"WebSite","@id":"https:\/\/trampampam.lt\/#website","url":"https:\/\/trampampam.lt\/","name":"Telefon\u0173 d\u0117klai, Balionai ir kita \u0161ventin\u0117 atributika | Trampampam.lt","description":"Telefon\u0173 d\u0117klai, balionai, dovan\u0173 id\u0117jos ir kita \u0161ventin\u0117 atributika","publisher":{"@id":"https:\/\/trampampam.lt\/#organization"},"alternateName":"Telefon\u0173 d\u0117klai","potentialAction":[{"@type":"SearchAction","target":{"@type":"EntryPoint","urlTemplate":"https:\/\/trampampam.lt\/?s={search_term_string}"},"query-input":{"@type":"PropertyValueSpecification","valueRequired":true,"valueName":"search_term_string"}}],"inLanguage":"en-US"},{"@type":"Organization","@id":"https:\/\/trampampam.lt\/#organization","name":"Trampampam.lt","url":"https:\/\/trampampam.lt\/","logo":{"@type":"ImageObject","inLanguage":"en-US","@id":"https:\/\/trampampam.lt\/#\/schema\/logo\/image\/","url":"https:\/\/i0.wp.com\/trampampam.lt\/wp-content\/uploads\/2023\/11\/Small-logo-be-fono-1-e1698868741484.png?fit=390%2C399&ssl=1","contentUrl":"https:\/\/i0.wp.com\/trampampam.lt\/wp-content\/uploads\/2023\/11\/Small-logo-be-fono-1-e1698868741484.png?fit=390%2C399&ssl=1","width":390,"height":399,"caption":"Trampampam.lt"},"image":{"@id":"https:\/\/trampampam.lt\/#\/schema\/logo\/image\/"},"sameAs":["https:\/\/www.facebook.com\/Trampampam.lt","https:\/\/www.instagram.com\/trampampam.lt\/"]}]}},"jetpack_publicize_connections":[],"jetpack_sharing_enabled":true,"_links":{"self":[{"href":"https:\/\/trampampam.lt\/en\/wp-json\/wp\/v2\/product\/541","targetHints":{"allow":["GET"]}}],"collection":[{"href":"https:\/\/trampampam.lt\/en\/wp-json\/wp\/v2\/product"}],"about":[{"href":"https:\/\/trampampam.lt\/en\/wp-json\/wp\/v2\/types\/product"}],"replies":[{"embeddable":true,"href":"https:\/\/trampampam.lt\/en\/wp-json\/wp\/v2\/comments?post=541"}],"wp:featuredmedia":[{"embeddable":true,"href":"https:\/\/trampampam.lt\/en\/wp-json\/wp\/v2\/media\/543"}],"wp:attachment":[{"href":"https:\/\/trampampam.lt\/en\/wp-json\/wp\/v2\/media?parent=541"}],"wp:term":[{"taxonomy":"product_brand","embeddable":true,"href":"https:\/\/trampampam.lt\/en\/wp-json\/wp\/v2\/product_brand?post=541"},{"taxonomy":"product_cat","embeddable":true,"href":"https:\/\/trampampam.lt\/en\/wp-json\/wp\/v2\/product_cat?post=541"},{"taxonomy":"product_tag","embeddable":true,"href":"https:\/\/trampampam.lt\/en\/wp-json\/wp\/v2\/product_tag?post=541"}],"curies":[{"name":"wp","href":"https:\/\/api.w.org\/{rel}","templated":true}]}}