{"id":5210,"date":"2026-04-25T19:03:44","date_gmt":"2026-04-25T16:03:44","guid":{"rendered":"https:\/\/trampampam.lt\/produktas\/snake-magnetic-ring-holder\/"},"modified":"2026-04-25T19:14:25","modified_gmt":"2026-04-25T16:14:25","slug":"snake-magnetic-ring-holder","status":"publish","type":"product","link":"https:\/\/trampampam.lt\/en\/product\/snake-magnetic-ring-holder\/","title":{"rendered":"Snake &#8211; Magnetic Ring Holder"},"content":{"rendered":"<p>\ud83d\udcf1\u2728\u00a0<strong>Patogumas,\u00a0kur\u012f\u00a0pajusi\u00a0kasdien<\/strong><\/p>\n<p>\u0160is\u00a0<strong>magnetinis\u00a0\u017eiedas-laikiklis<\/strong>\u00a0sukurtas\u00a0tam,\u00a0kad\u00a0telefon\u0105\u00a0laikyti\u00a0b\u016bt\u0173\u00a0saugiau\u00a0ir\u00a0patogiau\u00a0\u2013\u00a0ypa\u010d\u00a0naudojant\u00a0viena\u00a0ranka.<\/p>\n<p>\u2714\ufe0f\u00a0<strong>Ergonomi\u0161kas\u00a0laikymas<\/strong>\u00a0\u2013\u00a0tvirtesnis\u00a0ir\u00a0stabilesnis\u00a0grip\u2019as<\/p>\n<p>\u2714\ufe0f\u00a0<strong>360\u00b0\u00a0pasukimas<\/strong>\u00a0\u2013\u00a0prisitaiko\u00a0prie\u00a0tavo\u00a0naudojimo<\/p>\n<p>\u2714\ufe0f\u00a0Veikia\u00a0kaip\u00a0<strong>stovelis<\/strong>\u00a0patogiam\u00a0\u017ei\u016br\u0117jimui<\/p>\n<p>\u2714\ufe0f\u00a0<strong>Stiprus\u00a0magnetinis\u00a0tvirtinimas<\/strong><\/p>\n<p>\u2714\ufe0f\u00a0<strong>Lengvas\u00a0ir\u00a0kompakti\u0161kas\u00a0dizainas<\/strong><\/p>\n<p>\u2714\ufe0f\u00a0<strong>Patogi\u00a0atrama\u00a0pir\u0161tui<\/strong><\/p>\n<p>\u2714\ufe0f\u00a0<strong>Ilgaam\u017eis,\u00a0neblunkantis\u00a0pavir\u0161ius<\/strong><\/p>\n<p>Diskreti\u0161kas\u00a0dizainas,\u00a0kuris\u00a0suteikia\u00a0daugiau\u00a0kontrol\u0117s\u00a0ir\u00a0komforto.<\/p>\n<p><strong>Ma\u017eiau\u00a0r\u016bpes\u010di\u0173\u00a0\u2013\u00a0daugiau\u00a0patogumo.<\/strong>\u00a0\ud83d\udd12\u2728<\/p>","protected":false},"excerpt":{"rendered":"<p>\ud83d\udcf1\u2728\u00a0<strong>Patogumas,\u00a0kur\u012f\u00a0pajusi\u00a0kasdien<\/strong><\/p>\n<p>\u0160is\u00a0<strong>magnetinis\u00a0\u017eiedas-laikiklis<\/strong>\u00a0sukurtas\u00a0tam,\u00a0kad\u00a0telefon\u0105\u00a0laikyti\u00a0b\u016bt\u0173\u00a0saugiau\u00a0ir\u00a0patogiau\u00a0\u2013\u00a0ypa\u010d\u00a0naudojant\u00a0viena\u00a0ranka.<\/p>\n<p>\u2714\ufe0f\u00a0<strong>Ergonomi\u0161kas\u00a0laikymas<\/strong>\u00a0\u2013\u00a0tvirtesnis\u00a0ir\u00a0stabilesnis\u00a0grip\u2019as<\/p>\n<p>\u2714\ufe0f\u00a0<strong>360\u00b0\u00a0pasukimas<\/strong>\u00a0\u2013\u00a0prisitaiko\u00a0prie\u00a0tavo\u00a0naudojimo<\/p>\n<p>\u2714\ufe0f\u00a0Veikia\u00a0kaip\u00a0<strong>stovelis<\/strong>\u00a0patogiam\u00a0\u017ei\u016br\u0117jimui<\/p>\n<p>\u2714\ufe0f\u00a0<strong>Stiprus\u00a0magnetinis\u00a0tvirtinimas<\/strong><\/p>\n<p>\u2714\ufe0f\u00a0<strong>Lengvas\u00a0ir\u00a0kompakti\u0161kas\u00a0dizainas<\/strong><\/p>\n<p>\u2714\ufe0f\u00a0<strong>Patogi\u00a0atrama\u00a0pir\u0161tui<\/strong><\/p>\n<p>\u2714\ufe0f\u00a0<strong>Ilgaam\u017eis,\u00a0neblunkantis\u00a0pavir\u0161ius<\/strong><\/p>\n<p>Diskreti\u0161kas\u00a0dizainas,\u00a0kuris\u00a0suteikia\u00a0daugiau\u00a0kontrol\u0117s\u00a0ir\u00a0komforto.<\/p>\n<p><strong>Ma\u017eiau\u00a0r\u016bpes\u010di\u0173\u00a0\u2013\u00a0daugiau\u00a0patogumo.<\/strong>\u00a0\ud83d\udd12\u2728<\/p>","protected":false},"featured_media":5212,"comment_status":"open","ping_status":"closed","template":"","meta":{"jetpack_publicize_message":"","jetpack_publicize_feature_enabled":true,"jetpack_social_post_already_shared":true,"jetpack_social_options":{"image_generator_settings":{"template":"highway","default_image_id":0,"font":"","enabled":false},"version":2}},"product_brand":[],"product_cat":[444],"product_tag":[447,445,446,427,448],"class_list":{"0":"post-5210","1":"product","2":"type-product","3":"status-publish","4":"has-post-thumbnail","6":"product_cat-magnetiniai-telefonu-laikikliai-ziedai","7":"product_tag-magnetic-ring-holder","8":"product_tag-phone-holder-ring","9":"product_tag-ring-holder","10":"product_tag-snake","11":"product_tag-ziedas","12":"product_shipping_class-podbase","14":"first","15":"instock","16":"shipping-taxable","17":"purchasable","18":"product-type-variable"},"yoast_head":"<!-- This site is optimized with the Yoast SEO plugin v27.5 - https:\/\/yoast.com\/product\/yoast-seo-wordpress\/ -->\n<title>Snake - Magnetic Ring Holder - Trampampam.lt<\/title>\n<meta name=\"description\" content=\"\ud83d\udcf1\u2728 Patogumas, kur\u012f pajusi kasdien\u0160is magnetinis \u017eiedas-laikiklis sukurtas tam, kad telefon\u0105 laikyti b\u016bt\u0173 saugiau ir patogiau \u2013 ypa\u010d naudojant viena ranka.\" \/>\n<meta name=\"robots\" content=\"index, follow, max-snippet:-1, max-image-preview:large, max-video-preview:-1\" \/>\n<link rel=\"canonical\" href=\"https:\/\/trampampam.lt\/en\/product\/snake-magnetic-ring-holder\/\" \/>\n<meta property=\"og:locale\" content=\"en_US\" \/>\n<meta property=\"og:type\" content=\"article\" \/>\n<meta property=\"og:title\" content=\"Snake - Magnetic Ring Holder - Trampampam.lt\" \/>\n<meta property=\"og:description\" content=\"\ud83d\udcf1\u2728 Patogumas, kur\u012f pajusi kasdien\u0160is magnetinis \u017eiedas-laikiklis sukurtas tam, kad telefon\u0105 laikyti b\u016bt\u0173 saugiau ir patogiau \u2013 ypa\u010d naudojant viena ranka.\" \/>\n<meta property=\"og:url\" content=\"https:\/\/trampampam.lt\/en\/product\/snake-magnetic-ring-holder\/\" \/>\n<meta property=\"og:site_name\" content=\"Trampampam.lt\" \/>\n<meta property=\"article:publisher\" content=\"https:\/\/www.facebook.com\/Trampampam.lt\" \/>\n<meta property=\"article:modified_time\" content=\"2026-04-25T16:14:25+00:00\" \/>\n<meta property=\"og:image\" content=\"https:\/\/trampampam.lt\/wp-content\/uploads\/2026\/04\/69ece49787b910ac01ec14d8.jpeg\" \/>\n\t<meta property=\"og:image:width\" content=\"1200\" \/>\n\t<meta property=\"og:image:height\" content=\"1200\" \/>\n\t<meta property=\"og:image:type\" content=\"image\/jpeg\" \/>\n<meta name=\"twitter:card\" content=\"summary_large_image\" \/>\n<meta name=\"twitter:label1\" content=\"Est. reading time\" \/>\n\t<meta name=\"twitter:data1\" content=\"1 minute\" \/>\n<script type=\"application\/ld+json\" class=\"yoast-schema-graph\">{\"@context\":\"https:\\\/\\\/schema.org\",\"@graph\":[{\"@type\":\"WebPage\",\"@id\":\"https:\\\/\\\/trampampam.lt\\\/produktas\\\/snake-magnetic-ring-holder\\\/\",\"url\":\"https:\\\/\\\/trampampam.lt\\\/produktas\\\/snake-magnetic-ring-holder\\\/\",\"name\":\"Snake - Magnetic Ring Holder - Trampampam.lt\",\"isPartOf\":{\"@id\":\"https:\\\/\\\/trampampam.lt\\\/#website\"},\"primaryImageOfPage\":{\"@id\":\"https:\\\/\\\/trampampam.lt\\\/produktas\\\/snake-magnetic-ring-holder\\\/#primaryimage\"},\"image\":{\"@id\":\"https:\\\/\\\/trampampam.lt\\\/produktas\\\/snake-magnetic-ring-holder\\\/#primaryimage\"},\"thumbnailUrl\":\"https:\\\/\\\/i0.wp.com\\\/trampampam.lt\\\/wp-content\\\/uploads\\\/2026\\\/04\\\/69ece49787b910ac01ec14d8.jpeg?fit=1200%2C1200&ssl=1\",\"datePublished\":\"2026-04-25T16:03:44+00:00\",\"dateModified\":\"2026-04-25T16:14:25+00:00\",\"description\":\"\ud83d\udcf1\u2728 Patogumas, kur\u012f pajusi kasdien\u0160is magnetinis \u017eiedas-laikiklis sukurtas tam, kad telefon\u0105 laikyti b\u016bt\u0173 saugiau ir patogiau \u2013 ypa\u010d naudojant viena ranka.\",\"breadcrumb\":{\"@id\":\"https:\\\/\\\/trampampam.lt\\\/produktas\\\/snake-magnetic-ring-holder\\\/#breadcrumb\"},\"inLanguage\":\"en-US\",\"potentialAction\":[{\"@type\":\"ReadAction\",\"target\":[\"https:\\\/\\\/trampampam.lt\\\/produktas\\\/snake-magnetic-ring-holder\\\/\"]}]},{\"@type\":\"ImageObject\",\"inLanguage\":\"en-US\",\"@id\":\"https:\\\/\\\/trampampam.lt\\\/produktas\\\/snake-magnetic-ring-holder\\\/#primaryimage\",\"url\":\"https:\\\/\\\/i0.wp.com\\\/trampampam.lt\\\/wp-content\\\/uploads\\\/2026\\\/04\\\/69ece49787b910ac01ec14d8.jpeg?fit=1200%2C1200&ssl=1\",\"contentUrl\":\"https:\\\/\\\/i0.wp.com\\\/trampampam.lt\\\/wp-content\\\/uploads\\\/2026\\\/04\\\/69ece49787b910ac01ec14d8.jpeg?fit=1200%2C1200&ssl=1\",\"width\":1200,\"height\":1200},{\"@type\":\"BreadcrumbList\",\"@id\":\"https:\\\/\\\/trampampam.lt\\\/produktas\\\/snake-magnetic-ring-holder\\\/#breadcrumb\",\"itemListElement\":[{\"@type\":\"ListItem\",\"position\":1,\"name\":\"Home\",\"item\":\"https:\\\/\\\/trampampam.lt\\\/\"},{\"@type\":\"ListItem\",\"position\":2,\"name\":\"Preki\u0173 katalogas\",\"item\":\"https:\\\/\\\/trampampam.lt\\\/\"},{\"@type\":\"ListItem\",\"position\":3,\"name\":\"Snake &#8211; Magnetic Ring Holder\"}]},{\"@type\":\"WebSite\",\"@id\":\"https:\\\/\\\/trampampam.lt\\\/#website\",\"url\":\"https:\\\/\\\/trampampam.lt\\\/\",\"name\":\"Telefon\u0173 d\u0117klai, Balionai ir kita \u0161ventin\u0117 atributika | Trampampam.lt\",\"description\":\"Telefon\u0173 d\u0117klai, balionai, dovan\u0173 id\u0117jos ir kita \u0161ventin\u0117 atributika\",\"publisher\":{\"@id\":\"https:\\\/\\\/trampampam.lt\\\/#organization\"},\"alternateName\":\"Telefon\u0173 d\u0117klai\",\"potentialAction\":[{\"@type\":\"SearchAction\",\"target\":{\"@type\":\"EntryPoint\",\"urlTemplate\":\"https:\\\/\\\/trampampam.lt\\\/?s={search_term_string}\"},\"query-input\":{\"@type\":\"PropertyValueSpecification\",\"valueRequired\":true,\"valueName\":\"search_term_string\"}}],\"inLanguage\":\"en-US\"},{\"@type\":\"Organization\",\"@id\":\"https:\\\/\\\/trampampam.lt\\\/#organization\",\"name\":\"Trampampam.lt\",\"url\":\"https:\\\/\\\/trampampam.lt\\\/\",\"logo\":{\"@type\":\"ImageObject\",\"inLanguage\":\"en-US\",\"@id\":\"https:\\\/\\\/trampampam.lt\\\/#\\\/schema\\\/logo\\\/image\\\/\",\"url\":\"https:\\\/\\\/i0.wp.com\\\/trampampam.lt\\\/wp-content\\\/uploads\\\/2023\\\/11\\\/Small-logo-be-fono-1-e1698868741484.png?fit=390%2C399&ssl=1\",\"contentUrl\":\"https:\\\/\\\/i0.wp.com\\\/trampampam.lt\\\/wp-content\\\/uploads\\\/2023\\\/11\\\/Small-logo-be-fono-1-e1698868741484.png?fit=390%2C399&ssl=1\",\"width\":390,\"height\":399,\"caption\":\"Trampampam.lt\"},\"image\":{\"@id\":\"https:\\\/\\\/trampampam.lt\\\/#\\\/schema\\\/logo\\\/image\\\/\"},\"sameAs\":[\"https:\\\/\\\/www.facebook.com\\\/Trampampam.lt\",\"https:\\\/\\\/www.instagram.com\\\/trampampam.lt\\\/\"]}]}<\/script>\n<!-- \/ Yoast SEO plugin. -->","yoast_head_json":{"title":"Snake - Magnetic Ring Holder - Trampampam.lt","description":"\ud83d\udcf1\u2728 Patogumas, kur\u012f pajusi kasdien\u0160is magnetinis \u017eiedas-laikiklis sukurtas tam, kad telefon\u0105 laikyti b\u016bt\u0173 saugiau ir patogiau \u2013 ypa\u010d naudojant viena ranka.","robots":{"index":"index","follow":"follow","max-snippet":"max-snippet:-1","max-image-preview":"max-image-preview:large","max-video-preview":"max-video-preview:-1"},"canonical":"https:\/\/trampampam.lt\/en\/product\/snake-magnetic-ring-holder\/","og_locale":"en_US","og_type":"article","og_title":"Snake - Magnetic Ring Holder - Trampampam.lt","og_description":"\ud83d\udcf1\u2728 Patogumas, kur\u012f pajusi kasdien\u0160is magnetinis \u017eiedas-laikiklis sukurtas tam, kad telefon\u0105 laikyti b\u016bt\u0173 saugiau ir patogiau \u2013 ypa\u010d naudojant viena ranka.","og_url":"https:\/\/trampampam.lt\/en\/product\/snake-magnetic-ring-holder\/","og_site_name":"Trampampam.lt","article_publisher":"https:\/\/www.facebook.com\/Trampampam.lt","article_modified_time":"2026-04-25T16:14:25+00:00","og_image":[{"width":1200,"height":1200,"url":"https:\/\/trampampam.lt\/wp-content\/uploads\/2026\/04\/69ece49787b910ac01ec14d8.jpeg","type":"image\/jpeg"}],"twitter_card":"summary_large_image","twitter_misc":{"Est. reading time":"1 minute"},"schema":{"@context":"https:\/\/schema.org","@graph":[{"@type":"WebPage","@id":"https:\/\/trampampam.lt\/produktas\/snake-magnetic-ring-holder\/","url":"https:\/\/trampampam.lt\/produktas\/snake-magnetic-ring-holder\/","name":"Snake - Magnetic Ring Holder - Trampampam.lt","isPartOf":{"@id":"https:\/\/trampampam.lt\/#website"},"primaryImageOfPage":{"@id":"https:\/\/trampampam.lt\/produktas\/snake-magnetic-ring-holder\/#primaryimage"},"image":{"@id":"https:\/\/trampampam.lt\/produktas\/snake-magnetic-ring-holder\/#primaryimage"},"thumbnailUrl":"https:\/\/i0.wp.com\/trampampam.lt\/wp-content\/uploads\/2026\/04\/69ece49787b910ac01ec14d8.jpeg?fit=1200%2C1200&ssl=1","datePublished":"2026-04-25T16:03:44+00:00","dateModified":"2026-04-25T16:14:25+00:00","description":"\ud83d\udcf1\u2728 Patogumas, kur\u012f pajusi kasdien\u0160is magnetinis \u017eiedas-laikiklis sukurtas tam, kad telefon\u0105 laikyti b\u016bt\u0173 saugiau ir patogiau \u2013 ypa\u010d naudojant viena ranka.","breadcrumb":{"@id":"https:\/\/trampampam.lt\/produktas\/snake-magnetic-ring-holder\/#breadcrumb"},"inLanguage":"en-US","potentialAction":[{"@type":"ReadAction","target":["https:\/\/trampampam.lt\/produktas\/snake-magnetic-ring-holder\/"]}]},{"@type":"ImageObject","inLanguage":"en-US","@id":"https:\/\/trampampam.lt\/produktas\/snake-magnetic-ring-holder\/#primaryimage","url":"https:\/\/i0.wp.com\/trampampam.lt\/wp-content\/uploads\/2026\/04\/69ece49787b910ac01ec14d8.jpeg?fit=1200%2C1200&ssl=1","contentUrl":"https:\/\/i0.wp.com\/trampampam.lt\/wp-content\/uploads\/2026\/04\/69ece49787b910ac01ec14d8.jpeg?fit=1200%2C1200&ssl=1","width":1200,"height":1200},{"@type":"BreadcrumbList","@id":"https:\/\/trampampam.lt\/produktas\/snake-magnetic-ring-holder\/#breadcrumb","itemListElement":[{"@type":"ListItem","position":1,"name":"Home","item":"https:\/\/trampampam.lt\/"},{"@type":"ListItem","position":2,"name":"Preki\u0173 katalogas","item":"https:\/\/trampampam.lt\/"},{"@type":"ListItem","position":3,"name":"Snake &#8211; Magnetic Ring Holder"}]},{"@type":"WebSite","@id":"https:\/\/trampampam.lt\/#website","url":"https:\/\/trampampam.lt\/","name":"Telefon\u0173 d\u0117klai, Balionai ir kita \u0161ventin\u0117 atributika | Trampampam.lt","description":"Telefon\u0173 d\u0117klai, balionai, dovan\u0173 id\u0117jos ir kita \u0161ventin\u0117 atributika","publisher":{"@id":"https:\/\/trampampam.lt\/#organization"},"alternateName":"Telefon\u0173 d\u0117klai","potentialAction":[{"@type":"SearchAction","target":{"@type":"EntryPoint","urlTemplate":"https:\/\/trampampam.lt\/?s={search_term_string}"},"query-input":{"@type":"PropertyValueSpecification","valueRequired":true,"valueName":"search_term_string"}}],"inLanguage":"en-US"},{"@type":"Organization","@id":"https:\/\/trampampam.lt\/#organization","name":"Trampampam.lt","url":"https:\/\/trampampam.lt\/","logo":{"@type":"ImageObject","inLanguage":"en-US","@id":"https:\/\/trampampam.lt\/#\/schema\/logo\/image\/","url":"https:\/\/i0.wp.com\/trampampam.lt\/wp-content\/uploads\/2023\/11\/Small-logo-be-fono-1-e1698868741484.png?fit=390%2C399&ssl=1","contentUrl":"https:\/\/i0.wp.com\/trampampam.lt\/wp-content\/uploads\/2023\/11\/Small-logo-be-fono-1-e1698868741484.png?fit=390%2C399&ssl=1","width":390,"height":399,"caption":"Trampampam.lt"},"image":{"@id":"https:\/\/trampampam.lt\/#\/schema\/logo\/image\/"},"sameAs":["https:\/\/www.facebook.com\/Trampampam.lt","https:\/\/www.instagram.com\/trampampam.lt\/"]}]}},"jetpack_publicize_connections":[],"jetpack_sharing_enabled":true,"_links":{"self":[{"href":"https:\/\/trampampam.lt\/en\/wp-json\/wp\/v2\/product\/5210","targetHints":{"allow":["GET"]}}],"collection":[{"href":"https:\/\/trampampam.lt\/en\/wp-json\/wp\/v2\/product"}],"about":[{"href":"https:\/\/trampampam.lt\/en\/wp-json\/wp\/v2\/types\/product"}],"replies":[{"embeddable":true,"href":"https:\/\/trampampam.lt\/en\/wp-json\/wp\/v2\/comments?post=5210"}],"wp:featuredmedia":[{"embeddable":true,"href":"https:\/\/trampampam.lt\/en\/wp-json\/wp\/v2\/media\/5212"}],"wp:attachment":[{"href":"https:\/\/trampampam.lt\/en\/wp-json\/wp\/v2\/media?parent=5210"}],"wp:term":[{"taxonomy":"product_brand","embeddable":true,"href":"https:\/\/trampampam.lt\/en\/wp-json\/wp\/v2\/product_brand?post=5210"},{"taxonomy":"product_cat","embeddable":true,"href":"https:\/\/trampampam.lt\/en\/wp-json\/wp\/v2\/product_cat?post=5210"},{"taxonomy":"product_tag","embeddable":true,"href":"https:\/\/trampampam.lt\/en\/wp-json\/wp\/v2\/product_tag?post=5210"}],"curies":[{"name":"wp","href":"https:\/\/api.w.org\/{rel}","templated":true}]}}