{"id":486,"date":"2023-11-02T19:01:07","date_gmt":"2023-11-02T17:01:07","guid":{"rendered":"https:\/\/trampampam.lt\/?post_type=product&#038;p=486"},"modified":"2026-04-15T18:03:16","modified_gmt":"2026-04-15T15:03:16","slug":"balionu-rinkinys-zydri-debeseliai","status":"publish","type":"product","link":"https:\/\/trampampam.lt\/en\/product\/balionu-rinkinys-zydri-debeseliai\/","title":{"rendered":"Balion\u0173 rinkinys &#8222;\u017dydri debes\u0117liai&#8221; (30 cm), 10 vnt."},"content":{"rendered":"<h1>Spalvot\u0173 balion\u0173 rinkinys.<\/h1>\n<h2>Pakuot\u0117je rasite 10 vnt. skirting\u0173 spalv\u0173 balion\u0173.<\/h2>\n<h3>Galima p\u016bsti oru ar helio dujomis. P\u016btimui geriausia naudoti balion\u0173 p\u016btimo pomp\u0105, kuri\u0105 taip pat rasite m\u016bs\u0173 parduotuv\u0117je.<\/h3>\n<h3>Prip\u016bsto baliono skersmuo yra ~30 cm (12\u2033)<\/h3>","protected":false},"excerpt":{"rendered":"<h1>Spalvot\u0173 balion\u0173 rinkinys.<\/h1>\n<h2>Pakuot\u0117je rasite 10 vnt. skirting\u0173 spalv\u0173 balion\u0173.<\/h2>\n<h3>Galima p\u016bsti oru ar helio dujomis. P\u016btimui geriausia naudoti balion\u0173 p\u016btimo pomp\u0105, kuri\u0105 taip pat rasite m\u016bs\u0173 parduotuv\u0117je.<\/h3>\n<h3>Prip\u016bsto baliono skersmuo yra ~30 cm (12\u2033)<\/h3>","protected":false},"featured_media":480,"comment_status":"open","ping_status":"closed","template":"","meta":{"jetpack_publicize_message":"","jetpack_publicize_feature_enabled":true,"jetpack_social_post_already_shared":false,"jetpack_social_options":{"image_generator_settings":{"template":"highway","default_image_id":0,"font":"","enabled":false},"version":2}},"product_brand":[],"product_cat":[19,55],"product_tag":[53,45,58,62,46],"class_list":{"0":"post-486","1":"product","2":"type-product","3":"status-publish","4":"has-post-thumbnail","6":"product_cat-balionai","7":"product_cat-guminiai-balionai","8":"product_tag-balionai","9":"product_tag-balionams","10":"product_tag-guminiai","11":"product_tag-melyna","12":"product_tag-pusti","14":"first","15":"instock","16":"sale","17":"shipping-taxable","18":"purchasable","19":"product-type-simple"},"yoast_head":"<!-- This site is optimized with the Yoast SEO plugin v27.4 - https:\/\/yoast.com\/product\/yoast-seo-wordpress\/ -->\n<title>Balion\u0173 rinkinys &quot;\u017dydri debes\u0117liai&quot; (30 cm), 10 vnt. - Trampampam.lt<\/title>\n<meta name=\"description\" content=\"Spalvot\u0173 balion\u0173 rinkinys.Pakuot\u0117je rasite 10 vnt. skirting\u0173 spalv\u0173 balion\u0173.P\u016btimui geriausia naudoti balion\u0173 p\u016btimo pomp\u0105. Prip\u016bsto baliono skersmuo ~30 cm\" \/>\n<meta name=\"robots\" content=\"index, follow, max-snippet:-1, max-image-preview:large, max-video-preview:-1\" \/>\n<link rel=\"canonical\" href=\"https:\/\/trampampam.lt\/en\/product\/balionu-rinkinys-zydri-debeseliai\/\" \/>\n<meta property=\"og:locale\" content=\"en_US\" \/>\n<meta property=\"og:type\" content=\"article\" \/>\n<meta property=\"og:title\" content=\"Balion\u0173 rinkinys &quot;\u017dydri debes\u0117liai&quot; (30 cm), 10 vnt. - Trampampam.lt\" \/>\n<meta property=\"og:description\" content=\"Spalvot\u0173 balion\u0173 rinkinys.Pakuot\u0117je rasite 10 vnt. skirting\u0173 spalv\u0173 balion\u0173.P\u016btimui geriausia naudoti balion\u0173 p\u016btimo pomp\u0105. Prip\u016bsto baliono skersmuo ~30 cm\" \/>\n<meta property=\"og:url\" content=\"https:\/\/trampampam.lt\/en\/product\/balionu-rinkinys-zydri-debeseliai\/\" \/>\n<meta property=\"og:site_name\" content=\"Trampampam.lt\" \/>\n<meta property=\"article:publisher\" content=\"https:\/\/www.facebook.com\/Trampampam.lt\" \/>\n<meta property=\"article:modified_time\" content=\"2026-04-15T15:03:16+00:00\" \/>\n<meta property=\"og:image\" content=\"https:\/\/i0.wp.com\/trampampam.lt\/wp-content\/uploads\/2023\/11\/IMG_C8A4022B80F7-1-e1698940084972.jpeg?fit=600%2C588&ssl=1\" \/>\n\t<meta property=\"og:image:width\" content=\"600\" \/>\n\t<meta property=\"og:image:height\" content=\"588\" \/>\n\t<meta property=\"og:image:type\" content=\"image\/jpeg\" \/>\n<meta name=\"twitter:card\" content=\"summary_large_image\" \/>\n<meta name=\"twitter:label1\" content=\"Est. reading time\" \/>\n\t<meta name=\"twitter:data1\" content=\"1 minute\" \/>\n<script type=\"application\/ld+json\" class=\"yoast-schema-graph\">{\"@context\":\"https:\\\/\\\/schema.org\",\"@graph\":[{\"@type\":\"WebPage\",\"@id\":\"https:\\\/\\\/trampampam.lt\\\/produktas\\\/balionu-rinkinys-zydri-debeseliai\\\/\",\"url\":\"https:\\\/\\\/trampampam.lt\\\/produktas\\\/balionu-rinkinys-zydri-debeseliai\\\/\",\"name\":\"Balion\u0173 rinkinys \\\"\u017dydri debes\u0117liai\\\" (30 cm), 10 vnt. - Trampampam.lt\",\"isPartOf\":{\"@id\":\"https:\\\/\\\/trampampam.lt\\\/#website\"},\"primaryImageOfPage\":{\"@id\":\"https:\\\/\\\/trampampam.lt\\\/produktas\\\/balionu-rinkinys-zydri-debeseliai\\\/#primaryimage\"},\"image\":{\"@id\":\"https:\\\/\\\/trampampam.lt\\\/produktas\\\/balionu-rinkinys-zydri-debeseliai\\\/#primaryimage\"},\"thumbnailUrl\":\"https:\\\/\\\/i0.wp.com\\\/trampampam.lt\\\/wp-content\\\/uploads\\\/2023\\\/11\\\/IMG_C8A4022B80F7-1-e1698940084972.jpeg?fit=600%2C588&ssl=1\",\"datePublished\":\"2023-11-02T17:01:07+00:00\",\"dateModified\":\"2026-04-15T15:03:16+00:00\",\"description\":\"Spalvot\u0173 balion\u0173 rinkinys.Pakuot\u0117je rasite 10 vnt. skirting\u0173 spalv\u0173 balion\u0173.P\u016btimui geriausia naudoti balion\u0173 p\u016btimo pomp\u0105. Prip\u016bsto baliono skersmuo ~30 cm\",\"breadcrumb\":{\"@id\":\"https:\\\/\\\/trampampam.lt\\\/produktas\\\/balionu-rinkinys-zydri-debeseliai\\\/#breadcrumb\"},\"inLanguage\":\"en-US\",\"potentialAction\":[{\"@type\":\"ReadAction\",\"target\":[\"https:\\\/\\\/trampampam.lt\\\/produktas\\\/balionu-rinkinys-zydri-debeseliai\\\/\"]}]},{\"@type\":\"ImageObject\",\"inLanguage\":\"en-US\",\"@id\":\"https:\\\/\\\/trampampam.lt\\\/produktas\\\/balionu-rinkinys-zydri-debeseliai\\\/#primaryimage\",\"url\":\"https:\\\/\\\/i0.wp.com\\\/trampampam.lt\\\/wp-content\\\/uploads\\\/2023\\\/11\\\/IMG_C8A4022B80F7-1-e1698940084972.jpeg?fit=600%2C588&ssl=1\",\"contentUrl\":\"https:\\\/\\\/i0.wp.com\\\/trampampam.lt\\\/wp-content\\\/uploads\\\/2023\\\/11\\\/IMG_C8A4022B80F7-1-e1698940084972.jpeg?fit=600%2C588&ssl=1\",\"width\":600,\"height\":588,\"caption\":\"Balionai debeseliai\"},{\"@type\":\"BreadcrumbList\",\"@id\":\"https:\\\/\\\/trampampam.lt\\\/produktas\\\/balionu-rinkinys-zydri-debeseliai\\\/#breadcrumb\",\"itemListElement\":[{\"@type\":\"ListItem\",\"position\":1,\"name\":\"Home\",\"item\":\"https:\\\/\\\/trampampam.lt\\\/\"},{\"@type\":\"ListItem\",\"position\":2,\"name\":\"Preki\u0173 katalogas\",\"item\":\"https:\\\/\\\/trampampam.lt\\\/\"},{\"@type\":\"ListItem\",\"position\":3,\"name\":\"Balion\u0173 rinkinys &#8222;\u017dydri debes\u0117liai&#8221; (30 cm), 10 vnt.\"}]},{\"@type\":\"WebSite\",\"@id\":\"https:\\\/\\\/trampampam.lt\\\/#website\",\"url\":\"https:\\\/\\\/trampampam.lt\\\/\",\"name\":\"Telefon\u0173 d\u0117klai, Balionai ir kita \u0161ventin\u0117 atributika | Trampampam.lt\",\"description\":\"Telefon\u0173 d\u0117klai, balionai, dovan\u0173 id\u0117jos ir kita \u0161ventin\u0117 atributika\",\"publisher\":{\"@id\":\"https:\\\/\\\/trampampam.lt\\\/#organization\"},\"alternateName\":\"Telefon\u0173 d\u0117klai\",\"potentialAction\":[{\"@type\":\"SearchAction\",\"target\":{\"@type\":\"EntryPoint\",\"urlTemplate\":\"https:\\\/\\\/trampampam.lt\\\/?s={search_term_string}\"},\"query-input\":{\"@type\":\"PropertyValueSpecification\",\"valueRequired\":true,\"valueName\":\"search_term_string\"}}],\"inLanguage\":\"en-US\"},{\"@type\":\"Organization\",\"@id\":\"https:\\\/\\\/trampampam.lt\\\/#organization\",\"name\":\"Trampampam.lt\",\"url\":\"https:\\\/\\\/trampampam.lt\\\/\",\"logo\":{\"@type\":\"ImageObject\",\"inLanguage\":\"en-US\",\"@id\":\"https:\\\/\\\/trampampam.lt\\\/#\\\/schema\\\/logo\\\/image\\\/\",\"url\":\"https:\\\/\\\/i0.wp.com\\\/trampampam.lt\\\/wp-content\\\/uploads\\\/2023\\\/11\\\/Small-logo-be-fono-1-e1698868741484.png?fit=390%2C399&ssl=1\",\"contentUrl\":\"https:\\\/\\\/i0.wp.com\\\/trampampam.lt\\\/wp-content\\\/uploads\\\/2023\\\/11\\\/Small-logo-be-fono-1-e1698868741484.png?fit=390%2C399&ssl=1\",\"width\":390,\"height\":399,\"caption\":\"Trampampam.lt\"},\"image\":{\"@id\":\"https:\\\/\\\/trampampam.lt\\\/#\\\/schema\\\/logo\\\/image\\\/\"},\"sameAs\":[\"https:\\\/\\\/www.facebook.com\\\/Trampampam.lt\",\"https:\\\/\\\/www.instagram.com\\\/trampampam.lt\\\/\"]}]}<\/script>\n<!-- \/ Yoast SEO plugin. -->","yoast_head_json":{"title":"Balion\u0173 rinkinys \"\u017dydri debes\u0117liai\" (30 cm), 10 vnt. - Trampampam.lt","description":"Spalvot\u0173 balion\u0173 rinkinys.Pakuot\u0117je rasite 10 vnt. skirting\u0173 spalv\u0173 balion\u0173.P\u016btimui geriausia naudoti balion\u0173 p\u016btimo pomp\u0105. Prip\u016bsto baliono skersmuo ~30 cm","robots":{"index":"index","follow":"follow","max-snippet":"max-snippet:-1","max-image-preview":"max-image-preview:large","max-video-preview":"max-video-preview:-1"},"canonical":"https:\/\/trampampam.lt\/en\/product\/balionu-rinkinys-zydri-debeseliai\/","og_locale":"en_US","og_type":"article","og_title":"Balion\u0173 rinkinys \"\u017dydri debes\u0117liai\" (30 cm), 10 vnt. - Trampampam.lt","og_description":"Spalvot\u0173 balion\u0173 rinkinys.Pakuot\u0117je rasite 10 vnt. skirting\u0173 spalv\u0173 balion\u0173.P\u016btimui geriausia naudoti balion\u0173 p\u016btimo pomp\u0105. Prip\u016bsto baliono skersmuo ~30 cm","og_url":"https:\/\/trampampam.lt\/en\/product\/balionu-rinkinys-zydri-debeseliai\/","og_site_name":"Trampampam.lt","article_publisher":"https:\/\/www.facebook.com\/Trampampam.lt","article_modified_time":"2026-04-15T15:03:16+00:00","og_image":[{"width":600,"height":588,"url":"https:\/\/i0.wp.com\/trampampam.lt\/wp-content\/uploads\/2023\/11\/IMG_C8A4022B80F7-1-e1698940084972.jpeg?fit=600%2C588&ssl=1","type":"image\/jpeg"}],"twitter_card":"summary_large_image","twitter_misc":{"Est. reading time":"1 minute"},"schema":{"@context":"https:\/\/schema.org","@graph":[{"@type":"WebPage","@id":"https:\/\/trampampam.lt\/produktas\/balionu-rinkinys-zydri-debeseliai\/","url":"https:\/\/trampampam.lt\/produktas\/balionu-rinkinys-zydri-debeseliai\/","name":"Balion\u0173 rinkinys \"\u017dydri debes\u0117liai\" (30 cm), 10 vnt. - Trampampam.lt","isPartOf":{"@id":"https:\/\/trampampam.lt\/#website"},"primaryImageOfPage":{"@id":"https:\/\/trampampam.lt\/produktas\/balionu-rinkinys-zydri-debeseliai\/#primaryimage"},"image":{"@id":"https:\/\/trampampam.lt\/produktas\/balionu-rinkinys-zydri-debeseliai\/#primaryimage"},"thumbnailUrl":"https:\/\/i0.wp.com\/trampampam.lt\/wp-content\/uploads\/2023\/11\/IMG_C8A4022B80F7-1-e1698940084972.jpeg?fit=600%2C588&ssl=1","datePublished":"2023-11-02T17:01:07+00:00","dateModified":"2026-04-15T15:03:16+00:00","description":"Spalvot\u0173 balion\u0173 rinkinys.Pakuot\u0117je rasite 10 vnt. skirting\u0173 spalv\u0173 balion\u0173.P\u016btimui geriausia naudoti balion\u0173 p\u016btimo pomp\u0105. Prip\u016bsto baliono skersmuo ~30 cm","breadcrumb":{"@id":"https:\/\/trampampam.lt\/produktas\/balionu-rinkinys-zydri-debeseliai\/#breadcrumb"},"inLanguage":"en-US","potentialAction":[{"@type":"ReadAction","target":["https:\/\/trampampam.lt\/produktas\/balionu-rinkinys-zydri-debeseliai\/"]}]},{"@type":"ImageObject","inLanguage":"en-US","@id":"https:\/\/trampampam.lt\/produktas\/balionu-rinkinys-zydri-debeseliai\/#primaryimage","url":"https:\/\/i0.wp.com\/trampampam.lt\/wp-content\/uploads\/2023\/11\/IMG_C8A4022B80F7-1-e1698940084972.jpeg?fit=600%2C588&ssl=1","contentUrl":"https:\/\/i0.wp.com\/trampampam.lt\/wp-content\/uploads\/2023\/11\/IMG_C8A4022B80F7-1-e1698940084972.jpeg?fit=600%2C588&ssl=1","width":600,"height":588,"caption":"Balionai debeseliai"},{"@type":"BreadcrumbList","@id":"https:\/\/trampampam.lt\/produktas\/balionu-rinkinys-zydri-debeseliai\/#breadcrumb","itemListElement":[{"@type":"ListItem","position":1,"name":"Home","item":"https:\/\/trampampam.lt\/"},{"@type":"ListItem","position":2,"name":"Preki\u0173 katalogas","item":"https:\/\/trampampam.lt\/"},{"@type":"ListItem","position":3,"name":"Balion\u0173 rinkinys &#8222;\u017dydri debes\u0117liai&#8221; (30 cm), 10 vnt."}]},{"@type":"WebSite","@id":"https:\/\/trampampam.lt\/#website","url":"https:\/\/trampampam.lt\/","name":"Telefon\u0173 d\u0117klai, Balionai ir kita \u0161ventin\u0117 atributika | Trampampam.lt","description":"Telefon\u0173 d\u0117klai, balionai, dovan\u0173 id\u0117jos ir kita \u0161ventin\u0117 atributika","publisher":{"@id":"https:\/\/trampampam.lt\/#organization"},"alternateName":"Telefon\u0173 d\u0117klai","potentialAction":[{"@type":"SearchAction","target":{"@type":"EntryPoint","urlTemplate":"https:\/\/trampampam.lt\/?s={search_term_string}"},"query-input":{"@type":"PropertyValueSpecification","valueRequired":true,"valueName":"search_term_string"}}],"inLanguage":"en-US"},{"@type":"Organization","@id":"https:\/\/trampampam.lt\/#organization","name":"Trampampam.lt","url":"https:\/\/trampampam.lt\/","logo":{"@type":"ImageObject","inLanguage":"en-US","@id":"https:\/\/trampampam.lt\/#\/schema\/logo\/image\/","url":"https:\/\/i0.wp.com\/trampampam.lt\/wp-content\/uploads\/2023\/11\/Small-logo-be-fono-1-e1698868741484.png?fit=390%2C399&ssl=1","contentUrl":"https:\/\/i0.wp.com\/trampampam.lt\/wp-content\/uploads\/2023\/11\/Small-logo-be-fono-1-e1698868741484.png?fit=390%2C399&ssl=1","width":390,"height":399,"caption":"Trampampam.lt"},"image":{"@id":"https:\/\/trampampam.lt\/#\/schema\/logo\/image\/"},"sameAs":["https:\/\/www.facebook.com\/Trampampam.lt","https:\/\/www.instagram.com\/trampampam.lt\/"]}]}},"jetpack_publicize_connections":[],"jetpack_sharing_enabled":true,"_links":{"self":[{"href":"https:\/\/trampampam.lt\/en\/wp-json\/wp\/v2\/product\/486","targetHints":{"allow":["GET"]}}],"collection":[{"href":"https:\/\/trampampam.lt\/en\/wp-json\/wp\/v2\/product"}],"about":[{"href":"https:\/\/trampampam.lt\/en\/wp-json\/wp\/v2\/types\/product"}],"replies":[{"embeddable":true,"href":"https:\/\/trampampam.lt\/en\/wp-json\/wp\/v2\/comments?post=486"}],"wp:featuredmedia":[{"embeddable":true,"href":"https:\/\/trampampam.lt\/en\/wp-json\/wp\/v2\/media\/480"}],"wp:attachment":[{"href":"https:\/\/trampampam.lt\/en\/wp-json\/wp\/v2\/media?parent=486"}],"wp:term":[{"taxonomy":"product_brand","embeddable":true,"href":"https:\/\/trampampam.lt\/en\/wp-json\/wp\/v2\/product_brand?post=486"},{"taxonomy":"product_cat","embeddable":true,"href":"https:\/\/trampampam.lt\/en\/wp-json\/wp\/v2\/product_cat?post=486"},{"taxonomy":"product_tag","embeddable":true,"href":"https:\/\/trampampam.lt\/en\/wp-json\/wp\/v2\/product_tag?post=486"}],"curies":[{"name":"wp","href":"https:\/\/api.w.org\/{rel}","templated":true}]}}