{"id":464,"date":"2023-11-01T23:35:07","date_gmt":"2023-11-01T21:35:07","guid":{"rendered":"https:\/\/trampampam.lt\/?post_type=product&#038;p=464"},"modified":"2024-06-30T12:19:30","modified_gmt":"2024-06-30T09:19:30","slug":"balionu-rinkinys-linksmieji-veidukai-30-cm-10-vnt","status":"publish","type":"product","link":"https:\/\/trampampam.lt\/en\/product\/balionu-rinkinys-linksmieji-veidukai-30-cm-10-vnt\/","title":{"rendered":"Balion\u0173 rinkinys &#8222;Linksmieji veidukai&#8221; (30 cm), 10 vnt."},"content":{"rendered":"","protected":false},"excerpt":{"rendered":"<p>Balion\u0173 rinkinys &#8222;Linksmieji veidukai\u201d<\/p>\n<p>Pakuot\u0117je Rasite 10 Vnt. skirting\u0173 \u00a0balion\u0173.<\/p>\n<p>Galima p\u016bsti oru ar helio dujomis. P\u016btimui geriausia naudoti balion\u0173 p\u016btimo pomp\u0105, kuri\u0105 taip pat rasite m\u016bs\u0173 parduotuv\u0117je.<\/p>\n<p>prip\u016bsto baliono skersmuo yra ~30 Cm (12\u2033)<\/p>","protected":false},"featured_media":467,"comment_status":"open","ping_status":"closed","template":"","meta":{"jetpack_publicize_message":"","jetpack_publicize_feature_enabled":true,"jetpack_social_post_already_shared":false,"jetpack_social_options":{"image_generator_settings":{"template":"highway","default_image_id":0,"font":"","enabled":false},"version":2}},"product_brand":[],"product_cat":[19,55],"product_tag":[53,45,58,57],"class_list":{"0":"post-464","1":"product","2":"type-product","3":"status-publish","4":"has-post-thumbnail","6":"product_cat-balionai","7":"product_cat-guminiai-balionai","8":"product_tag-balionai","9":"product_tag-balionams","10":"product_tag-guminiai","11":"product_tag-spalvoti","13":"first","14":"outofstock","15":"sale","16":"shipping-taxable","17":"purchasable","18":"product-type-simple"},"yoast_head":"<!-- This site is optimized with the Yoast SEO plugin v27.4 - https:\/\/yoast.com\/product\/yoast-seo-wordpress\/ -->\n<title>Balion\u0173 rinkinys &quot;Linksmieji veidukai&quot; (30 cm), 10 vnt. - Trampampam.lt<\/title>\n<meta name=\"robots\" content=\"index, follow, max-snippet:-1, max-image-preview:large, max-video-preview:-1\" \/>\n<link rel=\"canonical\" href=\"https:\/\/trampampam.lt\/en\/prekiu-katalogas\/balionai\/guminiai-balionai\/balionu-rinkinys-linksmieji-veidukai-30-cm-10-vnt\/\" \/>\n<meta property=\"og:locale\" content=\"en_US\" \/>\n<meta property=\"og:type\" content=\"article\" \/>\n<meta property=\"og:title\" content=\"Balion\u0173 rinkinys &quot;Linksmieji veidukai&quot; (30 cm), 10 vnt. - Trampampam.lt\" \/>\n<meta property=\"og:description\" content=\"Balion\u0173 rinkinys &quot;Linksmieji veidukai\u201d  Pakuot\u0117je Rasite 10 Vnt. skirting\u0173 \u00a0balion\u0173.  Galima p\u016bsti oru ar helio dujomis. P\u016btimui geriausia naudoti balion\u0173 p\u016btimo pomp\u0105, kuri\u0105 taip pat rasite m\u016bs\u0173 parduotuv\u0117je.  prip\u016bsto baliono skersmuo yra ~30 Cm (12\u2033)\" \/>\n<meta property=\"og:url\" content=\"https:\/\/trampampam.lt\/en\/prekiu-katalogas\/balionai\/guminiai-balionai\/balionu-rinkinys-linksmieji-veidukai-30-cm-10-vnt\/\" \/>\n<meta property=\"og:site_name\" content=\"Trampampam.lt\" \/>\n<meta property=\"article:publisher\" content=\"https:\/\/www.facebook.com\/Trampampam.lt\" \/>\n<meta property=\"article:modified_time\" content=\"2024-06-30T09:19:30+00:00\" \/>\n<meta property=\"og:image\" content=\"https:\/\/trampampam.lt\/wp-content\/uploads\/2023\/11\/PNG-image-15-e1698875464920.png\" \/>\n\t<meta property=\"og:image:width\" content=\"650\" \/>\n\t<meta property=\"og:image:height\" content=\"622\" \/>\n\t<meta property=\"og:image:type\" content=\"image\/png\" \/>\n<meta name=\"twitter:card\" content=\"summary_large_image\" \/>\n<script type=\"application\/ld+json\" class=\"yoast-schema-graph\">{\"@context\":\"https:\\\/\\\/schema.org\",\"@graph\":[{\"@type\":\"WebPage\",\"@id\":\"https:\\\/\\\/trampampam.lt\\\/prekiu-katalogas\\\/balionai\\\/guminiai-balionai\\\/balionu-rinkinys-linksmieji-veidukai-30-cm-10-vnt\\\/\",\"url\":\"https:\\\/\\\/trampampam.lt\\\/prekiu-katalogas\\\/balionai\\\/guminiai-balionai\\\/balionu-rinkinys-linksmieji-veidukai-30-cm-10-vnt\\\/\",\"name\":\"Balion\u0173 rinkinys \\\"Linksmieji veidukai\\\" (30 cm), 10 vnt. - Trampampam.lt\",\"isPartOf\":{\"@id\":\"https:\\\/\\\/trampampam.lt\\\/#website\"},\"primaryImageOfPage\":{\"@id\":\"https:\\\/\\\/trampampam.lt\\\/prekiu-katalogas\\\/balionai\\\/guminiai-balionai\\\/balionu-rinkinys-linksmieji-veidukai-30-cm-10-vnt\\\/#primaryimage\"},\"image\":{\"@id\":\"https:\\\/\\\/trampampam.lt\\\/prekiu-katalogas\\\/balionai\\\/guminiai-balionai\\\/balionu-rinkinys-linksmieji-veidukai-30-cm-10-vnt\\\/#primaryimage\"},\"thumbnailUrl\":\"https:\\\/\\\/i0.wp.com\\\/trampampam.lt\\\/wp-content\\\/uploads\\\/2023\\\/11\\\/PNG-image-15-e1698875464920.png?fit=650%2C622&ssl=1\",\"datePublished\":\"2023-11-01T21:35:07+00:00\",\"dateModified\":\"2024-06-30T09:19:30+00:00\",\"breadcrumb\":{\"@id\":\"https:\\\/\\\/trampampam.lt\\\/prekiu-katalogas\\\/balionai\\\/guminiai-balionai\\\/balionu-rinkinys-linksmieji-veidukai-30-cm-10-vnt\\\/#breadcrumb\"},\"inLanguage\":\"en-US\",\"potentialAction\":[{\"@type\":\"ReadAction\",\"target\":[\"https:\\\/\\\/trampampam.lt\\\/prekiu-katalogas\\\/balionai\\\/guminiai-balionai\\\/balionu-rinkinys-linksmieji-veidukai-30-cm-10-vnt\\\/\"]}]},{\"@type\":\"ImageObject\",\"inLanguage\":\"en-US\",\"@id\":\"https:\\\/\\\/trampampam.lt\\\/prekiu-katalogas\\\/balionai\\\/guminiai-balionai\\\/balionu-rinkinys-linksmieji-veidukai-30-cm-10-vnt\\\/#primaryimage\",\"url\":\"https:\\\/\\\/i0.wp.com\\\/trampampam.lt\\\/wp-content\\\/uploads\\\/2023\\\/11\\\/PNG-image-15-e1698875464920.png?fit=650%2C622&ssl=1\",\"contentUrl\":\"https:\\\/\\\/i0.wp.com\\\/trampampam.lt\\\/wp-content\\\/uploads\\\/2023\\\/11\\\/PNG-image-15-e1698875464920.png?fit=650%2C622&ssl=1\",\"width\":650,\"height\":622,\"caption\":\"Balionai veidukai\"},{\"@type\":\"BreadcrumbList\",\"@id\":\"https:\\\/\\\/trampampam.lt\\\/prekiu-katalogas\\\/balionai\\\/guminiai-balionai\\\/balionu-rinkinys-linksmieji-veidukai-30-cm-10-vnt\\\/#breadcrumb\",\"itemListElement\":[{\"@type\":\"ListItem\",\"position\":1,\"name\":\"Home\",\"item\":\"https:\\\/\\\/trampampam.lt\\\/\"},{\"@type\":\"ListItem\",\"position\":2,\"name\":\"Preki\u0173 katalogas\",\"item\":\"https:\\\/\\\/trampampam.lt\\\/\"},{\"@type\":\"ListItem\",\"position\":3,\"name\":\"Balion\u0173 rinkinys &#8220;Linksmieji veidukai&#8221; (30 cm), 10 vnt.\"}]},{\"@type\":\"WebSite\",\"@id\":\"https:\\\/\\\/trampampam.lt\\\/#website\",\"url\":\"https:\\\/\\\/trampampam.lt\\\/\",\"name\":\"Telefon\u0173 d\u0117klai, Balionai ir kita \u0161ventin\u0117 atributika | Trampampam.lt\",\"description\":\"Telefon\u0173 d\u0117klai, balionai, dovan\u0173 id\u0117jos ir kita \u0161ventin\u0117 atributika\",\"publisher\":{\"@id\":\"https:\\\/\\\/trampampam.lt\\\/#organization\"},\"alternateName\":\"Telefon\u0173 d\u0117klai\",\"potentialAction\":[{\"@type\":\"SearchAction\",\"target\":{\"@type\":\"EntryPoint\",\"urlTemplate\":\"https:\\\/\\\/trampampam.lt\\\/?s={search_term_string}\"},\"query-input\":{\"@type\":\"PropertyValueSpecification\",\"valueRequired\":true,\"valueName\":\"search_term_string\"}}],\"inLanguage\":\"en-US\"},{\"@type\":\"Organization\",\"@id\":\"https:\\\/\\\/trampampam.lt\\\/#organization\",\"name\":\"Trampampam.lt\",\"url\":\"https:\\\/\\\/trampampam.lt\\\/\",\"logo\":{\"@type\":\"ImageObject\",\"inLanguage\":\"en-US\",\"@id\":\"https:\\\/\\\/trampampam.lt\\\/#\\\/schema\\\/logo\\\/image\\\/\",\"url\":\"https:\\\/\\\/i0.wp.com\\\/trampampam.lt\\\/wp-content\\\/uploads\\\/2023\\\/11\\\/Small-logo-be-fono-1-e1698868741484.png?fit=390%2C399&ssl=1\",\"contentUrl\":\"https:\\\/\\\/i0.wp.com\\\/trampampam.lt\\\/wp-content\\\/uploads\\\/2023\\\/11\\\/Small-logo-be-fono-1-e1698868741484.png?fit=390%2C399&ssl=1\",\"width\":390,\"height\":399,\"caption\":\"Trampampam.lt\"},\"image\":{\"@id\":\"https:\\\/\\\/trampampam.lt\\\/#\\\/schema\\\/logo\\\/image\\\/\"},\"sameAs\":[\"https:\\\/\\\/www.facebook.com\\\/Trampampam.lt\",\"https:\\\/\\\/www.instagram.com\\\/trampampam.lt\\\/\"]}]}<\/script>\n<!-- \/ Yoast SEO plugin. -->","yoast_head_json":{"title":"Balion\u0173 rinkinys \"Linksmieji veidukai\" (30 cm), 10 vnt. - Trampampam.lt","robots":{"index":"index","follow":"follow","max-snippet":"max-snippet:-1","max-image-preview":"max-image-preview:large","max-video-preview":"max-video-preview:-1"},"canonical":"https:\/\/trampampam.lt\/en\/prekiu-katalogas\/balionai\/guminiai-balionai\/balionu-rinkinys-linksmieji-veidukai-30-cm-10-vnt\/","og_locale":"en_US","og_type":"article","og_title":"Balion\u0173 rinkinys \"Linksmieji veidukai\" (30 cm), 10 vnt. - Trampampam.lt","og_description":"Balion\u0173 rinkinys \"Linksmieji veidukai\u201d  Pakuot\u0117je Rasite 10 Vnt. skirting\u0173 \u00a0balion\u0173.  Galima p\u016bsti oru ar helio dujomis. P\u016btimui geriausia naudoti balion\u0173 p\u016btimo pomp\u0105, kuri\u0105 taip pat rasite m\u016bs\u0173 parduotuv\u0117je.  prip\u016bsto baliono skersmuo yra ~30 Cm (12\u2033)","og_url":"https:\/\/trampampam.lt\/en\/prekiu-katalogas\/balionai\/guminiai-balionai\/balionu-rinkinys-linksmieji-veidukai-30-cm-10-vnt\/","og_site_name":"Trampampam.lt","article_publisher":"https:\/\/www.facebook.com\/Trampampam.lt","article_modified_time":"2024-06-30T09:19:30+00:00","og_image":[{"width":650,"height":622,"url":"https:\/\/trampampam.lt\/wp-content\/uploads\/2023\/11\/PNG-image-15-e1698875464920.png","type":"image\/png"}],"twitter_card":"summary_large_image","schema":{"@context":"https:\/\/schema.org","@graph":[{"@type":"WebPage","@id":"https:\/\/trampampam.lt\/prekiu-katalogas\/balionai\/guminiai-balionai\/balionu-rinkinys-linksmieji-veidukai-30-cm-10-vnt\/","url":"https:\/\/trampampam.lt\/prekiu-katalogas\/balionai\/guminiai-balionai\/balionu-rinkinys-linksmieji-veidukai-30-cm-10-vnt\/","name":"Balion\u0173 rinkinys \"Linksmieji veidukai\" (30 cm), 10 vnt. - Trampampam.lt","isPartOf":{"@id":"https:\/\/trampampam.lt\/#website"},"primaryImageOfPage":{"@id":"https:\/\/trampampam.lt\/prekiu-katalogas\/balionai\/guminiai-balionai\/balionu-rinkinys-linksmieji-veidukai-30-cm-10-vnt\/#primaryimage"},"image":{"@id":"https:\/\/trampampam.lt\/prekiu-katalogas\/balionai\/guminiai-balionai\/balionu-rinkinys-linksmieji-veidukai-30-cm-10-vnt\/#primaryimage"},"thumbnailUrl":"https:\/\/i0.wp.com\/trampampam.lt\/wp-content\/uploads\/2023\/11\/PNG-image-15-e1698875464920.png?fit=650%2C622&ssl=1","datePublished":"2023-11-01T21:35:07+00:00","dateModified":"2024-06-30T09:19:30+00:00","breadcrumb":{"@id":"https:\/\/trampampam.lt\/prekiu-katalogas\/balionai\/guminiai-balionai\/balionu-rinkinys-linksmieji-veidukai-30-cm-10-vnt\/#breadcrumb"},"inLanguage":"en-US","potentialAction":[{"@type":"ReadAction","target":["https:\/\/trampampam.lt\/prekiu-katalogas\/balionai\/guminiai-balionai\/balionu-rinkinys-linksmieji-veidukai-30-cm-10-vnt\/"]}]},{"@type":"ImageObject","inLanguage":"en-US","@id":"https:\/\/trampampam.lt\/prekiu-katalogas\/balionai\/guminiai-balionai\/balionu-rinkinys-linksmieji-veidukai-30-cm-10-vnt\/#primaryimage","url":"https:\/\/i0.wp.com\/trampampam.lt\/wp-content\/uploads\/2023\/11\/PNG-image-15-e1698875464920.png?fit=650%2C622&ssl=1","contentUrl":"https:\/\/i0.wp.com\/trampampam.lt\/wp-content\/uploads\/2023\/11\/PNG-image-15-e1698875464920.png?fit=650%2C622&ssl=1","width":650,"height":622,"caption":"Balionai veidukai"},{"@type":"BreadcrumbList","@id":"https:\/\/trampampam.lt\/prekiu-katalogas\/balionai\/guminiai-balionai\/balionu-rinkinys-linksmieji-veidukai-30-cm-10-vnt\/#breadcrumb","itemListElement":[{"@type":"ListItem","position":1,"name":"Home","item":"https:\/\/trampampam.lt\/"},{"@type":"ListItem","position":2,"name":"Preki\u0173 katalogas","item":"https:\/\/trampampam.lt\/"},{"@type":"ListItem","position":3,"name":"Balion\u0173 rinkinys &#8220;Linksmieji veidukai&#8221; (30 cm), 10 vnt."}]},{"@type":"WebSite","@id":"https:\/\/trampampam.lt\/#website","url":"https:\/\/trampampam.lt\/","name":"Telefon\u0173 d\u0117klai, Balionai ir kita \u0161ventin\u0117 atributika | Trampampam.lt","description":"Telefon\u0173 d\u0117klai, balionai, dovan\u0173 id\u0117jos ir kita \u0161ventin\u0117 atributika","publisher":{"@id":"https:\/\/trampampam.lt\/#organization"},"alternateName":"Telefon\u0173 d\u0117klai","potentialAction":[{"@type":"SearchAction","target":{"@type":"EntryPoint","urlTemplate":"https:\/\/trampampam.lt\/?s={search_term_string}"},"query-input":{"@type":"PropertyValueSpecification","valueRequired":true,"valueName":"search_term_string"}}],"inLanguage":"en-US"},{"@type":"Organization","@id":"https:\/\/trampampam.lt\/#organization","name":"Trampampam.lt","url":"https:\/\/trampampam.lt\/","logo":{"@type":"ImageObject","inLanguage":"en-US","@id":"https:\/\/trampampam.lt\/#\/schema\/logo\/image\/","url":"https:\/\/i0.wp.com\/trampampam.lt\/wp-content\/uploads\/2023\/11\/Small-logo-be-fono-1-e1698868741484.png?fit=390%2C399&ssl=1","contentUrl":"https:\/\/i0.wp.com\/trampampam.lt\/wp-content\/uploads\/2023\/11\/Small-logo-be-fono-1-e1698868741484.png?fit=390%2C399&ssl=1","width":390,"height":399,"caption":"Trampampam.lt"},"image":{"@id":"https:\/\/trampampam.lt\/#\/schema\/logo\/image\/"},"sameAs":["https:\/\/www.facebook.com\/Trampampam.lt","https:\/\/www.instagram.com\/trampampam.lt\/"]}]}},"jetpack_publicize_connections":[],"jetpack_sharing_enabled":true,"_links":{"self":[{"href":"https:\/\/trampampam.lt\/en\/wp-json\/wp\/v2\/product\/464","targetHints":{"allow":["GET"]}}],"collection":[{"href":"https:\/\/trampampam.lt\/en\/wp-json\/wp\/v2\/product"}],"about":[{"href":"https:\/\/trampampam.lt\/en\/wp-json\/wp\/v2\/types\/product"}],"replies":[{"embeddable":true,"href":"https:\/\/trampampam.lt\/en\/wp-json\/wp\/v2\/comments?post=464"}],"wp:featuredmedia":[{"embeddable":true,"href":"https:\/\/trampampam.lt\/en\/wp-json\/wp\/v2\/media\/467"}],"wp:attachment":[{"href":"https:\/\/trampampam.lt\/en\/wp-json\/wp\/v2\/media?parent=464"}],"wp:term":[{"taxonomy":"product_brand","embeddable":true,"href":"https:\/\/trampampam.lt\/en\/wp-json\/wp\/v2\/product_brand?post=464"},{"taxonomy":"product_cat","embeddable":true,"href":"https:\/\/trampampam.lt\/en\/wp-json\/wp\/v2\/product_cat?post=464"},{"taxonomy":"product_tag","embeddable":true,"href":"https:\/\/trampampam.lt\/en\/wp-json\/wp\/v2\/product_tag?post=464"}],"curies":[{"name":"wp","href":"https:\/\/api.w.org\/{rel}","templated":true}]}}