{"id":4563,"date":"2026-02-08T20:15:53","date_gmt":"2026-02-08T18:15:53","guid":{"rendered":"https:\/\/trampampam.lt\/produktas\/white-marble-apple-airpods-tough-case\/"},"modified":"2026-04-30T10:20:00","modified_gmt":"2026-04-30T07:20:00","slug":"white-marble-apple-airpods-tough-case","status":"publish","type":"product","link":"https:\/\/trampampam.lt\/en\/product\/white-marble-apple-airpods-tough-case\/","title":{"rendered":"White Marble &#8211; Apple AirPods Tough Case"},"content":{"rendered":"<h1>\ud83c\udfa7\ud83d\udca5 Ausin\u0117s \u2013 saugios. Stilius \u2013 max.<\/h1>\n<h1>Laikas upgrade\u2019inti savo ausini\u0173 apsaug\u0105 su Tough Earphone Case. Tvirtas, stilingas ir pasiruo\u0161\u0119s kasdieniams nuotykiams \u2013 nuo kuprin\u0117s dugno iki nety\u010dinio kritimo ant grind\u0173.<\/h1>\n<h2>\u2714\ufe0f Kietas kaip vinis (rimtai)<\/h2>\n<h2>\u2714\ufe0f Pagamintas i\u0161 auk\u0161\u010diausios kokyb\u0117s med\u017eiag\u0173<\/h2>\n<h2>\u2714\ufe0f Blizgus pavir\u0161ius, kuris traukia ak\u012f<\/h2>\n<h2>\u2714\ufe0f Spauda nenusitrina \u2013 spalvos lieka ry\u0161kios<\/h2>\n<h2>Ma\u017eiau streso, daugiau ramyb\u0117s. Apsaugok ausines ir parodyk savo vibe\u2019\u0105.<\/h2>\n<h2>Drop it, throw it \u2013 jis atlaikys. \ud83d\udd25<\/h2>","protected":false},"excerpt":{"rendered":"<h1>\ud83c\udfa7\ud83d\udca5 Ausin\u0117s \u2013 saugios. Stilius \u2013 max.<\/h1>\n<h1>Laikas upgrade\u2019inti savo ausini\u0173 apsaug\u0105 su Tough Earphone Case. Tvirtas, stilingas ir pasiruo\u0161\u0119s kasdieniams nuotykiams \u2013 nuo kuprin\u0117s dugno iki nety\u010dinio kritimo ant grind\u0173.<\/h1>\n<h2>\u2714\ufe0f Kietas kaip vinis (rimtai)<\/h2>\n<h2>\u2714\ufe0f Pagamintas i\u0161 auk\u0161\u010diausios kokyb\u0117s med\u017eiag\u0173<\/h2>\n<h2>\u2714\ufe0f Blizgus pavir\u0161ius, kuris traukia ak\u012f<\/h2>\n<h2>\u2714\ufe0f Spauda nenusitrina \u2013 spalvos lieka ry\u0161kios<\/h2>\n<h2>Ma\u017eiau streso, daugiau ramyb\u0117s. Apsaugok ausines ir parodyk savo vibe\u2019\u0105.<\/h2>\n<h2>Drop it, throw it \u2013 jis atlaikys. \ud83d\udd25<\/h2>","protected":false},"featured_media":4570,"comment_status":"open","ping_status":"closed","template":"","meta":{"jetpack_publicize_message":"","jetpack_publicize_feature_enabled":true,"jetpack_social_post_already_shared":true,"jetpack_social_options":{"image_generator_settings":{"template":"highway","default_image_id":0,"font":"","enabled":false},"version":2}},"product_brand":[],"product_cat":[430],"product_tag":[412,411,251,409,339,410],"class_list":{"0":"post-4563","1":"product","2":"type-product","3":"status-publish","4":"has-post-thumbnail","6":"product_cat-ausiniu-deklai","7":"product_tag-airpods-case","8":"product_tag-apple-airpods-case","9":"product_tag-case","10":"product_tag-earphones","11":"product_tag-marble","12":"product_tag-print-on-demand-earphones","13":"product_shipping_class-podbase","15":"first","16":"instock","17":"shipping-taxable","18":"purchasable","19":"product-type-variable"},"yoast_head":"<!-- This site is optimized with the Yoast SEO plugin v27.5 - https:\/\/yoast.com\/product\/yoast-seo-wordpress\/ -->\n<title>White Marble - Apple AirPods Tough Case - Trampampam.lt<\/title>\n<meta name=\"robots\" content=\"index, follow, max-snippet:-1, max-image-preview:large, max-video-preview:-1\" \/>\n<link rel=\"canonical\" href=\"https:\/\/trampampam.lt\/en\/product\/white-marble-apple-airpods-tough-case\/\" \/>\n<meta property=\"og:locale\" content=\"en_US\" \/>\n<meta property=\"og:type\" content=\"article\" \/>\n<meta property=\"og:title\" content=\"White Marble - Apple AirPods Tough Case - Trampampam.lt\" \/>\n<meta property=\"og:description\" content=\"\ud83c\udfa7\ud83d\udca5 Ausin\u0117s \u2013 saugios. Stilius \u2013 max. Laikas upgrade\u2019inti savo ausini\u0173 apsaug\u0105 su Tough Earphone Case. Tvirtas, stilingas ir pasiruo\u0161\u0119s kasdieniams nuotykiams \u2013 nuo kuprin\u0117s dugno iki nety\u010dinio kritimo ant grind\u0173. \u2714\ufe0f Kietas kaip vinis (rimtai) \u2714\ufe0f Pagamintas i\u0161 auk\u0161\u010diausios kokyb\u0117s med\u017eiag\u0173 \u2714\ufe0f Blizgus pavir\u0161ius, kuris traukia ak\u012f \u2714\ufe0f Spauda nenusitrina \u2013 spalvos lieka ry\u0161kios Ma\u017eiau streso, daugiau ramyb\u0117s. Apsaugok ausines ir parodyk savo vibe\u2019\u0105. Drop it, throw it \u2013 jis atlaikys. \ud83d\udd25\" \/>\n<meta property=\"og:url\" content=\"https:\/\/trampampam.lt\/en\/product\/white-marble-apple-airpods-tough-case\/\" \/>\n<meta property=\"og:site_name\" content=\"Trampampam.lt\" \/>\n<meta property=\"article:publisher\" content=\"https:\/\/www.facebook.com\/Trampampam.lt\" \/>\n<meta property=\"article:modified_time\" content=\"2026-04-30T07:20:00+00:00\" \/>\n<meta property=\"og:image\" content=\"https:\/\/trampampam.lt\/wp-content\/uploads\/2026\/02\/6988d2c61d7063e937cfcecd.jpeg\" \/>\n\t<meta property=\"og:image:width\" content=\"1200\" \/>\n\t<meta property=\"og:image:height\" content=\"1200\" \/>\n\t<meta property=\"og:image:type\" content=\"image\/jpeg\" \/>\n<meta name=\"twitter:card\" content=\"summary_large_image\" \/>\n<meta name=\"twitter:label1\" content=\"Est. reading time\" \/>\n\t<meta name=\"twitter:data1\" content=\"1 minute\" \/>\n<script type=\"application\/ld+json\" class=\"yoast-schema-graph\">{\"@context\":\"https:\\\/\\\/schema.org\",\"@graph\":[{\"@type\":\"WebPage\",\"@id\":\"https:\\\/\\\/trampampam.lt\\\/produktas\\\/white-marble-apple-airpods-tough-case\\\/\",\"url\":\"https:\\\/\\\/trampampam.lt\\\/produktas\\\/white-marble-apple-airpods-tough-case\\\/\",\"name\":\"White Marble - Apple AirPods Tough Case - Trampampam.lt\",\"isPartOf\":{\"@id\":\"https:\\\/\\\/trampampam.lt\\\/#website\"},\"primaryImageOfPage\":{\"@id\":\"https:\\\/\\\/trampampam.lt\\\/produktas\\\/white-marble-apple-airpods-tough-case\\\/#primaryimage\"},\"image\":{\"@id\":\"https:\\\/\\\/trampampam.lt\\\/produktas\\\/white-marble-apple-airpods-tough-case\\\/#primaryimage\"},\"thumbnailUrl\":\"https:\\\/\\\/i0.wp.com\\\/trampampam.lt\\\/wp-content\\\/uploads\\\/2026\\\/02\\\/6988d2c61d7063e937cfcecd.jpeg?fit=1200%2C1200&ssl=1\",\"datePublished\":\"2026-02-08T18:15:53+00:00\",\"dateModified\":\"2026-04-30T07:20:00+00:00\",\"breadcrumb\":{\"@id\":\"https:\\\/\\\/trampampam.lt\\\/produktas\\\/white-marble-apple-airpods-tough-case\\\/#breadcrumb\"},\"inLanguage\":\"en-US\",\"potentialAction\":[{\"@type\":\"ReadAction\",\"target\":[\"https:\\\/\\\/trampampam.lt\\\/produktas\\\/white-marble-apple-airpods-tough-case\\\/\"]}]},{\"@type\":\"ImageObject\",\"inLanguage\":\"en-US\",\"@id\":\"https:\\\/\\\/trampampam.lt\\\/produktas\\\/white-marble-apple-airpods-tough-case\\\/#primaryimage\",\"url\":\"https:\\\/\\\/i0.wp.com\\\/trampampam.lt\\\/wp-content\\\/uploads\\\/2026\\\/02\\\/6988d2c61d7063e937cfcecd.jpeg?fit=1200%2C1200&ssl=1\",\"contentUrl\":\"https:\\\/\\\/i0.wp.com\\\/trampampam.lt\\\/wp-content\\\/uploads\\\/2026\\\/02\\\/6988d2c61d7063e937cfcecd.jpeg?fit=1200%2C1200&ssl=1\",\"width\":1200,\"height\":1200},{\"@type\":\"BreadcrumbList\",\"@id\":\"https:\\\/\\\/trampampam.lt\\\/produktas\\\/white-marble-apple-airpods-tough-case\\\/#breadcrumb\",\"itemListElement\":[{\"@type\":\"ListItem\",\"position\":1,\"name\":\"Home\",\"item\":\"https:\\\/\\\/trampampam.lt\\\/\"},{\"@type\":\"ListItem\",\"position\":2,\"name\":\"Preki\u0173 katalogas\",\"item\":\"https:\\\/\\\/trampampam.lt\\\/\"},{\"@type\":\"ListItem\",\"position\":3,\"name\":\"White Marble &#8211; Apple AirPods Tough Case\"}]},{\"@type\":\"WebSite\",\"@id\":\"https:\\\/\\\/trampampam.lt\\\/#website\",\"url\":\"https:\\\/\\\/trampampam.lt\\\/\",\"name\":\"Telefon\u0173 d\u0117klai, Balionai ir kita \u0161ventin\u0117 atributika | Trampampam.lt\",\"description\":\"Telefon\u0173 d\u0117klai, balionai, dovan\u0173 id\u0117jos ir kita \u0161ventin\u0117 atributika\",\"publisher\":{\"@id\":\"https:\\\/\\\/trampampam.lt\\\/#organization\"},\"alternateName\":\"Telefon\u0173 d\u0117klai\",\"potentialAction\":[{\"@type\":\"SearchAction\",\"target\":{\"@type\":\"EntryPoint\",\"urlTemplate\":\"https:\\\/\\\/trampampam.lt\\\/?s={search_term_string}\"},\"query-input\":{\"@type\":\"PropertyValueSpecification\",\"valueRequired\":true,\"valueName\":\"search_term_string\"}}],\"inLanguage\":\"en-US\"},{\"@type\":\"Organization\",\"@id\":\"https:\\\/\\\/trampampam.lt\\\/#organization\",\"name\":\"Trampampam.lt\",\"url\":\"https:\\\/\\\/trampampam.lt\\\/\",\"logo\":{\"@type\":\"ImageObject\",\"inLanguage\":\"en-US\",\"@id\":\"https:\\\/\\\/trampampam.lt\\\/#\\\/schema\\\/logo\\\/image\\\/\",\"url\":\"https:\\\/\\\/i0.wp.com\\\/trampampam.lt\\\/wp-content\\\/uploads\\\/2023\\\/11\\\/Small-logo-be-fono-1-e1698868741484.png?fit=390%2C399&ssl=1\",\"contentUrl\":\"https:\\\/\\\/i0.wp.com\\\/trampampam.lt\\\/wp-content\\\/uploads\\\/2023\\\/11\\\/Small-logo-be-fono-1-e1698868741484.png?fit=390%2C399&ssl=1\",\"width\":390,\"height\":399,\"caption\":\"Trampampam.lt\"},\"image\":{\"@id\":\"https:\\\/\\\/trampampam.lt\\\/#\\\/schema\\\/logo\\\/image\\\/\"},\"sameAs\":[\"https:\\\/\\\/www.facebook.com\\\/Trampampam.lt\",\"https:\\\/\\\/www.instagram.com\\\/trampampam.lt\\\/\"]}]}<\/script>\n<!-- \/ Yoast SEO plugin. -->","yoast_head_json":{"title":"White Marble - Apple AirPods Tough Case - Trampampam.lt","robots":{"index":"index","follow":"follow","max-snippet":"max-snippet:-1","max-image-preview":"max-image-preview:large","max-video-preview":"max-video-preview:-1"},"canonical":"https:\/\/trampampam.lt\/en\/product\/white-marble-apple-airpods-tough-case\/","og_locale":"en_US","og_type":"article","og_title":"White Marble - Apple AirPods Tough Case - Trampampam.lt","og_description":"\ud83c\udfa7\ud83d\udca5 Ausin\u0117s \u2013 saugios. Stilius \u2013 max. Laikas upgrade\u2019inti savo ausini\u0173 apsaug\u0105 su Tough Earphone Case. Tvirtas, stilingas ir pasiruo\u0161\u0119s kasdieniams nuotykiams \u2013 nuo kuprin\u0117s dugno iki nety\u010dinio kritimo ant grind\u0173. \u2714\ufe0f Kietas kaip vinis (rimtai) \u2714\ufe0f Pagamintas i\u0161 auk\u0161\u010diausios kokyb\u0117s med\u017eiag\u0173 \u2714\ufe0f Blizgus pavir\u0161ius, kuris traukia ak\u012f \u2714\ufe0f Spauda nenusitrina \u2013 spalvos lieka ry\u0161kios Ma\u017eiau streso, daugiau ramyb\u0117s. Apsaugok ausines ir parodyk savo vibe\u2019\u0105. Drop it, throw it \u2013 jis atlaikys. \ud83d\udd25","og_url":"https:\/\/trampampam.lt\/en\/product\/white-marble-apple-airpods-tough-case\/","og_site_name":"Trampampam.lt","article_publisher":"https:\/\/www.facebook.com\/Trampampam.lt","article_modified_time":"2026-04-30T07:20:00+00:00","og_image":[{"width":1200,"height":1200,"url":"https:\/\/trampampam.lt\/wp-content\/uploads\/2026\/02\/6988d2c61d7063e937cfcecd.jpeg","type":"image\/jpeg"}],"twitter_card":"summary_large_image","twitter_misc":{"Est. reading time":"1 minute"},"schema":{"@context":"https:\/\/schema.org","@graph":[{"@type":"WebPage","@id":"https:\/\/trampampam.lt\/produktas\/white-marble-apple-airpods-tough-case\/","url":"https:\/\/trampampam.lt\/produktas\/white-marble-apple-airpods-tough-case\/","name":"White Marble - Apple AirPods Tough Case - Trampampam.lt","isPartOf":{"@id":"https:\/\/trampampam.lt\/#website"},"primaryImageOfPage":{"@id":"https:\/\/trampampam.lt\/produktas\/white-marble-apple-airpods-tough-case\/#primaryimage"},"image":{"@id":"https:\/\/trampampam.lt\/produktas\/white-marble-apple-airpods-tough-case\/#primaryimage"},"thumbnailUrl":"https:\/\/i0.wp.com\/trampampam.lt\/wp-content\/uploads\/2026\/02\/6988d2c61d7063e937cfcecd.jpeg?fit=1200%2C1200&ssl=1","datePublished":"2026-02-08T18:15:53+00:00","dateModified":"2026-04-30T07:20:00+00:00","breadcrumb":{"@id":"https:\/\/trampampam.lt\/produktas\/white-marble-apple-airpods-tough-case\/#breadcrumb"},"inLanguage":"en-US","potentialAction":[{"@type":"ReadAction","target":["https:\/\/trampampam.lt\/produktas\/white-marble-apple-airpods-tough-case\/"]}]},{"@type":"ImageObject","inLanguage":"en-US","@id":"https:\/\/trampampam.lt\/produktas\/white-marble-apple-airpods-tough-case\/#primaryimage","url":"https:\/\/i0.wp.com\/trampampam.lt\/wp-content\/uploads\/2026\/02\/6988d2c61d7063e937cfcecd.jpeg?fit=1200%2C1200&ssl=1","contentUrl":"https:\/\/i0.wp.com\/trampampam.lt\/wp-content\/uploads\/2026\/02\/6988d2c61d7063e937cfcecd.jpeg?fit=1200%2C1200&ssl=1","width":1200,"height":1200},{"@type":"BreadcrumbList","@id":"https:\/\/trampampam.lt\/produktas\/white-marble-apple-airpods-tough-case\/#breadcrumb","itemListElement":[{"@type":"ListItem","position":1,"name":"Home","item":"https:\/\/trampampam.lt\/"},{"@type":"ListItem","position":2,"name":"Preki\u0173 katalogas","item":"https:\/\/trampampam.lt\/"},{"@type":"ListItem","position":3,"name":"White Marble &#8211; Apple AirPods Tough Case"}]},{"@type":"WebSite","@id":"https:\/\/trampampam.lt\/#website","url":"https:\/\/trampampam.lt\/","name":"Telefon\u0173 d\u0117klai, Balionai ir kita \u0161ventin\u0117 atributika | Trampampam.lt","description":"Telefon\u0173 d\u0117klai, balionai, dovan\u0173 id\u0117jos ir kita \u0161ventin\u0117 atributika","publisher":{"@id":"https:\/\/trampampam.lt\/#organization"},"alternateName":"Telefon\u0173 d\u0117klai","potentialAction":[{"@type":"SearchAction","target":{"@type":"EntryPoint","urlTemplate":"https:\/\/trampampam.lt\/?s={search_term_string}"},"query-input":{"@type":"PropertyValueSpecification","valueRequired":true,"valueName":"search_term_string"}}],"inLanguage":"en-US"},{"@type":"Organization","@id":"https:\/\/trampampam.lt\/#organization","name":"Trampampam.lt","url":"https:\/\/trampampam.lt\/","logo":{"@type":"ImageObject","inLanguage":"en-US","@id":"https:\/\/trampampam.lt\/#\/schema\/logo\/image\/","url":"https:\/\/i0.wp.com\/trampampam.lt\/wp-content\/uploads\/2023\/11\/Small-logo-be-fono-1-e1698868741484.png?fit=390%2C399&ssl=1","contentUrl":"https:\/\/i0.wp.com\/trampampam.lt\/wp-content\/uploads\/2023\/11\/Small-logo-be-fono-1-e1698868741484.png?fit=390%2C399&ssl=1","width":390,"height":399,"caption":"Trampampam.lt"},"image":{"@id":"https:\/\/trampampam.lt\/#\/schema\/logo\/image\/"},"sameAs":["https:\/\/www.facebook.com\/Trampampam.lt","https:\/\/www.instagram.com\/trampampam.lt\/"]}]}},"jetpack_publicize_connections":[],"jetpack_sharing_enabled":true,"_links":{"self":[{"href":"https:\/\/trampampam.lt\/en\/wp-json\/wp\/v2\/product\/4563","targetHints":{"allow":["GET"]}}],"collection":[{"href":"https:\/\/trampampam.lt\/en\/wp-json\/wp\/v2\/product"}],"about":[{"href":"https:\/\/trampampam.lt\/en\/wp-json\/wp\/v2\/types\/product"}],"replies":[{"embeddable":true,"href":"https:\/\/trampampam.lt\/en\/wp-json\/wp\/v2\/comments?post=4563"}],"wp:featuredmedia":[{"embeddable":true,"href":"https:\/\/trampampam.lt\/en\/wp-json\/wp\/v2\/media\/4570"}],"wp:attachment":[{"href":"https:\/\/trampampam.lt\/en\/wp-json\/wp\/v2\/media?parent=4563"}],"wp:term":[{"taxonomy":"product_brand","embeddable":true,"href":"https:\/\/trampampam.lt\/en\/wp-json\/wp\/v2\/product_brand?post=4563"},{"taxonomy":"product_cat","embeddable":true,"href":"https:\/\/trampampam.lt\/en\/wp-json\/wp\/v2\/product_cat?post=4563"},{"taxonomy":"product_tag","embeddable":true,"href":"https:\/\/trampampam.lt\/en\/wp-json\/wp\/v2\/product_tag?post=4563"}],"curies":[{"name":"wp","href":"https:\/\/api.w.org\/{rel}","templated":true}]}}