{"id":3659,"date":"2025-11-15T20:52:18","date_gmt":"2025-11-15T18:52:18","guid":{"rendered":"https:\/\/trampampam.lt\/produktas\/sweet-magnolias-apple-ipad-case\/"},"modified":"2026-04-25T18:18:23","modified_gmt":"2026-04-25T15:18:23","slug":"sweet-magnolias-apple-ipad-case","status":"publish","type":"product","link":"https:\/\/trampampam.lt\/en\/product\/sweet-magnolias-apple-ipad-case\/","title":{"rendered":"Sweet Magnolias &#8211; Apple iPad Case"},"content":{"rendered":"<h1>\ud83d\udcf1 iPad apsauga, kuri atrodo taip pat gerai, kaip veikia<\/h1>\n<h1>Ups\u2019ai nutinka \u2013 bet tavo iPad\u2019as gali likti safe. M\u016bs\u0173 premium iPad d\u0117klai yra lengvi, bet rimtai tvirti: saugo nuo sm\u016bgi\u0173, brai\u017eym\u0173 ir kasdienio chaoso.<\/h1>\n<h1>\u2714\ufe0f Dvipus\u0117 apsauga \u2013 daugiau ramyb\u0117s<\/h1>\n<h1>\u2714\ufe0f Mink\u0161tas mikropluo\u0161to vidus + sm\u016bgius sugeriantis TPU<\/h1>\n<h1>\u2714\ufe0f Integruotas Apple Pencil laikiklis (viskas savo vietoje \u270f\ufe0f)<\/h1>\n<h1>\u2714\ufe0f I\u0161or\u0117 i\u0161 VEGAN Saffiano odos \u2013 prabangus look\u2019as be kompromis\u0173<\/h1>\n<h1>\u2714\ufe0f Spauda nei\u0161blunka<\/h1>\n<h1>Minimalus dizainas, max apsauga. Stilius, kuris laikosi met\u0173 metus.<\/h1>\n<h1>Tavo iPad\u2019ui \u2013 tik geriausia. \ud83d\udd25<\/h1>\n<h3><strong>iPad Pro 13 (7th Gen) 2024 kuris tinka:<\/strong><\/h3>\n<h3>Models no\u2019s: A2925; A2926<\/h3>\n<h3><strong>iPad Pro 11 (6th Gen) 2024 kuris tinka:<\/strong><\/h3>\n<h3>Models no\u2019s: A2836; A2837<\/h3>\n<h3><strong>iPad Air 13 (6th Gen) 2024 kuris tinka:<\/strong><\/h3>\n<h3>Models no\u2019s: A2898; A2899<\/h3>\n<h3><strong>iPad Pro 12.9 (6th\/5th\/4th\/3rd Gen) kuris tinka:<\/strong><\/h3>\n<h3>Models no\u2019s: A2014, A1876, A1895, A2069, A2232, A2229, A2378, A2461, A2379, A2462, A2764, A2436, A2437, A2766<\/h3>\n<h3><strong>iPad Pro 11 (4th\/3rd\/2nd\/1st Gen) kuris tinka:<\/strong><\/h3>\n<h3>Models no\u2019s: A1980, A2013, A1934, A2228, A2068, A2230, A2072, A2377, A2459, A2301, A2460, A2759, A2435, A2761, A2762<\/h3>\n<h3><strong>iPad 10.2 (9th\/8th\/7th Gen) kuris tinka:<\/strong><\/h3>\n<h3>Models no\u2019s: A2197, A2200, A2198, A2270, A2428, A2429, A2430, A2602, A2603, A2604, A2605<\/h3>\n<h3><strong>iPad Air 10.9 (5th\/4th Gen) kuris tinka:<\/strong><\/h3>\n<h3>A2316, A2324, A2325, A2072, A2588, A2589, A2591<\/h3>\n<h3><\/h3>","protected":false},"excerpt":{"rendered":"<h1>Nelaimingi atsitikimai nutinka, bet j\u0173 pasekmi\u0173 galite i\u0161vengti naudodami vien\u0105 i\u0161 m\u016bs\u0173 auk\u0161\u010diausios kokyb\u0117s iPad d\u0117kl\u0173! \u0160ie lengvi, bet tvirti d\u0117klai yra stilingi ir apsaugo j\u016bs\u0173 \u012frengin\u012f. Jie yra auk\u0161tos kokyb\u0117s, dvipusiai, tod\u0117l u\u017etikrina papildom\u0105 apsaug\u0105. Ir tai dar ne viskas \u2013 d\u0117kle yra specialus lizdas, skirtas j\u016bs\u0173 \u201eApple Pencil\u201c, tod\u0117l jis taps j\u016bs\u0173 iPad geriausiu draugu. Su m\u016bs\u0173 d\u0117klais gausite auk\u0161\u010diausios klas\u0117s stili\u0173, neprilygstam\u0105 patvarum\u0105 ir visi\u0161k\u0105 patogum\u0105, visk\u0105 viename eleganti\u0161kame pakete.<\/h1>\n<h1>Tai auk\u0161\u010diausios kokyb\u0117s produktas, pagamintas i\u0161 auk\u0161tos kokyb\u0117s med\u017eiag\u0173. Vidinis pus\u0117 pagaminta i\u0161 sm\u016bgius sugerian\u010dio TPU apvalkalo ir mikropluo\u0161to, apsaugan\u010dio j\u016bs\u0173 \u012frengin\u012f nuo nelaiming\u0173 atsitikim\u0173. I\u0161orinis sluoksnis pagamintas i\u0161 auk\u0161\u010diausios kokyb\u0117s VEGAN Saffiano odos, suteikian\u010dios prabang\u0173 i\u0161or\u0117s vaizd\u0105, kuris i\u0161liks ilgus metus.<\/h1>\n<h2>\u2022 Pasaulinio lygio med\u017eiagos<\/h2>\n<h2>\u2022 Vidus i\u0161klotas mink\u0161tu mikropluo\u0161tu, suteikian\u010diu papildom\u0105 apsaug\u0105<\/h2>\n<h2>\u2022 \u012emontuotas \u201eApple Pencil\u201c laikiklis<\/h2>\n<h2>\u2022 Nei\u0161blunkantys spaudiniai<\/h2>\n<p>&nbsp;<\/p>\n<h3><strong>iPad Pro 13 (7th Gen) 2024 kuris tinka:<\/strong><\/h3>\n<h3>Models no&#8217;s: A2925; A2926<\/h3>\n<h3><strong>iPad Pro 11 (6th Gen) 2024 kuris tinka:<\/strong><\/h3>\n<h3>Models no&#8217;s: A2836; A2837<\/h3>\n<h3><strong>iPad Air 13 (6th Gen) 2024 kuris tinka:<\/strong><\/h3>\n<h3>Models no&#8217;s: A2898; A2899<\/h3>\n<h3><strong>iPad Pro 12.9 (6th\/5th\/4th\/3rd Gen) kuris tinka:<\/strong><\/h3>\n<h3>Models no&#8217;s: A2014, A1876, A1895, A2069, A2232, A2229, A2378, A2461, A2379, A2462, A2764, A2436, A2437, A2766<\/h3>\n<h3><strong>iPad Pro 11 (4th\/3rd\/2nd\/1st Gen) kuris tinka:<\/strong><\/h3>\n<h3>Models no&#8217;s: A1980, A2013, A1934, A2228, A2068, A2230, A2072, A2377, A2459, A2301, A2460, A2759, A2435, A2761, A2762<\/h3>\n<h3><strong>iPad 10.2 (9th\/8th\/7th Gen) kuris tinka:<\/strong><\/h3>\n<h3>Models no&#8217;s: A2197, A2200, A2198, A2270, A2428, A2429, A2430, A2602, A2603, A2604, A2605<\/h3>\n<h3><strong>iPad Air 10.9 (5th\/4th Gen) kuris tinka:<\/strong><\/h3>\n<h3>A2316, A2324, A2325, A2072, A2588, A2589, A2591<\/h3>\n<p>&nbsp;<\/p>","protected":false},"featured_media":3664,"comment_status":"open","ping_status":"closed","template":"","meta":{"jetpack_publicize_message":"","jetpack_publicize_feature_enabled":true,"jetpack_social_post_already_shared":true,"jetpack_social_options":{"image_generator_settings":{"template":"highway","default_image_id":0,"font":"","enabled":false},"version":2}},"product_brand":[],"product_cat":[376],"product_tag":[374,251,372,373,325,379,378],"class_list":{"0":"post-3659","1":"product","2":"type-product","3":"status-publish","4":"has-post-thumbnail","6":"product_cat-ipad-planseciu-deklai","7":"product_tag-apple-ipad-case","8":"product_tag-case","9":"product_tag-ipad","10":"product_tag-ipad-case","11":"product_tag-magnolias","12":"product_tag-magnolias-ipad-case","13":"product_tag-sweet-magnolias","14":"product_shipping_class-podbase","16":"first","17":"instock","18":"shipping-taxable","19":"purchasable","20":"product-type-variable"},"yoast_head":"<!-- This site is optimized with the Yoast SEO plugin v27.5 - https:\/\/yoast.com\/product\/yoast-seo-wordpress\/ -->\n<title>Sweet Magnolias - Apple iPad Case - Trampampam.lt<\/title>\n<meta name=\"description\" content=\"Sweet Magnolias - Apple iPad Case auk\u0161\u010diausios kokyb\u0117s produktas, pagamintas i\u0161 auk\u0161tos kokyb\u0117s med\u017eiag\u0173. \u2022 \u012emontuotas \u201eApple Pencil\u201c laikiklis\" \/>\n<meta name=\"robots\" content=\"index, follow, max-snippet:-1, max-image-preview:large, max-video-preview:-1\" \/>\n<link rel=\"canonical\" href=\"https:\/\/trampampam.lt\/en\/product\/sweet-magnolias-apple-ipad-case\/\" \/>\n<meta property=\"og:locale\" content=\"en_US\" \/>\n<meta property=\"og:type\" content=\"article\" \/>\n<meta property=\"og:title\" content=\"Sweet Magnolias - Apple iPad Case - Trampampam.lt\" \/>\n<meta property=\"og:description\" content=\"Sweet Magnolias - Apple iPad Case auk\u0161\u010diausios kokyb\u0117s produktas, pagamintas i\u0161 auk\u0161tos kokyb\u0117s med\u017eiag\u0173. \u2022 \u012emontuotas \u201eApple Pencil\u201c laikiklis\" \/>\n<meta property=\"og:url\" content=\"https:\/\/trampampam.lt\/en\/product\/sweet-magnolias-apple-ipad-case\/\" \/>\n<meta property=\"og:site_name\" content=\"Trampampam.lt\" \/>\n<meta property=\"article:publisher\" content=\"https:\/\/www.facebook.com\/Trampampam.lt\" \/>\n<meta property=\"article:modified_time\" content=\"2026-04-25T15:18:23+00:00\" \/>\n<meta property=\"og:image\" content=\"https:\/\/i0.wp.com\/trampampam.lt\/wp-content\/uploads\/2025\/11\/67ec370a62697c4da4eaa856.jpeg?fit=1200%2C1200&ssl=1\" \/>\n\t<meta property=\"og:image:width\" content=\"1200\" \/>\n\t<meta property=\"og:image:height\" content=\"1200\" \/>\n\t<meta property=\"og:image:type\" content=\"image\/jpeg\" \/>\n<meta name=\"twitter:card\" content=\"summary_large_image\" \/>\n<meta name=\"twitter:label1\" content=\"Est. reading time\" \/>\n\t<meta name=\"twitter:data1\" content=\"2 minutes\" \/>\n<script type=\"application\/ld+json\" class=\"yoast-schema-graph\">{\"@context\":\"https:\\\/\\\/schema.org\",\"@graph\":[{\"@type\":\"WebPage\",\"@id\":\"https:\\\/\\\/trampampam.lt\\\/produktas\\\/sweet-magnolias-apple-ipad-case\\\/\",\"url\":\"https:\\\/\\\/trampampam.lt\\\/produktas\\\/sweet-magnolias-apple-ipad-case\\\/\",\"name\":\"Sweet Magnolias - Apple iPad Case - Trampampam.lt\",\"isPartOf\":{\"@id\":\"https:\\\/\\\/trampampam.lt\\\/#website\"},\"primaryImageOfPage\":{\"@id\":\"https:\\\/\\\/trampampam.lt\\\/produktas\\\/sweet-magnolias-apple-ipad-case\\\/#primaryimage\"},\"image\":{\"@id\":\"https:\\\/\\\/trampampam.lt\\\/produktas\\\/sweet-magnolias-apple-ipad-case\\\/#primaryimage\"},\"thumbnailUrl\":\"https:\\\/\\\/i0.wp.com\\\/trampampam.lt\\\/wp-content\\\/uploads\\\/2025\\\/11\\\/67ec370a62697c4da4eaa856.jpeg?fit=1200%2C1200&ssl=1\",\"datePublished\":\"2025-11-15T18:52:18+00:00\",\"dateModified\":\"2026-04-25T15:18:23+00:00\",\"description\":\"Sweet Magnolias - Apple iPad Case auk\u0161\u010diausios kokyb\u0117s produktas, pagamintas i\u0161 auk\u0161tos kokyb\u0117s med\u017eiag\u0173. \u2022 \u012emontuotas \u201eApple Pencil\u201c laikiklis\",\"breadcrumb\":{\"@id\":\"https:\\\/\\\/trampampam.lt\\\/produktas\\\/sweet-magnolias-apple-ipad-case\\\/#breadcrumb\"},\"inLanguage\":\"en-US\",\"potentialAction\":[{\"@type\":\"ReadAction\",\"target\":[\"https:\\\/\\\/trampampam.lt\\\/produktas\\\/sweet-magnolias-apple-ipad-case\\\/\"]}]},{\"@type\":\"ImageObject\",\"inLanguage\":\"en-US\",\"@id\":\"https:\\\/\\\/trampampam.lt\\\/produktas\\\/sweet-magnolias-apple-ipad-case\\\/#primaryimage\",\"url\":\"https:\\\/\\\/i0.wp.com\\\/trampampam.lt\\\/wp-content\\\/uploads\\\/2025\\\/11\\\/67ec370a62697c4da4eaa856.jpeg?fit=1200%2C1200&ssl=1\",\"contentUrl\":\"https:\\\/\\\/i0.wp.com\\\/trampampam.lt\\\/wp-content\\\/uploads\\\/2025\\\/11\\\/67ec370a62697c4da4eaa856.jpeg?fit=1200%2C1200&ssl=1\",\"width\":1200,\"height\":1200,\"caption\":\"Sweet Magnolias - Apple iPad Case\"},{\"@type\":\"BreadcrumbList\",\"@id\":\"https:\\\/\\\/trampampam.lt\\\/produktas\\\/sweet-magnolias-apple-ipad-case\\\/#breadcrumb\",\"itemListElement\":[{\"@type\":\"ListItem\",\"position\":1,\"name\":\"Home\",\"item\":\"https:\\\/\\\/trampampam.lt\\\/\"},{\"@type\":\"ListItem\",\"position\":2,\"name\":\"Preki\u0173 katalogas\",\"item\":\"https:\\\/\\\/trampampam.lt\\\/\"},{\"@type\":\"ListItem\",\"position\":3,\"name\":\"Sweet Magnolias &#8211; Apple iPad Case\"}]},{\"@type\":\"WebSite\",\"@id\":\"https:\\\/\\\/trampampam.lt\\\/#website\",\"url\":\"https:\\\/\\\/trampampam.lt\\\/\",\"name\":\"Telefon\u0173 d\u0117klai, Balionai ir kita \u0161ventin\u0117 atributika | Trampampam.lt\",\"description\":\"Telefon\u0173 d\u0117klai, balionai, dovan\u0173 id\u0117jos ir kita \u0161ventin\u0117 atributika\",\"publisher\":{\"@id\":\"https:\\\/\\\/trampampam.lt\\\/#organization\"},\"alternateName\":\"Telefon\u0173 d\u0117klai\",\"potentialAction\":[{\"@type\":\"SearchAction\",\"target\":{\"@type\":\"EntryPoint\",\"urlTemplate\":\"https:\\\/\\\/trampampam.lt\\\/?s={search_term_string}\"},\"query-input\":{\"@type\":\"PropertyValueSpecification\",\"valueRequired\":true,\"valueName\":\"search_term_string\"}}],\"inLanguage\":\"en-US\"},{\"@type\":\"Organization\",\"@id\":\"https:\\\/\\\/trampampam.lt\\\/#organization\",\"name\":\"Trampampam.lt\",\"url\":\"https:\\\/\\\/trampampam.lt\\\/\",\"logo\":{\"@type\":\"ImageObject\",\"inLanguage\":\"en-US\",\"@id\":\"https:\\\/\\\/trampampam.lt\\\/#\\\/schema\\\/logo\\\/image\\\/\",\"url\":\"https:\\\/\\\/i0.wp.com\\\/trampampam.lt\\\/wp-content\\\/uploads\\\/2023\\\/11\\\/Small-logo-be-fono-1-e1698868741484.png?fit=390%2C399&ssl=1\",\"contentUrl\":\"https:\\\/\\\/i0.wp.com\\\/trampampam.lt\\\/wp-content\\\/uploads\\\/2023\\\/11\\\/Small-logo-be-fono-1-e1698868741484.png?fit=390%2C399&ssl=1\",\"width\":390,\"height\":399,\"caption\":\"Trampampam.lt\"},\"image\":{\"@id\":\"https:\\\/\\\/trampampam.lt\\\/#\\\/schema\\\/logo\\\/image\\\/\"},\"sameAs\":[\"https:\\\/\\\/www.facebook.com\\\/Trampampam.lt\",\"https:\\\/\\\/www.instagram.com\\\/trampampam.lt\\\/\"]}]}<\/script>\n<!-- \/ Yoast SEO plugin. -->","yoast_head_json":{"title":"Sweet Magnolias - Apple iPad Case - Trampampam.lt","description":"Sweet Magnolias - Apple iPad Case auk\u0161\u010diausios kokyb\u0117s produktas, pagamintas i\u0161 auk\u0161tos kokyb\u0117s med\u017eiag\u0173. \u2022 \u012emontuotas \u201eApple Pencil\u201c laikiklis","robots":{"index":"index","follow":"follow","max-snippet":"max-snippet:-1","max-image-preview":"max-image-preview:large","max-video-preview":"max-video-preview:-1"},"canonical":"https:\/\/trampampam.lt\/en\/product\/sweet-magnolias-apple-ipad-case\/","og_locale":"en_US","og_type":"article","og_title":"Sweet Magnolias - Apple iPad Case - Trampampam.lt","og_description":"Sweet Magnolias - Apple iPad Case auk\u0161\u010diausios kokyb\u0117s produktas, pagamintas i\u0161 auk\u0161tos kokyb\u0117s med\u017eiag\u0173. \u2022 \u012emontuotas \u201eApple Pencil\u201c laikiklis","og_url":"https:\/\/trampampam.lt\/en\/product\/sweet-magnolias-apple-ipad-case\/","og_site_name":"Trampampam.lt","article_publisher":"https:\/\/www.facebook.com\/Trampampam.lt","article_modified_time":"2026-04-25T15:18:23+00:00","og_image":[{"width":1200,"height":1200,"url":"https:\/\/i0.wp.com\/trampampam.lt\/wp-content\/uploads\/2025\/11\/67ec370a62697c4da4eaa856.jpeg?fit=1200%2C1200&ssl=1","type":"image\/jpeg"}],"twitter_card":"summary_large_image","twitter_misc":{"Est. reading time":"2 minutes"},"schema":{"@context":"https:\/\/schema.org","@graph":[{"@type":"WebPage","@id":"https:\/\/trampampam.lt\/produktas\/sweet-magnolias-apple-ipad-case\/","url":"https:\/\/trampampam.lt\/produktas\/sweet-magnolias-apple-ipad-case\/","name":"Sweet Magnolias - Apple iPad Case - Trampampam.lt","isPartOf":{"@id":"https:\/\/trampampam.lt\/#website"},"primaryImageOfPage":{"@id":"https:\/\/trampampam.lt\/produktas\/sweet-magnolias-apple-ipad-case\/#primaryimage"},"image":{"@id":"https:\/\/trampampam.lt\/produktas\/sweet-magnolias-apple-ipad-case\/#primaryimage"},"thumbnailUrl":"https:\/\/i0.wp.com\/trampampam.lt\/wp-content\/uploads\/2025\/11\/67ec370a62697c4da4eaa856.jpeg?fit=1200%2C1200&ssl=1","datePublished":"2025-11-15T18:52:18+00:00","dateModified":"2026-04-25T15:18:23+00:00","description":"Sweet Magnolias - Apple iPad Case auk\u0161\u010diausios kokyb\u0117s produktas, pagamintas i\u0161 auk\u0161tos kokyb\u0117s med\u017eiag\u0173. \u2022 \u012emontuotas \u201eApple Pencil\u201c laikiklis","breadcrumb":{"@id":"https:\/\/trampampam.lt\/produktas\/sweet-magnolias-apple-ipad-case\/#breadcrumb"},"inLanguage":"en-US","potentialAction":[{"@type":"ReadAction","target":["https:\/\/trampampam.lt\/produktas\/sweet-magnolias-apple-ipad-case\/"]}]},{"@type":"ImageObject","inLanguage":"en-US","@id":"https:\/\/trampampam.lt\/produktas\/sweet-magnolias-apple-ipad-case\/#primaryimage","url":"https:\/\/i0.wp.com\/trampampam.lt\/wp-content\/uploads\/2025\/11\/67ec370a62697c4da4eaa856.jpeg?fit=1200%2C1200&ssl=1","contentUrl":"https:\/\/i0.wp.com\/trampampam.lt\/wp-content\/uploads\/2025\/11\/67ec370a62697c4da4eaa856.jpeg?fit=1200%2C1200&ssl=1","width":1200,"height":1200,"caption":"Sweet Magnolias - Apple iPad Case"},{"@type":"BreadcrumbList","@id":"https:\/\/trampampam.lt\/produktas\/sweet-magnolias-apple-ipad-case\/#breadcrumb","itemListElement":[{"@type":"ListItem","position":1,"name":"Home","item":"https:\/\/trampampam.lt\/"},{"@type":"ListItem","position":2,"name":"Preki\u0173 katalogas","item":"https:\/\/trampampam.lt\/"},{"@type":"ListItem","position":3,"name":"Sweet Magnolias &#8211; Apple iPad Case"}]},{"@type":"WebSite","@id":"https:\/\/trampampam.lt\/#website","url":"https:\/\/trampampam.lt\/","name":"Telefon\u0173 d\u0117klai, Balionai ir kita \u0161ventin\u0117 atributika | Trampampam.lt","description":"Telefon\u0173 d\u0117klai, balionai, dovan\u0173 id\u0117jos ir kita \u0161ventin\u0117 atributika","publisher":{"@id":"https:\/\/trampampam.lt\/#organization"},"alternateName":"Telefon\u0173 d\u0117klai","potentialAction":[{"@type":"SearchAction","target":{"@type":"EntryPoint","urlTemplate":"https:\/\/trampampam.lt\/?s={search_term_string}"},"query-input":{"@type":"PropertyValueSpecification","valueRequired":true,"valueName":"search_term_string"}}],"inLanguage":"en-US"},{"@type":"Organization","@id":"https:\/\/trampampam.lt\/#organization","name":"Trampampam.lt","url":"https:\/\/trampampam.lt\/","logo":{"@type":"ImageObject","inLanguage":"en-US","@id":"https:\/\/trampampam.lt\/#\/schema\/logo\/image\/","url":"https:\/\/i0.wp.com\/trampampam.lt\/wp-content\/uploads\/2023\/11\/Small-logo-be-fono-1-e1698868741484.png?fit=390%2C399&ssl=1","contentUrl":"https:\/\/i0.wp.com\/trampampam.lt\/wp-content\/uploads\/2023\/11\/Small-logo-be-fono-1-e1698868741484.png?fit=390%2C399&ssl=1","width":390,"height":399,"caption":"Trampampam.lt"},"image":{"@id":"https:\/\/trampampam.lt\/#\/schema\/logo\/image\/"},"sameAs":["https:\/\/www.facebook.com\/Trampampam.lt","https:\/\/www.instagram.com\/trampampam.lt\/"]}]}},"jetpack_publicize_connections":[],"jetpack_sharing_enabled":true,"_links":{"self":[{"href":"https:\/\/trampampam.lt\/en\/wp-json\/wp\/v2\/product\/3659","targetHints":{"allow":["GET"]}}],"collection":[{"href":"https:\/\/trampampam.lt\/en\/wp-json\/wp\/v2\/product"}],"about":[{"href":"https:\/\/trampampam.lt\/en\/wp-json\/wp\/v2\/types\/product"}],"replies":[{"embeddable":true,"href":"https:\/\/trampampam.lt\/en\/wp-json\/wp\/v2\/comments?post=3659"}],"wp:featuredmedia":[{"embeddable":true,"href":"https:\/\/trampampam.lt\/en\/wp-json\/wp\/v2\/media\/3664"}],"wp:attachment":[{"href":"https:\/\/trampampam.lt\/en\/wp-json\/wp\/v2\/media?parent=3659"}],"wp:term":[{"taxonomy":"product_brand","embeddable":true,"href":"https:\/\/trampampam.lt\/en\/wp-json\/wp\/v2\/product_brand?post=3659"},{"taxonomy":"product_cat","embeddable":true,"href":"https:\/\/trampampam.lt\/en\/wp-json\/wp\/v2\/product_cat?post=3659"},{"taxonomy":"product_tag","embeddable":true,"href":"https:\/\/trampampam.lt\/en\/wp-json\/wp\/v2\/product_tag?post=3659"}],"curies":[{"name":"wp","href":"https:\/\/api.w.org\/{rel}","templated":true}]}}