{"id":3204,"date":"2024-12-30T16:18:38","date_gmt":"2024-12-30T14:18:38","guid":{"rendered":"https:\/\/trampampam.lt\/?post_type=product&#038;p=3204"},"modified":"2024-12-31T00:18:45","modified_gmt":"2024-12-30T22:18:45","slug":"ekrano-apsauginis-stiklas","status":"publish","type":"product","link":"https:\/\/trampampam.lt\/en\/product\/ekrano-apsauginis-stiklas\/","title":{"rendered":"Ekrano apsauginis Stiklas"},"content":{"rendered":"<p>Premium Kokyb\u0117s Ekrano Apsauginis Stiklas<\/p>\n<h2 class=\"lRu31\" dir=\"ltr\"><span class=\"HwtZe\" lang=\"lt\"><span class=\"jCAhz ChMk0b\"><span class=\"ryNqvb\">Premium <\/span><\/span><\/span><span class=\"HwtZe\" lang=\"lt\"><span class=\"jCAhz ChMk0b\"><span class=\"ryNqvb\">kokyb\u0117s \u00a0ekrano apsauginis stiklas \u00a0&#8211; neatsiejama J\u016bs\u0173 \u012frenginio dalis.<\/span><\/span> Jis apsaugo J\u016bs\u0173 telefono ekran\u0105 nuo \u012fbr\u0117\u017eim\u0173, \u012ftr\u016bkim\u0173 ar kit\u0173 pa\u017eeidim\u0173. <span class=\"jCAhz ChMk0b\"><span class=\"ryNqvb\">Sukurta naudojant pa\u017eangiausias technologijas ir kruop\u0161t\u0173 d\u0117mes\u012f detal\u0117ms. M\u016bs\u0173 ekrano apsauginis stikliukas sukurtas taip, kad u\u017etikrint\u0173 neprilygstam\u0105 apsaug\u0105 nepakenkiant ai\u0161kumui ar lietimo jautrumui.<\/span><\/span><\/span><\/h2>\n<h2 dir=\"ltr\">Komplekte pridedamas montavimo rinkinys, kurio d\u0117ka Ekrano apsauginio stiklo u\u017ed\u0117jimo procesas tampa ypa\u010d lengvas.<\/h2>\n<p>Ar linki to savo telefonui?<\/p>\n<p><img data-recalc-dims=\"1\" loading=\"lazy\" decoding=\"async\" class=\"size-medium wp-image-3313\" src=\"https:\/\/i0.wp.com\/trampampam.lt\/wp-content\/uploads\/2024\/12\/6B73E917-E823-4B33-9795-2E26EBD20D5A.png?resize=300%2C300&#038;ssl=1\" alt=\"Sudu\u017e\u0119s telefono ekranas\" width=\"300\" height=\"300\" \/><\/p>\n<h2 dir=\"ltr\"><span style=\"font-size: 16px;\">Naudojant \u0161i Premium kokyb\u0117s ekrano apsaugin\u012f stikl\u0105 nelaimingi atsitikimai netur\u0117s tiek daug pasekmi\u0173.<\/span><\/h2>\n<h2 dir=\"ltr\"><strong>Klausiate ar tikrai Jums jo reikia?<\/strong><\/h2>\n<h3 dir=\"ltr\"><strong>Tikrai TAIP, nes:<\/strong><\/h3>\n<ul>\n<li dir=\"ltr\">\n<h3>Apsaugo ekran\u0105 nuo \u012fbr\u0117\u017eim\u0173, \u012ftr\u016bkim\u0173 ir kit\u0173 pa\u017eeidim\u0173<\/h3>\n<\/li>\n<li dir=\"ltr\">\n<h3>I\u0161laiko ekrano skaidrum\u0105 ir lietimo jautrum\u0105<\/h3>\n<\/li>\n<li dir=\"ltr\">\n<h3>D\u0117l pridedamo montavimo rinkinio lengvai u\u017ed\u0117site patys<\/h3>\n<\/li>\n<li dir=\"ltr\">\n<h3>Pritaikytas i\u0161skirtinai J\u016bs\u0173 telefono modeliui<\/h3>\n<\/li>\n<li dir=\"ltr\">\n<h3>Sutaupysite, nes telefonui nukritus ekranas liks sveikas ir nereik\u0117s brangiai mok\u0117ti u\u017e ekrano keitim\u0105.<\/h3>\n<\/li>\n<\/ul>\n<p>Apsaugojai ekran\u0105 &#8211; apsaugok ir telefon\u0105 !<\/p>\n<p>I\u0161skirtinio dizaino, originalius ir itin auk\u0161tos kokyb\u0117s Telefon\u0173 d\u0117klus rasi <a href=\"https:\/\/trampampam.lt\/en\/product-category\/telefonu_deklai\/\">\u010cIA<\/a><\/p>\n<h2 class=\"lRu31\" dir=\"ltr\"><span style=\"color: #ffffff;\"><span class=\"HwtZe\" lang=\"lt\"><span class=\"jCAhz ChMk0b\"><span class=\"ryNqvb\">Premium <\/span><\/span><\/span><span class=\"HwtZe\" lang=\"lt\"><span class=\"jCAhz ChMk0b\"><span class=\"ryNqvb\">kokyb\u0117s \u00a0ekrano apsauginis stiklas \u00a0&#8211; neatsiejama J\u016bs\u0173 \u012frenginio dalis.<\/span><\/span> Jis apsaugo J\u016bs\u0173 telefono ekran\u0105 nuo \u012fbr\u0117\u017eim\u0173, \u012ftr\u016bkim\u0173 ar kit\u0173 pa\u017eeidim\u0173. <span class=\"jCAhz ChMk0b\"><span class=\"ryNqvb\">Sukurta naudojant pa\u017eangiausias technologijas ir kruop\u0161t\u0173 d\u0117mes\u012f detal\u0117ms. M\u016bs\u0173 ekrano apsauginis stikliukas sukurtas taip, kad u\u017etikrint\u0173 neprilygstam\u0105 apsaug\u0105 nepakenkiant ai\u0161kumui ar lietimo jautrumui.<\/span><\/span><\/span><\/span><\/h2>\n<h2 class=\"lRu31\" dir=\"ltr\"><span style=\"color: #ffffff;\"><span class=\"HwtZe\" lang=\"lt\"><span class=\"jCAhz ChMk0b\"><span class=\"ryNqvb\">Premium <\/span><\/span><\/span><span class=\"HwtZe\" lang=\"lt\"><span class=\"jCAhz ChMk0b\"><span class=\"ryNqvb\">kokyb\u0117s \u00a0ekrano apsauginis stiklas \u00a0&#8211; neatsiejama J\u016bs\u0173 \u012frenginio dalis.<\/span><\/span> Jis apsaugo J\u016bs\u0173 telefono ekran\u0105 nuo \u012fbr\u0117\u017eim\u0173, \u012ftr\u016bkim\u0173 ar kit\u0173 pa\u017eeidim\u0173. <span class=\"jCAhz ChMk0b\"><span class=\"ryNqvb\">Sukurta naudojant pa\u017eangiausias technologijas ir kruop\u0161t\u0173 d\u0117mes\u012f detal\u0117ms. M\u016bs\u0173 ekrano apsauginis stikliukas sukurtas taip, kad u\u017etikrint\u0173 neprilygstam\u0105 apsaug\u0105 nepakenkiant ai\u0161kumui ar lietimo jautrumui.<\/span><\/span><\/span><\/span><\/h2>\n<p><!--more--><\/p>","protected":false},"excerpt":{"rendered":"<h1 class=\"lRu31\" dir=\"ltr\"><span class=\"HwtZe\" lang=\"lt\"><span class=\"jCAhz ChMk0b\"><span class=\"ryNqvb\">Premium <\/span><\/span><\/span><span class=\"HwtZe\" lang=\"lt\"><span class=\"jCAhz ChMk0b\"><span class=\"ryNqvb\">kokyb\u0117s \u00a0ekrano apsauginis stiklas \u00a0&#8211; neatsiejama J\u016bs\u0173 \u012frenginio dalis.<\/span><\/span> Jis apsaugo J\u016bs\u0173 telefono ekran\u0105 nuo \u012fbr\u0117\u017eim\u0173, \u012ftr\u016bkim\u0173 ar kit\u0173 pa\u017eeidim\u0173. <span class=\"jCAhz ChMk0b\"><span class=\"ryNqvb\">Sukurta naudojant pa\u017eangiausias technologijas ir kruop\u0161t\u0173 d\u0117mes\u012f detal\u0117ms. M\u016bs\u0173 ekrano apsauginis stikliukas sukurtas taip, kad u\u017etikrint\u0173 neprilygstam\u0105 apsaug\u0105 nepakenkiant ai\u0161kumui ar lietimo jautrumui.<\/span><\/span><\/span><\/h1>\n<h2 dir=\"ltr\">Komplekte pridedamas montavimo rinkinys, kurio d\u0117ka Ekrano apsauginio stiklo u\u017ed\u0117jimo procesas tampa ypa\u010d lengvas.<\/h2>\n<p>Ar linki to savo telefonui?<\/p>\n<p><img loading=\"lazy\" decoding=\"async\" class=\"size-medium wp-image-3313\" src=\"https:\/\/trampampam.lt\/wp-content\/uploads\/2024\/12\/6B73E917-E823-4B33-9795-2E26EBD20D5A-300x300.png\" alt=\"Sudu\u017e\u0119s telefono ekranas\" width=\"300\" height=\"300\" \/><\/p>\n<h2 dir=\"ltr\">Naudojant \u0161i Premium kokyb\u0117s ekrano apsaugin\u012f stikl\u0105 nelaimingi atsitikimai netur\u0117s tiek daug pasekmi\u0173.<\/h2>\n<h2 dir=\"ltr\"><strong>Klausiate ar tikrai Jums jo reikia?<\/strong><\/h2>\n<h2 dir=\"ltr\"><strong>Tikrai TAIP, nes:<\/strong><\/h2>\n<ul>\n<li dir=\"ltr\">\n<h2>Apsaugo ekran\u0105 nuo \u012fbr\u0117\u017eim\u0173, \u012ftr\u016bkim\u0173 ir kit\u0173 pa\u017eeidim\u0173<\/h2>\n<\/li>\n<li dir=\"ltr\">\n<h2>I\u0161laiko ekrano skaidrum\u0105 ir lietimo jautrum\u0105<\/h2>\n<\/li>\n<li dir=\"ltr\">\n<h2>D\u0117l pridedamo montavimo rinkinio lengvai u\u017ed\u0117site patys<\/h2>\n<\/li>\n<li dir=\"ltr\">\n<h2>Pritaikytas i\u0161skirtinai J\u016bs\u0173 telefono modeliui<\/h2>\n<\/li>\n<li dir=\"ltr\">\n<h2>Sutaupysite, nes telefonui nukritus ekranas liks sveikas ir nereik\u0117s brangiai mok\u0117ti u\u017e ekrano keitim\u0105.<\/h2>\n<\/li>\n<\/ul>\n<p><strong>Apsaugojai ekran\u0105 &#8211; apsaugok ir telefon\u0105 !<\/strong><\/p>\n<p>I\u0161skirtinio dizaino, originalius ir itin auk\u0161tos kokyb\u0117s Telefon\u0173 d\u0117klus rasi <a href=\"https:\/\/trampampam.lt\/en\/product-category\/telefonu_deklai\/\">\u010cIA<\/a><\/p>","protected":false},"featured_media":3312,"comment_status":"open","ping_status":"closed","template":"","meta":{"jetpack_publicize_message":"","jetpack_publicize_feature_enabled":true,"jetpack_social_post_already_shared":true,"jetpack_social_options":{"image_generator_settings":{"template":"highway","default_image_id":0,"font":"","enabled":false},"version":2}},"product_brand":[],"product_cat":[153,360],"product_tag":[370,366,324,335,355,251,345,157,342,365,364,369,327,248,249,325,339,340,336,250,367,368,326,156,158,353,354,337],"class_list":{"0":"post-3204","1":"product","2":"type-product","3":"status-publish","4":"has-post-thumbnail","6":"product_cat-telefonu_deklai","7":"product_cat-telefonu-priedai","8":"product_tag-apsauga","9":"product_tag-apsauginis","10":"product_tag-bm","11":"product_tag-bogo","12":"product_tag-burga","13":"product_tag-case","14":"product_tag-deklai","15":"product_tag-deklas","16":"product_tag-dvigubas-telefono-deklas","17":"product_tag-ekrano","18":"product_tag-ekrano-apsauginis-stiklas","19":"product_tag-ekrano-asauga","20":"product_tag-flowers","21":"product_tag-j_1","22":"product_tag-joker","23":"product_tag-magnolias","24":"product_tag-marble","25":"product_tag-marmuras","26":"product_tag-night","27":"product_tag-phone","28":"product_tag-stiklas","29":"product_tag-stikliukas","30":"product_tag-sweet","31":"product_tag-telefono","32":"product_tag-telefono-deklas","33":"product_tag-telefonu","34":"product_tag-telefonu-deklai","35":"product_tag-tropical","36":"product_shipping_class-telefono-deklas","37":"pa_gamintojas-iphone","38":"pa_gamintojas-samsung","39":"pa_modeliai-iphone-12","40":"pa_modeliai-iphone-12-mini","41":"pa_modeliai-iphone-12-pro","42":"pa_modeliai-iphone-12-pro-max","43":"pa_modeliai-iphone-13","44":"pa_modeliai-iphone-13-mini","45":"pa_modeliai-iphone-13-pro","46":"pa_modeliai-iphone-13-pro-max","47":"pa_modeliai-iphone-14","48":"pa_modeliai-iphone-14-plus","49":"pa_modeliai-iphone-14-pro","50":"pa_modeliai-iphone-14-pro-max","51":"pa_modeliai-iphone-15","52":"pa_modeliai-iphone-15-plus","53":"pa_modeliai-iphone-15-pro","54":"pa_modeliai-iphone-15-pro-max","55":"pa_modeliai-iphone-16","56":"pa_modeliai-iphone-16-plus","57":"pa_modeliai-iphone-16-pro","58":"pa_modeliai-iphone-16-pro-max","59":"pa_modeliai-samsung-galaxy-s23","60":"pa_modeliai-samsung-galaxy-s23-plus","61":"pa_modeliai-samsung-galaxy-s23-ultra","62":"pa_modeliai-samsung-galaxy-s24","63":"pa_modeliai-samsung-galaxy-s24-plus","64":"pa_modeliai-samsung-galaxy-s24-ultra","66":"first","67":"instock","68":"sale","69":"shipping-taxable","70":"purchasable","71":"product-type-variable"},"yoast_head":"<!-- This site is optimized with the Yoast SEO plugin v27.4 - https:\/\/yoast.com\/product\/yoast-seo-wordpress\/ -->\n<title>Ekrano apsauginis Stiklas - Trampampam.lt<\/title>\n<meta name=\"description\" content=\"Premium kokyb\u0117s Ekrano apsauginis stiklas - neatsiejama J\u016bs\u0173 \u012frenginio dalis. Jis apsaugos J\u016bs\u0173 telefono ekran\u0105 nuo \u012fbr\u0117\u017eim\u0173, \u012ftr\u016bkim\u0173 ar kit\u0173 pa\u017eeidim\u0173.\" \/>\n<meta name=\"robots\" content=\"index, follow, max-snippet:-1, max-image-preview:large, max-video-preview:-1\" \/>\n<link rel=\"canonical\" href=\"https:\/\/trampampam.lt\/en\/product\/ekrano-apsauginis-stiklas\/\" \/>\n<meta property=\"og:locale\" content=\"en_US\" \/>\n<meta property=\"og:type\" content=\"article\" \/>\n<meta property=\"og:title\" content=\"3D telefono d\u0117klas (dvigubas)\" \/>\n<meta property=\"og:description\" content=\"Dviej\u0173 sluoksni\u0173 telefono d\u0117klas suteikia daugiau apsaugos nei bet kada anks\u010diau. Tai tarsi j\u016bs\u0173 telefono asmeninis, nenuilstantis sargybinis.\" \/>\n<meta property=\"og:url\" content=\"https:\/\/trampampam.lt\/en\/product\/ekrano-apsauginis-stiklas\/\" \/>\n<meta property=\"og:site_name\" content=\"Trampampam.lt\" \/>\n<meta property=\"article:publisher\" content=\"https:\/\/www.facebook.com\/Trampampam.lt\" \/>\n<meta property=\"article:modified_time\" content=\"2024-12-30T22:18:45+00:00\" \/>\n<meta property=\"og:image\" content=\"https:\/\/trampampam.lt\/wp-content\/uploads\/2024\/07\/J_1_1-1.png\" \/>\n\t<meta property=\"og:image:width\" content=\"1442\" \/>\n\t<meta property=\"og:image:height\" content=\"1446\" \/>\n\t<meta property=\"og:image:type\" content=\"image\/png\" \/>\n<meta name=\"twitter:card\" content=\"summary_large_image\" \/>\n<meta name=\"twitter:label1\" content=\"Est. reading time\" \/>\n\t<meta name=\"twitter:data1\" content=\"2 minutes\" \/>\n<script type=\"application\/ld+json\" class=\"yoast-schema-graph\">{\"@context\":\"https:\\\/\\\/schema.org\",\"@graph\":[{\"@type\":\"WebPage\",\"@id\":\"https:\\\/\\\/trampampam.lt\\\/produktas\\\/ekrano-apsauginis-stiklas\\\/\",\"url\":\"https:\\\/\\\/trampampam.lt\\\/produktas\\\/ekrano-apsauginis-stiklas\\\/\",\"name\":\"Ekrano apsauginis Stiklas - Trampampam.lt\",\"isPartOf\":{\"@id\":\"https:\\\/\\\/trampampam.lt\\\/#website\"},\"primaryImageOfPage\":{\"@id\":\"https:\\\/\\\/trampampam.lt\\\/produktas\\\/ekrano-apsauginis-stiklas\\\/#primaryimage\"},\"image\":{\"@id\":\"https:\\\/\\\/trampampam.lt\\\/produktas\\\/ekrano-apsauginis-stiklas\\\/#primaryimage\"},\"thumbnailUrl\":\"https:\\\/\\\/i0.wp.com\\\/trampampam.lt\\\/wp-content\\\/uploads\\\/2024\\\/12\\\/Screen-Protector-2-e1735571345545.png?fit=603%2C603&ssl=1\",\"datePublished\":\"2024-12-30T14:18:38+00:00\",\"dateModified\":\"2024-12-30T22:18:45+00:00\",\"description\":\"Premium kokyb\u0117s Ekrano apsauginis stiklas - neatsiejama J\u016bs\u0173 \u012frenginio dalis. Jis apsaugos J\u016bs\u0173 telefono ekran\u0105 nuo \u012fbr\u0117\u017eim\u0173, \u012ftr\u016bkim\u0173 ar kit\u0173 pa\u017eeidim\u0173.\",\"breadcrumb\":{\"@id\":\"https:\\\/\\\/trampampam.lt\\\/produktas\\\/ekrano-apsauginis-stiklas\\\/#breadcrumb\"},\"inLanguage\":\"en-US\",\"potentialAction\":[{\"@type\":\"ReadAction\",\"target\":[\"https:\\\/\\\/trampampam.lt\\\/produktas\\\/ekrano-apsauginis-stiklas\\\/\"]}]},{\"@type\":\"ImageObject\",\"inLanguage\":\"en-US\",\"@id\":\"https:\\\/\\\/trampampam.lt\\\/produktas\\\/ekrano-apsauginis-stiklas\\\/#primaryimage\",\"url\":\"https:\\\/\\\/i0.wp.com\\\/trampampam.lt\\\/wp-content\\\/uploads\\\/2024\\\/12\\\/Screen-Protector-2-e1735571345545.png?fit=603%2C603&ssl=1\",\"contentUrl\":\"https:\\\/\\\/i0.wp.com\\\/trampampam.lt\\\/wp-content\\\/uploads\\\/2024\\\/12\\\/Screen-Protector-2-e1735571345545.png?fit=603%2C603&ssl=1\",\"width\":603,\"height\":603,\"caption\":\"Premium kokyb\u0117s ekrano apsauginis stikliukas\"},{\"@type\":\"BreadcrumbList\",\"@id\":\"https:\\\/\\\/trampampam.lt\\\/produktas\\\/ekrano-apsauginis-stiklas\\\/#breadcrumb\",\"itemListElement\":[{\"@type\":\"ListItem\",\"position\":1,\"name\":\"Home\",\"item\":\"https:\\\/\\\/trampampam.lt\\\/\"},{\"@type\":\"ListItem\",\"position\":2,\"name\":\"Preki\u0173 katalogas\",\"item\":\"https:\\\/\\\/trampampam.lt\\\/\"},{\"@type\":\"ListItem\",\"position\":3,\"name\":\"Ekrano apsauginis Stiklas\"}]},{\"@type\":\"WebSite\",\"@id\":\"https:\\\/\\\/trampampam.lt\\\/#website\",\"url\":\"https:\\\/\\\/trampampam.lt\\\/\",\"name\":\"Telefon\u0173 d\u0117klai, Balionai ir kita \u0161ventin\u0117 atributika | Trampampam.lt\",\"description\":\"Telefon\u0173 d\u0117klai, balionai, dovan\u0173 id\u0117jos ir kita \u0161ventin\u0117 atributika\",\"publisher\":{\"@id\":\"https:\\\/\\\/trampampam.lt\\\/#organization\"},\"alternateName\":\"Telefon\u0173 d\u0117klai\",\"potentialAction\":[{\"@type\":\"SearchAction\",\"target\":{\"@type\":\"EntryPoint\",\"urlTemplate\":\"https:\\\/\\\/trampampam.lt\\\/?s={search_term_string}\"},\"query-input\":{\"@type\":\"PropertyValueSpecification\",\"valueRequired\":true,\"valueName\":\"search_term_string\"}}],\"inLanguage\":\"en-US\"},{\"@type\":\"Organization\",\"@id\":\"https:\\\/\\\/trampampam.lt\\\/#organization\",\"name\":\"Trampampam.lt\",\"url\":\"https:\\\/\\\/trampampam.lt\\\/\",\"logo\":{\"@type\":\"ImageObject\",\"inLanguage\":\"en-US\",\"@id\":\"https:\\\/\\\/trampampam.lt\\\/#\\\/schema\\\/logo\\\/image\\\/\",\"url\":\"https:\\\/\\\/i0.wp.com\\\/trampampam.lt\\\/wp-content\\\/uploads\\\/2023\\\/11\\\/Small-logo-be-fono-1-e1698868741484.png?fit=390%2C399&ssl=1\",\"contentUrl\":\"https:\\\/\\\/i0.wp.com\\\/trampampam.lt\\\/wp-content\\\/uploads\\\/2023\\\/11\\\/Small-logo-be-fono-1-e1698868741484.png?fit=390%2C399&ssl=1\",\"width\":390,\"height\":399,\"caption\":\"Trampampam.lt\"},\"image\":{\"@id\":\"https:\\\/\\\/trampampam.lt\\\/#\\\/schema\\\/logo\\\/image\\\/\"},\"sameAs\":[\"https:\\\/\\\/www.facebook.com\\\/Trampampam.lt\",\"https:\\\/\\\/www.instagram.com\\\/trampampam.lt\\\/\"]}]}<\/script>\n<!-- \/ Yoast SEO plugin. -->","yoast_head_json":{"title":"Ekrano apsauginis Stiklas - Trampampam.lt","description":"Premium kokyb\u0117s Ekrano apsauginis stiklas - neatsiejama J\u016bs\u0173 \u012frenginio dalis. Jis apsaugos J\u016bs\u0173 telefono ekran\u0105 nuo \u012fbr\u0117\u017eim\u0173, \u012ftr\u016bkim\u0173 ar kit\u0173 pa\u017eeidim\u0173.","robots":{"index":"index","follow":"follow","max-snippet":"max-snippet:-1","max-image-preview":"max-image-preview:large","max-video-preview":"max-video-preview:-1"},"canonical":"https:\/\/trampampam.lt\/en\/product\/ekrano-apsauginis-stiklas\/","og_locale":"en_US","og_type":"article","og_title":"3D telefono d\u0117klas (dvigubas)","og_description":"Dviej\u0173 sluoksni\u0173 telefono d\u0117klas suteikia daugiau apsaugos nei bet kada anks\u010diau. Tai tarsi j\u016bs\u0173 telefono asmeninis, nenuilstantis sargybinis.","og_url":"https:\/\/trampampam.lt\/en\/product\/ekrano-apsauginis-stiklas\/","og_site_name":"Trampampam.lt","article_publisher":"https:\/\/www.facebook.com\/Trampampam.lt","article_modified_time":"2024-12-30T22:18:45+00:00","og_image":[{"width":1442,"height":1446,"url":"https:\/\/trampampam.lt\/wp-content\/uploads\/2024\/07\/J_1_1-1.png","type":"image\/png"}],"twitter_card":"summary_large_image","twitter_misc":{"Est. reading time":"2 minutes"},"schema":{"@context":"https:\/\/schema.org","@graph":[{"@type":"WebPage","@id":"https:\/\/trampampam.lt\/produktas\/ekrano-apsauginis-stiklas\/","url":"https:\/\/trampampam.lt\/produktas\/ekrano-apsauginis-stiklas\/","name":"Ekrano apsauginis Stiklas - Trampampam.lt","isPartOf":{"@id":"https:\/\/trampampam.lt\/#website"},"primaryImageOfPage":{"@id":"https:\/\/trampampam.lt\/produktas\/ekrano-apsauginis-stiklas\/#primaryimage"},"image":{"@id":"https:\/\/trampampam.lt\/produktas\/ekrano-apsauginis-stiklas\/#primaryimage"},"thumbnailUrl":"https:\/\/i0.wp.com\/trampampam.lt\/wp-content\/uploads\/2024\/12\/Screen-Protector-2-e1735571345545.png?fit=603%2C603&ssl=1","datePublished":"2024-12-30T14:18:38+00:00","dateModified":"2024-12-30T22:18:45+00:00","description":"Premium kokyb\u0117s Ekrano apsauginis stiklas - neatsiejama J\u016bs\u0173 \u012frenginio dalis. Jis apsaugos J\u016bs\u0173 telefono ekran\u0105 nuo \u012fbr\u0117\u017eim\u0173, \u012ftr\u016bkim\u0173 ar kit\u0173 pa\u017eeidim\u0173.","breadcrumb":{"@id":"https:\/\/trampampam.lt\/produktas\/ekrano-apsauginis-stiklas\/#breadcrumb"},"inLanguage":"en-US","potentialAction":[{"@type":"ReadAction","target":["https:\/\/trampampam.lt\/produktas\/ekrano-apsauginis-stiklas\/"]}]},{"@type":"ImageObject","inLanguage":"en-US","@id":"https:\/\/trampampam.lt\/produktas\/ekrano-apsauginis-stiklas\/#primaryimage","url":"https:\/\/i0.wp.com\/trampampam.lt\/wp-content\/uploads\/2024\/12\/Screen-Protector-2-e1735571345545.png?fit=603%2C603&ssl=1","contentUrl":"https:\/\/i0.wp.com\/trampampam.lt\/wp-content\/uploads\/2024\/12\/Screen-Protector-2-e1735571345545.png?fit=603%2C603&ssl=1","width":603,"height":603,"caption":"Premium kokyb\u0117s ekrano apsauginis stikliukas"},{"@type":"BreadcrumbList","@id":"https:\/\/trampampam.lt\/produktas\/ekrano-apsauginis-stiklas\/#breadcrumb","itemListElement":[{"@type":"ListItem","position":1,"name":"Home","item":"https:\/\/trampampam.lt\/"},{"@type":"ListItem","position":2,"name":"Preki\u0173 katalogas","item":"https:\/\/trampampam.lt\/"},{"@type":"ListItem","position":3,"name":"Ekrano apsauginis Stiklas"}]},{"@type":"WebSite","@id":"https:\/\/trampampam.lt\/#website","url":"https:\/\/trampampam.lt\/","name":"Telefon\u0173 d\u0117klai, Balionai ir kita \u0161ventin\u0117 atributika | Trampampam.lt","description":"Telefon\u0173 d\u0117klai, balionai, dovan\u0173 id\u0117jos ir kita \u0161ventin\u0117 atributika","publisher":{"@id":"https:\/\/trampampam.lt\/#organization"},"alternateName":"Telefon\u0173 d\u0117klai","potentialAction":[{"@type":"SearchAction","target":{"@type":"EntryPoint","urlTemplate":"https:\/\/trampampam.lt\/?s={search_term_string}"},"query-input":{"@type":"PropertyValueSpecification","valueRequired":true,"valueName":"search_term_string"}}],"inLanguage":"en-US"},{"@type":"Organization","@id":"https:\/\/trampampam.lt\/#organization","name":"Trampampam.lt","url":"https:\/\/trampampam.lt\/","logo":{"@type":"ImageObject","inLanguage":"en-US","@id":"https:\/\/trampampam.lt\/#\/schema\/logo\/image\/","url":"https:\/\/i0.wp.com\/trampampam.lt\/wp-content\/uploads\/2023\/11\/Small-logo-be-fono-1-e1698868741484.png?fit=390%2C399&ssl=1","contentUrl":"https:\/\/i0.wp.com\/trampampam.lt\/wp-content\/uploads\/2023\/11\/Small-logo-be-fono-1-e1698868741484.png?fit=390%2C399&ssl=1","width":390,"height":399,"caption":"Trampampam.lt"},"image":{"@id":"https:\/\/trampampam.lt\/#\/schema\/logo\/image\/"},"sameAs":["https:\/\/www.facebook.com\/Trampampam.lt","https:\/\/www.instagram.com\/trampampam.lt\/"]}]}},"jetpack_publicize_connections":[],"jetpack_sharing_enabled":true,"_links":{"self":[{"href":"https:\/\/trampampam.lt\/en\/wp-json\/wp\/v2\/product\/3204","targetHints":{"allow":["GET"]}}],"collection":[{"href":"https:\/\/trampampam.lt\/en\/wp-json\/wp\/v2\/product"}],"about":[{"href":"https:\/\/trampampam.lt\/en\/wp-json\/wp\/v2\/types\/product"}],"replies":[{"embeddable":true,"href":"https:\/\/trampampam.lt\/en\/wp-json\/wp\/v2\/comments?post=3204"}],"wp:featuredmedia":[{"embeddable":true,"href":"https:\/\/trampampam.lt\/en\/wp-json\/wp\/v2\/media\/3312"}],"wp:attachment":[{"href":"https:\/\/trampampam.lt\/en\/wp-json\/wp\/v2\/media?parent=3204"}],"wp:term":[{"taxonomy":"product_brand","embeddable":true,"href":"https:\/\/trampampam.lt\/en\/wp-json\/wp\/v2\/product_brand?post=3204"},{"taxonomy":"product_cat","embeddable":true,"href":"https:\/\/trampampam.lt\/en\/wp-json\/wp\/v2\/product_cat?post=3204"},{"taxonomy":"product_tag","embeddable":true,"href":"https:\/\/trampampam.lt\/en\/wp-json\/wp\/v2\/product_tag?post=3204"}],"curies":[{"name":"wp","href":"https:\/\/api.w.org\/{rel}","templated":true}]}}