{"id":243,"date":"2023-08-16T22:12:38","date_gmt":"2023-08-16T19:12:38","guid":{"rendered":"https:\/\/trampampam.lt\/?post_type=product&#038;p=243"},"modified":"2026-04-15T18:04:30","modified_gmt":"2026-04-15T15:04:30","slug":"pompa_balionams","status":"publish","type":"product","link":"https:\/\/trampampam.lt\/en\/product\/pompa_balionams\/","title":{"rendered":"Pompa balionams p\u016bsti (28 cm)"},"content":{"rendered":"<h1>Plastikin\u0117 pompa balionams p\u016bsti.<br \/><br \/>Daugkartinio naudojimo.<br \/><br \/>Pompa tinka p\u016bsti tiek guminius (lateksinius) tiek folinius balionus <a href=\"https:\/\/trampampam.lt\/en\/\">Preki\u0173 katalogas<\/a><\/h1>\r\n<h2>Ilgis &#8211; 28 cm.<\/h2>\r\n\r\n\r\n\r\n<p>&nbsp;<\/p>","protected":false},"excerpt":{"rendered":"<h1>Plastikin\u0117 pompa balionams p\u016bsti.<\/p>\n<p>Daugkartinio naudojimo.<\/p>\n<p>Pompa tinka p\u016bsti tiek guminius (lateksinius) tiek folinius balionus <a href=\"https:\/\/trampampam.lt\/en\/\">Preki\u0173 katalogas<\/a><\/h1>\n<h2>Ilgis &#8211; 28 cm.<\/h2>\n<p>&nbsp;<\/p>\n<p>&nbsp;<\/p>","protected":false},"featured_media":721,"comment_status":"open","ping_status":"closed","template":"","meta":{"jetpack_publicize_message":"","jetpack_publicize_feature_enabled":true,"jetpack_social_post_already_shared":false,"jetpack_social_options":{"image_generator_settings":{"template":"highway","default_image_id":0,"font":"","enabled":false},"version":2}},"product_brand":[],"product_cat":[27],"product_tag":[45,60,62,44,93,46,61,63,59],"class_list":{"0":"post-243","1":"product","2":"type-product","3":"status-publish","4":"has-post-thumbnail","6":"product_cat-priedai_balionams","7":"product_tag-balionams","8":"product_tag-geltona","9":"product_tag-melyna","10":"product_tag-pompa","11":"product_tag-pompa-balionams-pusti","12":"product_tag-pusti","13":"product_tag-raudona","14":"product_tag-rozine","15":"product_tag-zalia","17":"first","18":"instock","19":"sale","20":"shipping-taxable","21":"purchasable","22":"product-type-simple"},"yoast_head":"<!-- This site is optimized with the Yoast SEO plugin v27.4 - https:\/\/yoast.com\/product\/yoast-seo-wordpress\/ -->\n<title>Pompa balionams p\u016bsti (28 cm) - Trampampam.lt<\/title>\n<meta name=\"description\" content=\"Plastikin\u0117 pompa balionams p\u016bsti.Daugkartinio naudojimo.Pompa tinka p\u016bsti tiek guminius (lateksinius) tiek folinius balionus Preki\u0173 katalogasIlgis - 28 cm.\" \/>\n<meta name=\"robots\" content=\"index, follow, max-snippet:-1, max-image-preview:large, max-video-preview:-1\" \/>\n<link rel=\"canonical\" href=\"https:\/\/trampampam.lt\/en\/product\/pompa_balionams\/\" \/>\n<meta property=\"og:locale\" content=\"en_US\" \/>\n<meta property=\"og:type\" content=\"article\" \/>\n<meta property=\"og:title\" content=\"Pompa balionams p\u016bsti (28 cm) - Trampampam.lt\" \/>\n<meta property=\"og:description\" content=\"Plastikin\u0117 pompa balionams p\u016bsti.Daugkartinio naudojimo.Pompa tinka p\u016bsti tiek guminius (lateksinius) tiek folinius balionus Preki\u0173 katalogasIlgis - 28 cm.\" \/>\n<meta property=\"og:url\" content=\"https:\/\/trampampam.lt\/en\/product\/pompa_balionams\/\" \/>\n<meta property=\"og:site_name\" content=\"Trampampam.lt\" \/>\n<meta property=\"article:publisher\" content=\"https:\/\/www.facebook.com\/Trampampam.lt\" \/>\n<meta property=\"article:modified_time\" content=\"2026-04-15T15:04:30+00:00\" \/>\n<meta name=\"twitter:card\" content=\"summary_large_image\" \/>\n<meta name=\"twitter:label1\" content=\"Est. reading time\" \/>\n\t<meta name=\"twitter:data1\" content=\"1 minute\" \/>\n<script type=\"application\/ld+json\" class=\"yoast-schema-graph\">{\"@context\":\"https:\\\/\\\/schema.org\",\"@graph\":[{\"@type\":\"WebPage\",\"@id\":\"https:\\\/\\\/trampampam.lt\\\/produktas\\\/pompa_balionams\\\/\",\"url\":\"https:\\\/\\\/trampampam.lt\\\/produktas\\\/pompa_balionams\\\/\",\"name\":\"Pompa balionams p\u016bsti (28 cm) - Trampampam.lt\",\"isPartOf\":{\"@id\":\"https:\\\/\\\/trampampam.lt\\\/#website\"},\"primaryImageOfPage\":{\"@id\":\"https:\\\/\\\/trampampam.lt\\\/produktas\\\/pompa_balionams\\\/#primaryimage\"},\"image\":{\"@id\":\"https:\\\/\\\/trampampam.lt\\\/produktas\\\/pompa_balionams\\\/#primaryimage\"},\"thumbnailUrl\":\"https:\\\/\\\/i0.wp.com\\\/trampampam.lt\\\/wp-content\\\/uploads\\\/2023\\\/08\\\/Pompa_didele.heic?fit=%2C&ssl=1\",\"datePublished\":\"2023-08-16T19:12:38+00:00\",\"dateModified\":\"2026-04-15T15:04:30+00:00\",\"description\":\"Plastikin\u0117 pompa balionams p\u016bsti.Daugkartinio naudojimo.Pompa tinka p\u016bsti tiek guminius (lateksinius) tiek folinius balionus Preki\u0173 katalogasIlgis - 28 cm.\",\"breadcrumb\":{\"@id\":\"https:\\\/\\\/trampampam.lt\\\/produktas\\\/pompa_balionams\\\/#breadcrumb\"},\"inLanguage\":\"en-US\",\"potentialAction\":[{\"@type\":\"ReadAction\",\"target\":[\"https:\\\/\\\/trampampam.lt\\\/produktas\\\/pompa_balionams\\\/\"]}]},{\"@type\":\"ImageObject\",\"inLanguage\":\"en-US\",\"@id\":\"https:\\\/\\\/trampampam.lt\\\/produktas\\\/pompa_balionams\\\/#primaryimage\",\"url\":\"https:\\\/\\\/i0.wp.com\\\/trampampam.lt\\\/wp-content\\\/uploads\\\/2023\\\/08\\\/Pompa_didele.heic?fit=%2C&ssl=1\",\"contentUrl\":\"https:\\\/\\\/i0.wp.com\\\/trampampam.lt\\\/wp-content\\\/uploads\\\/2023\\\/08\\\/Pompa_didele.heic?fit=%2C&ssl=1\",\"caption\":\"Pompa balionams p\u016bsti\"},{\"@type\":\"BreadcrumbList\",\"@id\":\"https:\\\/\\\/trampampam.lt\\\/produktas\\\/pompa_balionams\\\/#breadcrumb\",\"itemListElement\":[{\"@type\":\"ListItem\",\"position\":1,\"name\":\"Home\",\"item\":\"https:\\\/\\\/trampampam.lt\\\/\"},{\"@type\":\"ListItem\",\"position\":2,\"name\":\"Preki\u0173 katalogas\",\"item\":\"https:\\\/\\\/trampampam.lt\\\/\"},{\"@type\":\"ListItem\",\"position\":3,\"name\":\"Pompa balionams p\u016bsti (28 cm)\"}]},{\"@type\":\"WebSite\",\"@id\":\"https:\\\/\\\/trampampam.lt\\\/#website\",\"url\":\"https:\\\/\\\/trampampam.lt\\\/\",\"name\":\"Telefon\u0173 d\u0117klai, Balionai ir kita \u0161ventin\u0117 atributika | Trampampam.lt\",\"description\":\"Telefon\u0173 d\u0117klai, balionai, dovan\u0173 id\u0117jos ir kita \u0161ventin\u0117 atributika\",\"publisher\":{\"@id\":\"https:\\\/\\\/trampampam.lt\\\/#organization\"},\"alternateName\":\"Telefon\u0173 d\u0117klai\",\"potentialAction\":[{\"@type\":\"SearchAction\",\"target\":{\"@type\":\"EntryPoint\",\"urlTemplate\":\"https:\\\/\\\/trampampam.lt\\\/?s={search_term_string}\"},\"query-input\":{\"@type\":\"PropertyValueSpecification\",\"valueRequired\":true,\"valueName\":\"search_term_string\"}}],\"inLanguage\":\"en-US\"},{\"@type\":\"Organization\",\"@id\":\"https:\\\/\\\/trampampam.lt\\\/#organization\",\"name\":\"Trampampam.lt\",\"url\":\"https:\\\/\\\/trampampam.lt\\\/\",\"logo\":{\"@type\":\"ImageObject\",\"inLanguage\":\"en-US\",\"@id\":\"https:\\\/\\\/trampampam.lt\\\/#\\\/schema\\\/logo\\\/image\\\/\",\"url\":\"https:\\\/\\\/i0.wp.com\\\/trampampam.lt\\\/wp-content\\\/uploads\\\/2023\\\/11\\\/Small-logo-be-fono-1-e1698868741484.png?fit=390%2C399&ssl=1\",\"contentUrl\":\"https:\\\/\\\/i0.wp.com\\\/trampampam.lt\\\/wp-content\\\/uploads\\\/2023\\\/11\\\/Small-logo-be-fono-1-e1698868741484.png?fit=390%2C399&ssl=1\",\"width\":390,\"height\":399,\"caption\":\"Trampampam.lt\"},\"image\":{\"@id\":\"https:\\\/\\\/trampampam.lt\\\/#\\\/schema\\\/logo\\\/image\\\/\"},\"sameAs\":[\"https:\\\/\\\/www.facebook.com\\\/Trampampam.lt\",\"https:\\\/\\\/www.instagram.com\\\/trampampam.lt\\\/\"]}]}<\/script>\n<!-- \/ Yoast SEO plugin. -->","yoast_head_json":{"title":"Pompa balionams p\u016bsti (28 cm) - Trampampam.lt","description":"Plastikin\u0117 pompa balionams p\u016bsti.Daugkartinio naudojimo.Pompa tinka p\u016bsti tiek guminius (lateksinius) tiek folinius balionus Preki\u0173 katalogasIlgis - 28 cm.","robots":{"index":"index","follow":"follow","max-snippet":"max-snippet:-1","max-image-preview":"max-image-preview:large","max-video-preview":"max-video-preview:-1"},"canonical":"https:\/\/trampampam.lt\/en\/product\/pompa_balionams\/","og_locale":"en_US","og_type":"article","og_title":"Pompa balionams p\u016bsti (28 cm) - Trampampam.lt","og_description":"Plastikin\u0117 pompa balionams p\u016bsti.Daugkartinio naudojimo.Pompa tinka p\u016bsti tiek guminius (lateksinius) tiek folinius balionus Preki\u0173 katalogasIlgis - 28 cm.","og_url":"https:\/\/trampampam.lt\/en\/product\/pompa_balionams\/","og_site_name":"Trampampam.lt","article_publisher":"https:\/\/www.facebook.com\/Trampampam.lt","article_modified_time":"2026-04-15T15:04:30+00:00","twitter_card":"summary_large_image","twitter_misc":{"Est. reading time":"1 minute"},"schema":{"@context":"https:\/\/schema.org","@graph":[{"@type":"WebPage","@id":"https:\/\/trampampam.lt\/produktas\/pompa_balionams\/","url":"https:\/\/trampampam.lt\/produktas\/pompa_balionams\/","name":"Pompa balionams p\u016bsti (28 cm) - Trampampam.lt","isPartOf":{"@id":"https:\/\/trampampam.lt\/#website"},"primaryImageOfPage":{"@id":"https:\/\/trampampam.lt\/produktas\/pompa_balionams\/#primaryimage"},"image":{"@id":"https:\/\/trampampam.lt\/produktas\/pompa_balionams\/#primaryimage"},"thumbnailUrl":"https:\/\/i0.wp.com\/trampampam.lt\/wp-content\/uploads\/2023\/08\/Pompa_didele.heic?fit=%2C&ssl=1","datePublished":"2023-08-16T19:12:38+00:00","dateModified":"2026-04-15T15:04:30+00:00","description":"Plastikin\u0117 pompa balionams p\u016bsti.Daugkartinio naudojimo.Pompa tinka p\u016bsti tiek guminius (lateksinius) tiek folinius balionus Preki\u0173 katalogasIlgis - 28 cm.","breadcrumb":{"@id":"https:\/\/trampampam.lt\/produktas\/pompa_balionams\/#breadcrumb"},"inLanguage":"en-US","potentialAction":[{"@type":"ReadAction","target":["https:\/\/trampampam.lt\/produktas\/pompa_balionams\/"]}]},{"@type":"ImageObject","inLanguage":"en-US","@id":"https:\/\/trampampam.lt\/produktas\/pompa_balionams\/#primaryimage","url":"https:\/\/i0.wp.com\/trampampam.lt\/wp-content\/uploads\/2023\/08\/Pompa_didele.heic?fit=%2C&ssl=1","contentUrl":"https:\/\/i0.wp.com\/trampampam.lt\/wp-content\/uploads\/2023\/08\/Pompa_didele.heic?fit=%2C&ssl=1","caption":"Pompa balionams p\u016bsti"},{"@type":"BreadcrumbList","@id":"https:\/\/trampampam.lt\/produktas\/pompa_balionams\/#breadcrumb","itemListElement":[{"@type":"ListItem","position":1,"name":"Home","item":"https:\/\/trampampam.lt\/"},{"@type":"ListItem","position":2,"name":"Preki\u0173 katalogas","item":"https:\/\/trampampam.lt\/"},{"@type":"ListItem","position":3,"name":"Pompa balionams p\u016bsti (28 cm)"}]},{"@type":"WebSite","@id":"https:\/\/trampampam.lt\/#website","url":"https:\/\/trampampam.lt\/","name":"Telefon\u0173 d\u0117klai, Balionai ir kita \u0161ventin\u0117 atributika | Trampampam.lt","description":"Telefon\u0173 d\u0117klai, balionai, dovan\u0173 id\u0117jos ir kita \u0161ventin\u0117 atributika","publisher":{"@id":"https:\/\/trampampam.lt\/#organization"},"alternateName":"Telefon\u0173 d\u0117klai","potentialAction":[{"@type":"SearchAction","target":{"@type":"EntryPoint","urlTemplate":"https:\/\/trampampam.lt\/?s={search_term_string}"},"query-input":{"@type":"PropertyValueSpecification","valueRequired":true,"valueName":"search_term_string"}}],"inLanguage":"en-US"},{"@type":"Organization","@id":"https:\/\/trampampam.lt\/#organization","name":"Trampampam.lt","url":"https:\/\/trampampam.lt\/","logo":{"@type":"ImageObject","inLanguage":"en-US","@id":"https:\/\/trampampam.lt\/#\/schema\/logo\/image\/","url":"https:\/\/i0.wp.com\/trampampam.lt\/wp-content\/uploads\/2023\/11\/Small-logo-be-fono-1-e1698868741484.png?fit=390%2C399&ssl=1","contentUrl":"https:\/\/i0.wp.com\/trampampam.lt\/wp-content\/uploads\/2023\/11\/Small-logo-be-fono-1-e1698868741484.png?fit=390%2C399&ssl=1","width":390,"height":399,"caption":"Trampampam.lt"},"image":{"@id":"https:\/\/trampampam.lt\/#\/schema\/logo\/image\/"},"sameAs":["https:\/\/www.facebook.com\/Trampampam.lt","https:\/\/www.instagram.com\/trampampam.lt\/"]}]}},"jetpack_publicize_connections":[],"jetpack_sharing_enabled":true,"_links":{"self":[{"href":"https:\/\/trampampam.lt\/en\/wp-json\/wp\/v2\/product\/243","targetHints":{"allow":["GET"]}}],"collection":[{"href":"https:\/\/trampampam.lt\/en\/wp-json\/wp\/v2\/product"}],"about":[{"href":"https:\/\/trampampam.lt\/en\/wp-json\/wp\/v2\/types\/product"}],"replies":[{"embeddable":true,"href":"https:\/\/trampampam.lt\/en\/wp-json\/wp\/v2\/comments?post=243"}],"wp:featuredmedia":[{"embeddable":true,"href":"https:\/\/trampampam.lt\/en\/wp-json\/wp\/v2\/media\/721"}],"wp:attachment":[{"href":"https:\/\/trampampam.lt\/en\/wp-json\/wp\/v2\/media?parent=243"}],"wp:term":[{"taxonomy":"product_brand","embeddable":true,"href":"https:\/\/trampampam.lt\/en\/wp-json\/wp\/v2\/product_brand?post=243"},{"taxonomy":"product_cat","embeddable":true,"href":"https:\/\/trampampam.lt\/en\/wp-json\/wp\/v2\/product_cat?post=243"},{"taxonomy":"product_tag","embeddable":true,"href":"https:\/\/trampampam.lt\/en\/wp-json\/wp\/v2\/product_tag?post=243"}],"curies":[{"name":"wp","href":"https:\/\/api.w.org\/{rel}","templated":true}]}}