{"id":1985,"date":"2024-11-01T21:07:26","date_gmt":"2024-11-01T19:07:26","guid":{"rendered":"https:\/\/trampampam.lt\/?post_type=product&#038;p=1985"},"modified":"2025-01-06T00:01:00","modified_gmt":"2025-01-05T22:01:00","slug":"boho-flowers_4-3d-telefono-deklas-dvigubas","status":"publish","type":"product","link":"https:\/\/trampampam.lt\/en\/product\/boho-flowers_4-3d-telefono-deklas-dvigubas\/","title":{"rendered":"BOHO flowers_4  &#8211; 3D telefono d\u0117klas (dvigubas)"},"content":{"rendered":"<h1>O ne! Telefonas ir v\u0117l i\u0161krito i\u0161 rank\u0173\u2026 <span style=\"color: #ffffff;\">BOHO flowers telefono dekl<\/span><\/h1>\n<h2>Laimei, naudojant \u0161\u012f auk\u0161\u010diausios kokyb\u0117s, itin patvar\u0173 telefono d\u0117kl\u0105, nelaimingi atsitikimai netur\u0117s tiek daug pasekmi\u0173. Lengvas, bet ypatingai tvirtas d\u0117klas yra privalomas stiliaus IR apsaugos priedas.<\/h2>\n<h2>Dviej\u0173 sluoksni\u0173 telefono d\u0117klas suteikia daugiau apsaugos nei bet kada anks\u010diau. Tai tarsi j\u016bs\u0173 telefono asmeninis, nenuilstantis sargybinis.<\/h2>\n<ul>\n<li>\n<h2>Itin tvirtas d\u0117klas su dviej\u0173 sluoksni\u0173 apvalkalu, kad padidint\u0173 patvarum\u0105<\/h2>\n<\/li>\n<li>\n<h2>Pagaminta i\u0161 auk\u0161\u010diausios kokyb\u0117s med\u017eiag\u0173<\/h2>\n<\/li>\n<li>\n<h2>Blizgus pavir\u0161ius<\/h2>\n<\/li>\n<li>\n<h2>Neblunkanti grafika<\/h2>\n<\/li>\n<\/ul>\n<h3>* \u00a0Atvaizdas sukurtas naudojant DI<\/h3>","protected":false},"excerpt":{"rendered":"<h1>O ne! Telefonas ir v\u0117l i\u0161krito i\u0161 rank\u0173\u2026 <span style=\"color: #ffffff;\">BOHO flowers telefono<\/span><\/h1>\n<h2>Laimei, naudojant \u0161\u012f auk\u0161\u010diausios kokyb\u0117s, itin patvar\u0173 telefono d\u0117kl\u0105, nelaimingi atsitikimai netur\u0117s tiek daug pasekmi\u0173. Lengvas, bet ypatingai tvirtas d\u0117klas yra privalomas stiliaus IR apsaugos priedas.<\/h2>\n<h2>Dviej\u0173 sluoksni\u0173 telefono d\u0117klas suteikia daugiau apsaugos nei bet kada anks\u010diau. Tai tarsi j\u016bs\u0173 telefono asmeninis, nenuilstantis sargybinis.<\/h2>\n<ul>\n<li>\n<h2>Itin tvirtas d\u0117klas su dviej\u0173 sluoksni\u0173 apvalkalu, kad padidint\u0173 patvarum\u0105<\/h2>\n<\/li>\n<li>\n<h2>Pagaminta i\u0161 auk\u0161\u010diausios kokyb\u0117s med\u017eiag\u0173<\/h2>\n<\/li>\n<li>\n<h2>Blizgus pavir\u0161ius<\/h2>\n<\/li>\n<li>\n<h2>Neblunkanti grafika<\/h2>\n<\/li>\n<\/ul>\n<h3>* \u00a0Atvaizdas sukurtas naudojant DI<\/h3>","protected":false},"featured_media":2092,"comment_status":"open","ping_status":"closed","template":"","meta":{"jetpack_publicize_message":"","jetpack_publicize_feature_enabled":true,"jetpack_social_post_already_shared":false,"jetpack_social_options":{"image_generator_settings":{"template":"highway","default_image_id":0,"font":"","enabled":false},"version":2}},"product_brand":[],"product_cat":[155,153],"product_tag":[324,335,251,157,327,248,249,325,250,326,156,158],"class_list":{"0":"post-1985","1":"product","2":"type-product","3":"status-publish","4":"has-post-thumbnail","6":"product_cat-geliu-motyvai","7":"product_cat-telefonu_deklai","8":"product_tag-bm","9":"product_tag-bogo","10":"product_tag-case","11":"product_tag-deklas","12":"product_tag-flowers","13":"product_tag-j_1","14":"product_tag-joker","15":"product_tag-magnolias","16":"product_tag-phone","17":"product_tag-sweet","18":"product_tag-telefono","19":"product_tag-telefono-deklas","20":"product_shipping_class-telefono-deklas","21":"pa_gamintojas-google-pixel","22":"pa_gamintojas-huawei","23":"pa_gamintojas-iphone","24":"pa_gamintojas-oneplus","25":"pa_gamintojas-samsung","26":"pa_gamintojas-xiaomi","27":"pa_modeliai-google-pixel-6","28":"pa_modeliai-google-pixel-6-pro","29":"pa_modeliai-google-pixel-6a","30":"pa_modeliai-google-pixel-7","31":"pa_modeliai-google-pixel-7-pro","32":"pa_modeliai-google-pixel-7a","33":"pa_modeliai-google-pixel-8","34":"pa_modeliai-google-pixel-8-pro","35":"pa_modeliai-google-pixel-8a","36":"pa_modeliai-google-pixel-9-9-pro","37":"pa_modeliai-google-pixel-9-pro-xl","38":"pa_modeliai-huawei-p30","39":"pa_modeliai-huawei-p30-lite","40":"pa_modeliai-huawei-p30-pro","41":"pa_modeliai-iphone-11","42":"pa_modeliai-iphone-11-pro","43":"pa_modeliai-iphone-11-pro-max","44":"pa_modeliai-iphone-12","45":"pa_modeliai-iphone-12-mini","46":"pa_modeliai-iphone-12-pro","47":"pa_modeliai-iphone-12-pro-max","48":"pa_modeliai-iphone-13","49":"pa_modeliai-iphone-13-mini","50":"pa_modeliai-iphone-13-pro","51":"pa_modeliai-iphone-13-pro-max","52":"pa_modeliai-iphone-14","53":"pa_modeliai-iphone-14-plus","54":"pa_modeliai-iphone-14-pro","55":"pa_modeliai-iphone-14-pro-max","56":"pa_modeliai-iphone-15","57":"pa_modeliai-iphone-15-plus","58":"pa_modeliai-iphone-15-pro","59":"pa_modeliai-iphone-15-pro-max","60":"pa_modeliai-iphone-16","61":"pa_modeliai-iphone-16-plus","62":"pa_modeliai-iphone-16-pro","63":"pa_modeliai-iphone-16-pro-max","64":"pa_modeliai-iphone-7-8","65":"pa_modeliai-iphone-7-plus-8-plus","66":"pa_modeliai-iphone-se2020","67":"pa_modeliai-iphone-se2022","68":"pa_modeliai-iphone-x-xs","69":"pa_modeliai-iphone-xr","70":"pa_modeliai-iphone-xs-max","71":"pa_modeliai-oneplus-10-pro-5g","72":"pa_modeliai-oneplus-11","73":"pa_modeliai-samsung-galaxy-a12","74":"pa_modeliai-samsung-galaxy-a13","75":"pa_modeliai-samsung-galaxy-a14-5g","76":"pa_modeliai-samsung-galaxy-a22-5g","77":"pa_modeliai-samsung-galaxy-a32-5g","78":"pa_modeliai-samsung-galaxy-a33-5g","79":"pa_modeliai-samsung-galaxy-a34","80":"pa_modeliai-samsung-galaxy-a51","81":"pa_modeliai-samsung-galaxy-a52-52s","82":"pa_modeliai-samsung-galaxy-a53","83":"pa_modeliai-samsung-galaxy-a54-5g","84":"pa_modeliai-samsung-galaxy-a55","85":"pa_modeliai-samsung-galaxy-a71","86":"pa_modeliai-samsung-galaxy-a72","87":"pa_modeliai-samsung-galaxy-note-20-ultra","88":"pa_modeliai-samsung-galaxy-s10","89":"pa_modeliai-samsung-galaxy-s10-plus","90":"pa_modeliai-samsung-galaxy-s20","91":"pa_modeliai-samsung-galaxy-s20-fe","92":"pa_modeliai-samsung-galaxy-s20-plus","93":"pa_modeliai-samsung-galaxy-s20-ultra","94":"pa_modeliai-samsung-galaxy-s21","95":"pa_modeliai-samsung-galaxy-s21-fe","96":"pa_modeliai-samsung-galaxy-s21-plus","97":"pa_modeliai-samsung-galaxy-s21-ultra","98":"pa_modeliai-samsung-galaxy-s22-5g","99":"pa_modeliai-samsung-galaxy-s22-plus-5g","100":"pa_modeliai-samsung-galaxy-s22-ultra-5g","101":"pa_modeliai-samsung-galaxy-s23-5g","102":"pa_modeliai-samsung-galaxy-s23-fe","103":"pa_modeliai-samsung-galaxy-s23-plus-5g","104":"pa_modeliai-samsung-galaxy-s23-ultra-5g","105":"pa_modeliai-samsung-galaxy-s24","106":"pa_modeliai-samsung-galaxy-s24-plus","107":"pa_modeliai-samsung-galaxy-s24-ultra","108":"pa_modeliai-xiaomi-11-lite-5g-ne","109":"pa_modeliai-xiaomi-11t-11t-pro","110":"pa_modeliai-xiaomi-12","111":"pa_modeliai-xiaomi-12-pro","112":"pa_modeliai-xiaomi-12t-12t-pro","113":"pa_modeliai-xiaomi-12x","114":"pa_modeliai-xiaomi-13","115":"pa_modeliai-xiaomi-13-lite","116":"pa_modeliai-xiaomi-13-pro","117":"pa_modeliai-xiaomi-13t-13t-pro","118":"pa_modeliai-xiaomi-14","119":"pa_modeliai-xiaomi-14-pro","120":"pa_modeliai-xiaomi-mi-11-lite-4g-5g","121":"pa_modeliai-xiaomi-redmi-note-10-pro","122":"pa_modeliai-xiaomi-redmi-note-11-pro","124":"first","125":"instock","126":"shipping-taxable","127":"purchasable","128":"product-type-variable"},"yoast_head":"<!-- This site is optimized with the Yoast SEO plugin v27.4 - https:\/\/yoast.com\/product\/yoast-seo-wordpress\/ -->\n<title>BOHO flowers_4 - 3D telefono d\u0117klas (dvigubas) - Trampampam.lt<\/title>\n<meta name=\"description\" content=\"Dviej\u0173 sluoksni\u0173 telefono d\u0117klas suteikia daugiau apsaugos nei bet kada anks\u010diau. Tai tarsi j\u016bs\u0173 telefono asmeninis, nenuilstantis sargybinis.\" \/>\n<meta name=\"robots\" content=\"index, follow, max-snippet:-1, max-image-preview:large, max-video-preview:-1\" \/>\n<link rel=\"canonical\" href=\"https:\/\/trampampam.lt\/en\/product\/boho-flowers_4-3d-telefono-deklas-dvigubas\/\" \/>\n<meta property=\"og:locale\" content=\"en_US\" \/>\n<meta property=\"og:type\" content=\"article\" \/>\n<meta property=\"og:title\" content=\"3D telefono d\u0117klas (dvigubas)\" \/>\n<meta property=\"og:description\" content=\"Dviej\u0173 sluoksni\u0173 telefono d\u0117klas suteikia daugiau apsaugos nei bet kada anks\u010diau. Tai tarsi j\u016bs\u0173 telefono asmeninis, nenuilstantis sargybinis.\" \/>\n<meta property=\"og:url\" content=\"https:\/\/trampampam.lt\/en\/product\/boho-flowers_4-3d-telefono-deklas-dvigubas\/\" \/>\n<meta property=\"og:site_name\" content=\"Trampampam.lt\" \/>\n<meta property=\"article:publisher\" content=\"https:\/\/www.facebook.com\/Trampampam.lt\" \/>\n<meta property=\"article:modified_time\" content=\"2025-01-05T22:01:00+00:00\" \/>\n<meta property=\"og:image\" content=\"https:\/\/trampampam.lt\/wp-content\/uploads\/2024\/07\/J_1_1-1.png\" \/>\n\t<meta property=\"og:image:width\" content=\"1442\" \/>\n\t<meta property=\"og:image:height\" content=\"1446\" \/>\n\t<meta property=\"og:image:type\" content=\"image\/png\" \/>\n<meta name=\"twitter:card\" content=\"summary_large_image\" \/>\n<meta name=\"twitter:label1\" content=\"Est. reading time\" \/>\n\t<meta name=\"twitter:data1\" content=\"1 minute\" \/>\n<script type=\"application\/ld+json\" class=\"yoast-schema-graph\">{\"@context\":\"https:\\\/\\\/schema.org\",\"@graph\":[{\"@type\":\"WebPage\",\"@id\":\"https:\\\/\\\/trampampam.lt\\\/produktas\\\/boho-flowers_4-3d-telefono-deklas-dvigubas\\\/\",\"url\":\"https:\\\/\\\/trampampam.lt\\\/produktas\\\/boho-flowers_4-3d-telefono-deklas-dvigubas\\\/\",\"name\":\"BOHO flowers_4 - 3D telefono d\u0117klas (dvigubas) - Trampampam.lt\",\"isPartOf\":{\"@id\":\"https:\\\/\\\/trampampam.lt\\\/#website\"},\"primaryImageOfPage\":{\"@id\":\"https:\\\/\\\/trampampam.lt\\\/produktas\\\/boho-flowers_4-3d-telefono-deklas-dvigubas\\\/#primaryimage\"},\"image\":{\"@id\":\"https:\\\/\\\/trampampam.lt\\\/produktas\\\/boho-flowers_4-3d-telefono-deklas-dvigubas\\\/#primaryimage\"},\"thumbnailUrl\":\"https:\\\/\\\/i0.wp.com\\\/trampampam.lt\\\/wp-content\\\/uploads\\\/2024\\\/11\\\/BOHO-flowers_4.png?fit=1447%2C1447&ssl=1\",\"datePublished\":\"2024-11-01T19:07:26+00:00\",\"dateModified\":\"2025-01-05T22:01:00+00:00\",\"description\":\"Dviej\u0173 sluoksni\u0173 telefono d\u0117klas suteikia daugiau apsaugos nei bet kada anks\u010diau. Tai tarsi j\u016bs\u0173 telefono asmeninis, nenuilstantis sargybinis.\",\"breadcrumb\":{\"@id\":\"https:\\\/\\\/trampampam.lt\\\/produktas\\\/boho-flowers_4-3d-telefono-deklas-dvigubas\\\/#breadcrumb\"},\"inLanguage\":\"en-US\",\"potentialAction\":[{\"@type\":\"ReadAction\",\"target\":[\"https:\\\/\\\/trampampam.lt\\\/produktas\\\/boho-flowers_4-3d-telefono-deklas-dvigubas\\\/\"]}]},{\"@type\":\"ImageObject\",\"inLanguage\":\"en-US\",\"@id\":\"https:\\\/\\\/trampampam.lt\\\/produktas\\\/boho-flowers_4-3d-telefono-deklas-dvigubas\\\/#primaryimage\",\"url\":\"https:\\\/\\\/i0.wp.com\\\/trampampam.lt\\\/wp-content\\\/uploads\\\/2024\\\/11\\\/BOHO-flowers_4.png?fit=1447%2C1447&ssl=1\",\"contentUrl\":\"https:\\\/\\\/i0.wp.com\\\/trampampam.lt\\\/wp-content\\\/uploads\\\/2024\\\/11\\\/BOHO-flowers_4.png?fit=1447%2C1447&ssl=1\",\"width\":1447,\"height\":1447,\"caption\":\"BOHO flowers_4\"},{\"@type\":\"BreadcrumbList\",\"@id\":\"https:\\\/\\\/trampampam.lt\\\/produktas\\\/boho-flowers_4-3d-telefono-deklas-dvigubas\\\/#breadcrumb\",\"itemListElement\":[{\"@type\":\"ListItem\",\"position\":1,\"name\":\"Home\",\"item\":\"https:\\\/\\\/trampampam.lt\\\/\"},{\"@type\":\"ListItem\",\"position\":2,\"name\":\"Preki\u0173 katalogas\",\"item\":\"https:\\\/\\\/trampampam.lt\\\/\"},{\"@type\":\"ListItem\",\"position\":3,\"name\":\"BOHO flowers_4 &#8211; 3D telefono d\u0117klas (dvigubas)\"}]},{\"@type\":\"WebSite\",\"@id\":\"https:\\\/\\\/trampampam.lt\\\/#website\",\"url\":\"https:\\\/\\\/trampampam.lt\\\/\",\"name\":\"Telefon\u0173 d\u0117klai, Balionai ir kita \u0161ventin\u0117 atributika | Trampampam.lt\",\"description\":\"Telefon\u0173 d\u0117klai, balionai, dovan\u0173 id\u0117jos ir kita \u0161ventin\u0117 atributika\",\"publisher\":{\"@id\":\"https:\\\/\\\/trampampam.lt\\\/#organization\"},\"alternateName\":\"Telefon\u0173 d\u0117klai\",\"potentialAction\":[{\"@type\":\"SearchAction\",\"target\":{\"@type\":\"EntryPoint\",\"urlTemplate\":\"https:\\\/\\\/trampampam.lt\\\/?s={search_term_string}\"},\"query-input\":{\"@type\":\"PropertyValueSpecification\",\"valueRequired\":true,\"valueName\":\"search_term_string\"}}],\"inLanguage\":\"en-US\"},{\"@type\":\"Organization\",\"@id\":\"https:\\\/\\\/trampampam.lt\\\/#organization\",\"name\":\"Trampampam.lt\",\"url\":\"https:\\\/\\\/trampampam.lt\\\/\",\"logo\":{\"@type\":\"ImageObject\",\"inLanguage\":\"en-US\",\"@id\":\"https:\\\/\\\/trampampam.lt\\\/#\\\/schema\\\/logo\\\/image\\\/\",\"url\":\"https:\\\/\\\/i0.wp.com\\\/trampampam.lt\\\/wp-content\\\/uploads\\\/2023\\\/11\\\/Small-logo-be-fono-1-e1698868741484.png?fit=390%2C399&ssl=1\",\"contentUrl\":\"https:\\\/\\\/i0.wp.com\\\/trampampam.lt\\\/wp-content\\\/uploads\\\/2023\\\/11\\\/Small-logo-be-fono-1-e1698868741484.png?fit=390%2C399&ssl=1\",\"width\":390,\"height\":399,\"caption\":\"Trampampam.lt\"},\"image\":{\"@id\":\"https:\\\/\\\/trampampam.lt\\\/#\\\/schema\\\/logo\\\/image\\\/\"},\"sameAs\":[\"https:\\\/\\\/www.facebook.com\\\/Trampampam.lt\",\"https:\\\/\\\/www.instagram.com\\\/trampampam.lt\\\/\"]}]}<\/script>\n<!-- \/ Yoast SEO plugin. -->","yoast_head_json":{"title":"BOHO flowers_4 - 3D telefono d\u0117klas (dvigubas) - Trampampam.lt","description":"Dviej\u0173 sluoksni\u0173 telefono d\u0117klas suteikia daugiau apsaugos nei bet kada anks\u010diau. Tai tarsi j\u016bs\u0173 telefono asmeninis, nenuilstantis sargybinis.","robots":{"index":"index","follow":"follow","max-snippet":"max-snippet:-1","max-image-preview":"max-image-preview:large","max-video-preview":"max-video-preview:-1"},"canonical":"https:\/\/trampampam.lt\/en\/product\/boho-flowers_4-3d-telefono-deklas-dvigubas\/","og_locale":"en_US","og_type":"article","og_title":"3D telefono d\u0117klas (dvigubas)","og_description":"Dviej\u0173 sluoksni\u0173 telefono d\u0117klas suteikia daugiau apsaugos nei bet kada anks\u010diau. Tai tarsi j\u016bs\u0173 telefono asmeninis, nenuilstantis sargybinis.","og_url":"https:\/\/trampampam.lt\/en\/product\/boho-flowers_4-3d-telefono-deklas-dvigubas\/","og_site_name":"Trampampam.lt","article_publisher":"https:\/\/www.facebook.com\/Trampampam.lt","article_modified_time":"2025-01-05T22:01:00+00:00","og_image":[{"width":1442,"height":1446,"url":"https:\/\/trampampam.lt\/wp-content\/uploads\/2024\/07\/J_1_1-1.png","type":"image\/png"}],"twitter_card":"summary_large_image","twitter_misc":{"Est. reading time":"1 minute"},"schema":{"@context":"https:\/\/schema.org","@graph":[{"@type":"WebPage","@id":"https:\/\/trampampam.lt\/produktas\/boho-flowers_4-3d-telefono-deklas-dvigubas\/","url":"https:\/\/trampampam.lt\/produktas\/boho-flowers_4-3d-telefono-deklas-dvigubas\/","name":"BOHO flowers_4 - 3D telefono d\u0117klas (dvigubas) - Trampampam.lt","isPartOf":{"@id":"https:\/\/trampampam.lt\/#website"},"primaryImageOfPage":{"@id":"https:\/\/trampampam.lt\/produktas\/boho-flowers_4-3d-telefono-deklas-dvigubas\/#primaryimage"},"image":{"@id":"https:\/\/trampampam.lt\/produktas\/boho-flowers_4-3d-telefono-deklas-dvigubas\/#primaryimage"},"thumbnailUrl":"https:\/\/i0.wp.com\/trampampam.lt\/wp-content\/uploads\/2024\/11\/BOHO-flowers_4.png?fit=1447%2C1447&ssl=1","datePublished":"2024-11-01T19:07:26+00:00","dateModified":"2025-01-05T22:01:00+00:00","description":"Dviej\u0173 sluoksni\u0173 telefono d\u0117klas suteikia daugiau apsaugos nei bet kada anks\u010diau. Tai tarsi j\u016bs\u0173 telefono asmeninis, nenuilstantis sargybinis.","breadcrumb":{"@id":"https:\/\/trampampam.lt\/produktas\/boho-flowers_4-3d-telefono-deklas-dvigubas\/#breadcrumb"},"inLanguage":"en-US","potentialAction":[{"@type":"ReadAction","target":["https:\/\/trampampam.lt\/produktas\/boho-flowers_4-3d-telefono-deklas-dvigubas\/"]}]},{"@type":"ImageObject","inLanguage":"en-US","@id":"https:\/\/trampampam.lt\/produktas\/boho-flowers_4-3d-telefono-deklas-dvigubas\/#primaryimage","url":"https:\/\/i0.wp.com\/trampampam.lt\/wp-content\/uploads\/2024\/11\/BOHO-flowers_4.png?fit=1447%2C1447&ssl=1","contentUrl":"https:\/\/i0.wp.com\/trampampam.lt\/wp-content\/uploads\/2024\/11\/BOHO-flowers_4.png?fit=1447%2C1447&ssl=1","width":1447,"height":1447,"caption":"BOHO flowers_4"},{"@type":"BreadcrumbList","@id":"https:\/\/trampampam.lt\/produktas\/boho-flowers_4-3d-telefono-deklas-dvigubas\/#breadcrumb","itemListElement":[{"@type":"ListItem","position":1,"name":"Home","item":"https:\/\/trampampam.lt\/"},{"@type":"ListItem","position":2,"name":"Preki\u0173 katalogas","item":"https:\/\/trampampam.lt\/"},{"@type":"ListItem","position":3,"name":"BOHO flowers_4 &#8211; 3D telefono d\u0117klas (dvigubas)"}]},{"@type":"WebSite","@id":"https:\/\/trampampam.lt\/#website","url":"https:\/\/trampampam.lt\/","name":"Telefon\u0173 d\u0117klai, Balionai ir kita \u0161ventin\u0117 atributika | Trampampam.lt","description":"Telefon\u0173 d\u0117klai, balionai, dovan\u0173 id\u0117jos ir kita \u0161ventin\u0117 atributika","publisher":{"@id":"https:\/\/trampampam.lt\/#organization"},"alternateName":"Telefon\u0173 d\u0117klai","potentialAction":[{"@type":"SearchAction","target":{"@type":"EntryPoint","urlTemplate":"https:\/\/trampampam.lt\/?s={search_term_string}"},"query-input":{"@type":"PropertyValueSpecification","valueRequired":true,"valueName":"search_term_string"}}],"inLanguage":"en-US"},{"@type":"Organization","@id":"https:\/\/trampampam.lt\/#organization","name":"Trampampam.lt","url":"https:\/\/trampampam.lt\/","logo":{"@type":"ImageObject","inLanguage":"en-US","@id":"https:\/\/trampampam.lt\/#\/schema\/logo\/image\/","url":"https:\/\/i0.wp.com\/trampampam.lt\/wp-content\/uploads\/2023\/11\/Small-logo-be-fono-1-e1698868741484.png?fit=390%2C399&ssl=1","contentUrl":"https:\/\/i0.wp.com\/trampampam.lt\/wp-content\/uploads\/2023\/11\/Small-logo-be-fono-1-e1698868741484.png?fit=390%2C399&ssl=1","width":390,"height":399,"caption":"Trampampam.lt"},"image":{"@id":"https:\/\/trampampam.lt\/#\/schema\/logo\/image\/"},"sameAs":["https:\/\/www.facebook.com\/Trampampam.lt","https:\/\/www.instagram.com\/trampampam.lt\/"]}]}},"jetpack_publicize_connections":[],"jetpack_sharing_enabled":true,"_links":{"self":[{"href":"https:\/\/trampampam.lt\/en\/wp-json\/wp\/v2\/product\/1985","targetHints":{"allow":["GET"]}}],"collection":[{"href":"https:\/\/trampampam.lt\/en\/wp-json\/wp\/v2\/product"}],"about":[{"href":"https:\/\/trampampam.lt\/en\/wp-json\/wp\/v2\/types\/product"}],"replies":[{"embeddable":true,"href":"https:\/\/trampampam.lt\/en\/wp-json\/wp\/v2\/comments?post=1985"}],"wp:featuredmedia":[{"embeddable":true,"href":"https:\/\/trampampam.lt\/en\/wp-json\/wp\/v2\/media\/2092"}],"wp:attachment":[{"href":"https:\/\/trampampam.lt\/en\/wp-json\/wp\/v2\/media?parent=1985"}],"wp:term":[{"taxonomy":"product_brand","embeddable":true,"href":"https:\/\/trampampam.lt\/en\/wp-json\/wp\/v2\/product_brand?post=1985"},{"taxonomy":"product_cat","embeddable":true,"href":"https:\/\/trampampam.lt\/en\/wp-json\/wp\/v2\/product_cat?post=1985"},{"taxonomy":"product_tag","embeddable":true,"href":"https:\/\/trampampam.lt\/en\/wp-json\/wp\/v2\/product_tag?post=1985"}],"curies":[{"name":"wp","href":"https:\/\/api.w.org\/{rel}","templated":true}]}}