{"id":1305,"date":"2024-09-29T21:49:19","date_gmt":"2024-09-29T18:49:19","guid":{"rendered":"https:\/\/trampampam.lt\/?post_type=product&#038;p=1305"},"modified":"2025-01-06T00:01:07","modified_gmt":"2025-01-05T22:01:07","slug":"jb-3d-telefono-deklas-dvigubas","status":"publish","type":"product","link":"https:\/\/trampampam.lt\/en\/product\/jb-3d-telefono-deklas-dvigubas\/","title":{"rendered":"J&#038;B &#8211; 3D telefono d\u0117klas (dvigubas)"},"content":{"rendered":"<h1>O ne! Telefonas ir v\u0117l i\u0161krito i\u0161 rank\u0173<span style=\"color: #003300;\">\u2026<\/span> J&amp;B<\/h1>\n<h1>Laimei, naudojant \u0161iuos auk\u0161\u010diausios kokyb\u0117s, itin patvarius telefono d\u0117klus, nelaimingi atsitikimai netur\u0117s tiek daug pasekmi\u0173. Lengvi, bet ypatingai tvirti d\u0117klai yra privalomas stiliaus IR apsaugos priedas.<\/h1>\n<h2>Dviej\u0173 sluoksni\u0173 telefono d\u0117klas suteikia daugiau apsaugos nei bet kada anks\u010diau. Tai tarsi j\u016bs\u0173 telefono asmeninis, nenuilstantis sargybinis.<\/h2>\n<ul>\n<li>\n<h2>Itin tvirtas d\u0117klas su dviej\u0173 sluoksni\u0173 apvalkalu, kad padidint\u0173 patvarum\u0105<\/h2>\n<\/li>\n<li>\n<h2>Pagaminta i\u0161 auk\u0161\u010diausios kokyb\u0117s med\u017eiag\u0173<\/h2>\n<\/li>\n<li>\n<h2>Blizgus pavir\u0161ius<\/h2>\n<\/li>\n<li>\n<h2>Neblunkanti grafika<\/h2>\n<\/li>\n<\/ul>\n<h3>* Atvaizdas sukurtas naudojant DI<\/h3>","protected":false},"excerpt":{"rendered":"<h1>O ne! Telefonas ir v\u0117l i\u0161krito i\u0161 rank\u0173\u2026 <span style=\"color: #ffffff;\">J&amp;B<\/span><\/h1>\n<h1>Laimei, naudojant \u0161iuos auk\u0161\u010diausios kokyb\u0117s, itin patvarius telefono d\u0117klus, nelaimingi atsitikimai netur\u0117s tiek daug pasekmi\u0173. Lengvi, bet ypatingai tvirti d\u0117klai yra privalomas stiliaus IR apsaugos priedas.<\/h1>\n<h2>Dviej\u0173 sluoksni\u0173 telefono d\u0117klas suteikia daugiau apsaugos nei bet kada anks\u010diau. Tai tarsi j\u016bs\u0173 telefono asmeninis, nenuilstantis sargybinis.<\/h2>\n<ul>\n<li>\n<h2>Itin tvirtas d\u0117klas su dviej\u0173 sluoksni\u0173 apvalkalu, kad padidint\u0173 patvarum\u0105<\/h2>\n<\/li>\n<li>\n<h2>Pagaminta i\u0161 auk\u0161\u010diausios kokyb\u0117s med\u017eiag\u0173<\/h2>\n<\/li>\n<li>\n<h2>Blizgus pavir\u0161ius<\/h2>\n<\/li>\n<li>\n<h2>Neblunkanti grafika<\/h2>\n<\/li>\n<\/ul>\n<h3>* Atvaizdas sukurtas naudojant DI<\/h3>","protected":false},"featured_media":1309,"comment_status":"open","ping_status":"closed","template":"","meta":{"jetpack_publicize_message":"","jetpack_publicize_feature_enabled":true,"jetpack_social_post_already_shared":false,"jetpack_social_options":{"image_generator_settings":{"template":"highway","default_image_id":0,"font":"","enabled":false},"version":2}},"product_brand":[],"product_cat":[154,153],"product_tag":[251,157,322,248,249,250,156,158],"class_list":{"0":"post-1305","1":"product","2":"type-product","3":"status-publish","4":"has-post-thumbnail","6":"product_cat-anti-herojai","7":"product_cat-telefonu_deklai","8":"product_tag-case","9":"product_tag-deklas","10":"product_tag-dekliukas","11":"product_tag-j_1","12":"product_tag-joker","13":"product_tag-phone","14":"product_tag-telefono","15":"product_tag-telefono-deklas","16":"product_shipping_class-telefono-deklas","17":"pa_modeliai-google-pixel-6","18":"pa_modeliai-google-pixel-6-pro","19":"pa_modeliai-google-pixel-6a","20":"pa_modeliai-google-pixel-7","21":"pa_modeliai-google-pixel-7-pro","22":"pa_modeliai-google-pixel-7a","23":"pa_modeliai-google-pixel-8","24":"pa_modeliai-google-pixel-8-pro","25":"pa_modeliai-google-pixel-8a","26":"pa_modeliai-google-pixel-9-9-pro","27":"pa_modeliai-google-pixel-9-pro-xl","28":"pa_modeliai-huawei-p30","29":"pa_modeliai-huawei-p30-lite","30":"pa_modeliai-huawei-p30-pro","31":"pa_modeliai-iphone-11","32":"pa_modeliai-iphone-11-pro","33":"pa_modeliai-iphone-11-pro-max","34":"pa_modeliai-iphone-12","35":"pa_modeliai-iphone-12-mini","36":"pa_modeliai-iphone-12-pro","37":"pa_modeliai-iphone-12-pro-max","38":"pa_modeliai-iphone-13","39":"pa_modeliai-iphone-13-mini","40":"pa_modeliai-iphone-13-pro","41":"pa_modeliai-iphone-13-pro-max","42":"pa_modeliai-iphone-14","43":"pa_modeliai-iphone-14-plus","44":"pa_modeliai-iphone-14-pro","45":"pa_modeliai-iphone-14-pro-max","46":"pa_modeliai-iphone-15","47":"pa_modeliai-iphone-15-plus","48":"pa_modeliai-iphone-15-pro","49":"pa_modeliai-iphone-15-pro-max","50":"pa_modeliai-iphone-16","51":"pa_modeliai-iphone-16-plus","52":"pa_modeliai-iphone-16-pro","53":"pa_modeliai-iphone-16-pro-max","54":"pa_modeliai-iphone-7-8","55":"pa_modeliai-iphone-7-plus-8-plus","56":"pa_modeliai-iphone-se2020","57":"pa_modeliai-iphone-se2022","58":"pa_modeliai-iphone-x-xs","59":"pa_modeliai-iphone-xr","60":"pa_modeliai-iphone-xs-max","61":"pa_modeliai-oneplus-10-pro-5g","62":"pa_modeliai-oneplus-11","63":"pa_modeliai-samsung-galaxy-a12","64":"pa_modeliai-samsung-galaxy-a13","65":"pa_modeliai-samsung-galaxy-a14-5g","66":"pa_modeliai-samsung-galaxy-a22-5g","67":"pa_modeliai-samsung-galaxy-a32-5g","68":"pa_modeliai-samsung-galaxy-a33-5g","69":"pa_modeliai-samsung-galaxy-a34","70":"pa_modeliai-samsung-galaxy-a51","71":"pa_modeliai-samsung-galaxy-a52-52s","72":"pa_modeliai-samsung-galaxy-a53","73":"pa_modeliai-samsung-galaxy-a54-5g","74":"pa_modeliai-samsung-galaxy-a55","75":"pa_modeliai-samsung-galaxy-a71","76":"pa_modeliai-samsung-galaxy-a72","77":"pa_modeliai-samsung-galaxy-note-20-ultra","78":"pa_modeliai-samsung-galaxy-s10","79":"pa_modeliai-samsung-galaxy-s10-plus","80":"pa_modeliai-samsung-galaxy-s20","81":"pa_modeliai-samsung-galaxy-s20-fe","82":"pa_modeliai-samsung-galaxy-s20-plus","83":"pa_modeliai-samsung-galaxy-s20-ultra","84":"pa_modeliai-samsung-galaxy-s21","85":"pa_modeliai-samsung-galaxy-s21-fe","86":"pa_modeliai-samsung-galaxy-s21-plus","87":"pa_modeliai-samsung-galaxy-s21-ultra","88":"pa_modeliai-samsung-galaxy-s22-5g","89":"pa_modeliai-samsung-galaxy-s22-plus-5g","90":"pa_modeliai-samsung-galaxy-s22-ultra-5g","91":"pa_modeliai-samsung-galaxy-s23-5g","92":"pa_modeliai-samsung-galaxy-s23-fe","93":"pa_modeliai-samsung-galaxy-s23-plus-5g","94":"pa_modeliai-samsung-galaxy-s23-ultra-5g","95":"pa_modeliai-samsung-galaxy-s24","96":"pa_modeliai-samsung-galaxy-s24-plus","97":"pa_modeliai-samsung-galaxy-s24-ultra","98":"pa_modeliai-xiaomi-11-lite-5g-ne","99":"pa_modeliai-xiaomi-11t-11t-pro","100":"pa_modeliai-xiaomi-12","101":"pa_modeliai-xiaomi-12-pro","102":"pa_modeliai-xiaomi-12t-12t-pro","103":"pa_modeliai-xiaomi-12x","104":"pa_modeliai-xiaomi-13","105":"pa_modeliai-xiaomi-13-lite","106":"pa_modeliai-xiaomi-13-pro","107":"pa_modeliai-xiaomi-13t-13t-pro","108":"pa_modeliai-xiaomi-14","109":"pa_modeliai-xiaomi-14-pro","110":"pa_modeliai-xiaomi-mi-11-lite-4g-5g","111":"pa_modeliai-xiaomi-redmi-note-10-pro","112":"pa_modeliai-xiaomi-redmi-note-11-pro","114":"first","115":"instock","116":"shipping-taxable","117":"purchasable","118":"product-type-variable","119":"has-default-attributes"},"yoast_head":"<!-- This site is optimized with the Yoast SEO plugin v27.4 - https:\/\/yoast.com\/product\/yoast-seo-wordpress\/ -->\n<title>J&amp;B - 3D telefono d\u0117klas (dvigubas) - Trampampam.lt<\/title>\n<meta name=\"description\" content=\"Dviej\u0173 sluoksni\u0173 telefono d\u0117klas suteikia daugiau apsaugos nei bet kada anks\u010diau. Tai tarsi j\u016bs\u0173 telefono asmeninis, nenuilstantis sargybinis.\" \/>\n<meta name=\"robots\" content=\"index, follow, max-snippet:-1, max-image-preview:large, max-video-preview:-1\" \/>\n<link rel=\"canonical\" href=\"https:\/\/trampampam.lt\/en\/product\/jb-3d-telefono-deklas-dvigubas\/\" \/>\n<meta property=\"og:locale\" content=\"en_US\" \/>\n<meta property=\"og:type\" content=\"article\" \/>\n<meta property=\"og:title\" content=\"3D telefono d\u0117klas (dvigubas)\" \/>\n<meta property=\"og:description\" content=\"Dviej\u0173 sluoksni\u0173 telefono d\u0117klas suteikia daugiau apsaugos nei bet kada anks\u010diau. Tai tarsi j\u016bs\u0173 telefono asmeninis, nenuilstantis sargybinis.\" \/>\n<meta property=\"og:url\" content=\"https:\/\/trampampam.lt\/en\/product\/jb-3d-telefono-deklas-dvigubas\/\" \/>\n<meta property=\"og:site_name\" content=\"Trampampam.lt\" \/>\n<meta property=\"article:publisher\" content=\"https:\/\/www.facebook.com\/Trampampam.lt\" \/>\n<meta property=\"article:modified_time\" content=\"2025-01-05T22:01:07+00:00\" \/>\n<meta property=\"og:image\" content=\"https:\/\/trampampam.lt\/wp-content\/uploads\/2024\/07\/J_1_1-1.png\" \/>\n\t<meta property=\"og:image:width\" content=\"1442\" \/>\n\t<meta property=\"og:image:height\" content=\"1446\" \/>\n\t<meta property=\"og:image:type\" content=\"image\/png\" \/>\n<meta name=\"twitter:card\" content=\"summary_large_image\" \/>\n<meta name=\"twitter:label1\" content=\"Est. reading time\" \/>\n\t<meta name=\"twitter:data1\" content=\"1 minute\" \/>\n<script type=\"application\/ld+json\" class=\"yoast-schema-graph\">{\"@context\":\"https:\\\/\\\/schema.org\",\"@graph\":[{\"@type\":\"WebPage\",\"@id\":\"https:\\\/\\\/trampampam.lt\\\/produktas\\\/jb-3d-telefono-deklas-dvigubas\\\/\",\"url\":\"https:\\\/\\\/trampampam.lt\\\/produktas\\\/jb-3d-telefono-deklas-dvigubas\\\/\",\"name\":\"J&B - 3D telefono d\u0117klas (dvigubas) - Trampampam.lt\",\"isPartOf\":{\"@id\":\"https:\\\/\\\/trampampam.lt\\\/#website\"},\"primaryImageOfPage\":{\"@id\":\"https:\\\/\\\/trampampam.lt\\\/produktas\\\/jb-3d-telefono-deklas-dvigubas\\\/#primaryimage\"},\"image\":{\"@id\":\"https:\\\/\\\/trampampam.lt\\\/produktas\\\/jb-3d-telefono-deklas-dvigubas\\\/#primaryimage\"},\"thumbnailUrl\":\"https:\\\/\\\/i0.wp.com\\\/trampampam.lt\\\/wp-content\\\/uploads\\\/2024\\\/09\\\/JB.png?fit=1449%2C1442&ssl=1\",\"datePublished\":\"2024-09-29T18:49:19+00:00\",\"dateModified\":\"2025-01-05T22:01:07+00:00\",\"description\":\"Dviej\u0173 sluoksni\u0173 telefono d\u0117klas suteikia daugiau apsaugos nei bet kada anks\u010diau. Tai tarsi j\u016bs\u0173 telefono asmeninis, nenuilstantis sargybinis.\",\"breadcrumb\":{\"@id\":\"https:\\\/\\\/trampampam.lt\\\/produktas\\\/jb-3d-telefono-deklas-dvigubas\\\/#breadcrumb\"},\"inLanguage\":\"en-US\",\"potentialAction\":[{\"@type\":\"ReadAction\",\"target\":[\"https:\\\/\\\/trampampam.lt\\\/produktas\\\/jb-3d-telefono-deklas-dvigubas\\\/\"]}]},{\"@type\":\"ImageObject\",\"inLanguage\":\"en-US\",\"@id\":\"https:\\\/\\\/trampampam.lt\\\/produktas\\\/jb-3d-telefono-deklas-dvigubas\\\/#primaryimage\",\"url\":\"https:\\\/\\\/i0.wp.com\\\/trampampam.lt\\\/wp-content\\\/uploads\\\/2024\\\/09\\\/JB.png?fit=1449%2C1442&ssl=1\",\"contentUrl\":\"https:\\\/\\\/i0.wp.com\\\/trampampam.lt\\\/wp-content\\\/uploads\\\/2024\\\/09\\\/JB.png?fit=1449%2C1442&ssl=1\",\"width\":1449,\"height\":1442,\"caption\":\"Telefono d\u0117klas J&B\"},{\"@type\":\"BreadcrumbList\",\"@id\":\"https:\\\/\\\/trampampam.lt\\\/produktas\\\/jb-3d-telefono-deklas-dvigubas\\\/#breadcrumb\",\"itemListElement\":[{\"@type\":\"ListItem\",\"position\":1,\"name\":\"Home\",\"item\":\"https:\\\/\\\/trampampam.lt\\\/\"},{\"@type\":\"ListItem\",\"position\":2,\"name\":\"Preki\u0173 katalogas\",\"item\":\"https:\\\/\\\/trampampam.lt\\\/\"},{\"@type\":\"ListItem\",\"position\":3,\"name\":\"J&#038;B &#8211; 3D telefono d\u0117klas (dvigubas)\"}]},{\"@type\":\"WebSite\",\"@id\":\"https:\\\/\\\/trampampam.lt\\\/#website\",\"url\":\"https:\\\/\\\/trampampam.lt\\\/\",\"name\":\"Telefon\u0173 d\u0117klai, Balionai ir kita \u0161ventin\u0117 atributika | Trampampam.lt\",\"description\":\"Telefon\u0173 d\u0117klai, balionai, dovan\u0173 id\u0117jos ir kita \u0161ventin\u0117 atributika\",\"publisher\":{\"@id\":\"https:\\\/\\\/trampampam.lt\\\/#organization\"},\"alternateName\":\"Telefon\u0173 d\u0117klai\",\"potentialAction\":[{\"@type\":\"SearchAction\",\"target\":{\"@type\":\"EntryPoint\",\"urlTemplate\":\"https:\\\/\\\/trampampam.lt\\\/?s={search_term_string}\"},\"query-input\":{\"@type\":\"PropertyValueSpecification\",\"valueRequired\":true,\"valueName\":\"search_term_string\"}}],\"inLanguage\":\"en-US\"},{\"@type\":\"Organization\",\"@id\":\"https:\\\/\\\/trampampam.lt\\\/#organization\",\"name\":\"Trampampam.lt\",\"url\":\"https:\\\/\\\/trampampam.lt\\\/\",\"logo\":{\"@type\":\"ImageObject\",\"inLanguage\":\"en-US\",\"@id\":\"https:\\\/\\\/trampampam.lt\\\/#\\\/schema\\\/logo\\\/image\\\/\",\"url\":\"https:\\\/\\\/i0.wp.com\\\/trampampam.lt\\\/wp-content\\\/uploads\\\/2023\\\/11\\\/Small-logo-be-fono-1-e1698868741484.png?fit=390%2C399&ssl=1\",\"contentUrl\":\"https:\\\/\\\/i0.wp.com\\\/trampampam.lt\\\/wp-content\\\/uploads\\\/2023\\\/11\\\/Small-logo-be-fono-1-e1698868741484.png?fit=390%2C399&ssl=1\",\"width\":390,\"height\":399,\"caption\":\"Trampampam.lt\"},\"image\":{\"@id\":\"https:\\\/\\\/trampampam.lt\\\/#\\\/schema\\\/logo\\\/image\\\/\"},\"sameAs\":[\"https:\\\/\\\/www.facebook.com\\\/Trampampam.lt\",\"https:\\\/\\\/www.instagram.com\\\/trampampam.lt\\\/\"]}]}<\/script>\n<!-- \/ Yoast SEO plugin. -->","yoast_head_json":{"title":"J&B - 3D telefono d\u0117klas (dvigubas) - Trampampam.lt","description":"Dviej\u0173 sluoksni\u0173 telefono d\u0117klas suteikia daugiau apsaugos nei bet kada anks\u010diau. Tai tarsi j\u016bs\u0173 telefono asmeninis, nenuilstantis sargybinis.","robots":{"index":"index","follow":"follow","max-snippet":"max-snippet:-1","max-image-preview":"max-image-preview:large","max-video-preview":"max-video-preview:-1"},"canonical":"https:\/\/trampampam.lt\/en\/product\/jb-3d-telefono-deklas-dvigubas\/","og_locale":"en_US","og_type":"article","og_title":"3D telefono d\u0117klas (dvigubas)","og_description":"Dviej\u0173 sluoksni\u0173 telefono d\u0117klas suteikia daugiau apsaugos nei bet kada anks\u010diau. Tai tarsi j\u016bs\u0173 telefono asmeninis, nenuilstantis sargybinis.","og_url":"https:\/\/trampampam.lt\/en\/product\/jb-3d-telefono-deklas-dvigubas\/","og_site_name":"Trampampam.lt","article_publisher":"https:\/\/www.facebook.com\/Trampampam.lt","article_modified_time":"2025-01-05T22:01:07+00:00","og_image":[{"width":1442,"height":1446,"url":"https:\/\/trampampam.lt\/wp-content\/uploads\/2024\/07\/J_1_1-1.png","type":"image\/png"}],"twitter_card":"summary_large_image","twitter_misc":{"Est. reading time":"1 minute"},"schema":{"@context":"https:\/\/schema.org","@graph":[{"@type":"WebPage","@id":"https:\/\/trampampam.lt\/produktas\/jb-3d-telefono-deklas-dvigubas\/","url":"https:\/\/trampampam.lt\/produktas\/jb-3d-telefono-deklas-dvigubas\/","name":"J&B - 3D telefono d\u0117klas (dvigubas) - Trampampam.lt","isPartOf":{"@id":"https:\/\/trampampam.lt\/#website"},"primaryImageOfPage":{"@id":"https:\/\/trampampam.lt\/produktas\/jb-3d-telefono-deklas-dvigubas\/#primaryimage"},"image":{"@id":"https:\/\/trampampam.lt\/produktas\/jb-3d-telefono-deklas-dvigubas\/#primaryimage"},"thumbnailUrl":"https:\/\/i0.wp.com\/trampampam.lt\/wp-content\/uploads\/2024\/09\/JB.png?fit=1449%2C1442&ssl=1","datePublished":"2024-09-29T18:49:19+00:00","dateModified":"2025-01-05T22:01:07+00:00","description":"Dviej\u0173 sluoksni\u0173 telefono d\u0117klas suteikia daugiau apsaugos nei bet kada anks\u010diau. Tai tarsi j\u016bs\u0173 telefono asmeninis, nenuilstantis sargybinis.","breadcrumb":{"@id":"https:\/\/trampampam.lt\/produktas\/jb-3d-telefono-deklas-dvigubas\/#breadcrumb"},"inLanguage":"en-US","potentialAction":[{"@type":"ReadAction","target":["https:\/\/trampampam.lt\/produktas\/jb-3d-telefono-deklas-dvigubas\/"]}]},{"@type":"ImageObject","inLanguage":"en-US","@id":"https:\/\/trampampam.lt\/produktas\/jb-3d-telefono-deklas-dvigubas\/#primaryimage","url":"https:\/\/i0.wp.com\/trampampam.lt\/wp-content\/uploads\/2024\/09\/JB.png?fit=1449%2C1442&ssl=1","contentUrl":"https:\/\/i0.wp.com\/trampampam.lt\/wp-content\/uploads\/2024\/09\/JB.png?fit=1449%2C1442&ssl=1","width":1449,"height":1442,"caption":"Telefono d\u0117klas J&B"},{"@type":"BreadcrumbList","@id":"https:\/\/trampampam.lt\/produktas\/jb-3d-telefono-deklas-dvigubas\/#breadcrumb","itemListElement":[{"@type":"ListItem","position":1,"name":"Home","item":"https:\/\/trampampam.lt\/"},{"@type":"ListItem","position":2,"name":"Preki\u0173 katalogas","item":"https:\/\/trampampam.lt\/"},{"@type":"ListItem","position":3,"name":"J&#038;B &#8211; 3D telefono d\u0117klas (dvigubas)"}]},{"@type":"WebSite","@id":"https:\/\/trampampam.lt\/#website","url":"https:\/\/trampampam.lt\/","name":"Telefon\u0173 d\u0117klai, Balionai ir kita \u0161ventin\u0117 atributika | Trampampam.lt","description":"Telefon\u0173 d\u0117klai, balionai, dovan\u0173 id\u0117jos ir kita \u0161ventin\u0117 atributika","publisher":{"@id":"https:\/\/trampampam.lt\/#organization"},"alternateName":"Telefon\u0173 d\u0117klai","potentialAction":[{"@type":"SearchAction","target":{"@type":"EntryPoint","urlTemplate":"https:\/\/trampampam.lt\/?s={search_term_string}"},"query-input":{"@type":"PropertyValueSpecification","valueRequired":true,"valueName":"search_term_string"}}],"inLanguage":"en-US"},{"@type":"Organization","@id":"https:\/\/trampampam.lt\/#organization","name":"Trampampam.lt","url":"https:\/\/trampampam.lt\/","logo":{"@type":"ImageObject","inLanguage":"en-US","@id":"https:\/\/trampampam.lt\/#\/schema\/logo\/image\/","url":"https:\/\/i0.wp.com\/trampampam.lt\/wp-content\/uploads\/2023\/11\/Small-logo-be-fono-1-e1698868741484.png?fit=390%2C399&ssl=1","contentUrl":"https:\/\/i0.wp.com\/trampampam.lt\/wp-content\/uploads\/2023\/11\/Small-logo-be-fono-1-e1698868741484.png?fit=390%2C399&ssl=1","width":390,"height":399,"caption":"Trampampam.lt"},"image":{"@id":"https:\/\/trampampam.lt\/#\/schema\/logo\/image\/"},"sameAs":["https:\/\/www.facebook.com\/Trampampam.lt","https:\/\/www.instagram.com\/trampampam.lt\/"]}]}},"jetpack_publicize_connections":[],"jetpack_sharing_enabled":true,"_links":{"self":[{"href":"https:\/\/trampampam.lt\/en\/wp-json\/wp\/v2\/product\/1305","targetHints":{"allow":["GET"]}}],"collection":[{"href":"https:\/\/trampampam.lt\/en\/wp-json\/wp\/v2\/product"}],"about":[{"href":"https:\/\/trampampam.lt\/en\/wp-json\/wp\/v2\/types\/product"}],"replies":[{"embeddable":true,"href":"https:\/\/trampampam.lt\/en\/wp-json\/wp\/v2\/comments?post=1305"}],"wp:featuredmedia":[{"embeddable":true,"href":"https:\/\/trampampam.lt\/en\/wp-json\/wp\/v2\/media\/1309"}],"wp:attachment":[{"href":"https:\/\/trampampam.lt\/en\/wp-json\/wp\/v2\/media?parent=1305"}],"wp:term":[{"taxonomy":"product_brand","embeddable":true,"href":"https:\/\/trampampam.lt\/en\/wp-json\/wp\/v2\/product_brand?post=1305"},{"taxonomy":"product_cat","embeddable":true,"href":"https:\/\/trampampam.lt\/en\/wp-json\/wp\/v2\/product_cat?post=1305"},{"taxonomy":"product_tag","embeddable":true,"href":"https:\/\/trampampam.lt\/en\/wp-json\/wp\/v2\/product_tag?post=1305"}],"curies":[{"name":"wp","href":"https:\/\/api.w.org\/{rel}","templated":true}]}}