{"id":1099,"date":"2024-03-23T13:10:43","date_gmt":"2024-03-23T11:10:43","guid":{"rendered":"https:\/\/trampampam.lt\/?post_type=product&#038;p=1099"},"modified":"2024-12-27T21:22:17","modified_gmt":"2024-12-27T19:22:17","slug":"popierines-lekstutes-pawpatrol-2-2","status":"publish","type":"product","link":"https:\/\/trampampam.lt\/en\/product\/popierines-lekstutes-pawpatrol-2-2\/","title":{"rendered":"Popierin\u0117s l\u0117k\u0161tut\u0117s &#8211; \u0160uny\u010diai patruliai, 10 vnt."},"content":{"rendered":"<h1>Popierin\u0117s l\u0117k\u0161tut\u0117s \u201c\u0160uny\u010diai patruliai\u201d<\/h1>\n<h2>\u0160uny\u010di\u0173 patruli\u0173 l\u0117k\u0161tut\u0117s nud\u017eiugins ma\u017e\u0105j\u012f gerb\u0117j\u0105.<\/h2>\n<h2>Rinkinyje 10 vnt.<\/h2>\n<h2>Skersmuo &#8211; 18 cm<\/h2>\n<h2>Galima komplektuoti su tos pa\u010dios spalvos <a href=\"https:\/\/trampampam.lt\/en\/product\/popieriniai-puodeliai-pawpatrol-2\/\">puodeliais<\/a>.<\/h2>","protected":false},"excerpt":{"rendered":"<h1>Popierin\u0117s l\u0117k\u0161tut\u0117s \u201c\u0160uny\u010diai patruliai\u201d<\/h1>\n<h2>\u0160uny\u010di\u0173 patruli\u0173 l\u0117k\u0161tut\u0117s nud\u017eiugins ma\u017e\u0105j\u012f gerb\u0117j\u0105.<\/h2>\n<h2>Rinkinyje 10 vnt.<\/h2>\n<h2>Skersmuo &#8211; 18 cm<\/h2>\n<h2>Galima komplektuoti su tos pa\u010dios spalvos <a href=\"https:\/\/trampampam.lt\/en\/product\/popieriniai-puodeliai-pawpatrol-2\/\">puodeliais<\/a>.<\/h2>\n<p>&nbsp;<\/p>","protected":false},"featured_media":1100,"comment_status":"open","ping_status":"closed","template":"","meta":{"jetpack_publicize_message":"","jetpack_publicize_feature_enabled":true,"jetpack_social_post_already_shared":false,"jetpack_social_options":{"image_generator_settings":{"template":"highway","default_image_id":0,"font":"","enabled":false},"version":2}},"product_brand":[],"product_cat":[23],"product_tag":[130,129,110,128],"class_list":{"0":"post-1099","1":"product","2":"type-product","3":"status-publish","4":"has-post-thumbnail","6":"product_cat-stalo_serviravimas","7":"product_tag-lekstutes","8":"product_tag-patruliai","9":"product_tag-paw-patrol","10":"product_tag-sunyciai","12":"first","13":"instock","14":"shipping-taxable","15":"purchasable","16":"product-type-simple"},"yoast_head":"<!-- This site is optimized with the Yoast SEO plugin v27.4 - https:\/\/yoast.com\/product\/yoast-seo-wordpress\/ -->\n<title>Popierin\u0117s l\u0117k\u0161tut\u0117s - \u0160uny\u010diai patruliai, 10 vnt. - Trampampam.lt<\/title>\n<meta name=\"description\" content=\"Popierin\u0117s l\u0117k\u0161tut\u0117s \u201c\u0160uny\u010diai patruliai\u201d - nud\u017eiugins ma\u017e\u0105j\u012f gerb\u0117j\u0105. Kas gali b\u016bti geriau nei gimtadienis su mylimais herojais? Rinkinyje 10 vnt.\" \/>\n<meta name=\"robots\" content=\"index, follow, max-snippet:-1, max-image-preview:large, max-video-preview:-1\" \/>\n<link rel=\"canonical\" href=\"https:\/\/trampampam.lt\/en\/product\/popierines-lekstutes-pawpatrol-2-2\/\" \/>\n<meta property=\"og:locale\" content=\"en_US\" \/>\n<meta property=\"og:type\" content=\"article\" \/>\n<meta property=\"og:title\" content=\"Popierin\u0117s l\u0117k\u0161tut\u0117s - \u0160uny\u010diai patruliai, 10 vnt. - Trampampam.lt\" \/>\n<meta property=\"og:description\" content=\"Popierin\u0117s l\u0117k\u0161tut\u0117s \u201c\u0160uny\u010diai patruliai\u201d - nud\u017eiugins ma\u017e\u0105j\u012f gerb\u0117j\u0105. Kas gali b\u016bti geriau nei gimtadienis su mylimais herojais? Rinkinyje 10 vnt.\" \/>\n<meta property=\"og:url\" content=\"https:\/\/trampampam.lt\/en\/product\/popierines-lekstutes-pawpatrol-2-2\/\" \/>\n<meta property=\"og:site_name\" content=\"Trampampam.lt\" \/>\n<meta property=\"article:publisher\" content=\"https:\/\/www.facebook.com\/Trampampam.lt\" \/>\n<meta property=\"article:modified_time\" content=\"2024-12-27T19:22:17+00:00\" \/>\n<meta property=\"og:image\" content=\"https:\/\/trampampam.lt\/wp-content\/uploads\/2024\/03\/img_3728.jpeg\" \/>\n\t<meta property=\"og:image:width\" content=\"1178\" \/>\n\t<meta property=\"og:image:height\" content=\"1173\" \/>\n\t<meta property=\"og:image:type\" content=\"image\/jpeg\" \/>\n<meta name=\"twitter:card\" content=\"summary_large_image\" \/>\n<meta name=\"twitter:label1\" content=\"Est. reading time\" \/>\n\t<meta name=\"twitter:data1\" content=\"1 minute\" \/>\n<script type=\"application\/ld+json\" class=\"yoast-schema-graph\">{\"@context\":\"https:\\\/\\\/schema.org\",\"@graph\":[{\"@type\":\"WebPage\",\"@id\":\"https:\\\/\\\/trampampam.lt\\\/produktas\\\/popierines-lekstutes-pawpatrol-2-2\\\/\",\"url\":\"https:\\\/\\\/trampampam.lt\\\/produktas\\\/popierines-lekstutes-pawpatrol-2-2\\\/\",\"name\":\"Popierin\u0117s l\u0117k\u0161tut\u0117s - \u0160uny\u010diai patruliai, 10 vnt. - Trampampam.lt\",\"isPartOf\":{\"@id\":\"https:\\\/\\\/trampampam.lt\\\/#website\"},\"primaryImageOfPage\":{\"@id\":\"https:\\\/\\\/trampampam.lt\\\/produktas\\\/popierines-lekstutes-pawpatrol-2-2\\\/#primaryimage\"},\"image\":{\"@id\":\"https:\\\/\\\/trampampam.lt\\\/produktas\\\/popierines-lekstutes-pawpatrol-2-2\\\/#primaryimage\"},\"thumbnailUrl\":\"https:\\\/\\\/i0.wp.com\\\/trampampam.lt\\\/wp-content\\\/uploads\\\/2024\\\/03\\\/img_3728.jpeg?fit=1178%2C1173&ssl=1\",\"datePublished\":\"2024-03-23T11:10:43+00:00\",\"dateModified\":\"2024-12-27T19:22:17+00:00\",\"description\":\"Popierin\u0117s l\u0117k\u0161tut\u0117s \u201c\u0160uny\u010diai patruliai\u201d - nud\u017eiugins ma\u017e\u0105j\u012f gerb\u0117j\u0105. Kas gali b\u016bti geriau nei gimtadienis su mylimais herojais? Rinkinyje 10 vnt.\",\"breadcrumb\":{\"@id\":\"https:\\\/\\\/trampampam.lt\\\/produktas\\\/popierines-lekstutes-pawpatrol-2-2\\\/#breadcrumb\"},\"inLanguage\":\"en-US\",\"potentialAction\":[{\"@type\":\"ReadAction\",\"target\":[\"https:\\\/\\\/trampampam.lt\\\/produktas\\\/popierines-lekstutes-pawpatrol-2-2\\\/\"]}]},{\"@type\":\"ImageObject\",\"inLanguage\":\"en-US\",\"@id\":\"https:\\\/\\\/trampampam.lt\\\/produktas\\\/popierines-lekstutes-pawpatrol-2-2\\\/#primaryimage\",\"url\":\"https:\\\/\\\/i0.wp.com\\\/trampampam.lt\\\/wp-content\\\/uploads\\\/2024\\\/03\\\/img_3728.jpeg?fit=1178%2C1173&ssl=1\",\"contentUrl\":\"https:\\\/\\\/i0.wp.com\\\/trampampam.lt\\\/wp-content\\\/uploads\\\/2024\\\/03\\\/img_3728.jpeg?fit=1178%2C1173&ssl=1\",\"width\":1178,\"height\":1173},{\"@type\":\"BreadcrumbList\",\"@id\":\"https:\\\/\\\/trampampam.lt\\\/produktas\\\/popierines-lekstutes-pawpatrol-2-2\\\/#breadcrumb\",\"itemListElement\":[{\"@type\":\"ListItem\",\"position\":1,\"name\":\"Home\",\"item\":\"https:\\\/\\\/trampampam.lt\\\/\"},{\"@type\":\"ListItem\",\"position\":2,\"name\":\"Preki\u0173 katalogas\",\"item\":\"https:\\\/\\\/trampampam.lt\\\/\"},{\"@type\":\"ListItem\",\"position\":3,\"name\":\"Popierin\u0117s l\u0117k\u0161tut\u0117s &#8211; \u0160uny\u010diai patruliai, 10 vnt.\"}]},{\"@type\":\"WebSite\",\"@id\":\"https:\\\/\\\/trampampam.lt\\\/#website\",\"url\":\"https:\\\/\\\/trampampam.lt\\\/\",\"name\":\"Telefon\u0173 d\u0117klai, Balionai ir kita \u0161ventin\u0117 atributika | Trampampam.lt\",\"description\":\"Telefon\u0173 d\u0117klai, balionai, dovan\u0173 id\u0117jos ir kita \u0161ventin\u0117 atributika\",\"publisher\":{\"@id\":\"https:\\\/\\\/trampampam.lt\\\/#organization\"},\"alternateName\":\"Telefon\u0173 d\u0117klai\",\"potentialAction\":[{\"@type\":\"SearchAction\",\"target\":{\"@type\":\"EntryPoint\",\"urlTemplate\":\"https:\\\/\\\/trampampam.lt\\\/?s={search_term_string}\"},\"query-input\":{\"@type\":\"PropertyValueSpecification\",\"valueRequired\":true,\"valueName\":\"search_term_string\"}}],\"inLanguage\":\"en-US\"},{\"@type\":\"Organization\",\"@id\":\"https:\\\/\\\/trampampam.lt\\\/#organization\",\"name\":\"Trampampam.lt\",\"url\":\"https:\\\/\\\/trampampam.lt\\\/\",\"logo\":{\"@type\":\"ImageObject\",\"inLanguage\":\"en-US\",\"@id\":\"https:\\\/\\\/trampampam.lt\\\/#\\\/schema\\\/logo\\\/image\\\/\",\"url\":\"https:\\\/\\\/i0.wp.com\\\/trampampam.lt\\\/wp-content\\\/uploads\\\/2023\\\/11\\\/Small-logo-be-fono-1-e1698868741484.png?fit=390%2C399&ssl=1\",\"contentUrl\":\"https:\\\/\\\/i0.wp.com\\\/trampampam.lt\\\/wp-content\\\/uploads\\\/2023\\\/11\\\/Small-logo-be-fono-1-e1698868741484.png?fit=390%2C399&ssl=1\",\"width\":390,\"height\":399,\"caption\":\"Trampampam.lt\"},\"image\":{\"@id\":\"https:\\\/\\\/trampampam.lt\\\/#\\\/schema\\\/logo\\\/image\\\/\"},\"sameAs\":[\"https:\\\/\\\/www.facebook.com\\\/Trampampam.lt\",\"https:\\\/\\\/www.instagram.com\\\/trampampam.lt\\\/\"]}]}<\/script>\n<!-- \/ Yoast SEO plugin. -->","yoast_head_json":{"title":"Popierin\u0117s l\u0117k\u0161tut\u0117s - \u0160uny\u010diai patruliai, 10 vnt. - Trampampam.lt","description":"Popierin\u0117s l\u0117k\u0161tut\u0117s \u201c\u0160uny\u010diai patruliai\u201d - nud\u017eiugins ma\u017e\u0105j\u012f gerb\u0117j\u0105. Kas gali b\u016bti geriau nei gimtadienis su mylimais herojais? Rinkinyje 10 vnt.","robots":{"index":"index","follow":"follow","max-snippet":"max-snippet:-1","max-image-preview":"max-image-preview:large","max-video-preview":"max-video-preview:-1"},"canonical":"https:\/\/trampampam.lt\/en\/product\/popierines-lekstutes-pawpatrol-2-2\/","og_locale":"en_US","og_type":"article","og_title":"Popierin\u0117s l\u0117k\u0161tut\u0117s - \u0160uny\u010diai patruliai, 10 vnt. - Trampampam.lt","og_description":"Popierin\u0117s l\u0117k\u0161tut\u0117s \u201c\u0160uny\u010diai patruliai\u201d - nud\u017eiugins ma\u017e\u0105j\u012f gerb\u0117j\u0105. Kas gali b\u016bti geriau nei gimtadienis su mylimais herojais? Rinkinyje 10 vnt.","og_url":"https:\/\/trampampam.lt\/en\/product\/popierines-lekstutes-pawpatrol-2-2\/","og_site_name":"Trampampam.lt","article_publisher":"https:\/\/www.facebook.com\/Trampampam.lt","article_modified_time":"2024-12-27T19:22:17+00:00","og_image":[{"width":1178,"height":1173,"url":"https:\/\/trampampam.lt\/wp-content\/uploads\/2024\/03\/img_3728.jpeg","type":"image\/jpeg"}],"twitter_card":"summary_large_image","twitter_misc":{"Est. reading time":"1 minute"},"schema":{"@context":"https:\/\/schema.org","@graph":[{"@type":"WebPage","@id":"https:\/\/trampampam.lt\/produktas\/popierines-lekstutes-pawpatrol-2-2\/","url":"https:\/\/trampampam.lt\/produktas\/popierines-lekstutes-pawpatrol-2-2\/","name":"Popierin\u0117s l\u0117k\u0161tut\u0117s - \u0160uny\u010diai patruliai, 10 vnt. - Trampampam.lt","isPartOf":{"@id":"https:\/\/trampampam.lt\/#website"},"primaryImageOfPage":{"@id":"https:\/\/trampampam.lt\/produktas\/popierines-lekstutes-pawpatrol-2-2\/#primaryimage"},"image":{"@id":"https:\/\/trampampam.lt\/produktas\/popierines-lekstutes-pawpatrol-2-2\/#primaryimage"},"thumbnailUrl":"https:\/\/i0.wp.com\/trampampam.lt\/wp-content\/uploads\/2024\/03\/img_3728.jpeg?fit=1178%2C1173&ssl=1","datePublished":"2024-03-23T11:10:43+00:00","dateModified":"2024-12-27T19:22:17+00:00","description":"Popierin\u0117s l\u0117k\u0161tut\u0117s \u201c\u0160uny\u010diai patruliai\u201d - nud\u017eiugins ma\u017e\u0105j\u012f gerb\u0117j\u0105. Kas gali b\u016bti geriau nei gimtadienis su mylimais herojais? Rinkinyje 10 vnt.","breadcrumb":{"@id":"https:\/\/trampampam.lt\/produktas\/popierines-lekstutes-pawpatrol-2-2\/#breadcrumb"},"inLanguage":"en-US","potentialAction":[{"@type":"ReadAction","target":["https:\/\/trampampam.lt\/produktas\/popierines-lekstutes-pawpatrol-2-2\/"]}]},{"@type":"ImageObject","inLanguage":"en-US","@id":"https:\/\/trampampam.lt\/produktas\/popierines-lekstutes-pawpatrol-2-2\/#primaryimage","url":"https:\/\/i0.wp.com\/trampampam.lt\/wp-content\/uploads\/2024\/03\/img_3728.jpeg?fit=1178%2C1173&ssl=1","contentUrl":"https:\/\/i0.wp.com\/trampampam.lt\/wp-content\/uploads\/2024\/03\/img_3728.jpeg?fit=1178%2C1173&ssl=1","width":1178,"height":1173},{"@type":"BreadcrumbList","@id":"https:\/\/trampampam.lt\/produktas\/popierines-lekstutes-pawpatrol-2-2\/#breadcrumb","itemListElement":[{"@type":"ListItem","position":1,"name":"Home","item":"https:\/\/trampampam.lt\/"},{"@type":"ListItem","position":2,"name":"Preki\u0173 katalogas","item":"https:\/\/trampampam.lt\/"},{"@type":"ListItem","position":3,"name":"Popierin\u0117s l\u0117k\u0161tut\u0117s &#8211; \u0160uny\u010diai patruliai, 10 vnt."}]},{"@type":"WebSite","@id":"https:\/\/trampampam.lt\/#website","url":"https:\/\/trampampam.lt\/","name":"Telefon\u0173 d\u0117klai, Balionai ir kita \u0161ventin\u0117 atributika | Trampampam.lt","description":"Telefon\u0173 d\u0117klai, balionai, dovan\u0173 id\u0117jos ir kita \u0161ventin\u0117 atributika","publisher":{"@id":"https:\/\/trampampam.lt\/#organization"},"alternateName":"Telefon\u0173 d\u0117klai","potentialAction":[{"@type":"SearchAction","target":{"@type":"EntryPoint","urlTemplate":"https:\/\/trampampam.lt\/?s={search_term_string}"},"query-input":{"@type":"PropertyValueSpecification","valueRequired":true,"valueName":"search_term_string"}}],"inLanguage":"en-US"},{"@type":"Organization","@id":"https:\/\/trampampam.lt\/#organization","name":"Trampampam.lt","url":"https:\/\/trampampam.lt\/","logo":{"@type":"ImageObject","inLanguage":"en-US","@id":"https:\/\/trampampam.lt\/#\/schema\/logo\/image\/","url":"https:\/\/i0.wp.com\/trampampam.lt\/wp-content\/uploads\/2023\/11\/Small-logo-be-fono-1-e1698868741484.png?fit=390%2C399&ssl=1","contentUrl":"https:\/\/i0.wp.com\/trampampam.lt\/wp-content\/uploads\/2023\/11\/Small-logo-be-fono-1-e1698868741484.png?fit=390%2C399&ssl=1","width":390,"height":399,"caption":"Trampampam.lt"},"image":{"@id":"https:\/\/trampampam.lt\/#\/schema\/logo\/image\/"},"sameAs":["https:\/\/www.facebook.com\/Trampampam.lt","https:\/\/www.instagram.com\/trampampam.lt\/"]}]}},"jetpack_publicize_connections":[],"jetpack_sharing_enabled":true,"_links":{"self":[{"href":"https:\/\/trampampam.lt\/en\/wp-json\/wp\/v2\/product\/1099","targetHints":{"allow":["GET"]}}],"collection":[{"href":"https:\/\/trampampam.lt\/en\/wp-json\/wp\/v2\/product"}],"about":[{"href":"https:\/\/trampampam.lt\/en\/wp-json\/wp\/v2\/types\/product"}],"replies":[{"embeddable":true,"href":"https:\/\/trampampam.lt\/en\/wp-json\/wp\/v2\/comments?post=1099"}],"wp:featuredmedia":[{"embeddable":true,"href":"https:\/\/trampampam.lt\/en\/wp-json\/wp\/v2\/media\/1100"}],"wp:attachment":[{"href":"https:\/\/trampampam.lt\/en\/wp-json\/wp\/v2\/media?parent=1099"}],"wp:term":[{"taxonomy":"product_brand","embeddable":true,"href":"https:\/\/trampampam.lt\/en\/wp-json\/wp\/v2\/product_brand?post=1099"},{"taxonomy":"product_cat","embeddable":true,"href":"https:\/\/trampampam.lt\/en\/wp-json\/wp\/v2\/product_cat?post=1099"},{"taxonomy":"product_tag","embeddable":true,"href":"https:\/\/trampampam.lt\/en\/wp-json\/wp\/v2\/product_tag?post=1099"}],"curies":[{"name":"wp","href":"https:\/\/api.w.org\/{rel}","templated":true}]}}