{"id":413,"date":"2023-10-07T20:02:11","date_gmt":"2023-10-07T17:02:11","guid":{"rendered":"https:\/\/trampampam.lt\/?page_id=413"},"modified":"2025-03-27T21:55:42","modified_gmt":"2025-03-27T19:55:42","slug":"prekiu-pristatymas","status":"publish","type":"page","link":"https:\/\/trampampam.lt\/en\/prekiu-pristatymas\/","title":{"rendered":"Preki\u0173 pristatymas"},"content":{"rendered":"<p><strong>PRISTATYMAS \u012e LP EXPRESS, TNT, Venipak, IR OMNIVA PA\u0160TOMATUS<\/strong>.&nbsp;<\/p>\n\n\n\n<p>U\u017esakymai, kuri\u0173 suma yra didesn\u0117 nei 50\u20ac yra pristatomi\u00a0\u012f\u00a0pa\u0161tomatus\u00a0<strong>nemokamai<\/strong>. U\u017esakymai\u00a0yra i\u0161siun\u010diami per 1\u20133 darbo dienas nuo apmok\u0117jimo. Kai siunta pristatoma \u012f pa\u0161tomat\u0105, gav\u0117jas informuojamas SMS \u017einute ir el. pa\u0161tu su dureli\u0173 atidarymo kodu.<\/p>\n\n\n\n<p>Jeigu u\u017esakymo suma ma\u017eesn\u0117 nei 50\u20ac, pristatymo \u012f pa\u0161tomat\u0105 kainos yra pagal siunt\u0173 tarnyb\u0173 nustatytus \u012fkainius.<\/p>\n\n\n\n<p><em>Savaitgaliais ir valstybini\u0173 \u0161ven\u010di\u0173 dienomis u\u017esakymai n\u0117ra pristatomi.<\/em><\/p>","protected":false},"excerpt":{"rendered":"<p>PRISTATYMAS \u012e LP EXPRESS, TNT, Venipak, IR OMNIVA PA\u0160TOMATUS.&nbsp; U\u017esakymai, kuri\u0173 suma yra didesn\u0117 nei 50\u20ac yra pristatomi\u00a0\u012f\u00a0pa\u0161tomatus\u00a0nemokamai. U\u017esakymai\u00a0yra i\u0161siun\u010diami per 1\u20133 darbo dienas nuo apmok\u0117jimo. Kai siunta pristatoma \u012f pa\u0161tomat\u0105, gav\u0117jas informuojamas SMS \u017einute ir el. pa\u0161tu su dureli\u0173 atidarymo kodu. Jeigu u\u017esakymo suma ma\u017eesn\u0117 nei 50\u20ac, pristatymo \u012f pa\u0161tomat\u0105 kainos yra pagal siunt\u0173 [&hellip;]<\/p>\n","protected":false},"author":1,"featured_media":0,"parent":0,"menu_order":0,"comment_status":"closed","ping_status":"closed","template":"","meta":{"footnotes":""},"class_list":["post-413","page","type-page","status-publish","hentry"],"blocksy_meta":[],"yoast_head":"<!-- This site is optimized with the Yoast SEO plugin v27.4 - https:\/\/yoast.com\/product\/yoast-seo-wordpress\/ -->\n<title>Preki\u0173 pristatymas - Trampampam.lt<\/title>\n<meta name=\"robots\" content=\"index, follow, max-snippet:-1, max-image-preview:large, max-video-preview:-1\" \/>\n<link rel=\"canonical\" href=\"https:\/\/trampampam.lt\/en\/prekiu-pristatymas\/\" \/>\n<meta property=\"og:locale\" content=\"en_US\" \/>\n<meta property=\"og:type\" content=\"article\" \/>\n<meta property=\"og:title\" content=\"Preki\u0173 pristatymas - Trampampam.lt\" \/>\n<meta property=\"og:description\" content=\"PRISTATYMAS \u012e LP EXPRESS, TNT, Venipak, IR OMNIVA PA\u0160TOMATUS.&nbsp; U\u017esakymai, kuri\u0173 suma yra didesn\u0117 nei 50\u20ac yra pristatomi\u00a0\u012f\u00a0pa\u0161tomatus\u00a0nemokamai. U\u017esakymai\u00a0yra i\u0161siun\u010diami per 1\u20133 darbo dienas nuo apmok\u0117jimo. Kai siunta pristatoma \u012f pa\u0161tomat\u0105, gav\u0117jas informuojamas SMS \u017einute ir el. pa\u0161tu su dureli\u0173 atidarymo kodu. Jeigu u\u017esakymo suma ma\u017eesn\u0117 nei 50\u20ac, pristatymo \u012f pa\u0161tomat\u0105 kainos yra pagal siunt\u0173 [&hellip;]\" \/>\n<meta property=\"og:url\" content=\"https:\/\/trampampam.lt\/en\/prekiu-pristatymas\/\" \/>\n<meta property=\"og:site_name\" content=\"Trampampam.lt\" \/>\n<meta property=\"article:publisher\" content=\"https:\/\/www.facebook.com\/Trampampam.lt\" \/>\n<meta property=\"article:modified_time\" content=\"2025-03-27T19:55:42+00:00\" \/>\n<meta name=\"twitter:card\" content=\"summary_large_image\" \/>\n<meta name=\"twitter:label1\" content=\"Est. reading time\" \/>\n\t<meta name=\"twitter:data1\" content=\"1 minute\" \/>\n<script type=\"application\/ld+json\" class=\"yoast-schema-graph\">{\"@context\":\"https:\\\/\\\/schema.org\",\"@graph\":[{\"@type\":\"WebPage\",\"@id\":\"https:\\\/\\\/trampampam.lt\\\/prekiu-pristatymas\\\/\",\"url\":\"https:\\\/\\\/trampampam.lt\\\/prekiu-pristatymas\\\/\",\"name\":\"Preki\u0173 pristatymas - Trampampam.lt\",\"isPartOf\":{\"@id\":\"https:\\\/\\\/trampampam.lt\\\/#website\"},\"datePublished\":\"2023-10-07T17:02:11+00:00\",\"dateModified\":\"2025-03-27T19:55:42+00:00\",\"breadcrumb\":{\"@id\":\"https:\\\/\\\/trampampam.lt\\\/prekiu-pristatymas\\\/#breadcrumb\"},\"inLanguage\":\"en-US\",\"potentialAction\":[{\"@type\":\"ReadAction\",\"target\":[\"https:\\\/\\\/trampampam.lt\\\/prekiu-pristatymas\\\/\"]}]},{\"@type\":\"BreadcrumbList\",\"@id\":\"https:\\\/\\\/trampampam.lt\\\/prekiu-pristatymas\\\/#breadcrumb\",\"itemListElement\":[{\"@type\":\"ListItem\",\"position\":1,\"name\":\"Home\",\"item\":\"https:\\\/\\\/trampampam.lt\\\/\"},{\"@type\":\"ListItem\",\"position\":2,\"name\":\"Preki\u0173 pristatymas\"}]},{\"@type\":\"WebSite\",\"@id\":\"https:\\\/\\\/trampampam.lt\\\/#website\",\"url\":\"https:\\\/\\\/trampampam.lt\\\/\",\"name\":\"Telefon\u0173 d\u0117klai, Balionai ir kita \u0161ventin\u0117 atributika | Trampampam.lt\",\"description\":\"Telefon\u0173 d\u0117klai, balionai, dovan\u0173 id\u0117jos ir kita \u0161ventin\u0117 atributika\",\"publisher\":{\"@id\":\"https:\\\/\\\/trampampam.lt\\\/#organization\"},\"alternateName\":\"Telefon\u0173 d\u0117klai\",\"potentialAction\":[{\"@type\":\"SearchAction\",\"target\":{\"@type\":\"EntryPoint\",\"urlTemplate\":\"https:\\\/\\\/trampampam.lt\\\/?s={search_term_string}\"},\"query-input\":{\"@type\":\"PropertyValueSpecification\",\"valueRequired\":true,\"valueName\":\"search_term_string\"}}],\"inLanguage\":\"en-US\"},{\"@type\":\"Organization\",\"@id\":\"https:\\\/\\\/trampampam.lt\\\/#organization\",\"name\":\"Trampampam.lt\",\"url\":\"https:\\\/\\\/trampampam.lt\\\/\",\"logo\":{\"@type\":\"ImageObject\",\"inLanguage\":\"en-US\",\"@id\":\"https:\\\/\\\/trampampam.lt\\\/#\\\/schema\\\/logo\\\/image\\\/\",\"url\":\"https:\\\/\\\/i0.wp.com\\\/trampampam.lt\\\/wp-content\\\/uploads\\\/2023\\\/11\\\/Small-logo-be-fono-1-e1698868741484.png?fit=390%2C399&ssl=1\",\"contentUrl\":\"https:\\\/\\\/i0.wp.com\\\/trampampam.lt\\\/wp-content\\\/uploads\\\/2023\\\/11\\\/Small-logo-be-fono-1-e1698868741484.png?fit=390%2C399&ssl=1\",\"width\":390,\"height\":399,\"caption\":\"Trampampam.lt\"},\"image\":{\"@id\":\"https:\\\/\\\/trampampam.lt\\\/#\\\/schema\\\/logo\\\/image\\\/\"},\"sameAs\":[\"https:\\\/\\\/www.facebook.com\\\/Trampampam.lt\",\"https:\\\/\\\/www.instagram.com\\\/trampampam.lt\\\/\"]}]}<\/script>\n<!-- \/ Yoast SEO plugin. -->","yoast_head_json":{"title":"Preki\u0173 pristatymas - Trampampam.lt","robots":{"index":"index","follow":"follow","max-snippet":"max-snippet:-1","max-image-preview":"max-image-preview:large","max-video-preview":"max-video-preview:-1"},"canonical":"https:\/\/trampampam.lt\/en\/prekiu-pristatymas\/","og_locale":"en_US","og_type":"article","og_title":"Preki\u0173 pristatymas - Trampampam.lt","og_description":"PRISTATYMAS \u012e LP EXPRESS, TNT, Venipak, IR OMNIVA PA\u0160TOMATUS.&nbsp; U\u017esakymai, kuri\u0173 suma yra didesn\u0117 nei 50\u20ac yra pristatomi\u00a0\u012f\u00a0pa\u0161tomatus\u00a0nemokamai. U\u017esakymai\u00a0yra i\u0161siun\u010diami per 1\u20133 darbo dienas nuo apmok\u0117jimo. Kai siunta pristatoma \u012f pa\u0161tomat\u0105, gav\u0117jas informuojamas SMS \u017einute ir el. pa\u0161tu su dureli\u0173 atidarymo kodu. Jeigu u\u017esakymo suma ma\u017eesn\u0117 nei 50\u20ac, pristatymo \u012f pa\u0161tomat\u0105 kainos yra pagal siunt\u0173 [&hellip;]","og_url":"https:\/\/trampampam.lt\/en\/prekiu-pristatymas\/","og_site_name":"Trampampam.lt","article_publisher":"https:\/\/www.facebook.com\/Trampampam.lt","article_modified_time":"2025-03-27T19:55:42+00:00","twitter_card":"summary_large_image","twitter_misc":{"Est. reading time":"1 minute"},"schema":{"@context":"https:\/\/schema.org","@graph":[{"@type":"WebPage","@id":"https:\/\/trampampam.lt\/prekiu-pristatymas\/","url":"https:\/\/trampampam.lt\/prekiu-pristatymas\/","name":"Preki\u0173 pristatymas - Trampampam.lt","isPartOf":{"@id":"https:\/\/trampampam.lt\/#website"},"datePublished":"2023-10-07T17:02:11+00:00","dateModified":"2025-03-27T19:55:42+00:00","breadcrumb":{"@id":"https:\/\/trampampam.lt\/prekiu-pristatymas\/#breadcrumb"},"inLanguage":"en-US","potentialAction":[{"@type":"ReadAction","target":["https:\/\/trampampam.lt\/prekiu-pristatymas\/"]}]},{"@type":"BreadcrumbList","@id":"https:\/\/trampampam.lt\/prekiu-pristatymas\/#breadcrumb","itemListElement":[{"@type":"ListItem","position":1,"name":"Home","item":"https:\/\/trampampam.lt\/"},{"@type":"ListItem","position":2,"name":"Preki\u0173 pristatymas"}]},{"@type":"WebSite","@id":"https:\/\/trampampam.lt\/#website","url":"https:\/\/trampampam.lt\/","name":"Telefon\u0173 d\u0117klai, Balionai ir kita \u0161ventin\u0117 atributika | Trampampam.lt","description":"Telefon\u0173 d\u0117klai, balionai, dovan\u0173 id\u0117jos ir kita \u0161ventin\u0117 atributika","publisher":{"@id":"https:\/\/trampampam.lt\/#organization"},"alternateName":"Telefon\u0173 d\u0117klai","potentialAction":[{"@type":"SearchAction","target":{"@type":"EntryPoint","urlTemplate":"https:\/\/trampampam.lt\/?s={search_term_string}"},"query-input":{"@type":"PropertyValueSpecification","valueRequired":true,"valueName":"search_term_string"}}],"inLanguage":"en-US"},{"@type":"Organization","@id":"https:\/\/trampampam.lt\/#organization","name":"Trampampam.lt","url":"https:\/\/trampampam.lt\/","logo":{"@type":"ImageObject","inLanguage":"en-US","@id":"https:\/\/trampampam.lt\/#\/schema\/logo\/image\/","url":"https:\/\/i0.wp.com\/trampampam.lt\/wp-content\/uploads\/2023\/11\/Small-logo-be-fono-1-e1698868741484.png?fit=390%2C399&ssl=1","contentUrl":"https:\/\/i0.wp.com\/trampampam.lt\/wp-content\/uploads\/2023\/11\/Small-logo-be-fono-1-e1698868741484.png?fit=390%2C399&ssl=1","width":390,"height":399,"caption":"Trampampam.lt"},"image":{"@id":"https:\/\/trampampam.lt\/#\/schema\/logo\/image\/"},"sameAs":["https:\/\/www.facebook.com\/Trampampam.lt","https:\/\/www.instagram.com\/trampampam.lt\/"]}]}},"jetpack_sharing_enabled":true,"_links":{"self":[{"href":"https:\/\/trampampam.lt\/en\/wp-json\/wp\/v2\/pages\/413","targetHints":{"allow":["GET"]}}],"collection":[{"href":"https:\/\/trampampam.lt\/en\/wp-json\/wp\/v2\/pages"}],"about":[{"href":"https:\/\/trampampam.lt\/en\/wp-json\/wp\/v2\/types\/page"}],"author":[{"embeddable":true,"href":"https:\/\/trampampam.lt\/en\/wp-json\/wp\/v2\/users\/1"}],"replies":[{"embeddable":true,"href":"https:\/\/trampampam.lt\/en\/wp-json\/wp\/v2\/comments?post=413"}],"version-history":[{"count":1,"href":"https:\/\/trampampam.lt\/en\/wp-json\/wp\/v2\/pages\/413\/revisions"}],"predecessor-version":[{"id":3587,"href":"https:\/\/trampampam.lt\/en\/wp-json\/wp\/v2\/pages\/413\/revisions\/3587"}],"wp:attachment":[{"href":"https:\/\/trampampam.lt\/en\/wp-json\/wp\/v2\/media?parent=413"}],"curies":[{"name":"wp","href":"https:\/\/api.w.org\/{rel}","templated":true}]}}