{"id":406,"date":"2023-10-07T19:43:34","date_gmt":"2023-10-07T16:43:34","guid":{"rendered":"https:\/\/trampampam.lt\/?page_id=406"},"modified":"2024-12-29T20:46:39","modified_gmt":"2024-12-29T18:46:39","slug":"pirkimas-ir-atsiskaitymas","status":"publish","type":"page","link":"https:\/\/trampampam.lt\/en\/pirkimas-ir-atsiskaitymas\/","title":{"rendered":"Pirkimas ir atsiskaitymas"},"content":{"rendered":"<p>1. Pirkimas ir atsiskaitymas &#8211; Bendrosios nuostatos.<\/p>\n\n\n\n<p>1.1. \u0160ios preki\u0173 pirkimo \u2013 pardavimo taisykl\u0117s (toliau \u2013 Taisykl\u0117s) yra \u0160alims privalomas teisinis dokumentas, kuris nustato Pirk\u0117jo ir Pardav\u0117jo teises, pareigas ir atsakomyb\u0119 Pirk\u0117jui \u012fsigyjant prekes el. parduotuv\u0117je.<\/p>\n\n\n\n<p>1.2. Pardav\u0117jas pasilieka teis\u0119 bet kuriuo metu pakeisti, taisyti ar papildyti taisykles, atsi\u017evelgdamas \u012f teis\u0117s akt\u0173 nustatytus reikalavimus. Pirk\u0117jas informuojamas el. parduotuv\u0117s tinklalapyje. Pirk\u0117jui apsiperkant el. parduotuv\u0117je taikomos Taisykl\u0117s, galiojan\u010dios u\u017esakymo pateikimo metu.<\/p>\n\n\n\n<p>1.3. Pirkti el. parduotuv\u0117je turi teis\u0119:<\/p>\n\n\n\n<p>1.3.1. veiksn\u016bs fiziniai asmenys, t.y., asmenys sulauk\u0119 pilnametyst\u0117s, kuri\u0173 veiksnumas n\u0117ra apribotas teismo tvarka;<\/p>\n\n\n\n<p>1.3.2. nepilname\u010diai nuo 14 iki 18 met\u0173 am\u017eiaus, tik tur\u0117dami t\u0117v\u0173 arba r\u016bpintoj\u0173 sutikim\u0105, i\u0161skyrus tuos atvejus, kai jie savaranki\u0161kai disponuoja savo pajamomis;<\/p>\n\n\n\n<p>1.3.3. juridiniai asmenys;<\/p>\n\n\n\n<p>1.3.4. vis\u0173 auk\u0161\u010diau nurodyt\u0173 asmen\u0173 \u012fgaliotieji atstovai.<\/p>\n\n\n\n<p>1.4. Pardav\u0117jas, patvirtindamas taisykles, taip pat garantuoja, kad, remiantis taisykli\u0173 1.3. punktu, Pirk\u0117jas turi teis\u0119 pirkti prekes el. parduotuv\u0117je.<\/p>\n\n\n\n<p>1.5. Sutartis tarp Pirk\u0117jo ir Pardav\u0117jo laikoma sudaryta nuo to momento, kai Pirk\u0117jas el. parduotuv\u0117je suformav\u0119s preki\u0173 krep\u0161el\u012f, nurod\u0119s pristatymo adres\u0105, pasirink\u0119s atsiskaitymo b\u016bd\u0105 ir susipa\u017ein\u0119s su Pardav\u0117jo taisykl\u0117mis, paspaud\u017eia mygtuk\u0105 \u201ePatvirtinti u\u017esakym\u0105\u201c (\u017er. 5 punkt\u0105 \u201ePreki\u0173 u\u017esakymas, kainos, atsiskaitymo tvarka, terminai\u201c).<\/p>\n\n\n\n<p>1.6. Kiekviena sutartis, sudaryta tarp Pirk\u0117jo ir Pardav\u0117jo, yra saugoma el. parduotuv\u0117je.<\/p>\n\n\n\n<p>2. Asmens duomen\u0173 apsauga.<\/p>\n\n\n\n<p>2.1. U\u017esisakyti prekes el. parduotuv\u0117je Pirk\u0117jas gali:<\/p>\n\n\n\n<p>2.1.1. nesiregistruodamas \u0161ioje el. parduotuv\u0117je.<\/p>\n\n\n\n<p>2.2. Pirk\u0117jas, u\u017esakydamas prekes 2.1. taisykli\u0173 punkte numatytais b\u016bdais, atitinkamuose Pardav\u0117jo pateikiamuose informacijos laukuose turi nurodyti preki\u0173 u\u017esakymo tinkamam \u012fvykdymui b\u016btinus Pirk\u0117jo asmens duomenis: vard\u0105, pavard\u0119, preki\u0173 pristatymo adres\u0105, telefono numer\u012f ir el. pa\u0161to adres\u0105.<\/p>\n\n\n\n<p>2.3. Patvirtindamas \u0161ias taisykles Pirk\u0117jas sutinka, jog 2.2. punkte pateikti Pirk\u0117jo asmens duomenys b\u016bt\u0173 tvarkomi preki\u0173 ir paslaug\u0173 pardavimo el. parduotuv\u0117je, Pardav\u0117jo veiklos analiz\u0117s ir tiesiogin\u0117s rinkodaros tikslais.<\/p>\n\n\n\n<p>2.4. Sutikdamas, kad Pirk\u0117jo asmens duomenys b\u016bt\u0173 tvarkomi preki\u0173 ir paslaug\u0173 pardavimo Pardav\u0117jo el. parduotuv\u0117je tikslu, Pirk\u0117jas taip pat sutinka, kad Pirk\u0117jo nurodytu el. pa\u0161to adresu ir telefono numeriu b\u016bt\u0173 siun\u010diami informaciniai prane\u0161imai, b\u016btini preki\u0173 u\u017esakymui \u012fvykdyti.<\/p>\n\n\n\n<p>3. Pirk\u0117jo teis\u0117s ir \u012fsipareigojimai.<\/p>\n\n\n\n<p>3.1. Pirk\u0117jas turi teis\u0119 pirkti prekes el. parduotuv\u0117je \u0161i\u0173 Taisykli\u0173 ir kitose \u0161ios el. parduotuv\u0117s informacijos skiltyse nustatyta tvarka.<\/p>\n\n\n\n<p>3.2. Pirk\u0117jas turi teis\u0119 atsisakyti preki\u0173 pirkimo \u2013 pardavimo sutarties su el. parduotuve, prane\u0161damas Pardav\u0117jui apie tai ra\u0161tu (el. pa\u0161tu, nurodant pageidaujam\u0105 gr\u0105\u017einti prek\u0119 ir jos u\u017esakymo numer\u012f) ne v\u0117liau kaip per 14 (keturiolika) darbo dien\u0173 nuo daikto pristatymo dienos, i\u0161skyrus atvejus, kai sutarties negalima atsisakyti pagal LR \u012fstatymus (pvz., kai sutartis sudaryta d\u0117l higienos preki\u0173 \u2013 patalyn\u0117s reikmen\u0173 \u2013 pardavimo; \u017er. informacij\u0105 V\u0161\u012e \u201eVartotoj\u0173 centras\u201c tinklalapyje&nbsp;<a rel=\"noreferrer noopener\" href=\"http:\/\/www.vartotojucentras.lt\/istatymas.php?id=1038\" target=\"_blank\">http:\/\/www.vartotojucentras.lt\/istatymas.php?id=1038<\/a>, \u201eNe maisto preki\u0173 gr\u0105\u017einimo ir keitimo ypatumai\u201c 18 punkt\u0105.) Neteismin\u0117 vartojimo gin\u010d\u0173 sprendimo tvarka. Pirk\u0117jas, manantis, kad buvo pa\u017eeistos jo teis\u0117s, turi ne v\u0117liau kaip per tris m\u0117nesius nuo pa\u017eeidimo dienos ra\u0161tu kreiptis \u012f Pardav\u0117j\u0105 ir i\u0161d\u0117styti savo reikalavimus. Pardav\u0117jas privalo ne v\u0117liau kaip per 14 dien\u0173 nemokamai i\u0161nagrin\u0117ti pra\u0161ym\u0105 ir pateikti i\u0161sam\u0173 motyvuot\u0105 ra\u0161ytin\u012f atsakym\u0105, pagr\u012fst\u0105 dokumentais. Jei problemos i\u0161spr\u0119sti nepavyksta, Pirk\u0117jas turi teis\u0119 kreiptis \u012f vartojimo gin\u010dus neteismine tvarka sprend\u017eiant\u012f subjekt\u0105 (Valstybin\u0117 vartotoj\u0173 teisi\u0173 apsaugos tarnyba, adresas Vilniaus g. 25, LT-01402 Vilnius,&nbsp;<a rel=\"noreferrer noopener\" href=\"http:\/\/www.vvtat.lt\/\" target=\"_blank\">www.vvtat.lt<\/a>) arba \u012f teism\u0105.<\/p>\n\n\n\n<p>3.3. Taisykli\u0173 3.2. punkte numatyta teise Pirk\u0117jas gali pasinaudoti tik tuo atveju, jeigu prek\u0117 nebuvo sugadinta arba i\u0161 esm\u0117s nepasikeit\u0117 jos i\u0161vaizda, taip pat ji nebuvo naudojama.<\/p>\n\n\n\n<p>3.4. Pirk\u0117jas \u012fsipareigoja priimti u\u017esakytas prekes ir u\u017e jas sumok\u0117ti sutart\u0105 kain\u0105.<\/p>\n\n\n\n<p>3.5. Jeigu pasikei\u010dia Pirk\u0117jo u\u017esalymo formoje pateikti duomenys, Pirk\u0117jas privalo nedelsdamas juos atnaujinti.<\/p>\n\n\n\n<p>3.6. Pirk\u0117jas, naudodamasis el. parduotuve, sutinka su \u0161iomis pirkimo \u2013 pardavimo Taisykl\u0117mis ir \u012fsipareigoja j\u0173 laikytis bei nepa\u017eeisti LR teis\u0117s akt\u0173.<\/p>\n\n\n\n<p>4. Pardav\u0117jo teis\u0117s ir \u012fsipareigojimai.<\/p>\n\n\n\n<p>4.1. Pardav\u0117jas \u012fsipareigoja sudaryti visas s\u0105lygas Pirk\u0117jui tinkamai naudotis el. parduotuv\u0117s teikiamomis paslaugomis.<\/p>\n\n\n\n<p>4.2. Jei Pirk\u0117jas bando pakenkti Pardav\u0117jo el. parduotuv\u0117s darbo stabilumui ir saugumui ar pa\u017eeid\u017eia savo \u012fsipareigojimus, Pardav\u0117jas turi teis\u0119 nedelsiant ir be persp\u0117jimo apriboti ar sustabdyti Pirk\u0117jo galimyb\u0119 naudotis el. parduotuve arba i\u0161skirtiniais atvejais panaikinti Pirk\u0117jo registracij\u0105.<\/p>\n\n\n\n<p>4.3. Pardav\u0117jas \u012fsipareigoja gerbti Pirk\u0117jo privatumo teis\u0119 \u012f Pirk\u0117jo priklausan\u010di\u0105 asmenin\u0119 informacij\u0105, nurodyt\u0105 el. parduotuv\u0117s u\u017esakymo formoje.<\/p>\n\n\n\n<p>4.4. Pardav\u0117jas \u012fsipareigoja pristatyti Pirk\u0117jo u\u017esakytas prekes Pirk\u0117jo nurodytu adresu.<\/p>\n\n\n\n<p>5. Preki\u0173 u\u017esakymas, kainos, atsiskaitymo tvarka, terminai.<\/p>\n\n\n\n<p>5.1. El. parduotuv\u0117je Pirk\u0117jas gali pirkti vis\u0105 par\u0105, 7 dienas per savait\u0119.<\/p>\n\n\n\n<p>5.2. Sutartis pradeda galioti nuo to momento, kai Pirk\u0117jas paspaud\u017eia mygtuk\u0105 \u201ePatvirtinti u\u017esakym\u0105\u201c, o gav\u0119s u\u017esakym\u0105 Pardav\u0117jas j\u012f patvirtina \u2013 atsiun\u010dia patvirtinimo lai\u0161k\u0105 Pirk\u0117jo nurodytu el. pa\u0161tu.<\/p>\n\n\n\n<p>5.3. Preki\u0173 kainos el. parduotuv\u0117je ir suformuotame u\u017esakyme nurodomos Eurais, \u012fskaitant PVM.<\/p>\n\n\n\n<p>5.4. Pirk\u0117jas gali atsiskaityti u\u017e prekes, vienu i\u0161 \u0161i\u0173 b\u016bd\u0173:<\/p>\n\n\n\n<p>5.4.1. Banko kortel\u0117 \u2013 u\u017esakymo metu apmokama su turima bankine kortele suvedus jos duomenis. Atsiskaitymas bankine kortele atliekamas per Stripe mok\u0117jimo sistem\u0105.<\/p>\n\n\n\n<p>5.4.2. Atsiskaitymas banko pavedimu \u2013 tai i\u0161ankstinis atsiskaitymas, kai Pirk\u0117jas, gav\u0119s i\u0161ankstin\u0119 s\u0105skait\u0105 apmok\u0117jimui, perveda pinigus \u012f el. parduotuv\u0117s banko s\u0105skait\u0105.<\/p>\n\n\n\n<p>5.5. Pirk\u0117jas \u012fsipareigoja u\u017e prekes sumok\u0117ti, kai gaus patvirtinimo lai\u0161k\u0105 i\u0161 pardav\u0117jo. Tik gavus apmok\u0117jim\u0105 u\u017e prekes pradedamas formuoti preki\u0173 siuntinys ir pradedamas skai\u010diuoti preki\u0173 pristatymo terminas.<\/p>\n\n\n\n<p>6. Preki\u0173 pristatymas.<\/p>\n\n\n\n<p>6.1. Pirk\u0117jas, u\u017esakymo metu pasirink\u0119s preki\u0173 pristatymo paslaug\u0105, \u012fsipareigoja nurodyti tiksli\u0105 preki\u0173 pristatymo viet\u0105.<\/p>\n\n\n\n<p>6.2. Pirk\u0117jas \u012fsipareigoja prekes priimti pats. Tuo atveju, jei Pirk\u0117jas preki\u0173 pats priimti negali, o prek\u0117s pristatytos nurodytu adresu, Pirk\u0117jas neturi teis\u0117s reik\u0161ti Pardav\u0117jui pretenzij\u0173 d\u0117l preki\u0173 pristatymo netinkamam subjektui.<\/p>\n\n\n\n<p>6.3. Pardav\u0117jas pristato Pirk\u0117jui prekes vadovaudamasis preki\u0173 apra\u0161ymuose nurodytais terminais. \u0160ie terminai yra preliminar\u016bs, be to, netaikomi tais atvejais, kai Pardav\u0117jo sand\u0117lyje n\u0117ra reikiam\u0173 preki\u0173, o Pirk\u0117jas informuojamas apie u\u017esakyt\u0173 preki\u0173 tr\u016bkum\u0105. Kartu Pirk\u0117jas sutinka, jog i\u0161imtiniais atvejais preki\u0173 pateikimas gali v\u0117luoti d\u0117l nenumatyt\u0173, nuo Pardav\u0117jo nepriklausan\u010di\u0173 aplinkybi\u0173. Tokiu atveju Pardav\u0117jas \u012fsipareigoja nedelsiant susisiekti su Pirk\u0117ju ir suderinti preki\u0173 pateikimo s\u0105lygas.<\/p>\n\n\n\n<p>6.4. Visais atvejais Pardav\u0117jas atleid\u017eiamas nuo atsakomyb\u0117s u\u017e preki\u0173 pateikimo termin\u0173 pa\u017eeidim\u0105, jeigu prek\u0117s Pirk\u0117jui n\u0117ra pateikiamos arba pateikiamos ne laiku d\u0117l Pirk\u0117jo kalt\u0117s arba d\u0117l nuo Pardav\u0117jo nepriklausan\u010di\u0173 aplinkybi\u0173.<\/p>\n\n\n\n<p>6.6. Pirk\u0117jas privalo visais atvejais nedelsiant informuoti Pardav\u0117j\u0105, jeigu siunta pateikiama sulamdytoje arba kitu b\u016bdu pa\u017eeistoje pakuot\u0117je, jeigu siuntoje pateikiamos neu\u017esakytos prek\u0117s arba netinkamas j\u0173 kiekis, nepilna prek\u0117s komplektacija.<\/p>\n\n\n\n<p>7. Preki\u0173 kokyb\u0117s, garantijos.<\/p>\n\n\n\n<p>7.1. Pardav\u0117jas neatsako u\u017e tai, kad el. parduotuv\u0117je esan\u010dios prek\u0117s savo spalva, forma ar kitais parametrais gali neatitikti realaus preki\u0173 dyd\u017eio, form\u0173 ir spalvos d\u0117l Pirk\u0117jo naudojamo vaizduoklio ypatybi\u0173.<\/p>\n\n\n\n<p>7.2. Pardav\u0117jas tam tikroms preki\u0173 r\u016b\u0161ims suteikia tam tikr\u0105 laik\u0105 galiojan\u010di\u0105 kokyb\u0117s garantij\u0105, kurios konkretus terminas ir kitos s\u0105lygos nurodomos toki\u0173 preki\u0173 apra\u0161ymuose.<\/p>\n\n\n\n<p>7.3. Pardav\u0117jui tam tikroms preki\u0173 r\u016b\u0161ims nesuteikus kokyb\u0117s garantijos, galioja garantija, numatyta atitinkam\u0173 teis\u0117s akt\u0173.<\/p>\n\n\n\n<p>8. Pirk\u0117jo ir pardav\u0117jo atsakomyb\u0117.<\/p>\n\n\n\n<p>8.1. Pirk\u0117jas yra visi\u0161kai atsakingas u\u017e Pirk\u0117jo pateikiam\u0173 asmens duomen\u0173 teisingum\u0105. Jei Pirk\u0117jas nepateikia tiksli\u0173 asmens duomen\u0173 u\u017esakymo formoje, Pardav\u0117jas neatsako u\u017e d\u0117l to atsiradusius padarinius ir \u012fgyja teis\u0119 reikalauti i\u0161 Pirk\u0117jo patirt\u0173 tiesiogini\u0173 nuostoli\u0173 atlyginimo.<\/p>\n\n\n\n<p>8.2. Pirk\u0117jas atsako u\u017e veiksmus, atliktus naudojantis \u0161ia el. parduotuve.<\/p>\n\n\n\n<p>8.3. Pardav\u0117jas atleid\u017eiamas nuo bet kokios atsakomyb\u0117s tais atvejais, kai nuostoliai kyla d\u0117l to, jog Pirk\u0117jas, neatsi\u017evelgdamas \u012f Pardav\u0117jo rekomendacijas ir Pirk\u0117jo \u012fsipareigojimus, nesusipa\u017eino su \u0161iomis Taisykl\u0117mis, nors tokia galimyb\u0117 jam buvo suteikta.<\/p>\n\n\n\n<p>8.4. Jei Pardav\u0117jo el. parduotuv\u0117je yra nuorodos \u012f kit\u0173 \u012fmoni\u0173, \u012fstaig\u0173, organizacij\u0173 ar asmen\u0173 el. tinklalapius, Pardav\u0117jas n\u0117ra atsakingas u\u017e ten esan\u010di\u0105 informacij\u0105 ar vykdom\u0105 veikl\u0105, t\u0173 tinklapi\u0173 nepri\u017ei\u016bri, nekontroliuoja ir toms \u012fmon\u0117ms bei asmenims neatstovauja.<\/p>\n\n\n\n<p>8.5. Atsiradus \u017ealai, kaltoji \u0160alis atlygina kitai \u0160aliai tiesioginius nuostolius.<\/p>\n\n\n\n<p>9. Rinkodara ir informacija.<\/p>\n\n\n\n<p>9.1. Pardav\u0117jas savo nuo\u017ei\u016bra gali inicijuoti el. parduotuv\u0117je \u012fvairias akcijas.<\/p>\n\n\n\n<p>9.2. Pardav\u0117jas turi teis\u0119 viena\u0161ali\u0161kai, be atskiro \u012fsp\u0117jimo, pakeisti akcij\u0173 s\u0105lygas, taip pat jas panaikinti. Bet koks akcij\u0173 s\u0105lyg\u0173 ir tvarkos pakeitimas ar panaikinimas galioja tik \u012f priek\u012f, t.y. nuo j\u0173 atlikimo momento.<\/p>\n\n\n\n<p>9.3. Pardav\u0117jas visus prane\u0161imus siun\u010dia Pirk\u0117jo u\u017esakymo formoje nurodytomis susisiekimo priemon\u0117mis.<\/p>\n\n\n\n<p>9.4. Pirk\u0117jas visus prane\u0161imus ir klausimus siun\u010dia Pardav\u0117jo el. parduotuv\u0117s skyriuje \u201eKontaktai\u201c nurodytu el. pa\u0161to adresu.<\/p>\n\n\n\n<p>9.5. Pardav\u0117jas neatsako jei Pirk\u0117jas negauna siun\u010diam\u0173 informacini\u0173 ar patvirtinan\u010di\u0173 prane\u0161im\u0173 d\u0117l internetinio ry\u0161io, elektroninio pa\u0161to paslaug\u0173 tiek\u0117j\u0173 tinkl\u0173 sutrikim\u0173.<\/p>\n\n\n\n<p>10. Baigiamosios nuostatos.<\/p>\n\n\n\n<p>10.1. \u0160ios preki\u0173 pirkimo \u2013 pardavimo Taisykl\u0117s sudarytos vadovaujantis LR \u012fstatymais ir teis\u0117s aktais.<\/p>\n\n\n\n<p>10.2. Visi nesutarimai, kil\u0119 d\u0117l \u0161i\u0173 Taisykli\u0173 vykdymo, sprend\u017eiami deryb\u0173 b\u016bdu. Nepavykus susitarti, gin\u010dai sprend\u017eiami LR \u012fstatym\u0173 nustatyta tvarka.<\/p>","protected":false},"excerpt":{"rendered":"<p>1. Pirkimas ir atsiskaitymas &#8211; Bendrosios nuostatos. 1.1. \u0160ios preki\u0173 pirkimo \u2013 pardavimo taisykl\u0117s (toliau \u2013 Taisykl\u0117s) yra \u0160alims privalomas teisinis dokumentas, kuris nustato Pirk\u0117jo ir Pardav\u0117jo teises, pareigas ir atsakomyb\u0119 Pirk\u0117jui \u012fsigyjant prekes el. parduotuv\u0117je. 1.2. Pardav\u0117jas pasilieka teis\u0119 bet kuriuo metu pakeisti, taisyti ar papildyti taisykles, atsi\u017evelgdamas \u012f teis\u0117s akt\u0173 nustatytus reikalavimus. Pirk\u0117jas [&hellip;]<\/p>\n","protected":false},"author":1,"featured_media":0,"parent":0,"menu_order":0,"comment_status":"closed","ping_status":"closed","template":"","meta":{"footnotes":""},"class_list":["post-406","page","type-page","status-publish","hentry"],"blocksy_meta":[],"yoast_head":"<!-- This site is optimized with the Yoast SEO plugin v27.4 - https:\/\/yoast.com\/product\/yoast-seo-wordpress\/ -->\n<title>Pirkimas ir atsiskaitymas - Trampampam.lt<\/title>\n<meta name=\"description\" content=\"\u0160ios preki\u0173 pirkimo \u2013 pardavimo taisykl\u0117s (toliau \u2013 Taisykl\u0117s) yra \u0160alims privalomas teisinis dokumentas, kuris nustato Pirk\u0117jo ir Pardav\u0117jo teises, pareigas ir atsakomyb\u0119 Pirk\u0117jui \u012fsigyjant prekes el. parduotuv\u0117je.\" \/>\n<meta name=\"robots\" content=\"index, follow, max-snippet:-1, max-image-preview:large, max-video-preview:-1\" \/>\n<link rel=\"canonical\" href=\"https:\/\/trampampam.lt\/en\/pirkimas-ir-atsiskaitymas\/\" \/>\n<meta property=\"og:locale\" content=\"en_US\" \/>\n<meta property=\"og:type\" content=\"article\" \/>\n<meta property=\"og:title\" content=\"Pirkimas ir atsiskaitymas - Trampampam.lt\" \/>\n<meta property=\"og:description\" content=\"\u0160ios preki\u0173 pirkimo \u2013 pardavimo taisykl\u0117s (toliau \u2013 Taisykl\u0117s) yra \u0160alims privalomas teisinis dokumentas, kuris nustato Pirk\u0117jo ir Pardav\u0117jo teises, pareigas ir atsakomyb\u0119 Pirk\u0117jui \u012fsigyjant prekes el. parduotuv\u0117je.\" \/>\n<meta property=\"og:url\" content=\"https:\/\/trampampam.lt\/en\/pirkimas-ir-atsiskaitymas\/\" \/>\n<meta property=\"og:site_name\" content=\"Trampampam.lt\" \/>\n<meta property=\"article:publisher\" content=\"https:\/\/www.facebook.com\/Trampampam.lt\" \/>\n<meta property=\"article:modified_time\" content=\"2024-12-29T18:46:39+00:00\" \/>\n<meta name=\"twitter:card\" content=\"summary_large_image\" \/>\n<meta name=\"twitter:label1\" content=\"Est. reading time\" \/>\n\t<meta name=\"twitter:data1\" content=\"7 minutes\" \/>\n<script type=\"application\/ld+json\" class=\"yoast-schema-graph\">{\"@context\":\"https:\\\/\\\/schema.org\",\"@graph\":[{\"@type\":\"WebPage\",\"@id\":\"https:\\\/\\\/trampampam.lt\\\/pirkimas-ir-atsiskaitymas\\\/\",\"url\":\"https:\\\/\\\/trampampam.lt\\\/pirkimas-ir-atsiskaitymas\\\/\",\"name\":\"Pirkimas ir atsiskaitymas - Trampampam.lt\",\"isPartOf\":{\"@id\":\"https:\\\/\\\/trampampam.lt\\\/#website\"},\"datePublished\":\"2023-10-07T16:43:34+00:00\",\"dateModified\":\"2024-12-29T18:46:39+00:00\",\"description\":\"\u0160ios preki\u0173 pirkimo \u2013 pardavimo taisykl\u0117s (toliau \u2013 Taisykl\u0117s) yra \u0160alims privalomas teisinis dokumentas, kuris nustato Pirk\u0117jo ir Pardav\u0117jo teises, pareigas ir atsakomyb\u0119 Pirk\u0117jui \u012fsigyjant prekes el. parduotuv\u0117je.\",\"breadcrumb\":{\"@id\":\"https:\\\/\\\/trampampam.lt\\\/pirkimas-ir-atsiskaitymas\\\/#breadcrumb\"},\"inLanguage\":\"en-US\",\"potentialAction\":[{\"@type\":\"ReadAction\",\"target\":[\"https:\\\/\\\/trampampam.lt\\\/pirkimas-ir-atsiskaitymas\\\/\"]}]},{\"@type\":\"BreadcrumbList\",\"@id\":\"https:\\\/\\\/trampampam.lt\\\/pirkimas-ir-atsiskaitymas\\\/#breadcrumb\",\"itemListElement\":[{\"@type\":\"ListItem\",\"position\":1,\"name\":\"Home\",\"item\":\"https:\\\/\\\/trampampam.lt\\\/\"},{\"@type\":\"ListItem\",\"position\":2,\"name\":\"Pirkimas ir atsiskaitymas\"}]},{\"@type\":\"WebSite\",\"@id\":\"https:\\\/\\\/trampampam.lt\\\/#website\",\"url\":\"https:\\\/\\\/trampampam.lt\\\/\",\"name\":\"Telefon\u0173 d\u0117klai, Balionai ir kita \u0161ventin\u0117 atributika | Trampampam.lt\",\"description\":\"Telefon\u0173 d\u0117klai, balionai, dovan\u0173 id\u0117jos ir kita \u0161ventin\u0117 atributika\",\"publisher\":{\"@id\":\"https:\\\/\\\/trampampam.lt\\\/#organization\"},\"alternateName\":\"Telefon\u0173 d\u0117klai\",\"potentialAction\":[{\"@type\":\"SearchAction\",\"target\":{\"@type\":\"EntryPoint\",\"urlTemplate\":\"https:\\\/\\\/trampampam.lt\\\/?s={search_term_string}\"},\"query-input\":{\"@type\":\"PropertyValueSpecification\",\"valueRequired\":true,\"valueName\":\"search_term_string\"}}],\"inLanguage\":\"en-US\"},{\"@type\":\"Organization\",\"@id\":\"https:\\\/\\\/trampampam.lt\\\/#organization\",\"name\":\"Trampampam.lt\",\"url\":\"https:\\\/\\\/trampampam.lt\\\/\",\"logo\":{\"@type\":\"ImageObject\",\"inLanguage\":\"en-US\",\"@id\":\"https:\\\/\\\/trampampam.lt\\\/#\\\/schema\\\/logo\\\/image\\\/\",\"url\":\"https:\\\/\\\/i0.wp.com\\\/trampampam.lt\\\/wp-content\\\/uploads\\\/2023\\\/11\\\/Small-logo-be-fono-1-e1698868741484.png?fit=390%2C399&ssl=1\",\"contentUrl\":\"https:\\\/\\\/i0.wp.com\\\/trampampam.lt\\\/wp-content\\\/uploads\\\/2023\\\/11\\\/Small-logo-be-fono-1-e1698868741484.png?fit=390%2C399&ssl=1\",\"width\":390,\"height\":399,\"caption\":\"Trampampam.lt\"},\"image\":{\"@id\":\"https:\\\/\\\/trampampam.lt\\\/#\\\/schema\\\/logo\\\/image\\\/\"},\"sameAs\":[\"https:\\\/\\\/www.facebook.com\\\/Trampampam.lt\",\"https:\\\/\\\/www.instagram.com\\\/trampampam.lt\\\/\"]}]}<\/script>\n<!-- \/ Yoast SEO plugin. -->","yoast_head_json":{"title":"Pirkimas ir atsiskaitymas - Trampampam.lt","description":"\u0160ios preki\u0173 pirkimo \u2013 pardavimo taisykl\u0117s (toliau \u2013 Taisykl\u0117s) yra \u0160alims privalomas teisinis dokumentas, kuris nustato Pirk\u0117jo ir Pardav\u0117jo teises, pareigas ir atsakomyb\u0119 Pirk\u0117jui \u012fsigyjant prekes el. parduotuv\u0117je.","robots":{"index":"index","follow":"follow","max-snippet":"max-snippet:-1","max-image-preview":"max-image-preview:large","max-video-preview":"max-video-preview:-1"},"canonical":"https:\/\/trampampam.lt\/en\/pirkimas-ir-atsiskaitymas\/","og_locale":"en_US","og_type":"article","og_title":"Pirkimas ir atsiskaitymas - Trampampam.lt","og_description":"\u0160ios preki\u0173 pirkimo \u2013 pardavimo taisykl\u0117s (toliau \u2013 Taisykl\u0117s) yra \u0160alims privalomas teisinis dokumentas, kuris nustato Pirk\u0117jo ir Pardav\u0117jo teises, pareigas ir atsakomyb\u0119 Pirk\u0117jui \u012fsigyjant prekes el. parduotuv\u0117je.","og_url":"https:\/\/trampampam.lt\/en\/pirkimas-ir-atsiskaitymas\/","og_site_name":"Trampampam.lt","article_publisher":"https:\/\/www.facebook.com\/Trampampam.lt","article_modified_time":"2024-12-29T18:46:39+00:00","twitter_card":"summary_large_image","twitter_misc":{"Est. reading time":"7 minutes"},"schema":{"@context":"https:\/\/schema.org","@graph":[{"@type":"WebPage","@id":"https:\/\/trampampam.lt\/pirkimas-ir-atsiskaitymas\/","url":"https:\/\/trampampam.lt\/pirkimas-ir-atsiskaitymas\/","name":"Pirkimas ir atsiskaitymas - Trampampam.lt","isPartOf":{"@id":"https:\/\/trampampam.lt\/#website"},"datePublished":"2023-10-07T16:43:34+00:00","dateModified":"2024-12-29T18:46:39+00:00","description":"\u0160ios preki\u0173 pirkimo \u2013 pardavimo taisykl\u0117s (toliau \u2013 Taisykl\u0117s) yra \u0160alims privalomas teisinis dokumentas, kuris nustato Pirk\u0117jo ir Pardav\u0117jo teises, pareigas ir atsakomyb\u0119 Pirk\u0117jui \u012fsigyjant prekes el. parduotuv\u0117je.","breadcrumb":{"@id":"https:\/\/trampampam.lt\/pirkimas-ir-atsiskaitymas\/#breadcrumb"},"inLanguage":"en-US","potentialAction":[{"@type":"ReadAction","target":["https:\/\/trampampam.lt\/pirkimas-ir-atsiskaitymas\/"]}]},{"@type":"BreadcrumbList","@id":"https:\/\/trampampam.lt\/pirkimas-ir-atsiskaitymas\/#breadcrumb","itemListElement":[{"@type":"ListItem","position":1,"name":"Home","item":"https:\/\/trampampam.lt\/"},{"@type":"ListItem","position":2,"name":"Pirkimas ir atsiskaitymas"}]},{"@type":"WebSite","@id":"https:\/\/trampampam.lt\/#website","url":"https:\/\/trampampam.lt\/","name":"Telefon\u0173 d\u0117klai, Balionai ir kita \u0161ventin\u0117 atributika | Trampampam.lt","description":"Telefon\u0173 d\u0117klai, balionai, dovan\u0173 id\u0117jos ir kita \u0161ventin\u0117 atributika","publisher":{"@id":"https:\/\/trampampam.lt\/#organization"},"alternateName":"Telefon\u0173 d\u0117klai","potentialAction":[{"@type":"SearchAction","target":{"@type":"EntryPoint","urlTemplate":"https:\/\/trampampam.lt\/?s={search_term_string}"},"query-input":{"@type":"PropertyValueSpecification","valueRequired":true,"valueName":"search_term_string"}}],"inLanguage":"en-US"},{"@type":"Organization","@id":"https:\/\/trampampam.lt\/#organization","name":"Trampampam.lt","url":"https:\/\/trampampam.lt\/","logo":{"@type":"ImageObject","inLanguage":"en-US","@id":"https:\/\/trampampam.lt\/#\/schema\/logo\/image\/","url":"https:\/\/i0.wp.com\/trampampam.lt\/wp-content\/uploads\/2023\/11\/Small-logo-be-fono-1-e1698868741484.png?fit=390%2C399&ssl=1","contentUrl":"https:\/\/i0.wp.com\/trampampam.lt\/wp-content\/uploads\/2023\/11\/Small-logo-be-fono-1-e1698868741484.png?fit=390%2C399&ssl=1","width":390,"height":399,"caption":"Trampampam.lt"},"image":{"@id":"https:\/\/trampampam.lt\/#\/schema\/logo\/image\/"},"sameAs":["https:\/\/www.facebook.com\/Trampampam.lt","https:\/\/www.instagram.com\/trampampam.lt\/"]}]}},"jetpack_sharing_enabled":true,"_links":{"self":[{"href":"https:\/\/trampampam.lt\/en\/wp-json\/wp\/v2\/pages\/406","targetHints":{"allow":["GET"]}}],"collection":[{"href":"https:\/\/trampampam.lt\/en\/wp-json\/wp\/v2\/pages"}],"about":[{"href":"https:\/\/trampampam.lt\/en\/wp-json\/wp\/v2\/types\/page"}],"author":[{"embeddable":true,"href":"https:\/\/trampampam.lt\/en\/wp-json\/wp\/v2\/users\/1"}],"replies":[{"embeddable":true,"href":"https:\/\/trampampam.lt\/en\/wp-json\/wp\/v2\/comments?post=406"}],"version-history":[{"count":0,"href":"https:\/\/trampampam.lt\/en\/wp-json\/wp\/v2\/pages\/406\/revisions"}],"wp:attachment":[{"href":"https:\/\/trampampam.lt\/en\/wp-json\/wp\/v2\/media?parent=406"}],"curies":[{"name":"wp","href":"https:\/\/api.w.org\/{rel}","templated":true}]}}