{"id":127,"date":"2023-08-15T15:00:31","date_gmt":"2023-08-15T12:00:31","guid":{"rendered":"https:\/\/trampampam.lt\/?page_id=127"},"modified":"2025-01-02T22:40:38","modified_gmt":"2025-01-02T20:40:38","slug":"apie-mus","status":"publish","type":"page","link":"https:\/\/trampampam.lt\/en\/apie-mus\/","title":{"rendered":"Apie mus"},"content":{"rendered":"<div class=\"wp-block-cover alignfull is-light has-custom-content-position is-position-top-center\" style=\"min-height:645px;aspect-ratio:unset;\"><span aria-hidden=\"true\" class=\"wp-block-cover__background has-background-dim-100 has-background-dim\" style=\"background-color:#ffffff\"><\/span><div class=\"wp-block-cover__inner-container is-layout-flow wp-block-cover-is-layout-flow\">\n<div class=\"wp-block-media-text alignwide is-stacked-on-mobile is-vertically-aligned-center is-image-fill-element\" style=\"grid-template-columns:56% auto\"><figure class=\"wp-block-media-text__media\"><img data-recalc-dims=\"1\" loading=\"lazy\" decoding=\"async\" width=\"975\" height=\"649\" src=\"https:\/\/i0.wp.com\/trampampam.lt\/wp-content\/uploads\/2023\/08\/IMG_0566-edited-1024x682.png?resize=975%2C649&#038;ssl=1\" alt=\"Apie mus\" class=\"wp-image-298 size-full\" style=\"object-position:50% 50%\" srcset=\"https:\/\/i0.wp.com\/trampampam.lt\/wp-content\/uploads\/2023\/08\/IMG_0566-edited.png?resize=1024%2C682&amp;ssl=1 1024w, https:\/\/i0.wp.com\/trampampam.lt\/wp-content\/uploads\/2023\/08\/IMG_0566-edited.png?resize=600%2C400&amp;ssl=1 600w, https:\/\/i0.wp.com\/trampampam.lt\/wp-content\/uploads\/2023\/08\/IMG_0566-edited.png?resize=300%2C200&amp;ssl=1 300w, https:\/\/i0.wp.com\/trampampam.lt\/wp-content\/uploads\/2023\/08\/IMG_0566-edited.png?resize=768%2C512&amp;ssl=1 768w, https:\/\/i0.wp.com\/trampampam.lt\/wp-content\/uploads\/2023\/08\/IMG_0566-edited.png?w=1193&amp;ssl=1 1193w\" sizes=\"auto, (max-width: 975px) 100vw, 975px\" \/><\/figure><div class=\"wp-block-media-text__content\">\n<h2 class=\"wp-block-heading has-text-color\" style=\"color:#000000;font-size:clamp(20px, 1.25rem + ((1vw - 3.2px) * 0.938), 32px);\">Sveiki, mieli klientai !<\/h2>\n\n\n\n<div class=\"wp-block-stackable-heading stk-block-heading stk-block-heading--v2 stk-block stk-c430723\" id=\"br-span-style-color-000000-class-stk-highlight-siek-tiek-informacijos-apie-mus-span\" data-block-id=\"c430723\"><h2 class=\"stk-block-heading__text\"><br><span style=\"color: #000000;\" class=\"stk-highlight\">\u0160iek tiek informacijos apie mus.<\/span><\/h2><\/div>\n\n\n\n<p>Mes esame tam, kad J\u016bs\u0173 \u0161vent\u0117s ir renginiai b\u016bt\u0173 tobuli. <\/p>\n\n\n\n<p>Su dideliu d\u017eiaugsmu pristatome <strong>BALIONUS<\/strong> bei kit\u0105 \u0161ventin\u0119 atributik\u0105, kas &nbsp;pad\u0117s Jums sukurti ypating\u0105, spalving\u0105 ir nepakartojam\u0105 atmosfer\u0105 visiems J\u016bs\u0173 renginiams ir \u0161vent\u0117ms!<br>Gimtadienis? <\/p>\n\n\n\n<p>Vestuv\u0117s? <\/p>\n\n\n\n<p>Krik\u0161tynos? <\/p>\n\n\n\n<p>\u012emon\u0117s vakar\u0117lis? <\/p>\n\n\n\n<p><a href=\"https:\/\/trampampam.lt\/en\/\" data-type=\"product_cat\" data-id=\"19\">BALIONAI<\/a> pad\u0117s Jums sukurti &nbsp;J\u016bs\u0173 norim\u0105 \u0161ventin\u0119 nuotaik\u0105.<br>Mes esame \u010dia, kad pad\u0117tume Jums padaryti kiekvien\u0105 \u0161vent\u0119 ypating\u0105 ir nepamir\u0161tam\u0105!<br>D\u0117kojame, kad pasirinkote m\u016bs\u0173 parduotuv\u0119.<\/p>\n\n\n\n<div class=\"wp-block-buttons is-layout-flex wp-block-buttons-is-layout-flex\">\n<div class=\"wp-block-button is-style-fill\"><a class=\"wp-block-button__link wp-element-button\" href=\"https:\/\/trampampam.lt\/en\/\"><strong>Tram pam pam ?<\/strong><\/a><\/div>\n<\/div>\n<\/div><\/div>\n<\/div><\/div>\n\n\n\n<div class=\"wp-block-stackable-hero alignfull stk-block-hero stk-block stk-0f37db3 stk-block-background is-style-horizontal\" data-v=\"2\" data-block-id=\"0f37db3\"><style>.stk-0f37db3 {background-color:#FFFFFF !important;padding-top:0px !important;padding-right:0px !important;padding-bottom:0px !important;padding-left:0px !important;}.stk-0f37db3:before{background-color:#FFFFFF !important;}.stk-0f37db3 .stk-block-hero__content{min-height:500px !important;align-items:center !important;display:flex !important;}<\/style><div class=\"stk-block-hero__content stk-content-align stk-0f37db3-column alignfull stk-container stk-0f37db3-container stk--no-background stk--no-padding\"><div class=\"stk-block-content stk-inner-blocks stk-0f37db3-inner-blocks\">\n<div class=\"wp-block-stackable-columns stk-block-columns stk-block stk-66ecdec\" data-block-id=\"66ecdec\"><div class=\"stk-row stk-inner-blocks stk-block-content stk-content-align stk-66ecdec-column\">\n<div class=\"wp-block-stackable-column stk-block-column stk-column stk-block stk-55c24d2\" data-v=\"4\" data-block-id=\"55c24d2\"><style>.stk-55c24d2-container{margin-top:32px !important;margin-right:32px !important;margin-bottom:32px !important;margin-left:32px !important;}.stk-55c24d2-inner-blocks{justify-content:center !important;}@media screen and (min-width: 768px){.stk-55c24d2 {flex:var(--stk-flex-grow, 1) 1 calc(55.7% - var(--stk-column-gap, 0px) * 1 \/ 2 ) !important;}}<\/style><div class=\"stk-column-wrapper stk-block-column__content stk-container stk-55c24d2-container stk--no-background stk--no-padding\"><div class=\"has-text-align-left stk--column-flex stk-block-content stk-inner-blocks stk-55c24d2-inner-blocks\">\n<h1 class=\"wp-block-heading alignfull\"><span style=\"color: #000000;\" class=\"stk-highlight\">O ne! <strong>Telefonas<\/strong> ir v\u0117l i\u0161krito i\u0161 rank\u0173\u2026<\/span>&nbsp;<\/h1>\n\n\n\n<h2 class=\"wp-block-heading\"><span style=\"color: #000000;\" class=\"stk-highlight\">Laimei, naudojant \u0161iuos auk\u0161\u010diausios kokyb\u0117s, itin patvarius <a href=\"https:\/\/trampampam.lt\/en\/product-category\/telefonu_deklai\/\">telefono d\u0117klus<\/a>, nelaimingi atsitikimai netur\u0117s tiek daug pasekmi\u0173. Lengvi, bet ypatingai tvirti d\u0117klai yra privalomas stiliaus IR apsaugos priedas.<\/span><\/h2>\n\n\n\n<h2 class=\"wp-block-heading\"><span style=\"color: #000000;\" class=\"stk-highlight\">Dviej\u0173 sluoksni\u0173 telefono d\u0117klas suteikia daugiau apsaugos nei bet kada anks\u010diau. Tai tarsi j\u016bs\u0173 telefono asmeninis, nenuilstantis sargybinis.<\/span><\/h2>\n\n\n\n<ul class=\"wp-block-list\">\n<li><span style=\"color: #000000;\" class=\"stk-highlight\">Itin tvirtas d\u0117klas su dviej\u0173 sluoksni\u0173 apvalkalu, kad padidint\u0173 patvarum\u0105<\/span><\/li>\n\n\n\n<li><span style=\"color: #000000;\" class=\"stk-highlight\">Pagaminta i\u0161 auk\u0161\u010diausios kokyb\u0117s med\u017eiag\u0173<\/span><\/li>\n\n\n\n<li><span style=\"color: #000000;\" class=\"stk-highlight\">Blizgus pavir\u0161ius<\/span><\/li>\n\n\n\n<li><span style=\"color: #000000;\" class=\"stk-highlight\">Neblunkanti grafika<\/span><\/li>\n<\/ul>\n\n\n\n<div class=\"wp-block-buttons is-layout-flex wp-block-buttons-is-layout-flex\">\n<div class=\"wp-block-button is-style-fill\"><a class=\"wp-block-button__link wp-element-button\" href=\"https:\/\/trampampam.lt\/en\/product-category\/telefonu_deklai\/\"><strong>Tram pam pam ?<\/strong><\/a><\/div>\n<\/div>\n<\/div><\/div><\/div>\n\n\n\n<div class=\"wp-block-stackable-column stk-block-column stk-column stk-block stk-38efdf3\" data-v=\"4\" data-block-id=\"38efdf3\"><style>.stk-38efdf3-container{margin-top:0px !important;margin-right:0px !important;margin-bottom:0px !important;margin-left:0px !important;}@media screen and (min-width: 768px){.stk-38efdf3 {flex:var(--stk-flex-grow, 1) 1 calc(44.3% - var(--stk-column-gap, 0px) * 1 \/ 2 ) !important;}}<\/style><div class=\"stk-column-wrapper stk-block-column__content stk-container stk-38efdf3-container stk--no-background stk--no-padding\"><div class=\"stk-block-content stk-inner-blocks stk-38efdf3-inner-blocks\">\n<div class=\"wp-block-stackable-image stk-block-image stk-block stk-bdd022f\" data-block-id=\"bdd022f\"><style>.stk-bdd022f .stk-img-wrapper{width:100% !important;height:750px !important;}<\/style><figure><span class=\"stk-img-wrapper stk-image--shape-stretch\"><img data-recalc-dims=\"1\" loading=\"lazy\" decoding=\"async\" class=\"stk-img wp-image-3081\" src=\"https:\/\/i0.wp.com\/trampampam.lt\/wp-content\/uploads\/2024\/11\/sandy_spongebob_3_phones_display_with_colorful_phone_cases_6fde2252-6d45-41d8-906c-3c1bc48f5410.png?resize=975%2C975&#038;ssl=1\" width=\"975\" height=\"975\" alt=\"Telefonu deklai\" srcset=\"https:\/\/i0.wp.com\/trampampam.lt\/wp-content\/uploads\/2024\/11\/sandy_spongebob_3_phones_display_with_colorful_phone_cases_6fde2252-6d45-41d8-906c-3c1bc48f5410.png?w=1024&amp;ssl=1 1024w, https:\/\/i0.wp.com\/trampampam.lt\/wp-content\/uploads\/2024\/11\/sandy_spongebob_3_phones_display_with_colorful_phone_cases_6fde2252-6d45-41d8-906c-3c1bc48f5410.png?resize=300%2C300&amp;ssl=1 300w, https:\/\/i0.wp.com\/trampampam.lt\/wp-content\/uploads\/2024\/11\/sandy_spongebob_3_phones_display_with_colorful_phone_cases_6fde2252-6d45-41d8-906c-3c1bc48f5410.png?resize=150%2C150&amp;ssl=1 150w, https:\/\/i0.wp.com\/trampampam.lt\/wp-content\/uploads\/2024\/11\/sandy_spongebob_3_phones_display_with_colorful_phone_cases_6fde2252-6d45-41d8-906c-3c1bc48f5410.png?resize=768%2C768&amp;ssl=1 768w, https:\/\/i0.wp.com\/trampampam.lt\/wp-content\/uploads\/2024\/11\/sandy_spongebob_3_phones_display_with_colorful_phone_cases_6fde2252-6d45-41d8-906c-3c1bc48f5410.png?resize=650%2C650&amp;ssl=1 650w, https:\/\/i0.wp.com\/trampampam.lt\/wp-content\/uploads\/2024\/11\/sandy_spongebob_3_phones_display_with_colorful_phone_cases_6fde2252-6d45-41d8-906c-3c1bc48f5410.png?resize=600%2C600&amp;ssl=1 600w, https:\/\/i0.wp.com\/trampampam.lt\/wp-content\/uploads\/2024\/11\/sandy_spongebob_3_phones_display_with_colorful_phone_cases_6fde2252-6d45-41d8-906c-3c1bc48f5410.png?resize=100%2C100&amp;ssl=1 100w\" sizes=\"auto, (max-width: 975px) 100vw, 975px\" \/><\/span><\/figure><\/div>\n<\/div><\/div><\/div>\n<\/div><\/div>\n<\/div><\/div><\/div>","protected":false},"excerpt":{"rendered":"","protected":false},"author":1,"featured_media":3476,"parent":0,"menu_order":0,"comment_status":"closed","ping_status":"closed","template":"","meta":{"footnotes":""},"class_list":["post-127","page","type-page","status-publish","has-post-thumbnail","hentry"],"blocksy_meta":[],"yoast_head":"<!-- This site is optimized with the Yoast SEO plugin v27.4 - https:\/\/yoast.com\/product\/yoast-seo-wordpress\/ -->\n<title>Apie mus<\/title>\n<meta name=\"description\" content=\"Mes esame tam, kad J\u016bs\u0173 \u0161vent\u0117s ir renginiai b\u016bt\u0173 tobuli. Telefon\u0173 d\u0117klai, balionai, dovan\u0173 id\u0117jos ir kita \u0161ventin\u0117 atributika\" \/>\n<meta name=\"robots\" content=\"index, follow, max-snippet:-1, max-image-preview:large, max-video-preview:-1\" \/>\n<link rel=\"canonical\" href=\"https:\/\/trampampam.lt\/en\/apie-mus\/\" \/>\n<meta property=\"og:locale\" content=\"en_US\" \/>\n<meta property=\"og:type\" content=\"article\" \/>\n<meta property=\"og:title\" content=\"Apie mus\" \/>\n<meta property=\"og:description\" content=\"Mes esame tam, kad J\u016bs\u0173 \u0161vent\u0117s ir renginiai b\u016bt\u0173 tobuli. Telefon\u0173 d\u0117klai, balionai, dovan\u0173 id\u0117jos ir kita \u0161ventin\u0117 atributika\" \/>\n<meta property=\"og:url\" content=\"https:\/\/trampampam.lt\/en\/apie-mus\/\" \/>\n<meta property=\"og:site_name\" content=\"Trampampam.lt\" \/>\n<meta property=\"article:publisher\" content=\"https:\/\/www.facebook.com\/Trampampam.lt\" \/>\n<meta property=\"article:modified_time\" content=\"2025-01-02T20:40:38+00:00\" \/>\n<meta property=\"og:image\" content=\"https:\/\/trampampam.lt\/wp-content\/uploads\/2025\/01\/image.png\" \/>\n\t<meta property=\"og:image:width\" content=\"1024\" \/>\n\t<meta property=\"og:image:height\" content=\"768\" \/>\n\t<meta property=\"og:image:type\" content=\"image\/png\" \/>\n<meta name=\"twitter:card\" content=\"summary_large_image\" \/>\n<meta name=\"twitter:label1\" content=\"Est. reading time\" \/>\n\t<meta name=\"twitter:data1\" content=\"2 minutes\" \/>\n<script type=\"application\/ld+json\" class=\"yoast-schema-graph\">{\"@context\":\"https:\\\/\\\/schema.org\",\"@graph\":[{\"@type\":\"WebPage\",\"@id\":\"https:\\\/\\\/trampampam.lt\\\/apie-mus\\\/\",\"url\":\"https:\\\/\\\/trampampam.lt\\\/apie-mus\\\/\",\"name\":\"Apie mus\",\"isPartOf\":{\"@id\":\"https:\\\/\\\/trampampam.lt\\\/#website\"},\"primaryImageOfPage\":{\"@id\":\"https:\\\/\\\/trampampam.lt\\\/apie-mus\\\/#primaryimage\"},\"image\":{\"@id\":\"https:\\\/\\\/trampampam.lt\\\/apie-mus\\\/#primaryimage\"},\"thumbnailUrl\":\"https:\\\/\\\/i0.wp.com\\\/trampampam.lt\\\/wp-content\\\/uploads\\\/2025\\\/01\\\/image.png?fit=1024%2C768&ssl=1\",\"datePublished\":\"2023-08-15T12:00:31+00:00\",\"dateModified\":\"2025-01-02T20:40:38+00:00\",\"description\":\"Mes esame tam, kad J\u016bs\u0173 \u0161vent\u0117s ir renginiai b\u016bt\u0173 tobuli. Telefon\u0173 d\u0117klai, balionai, dovan\u0173 id\u0117jos ir kita \u0161ventin\u0117 atributika\",\"breadcrumb\":{\"@id\":\"https:\\\/\\\/trampampam.lt\\\/apie-mus\\\/#breadcrumb\"},\"inLanguage\":\"en-US\",\"potentialAction\":[{\"@type\":\"ReadAction\",\"target\":[\"https:\\\/\\\/trampampam.lt\\\/apie-mus\\\/\"]}]},{\"@type\":\"ImageObject\",\"inLanguage\":\"en-US\",\"@id\":\"https:\\\/\\\/trampampam.lt\\\/apie-mus\\\/#primaryimage\",\"url\":\"https:\\\/\\\/i0.wp.com\\\/trampampam.lt\\\/wp-content\\\/uploads\\\/2025\\\/01\\\/image.png?fit=1024%2C768&ssl=1\",\"contentUrl\":\"https:\\\/\\\/i0.wp.com\\\/trampampam.lt\\\/wp-content\\\/uploads\\\/2025\\\/01\\\/image.png?fit=1024%2C768&ssl=1\",\"width\":1024,\"height\":768},{\"@type\":\"BreadcrumbList\",\"@id\":\"https:\\\/\\\/trampampam.lt\\\/apie-mus\\\/#breadcrumb\",\"itemListElement\":[{\"@type\":\"ListItem\",\"position\":1,\"name\":\"Home\",\"item\":\"https:\\\/\\\/trampampam.lt\\\/\"},{\"@type\":\"ListItem\",\"position\":2,\"name\":\"Apie mus\"}]},{\"@type\":\"WebSite\",\"@id\":\"https:\\\/\\\/trampampam.lt\\\/#website\",\"url\":\"https:\\\/\\\/trampampam.lt\\\/\",\"name\":\"Telefon\u0173 d\u0117klai, Balionai ir kita \u0161ventin\u0117 atributika | Trampampam.lt\",\"description\":\"Telefon\u0173 d\u0117klai, balionai, dovan\u0173 id\u0117jos ir kita \u0161ventin\u0117 atributika\",\"publisher\":{\"@id\":\"https:\\\/\\\/trampampam.lt\\\/#organization\"},\"alternateName\":\"Telefon\u0173 d\u0117klai\",\"potentialAction\":[{\"@type\":\"SearchAction\",\"target\":{\"@type\":\"EntryPoint\",\"urlTemplate\":\"https:\\\/\\\/trampampam.lt\\\/?s={search_term_string}\"},\"query-input\":{\"@type\":\"PropertyValueSpecification\",\"valueRequired\":true,\"valueName\":\"search_term_string\"}}],\"inLanguage\":\"en-US\"},{\"@type\":\"Organization\",\"@id\":\"https:\\\/\\\/trampampam.lt\\\/#organization\",\"name\":\"Trampampam.lt\",\"url\":\"https:\\\/\\\/trampampam.lt\\\/\",\"logo\":{\"@type\":\"ImageObject\",\"inLanguage\":\"en-US\",\"@id\":\"https:\\\/\\\/trampampam.lt\\\/#\\\/schema\\\/logo\\\/image\\\/\",\"url\":\"https:\\\/\\\/i0.wp.com\\\/trampampam.lt\\\/wp-content\\\/uploads\\\/2023\\\/11\\\/Small-logo-be-fono-1-e1698868741484.png?fit=390%2C399&ssl=1\",\"contentUrl\":\"https:\\\/\\\/i0.wp.com\\\/trampampam.lt\\\/wp-content\\\/uploads\\\/2023\\\/11\\\/Small-logo-be-fono-1-e1698868741484.png?fit=390%2C399&ssl=1\",\"width\":390,\"height\":399,\"caption\":\"Trampampam.lt\"},\"image\":{\"@id\":\"https:\\\/\\\/trampampam.lt\\\/#\\\/schema\\\/logo\\\/image\\\/\"},\"sameAs\":[\"https:\\\/\\\/www.facebook.com\\\/Trampampam.lt\",\"https:\\\/\\\/www.instagram.com\\\/trampampam.lt\\\/\"]}]}<\/script>\n<!-- \/ Yoast SEO plugin. -->","yoast_head_json":{"title":"Apie mus","description":"Mes esame tam, kad J\u016bs\u0173 \u0161vent\u0117s ir renginiai b\u016bt\u0173 tobuli. Telefon\u0173 d\u0117klai, balionai, dovan\u0173 id\u0117jos ir kita \u0161ventin\u0117 atributika","robots":{"index":"index","follow":"follow","max-snippet":"max-snippet:-1","max-image-preview":"max-image-preview:large","max-video-preview":"max-video-preview:-1"},"canonical":"https:\/\/trampampam.lt\/en\/apie-mus\/","og_locale":"en_US","og_type":"article","og_title":"Apie mus","og_description":"Mes esame tam, kad J\u016bs\u0173 \u0161vent\u0117s ir renginiai b\u016bt\u0173 tobuli. Telefon\u0173 d\u0117klai, balionai, dovan\u0173 id\u0117jos ir kita \u0161ventin\u0117 atributika","og_url":"https:\/\/trampampam.lt\/en\/apie-mus\/","og_site_name":"Trampampam.lt","article_publisher":"https:\/\/www.facebook.com\/Trampampam.lt","article_modified_time":"2025-01-02T20:40:38+00:00","og_image":[{"width":1024,"height":768,"url":"https:\/\/trampampam.lt\/wp-content\/uploads\/2025\/01\/image.png","type":"image\/png"}],"twitter_card":"summary_large_image","twitter_misc":{"Est. reading time":"2 minutes"},"schema":{"@context":"https:\/\/schema.org","@graph":[{"@type":"WebPage","@id":"https:\/\/trampampam.lt\/apie-mus\/","url":"https:\/\/trampampam.lt\/apie-mus\/","name":"Apie mus","isPartOf":{"@id":"https:\/\/trampampam.lt\/#website"},"primaryImageOfPage":{"@id":"https:\/\/trampampam.lt\/apie-mus\/#primaryimage"},"image":{"@id":"https:\/\/trampampam.lt\/apie-mus\/#primaryimage"},"thumbnailUrl":"https:\/\/i0.wp.com\/trampampam.lt\/wp-content\/uploads\/2025\/01\/image.png?fit=1024%2C768&ssl=1","datePublished":"2023-08-15T12:00:31+00:00","dateModified":"2025-01-02T20:40:38+00:00","description":"Mes esame tam, kad J\u016bs\u0173 \u0161vent\u0117s ir renginiai b\u016bt\u0173 tobuli. Telefon\u0173 d\u0117klai, balionai, dovan\u0173 id\u0117jos ir kita \u0161ventin\u0117 atributika","breadcrumb":{"@id":"https:\/\/trampampam.lt\/apie-mus\/#breadcrumb"},"inLanguage":"en-US","potentialAction":[{"@type":"ReadAction","target":["https:\/\/trampampam.lt\/apie-mus\/"]}]},{"@type":"ImageObject","inLanguage":"en-US","@id":"https:\/\/trampampam.lt\/apie-mus\/#primaryimage","url":"https:\/\/i0.wp.com\/trampampam.lt\/wp-content\/uploads\/2025\/01\/image.png?fit=1024%2C768&ssl=1","contentUrl":"https:\/\/i0.wp.com\/trampampam.lt\/wp-content\/uploads\/2025\/01\/image.png?fit=1024%2C768&ssl=1","width":1024,"height":768},{"@type":"BreadcrumbList","@id":"https:\/\/trampampam.lt\/apie-mus\/#breadcrumb","itemListElement":[{"@type":"ListItem","position":1,"name":"Home","item":"https:\/\/trampampam.lt\/"},{"@type":"ListItem","position":2,"name":"Apie mus"}]},{"@type":"WebSite","@id":"https:\/\/trampampam.lt\/#website","url":"https:\/\/trampampam.lt\/","name":"Telefon\u0173 d\u0117klai, Balionai ir kita \u0161ventin\u0117 atributika | Trampampam.lt","description":"Telefon\u0173 d\u0117klai, balionai, dovan\u0173 id\u0117jos ir kita \u0161ventin\u0117 atributika","publisher":{"@id":"https:\/\/trampampam.lt\/#organization"},"alternateName":"Telefon\u0173 d\u0117klai","potentialAction":[{"@type":"SearchAction","target":{"@type":"EntryPoint","urlTemplate":"https:\/\/trampampam.lt\/?s={search_term_string}"},"query-input":{"@type":"PropertyValueSpecification","valueRequired":true,"valueName":"search_term_string"}}],"inLanguage":"en-US"},{"@type":"Organization","@id":"https:\/\/trampampam.lt\/#organization","name":"Trampampam.lt","url":"https:\/\/trampampam.lt\/","logo":{"@type":"ImageObject","inLanguage":"en-US","@id":"https:\/\/trampampam.lt\/#\/schema\/logo\/image\/","url":"https:\/\/i0.wp.com\/trampampam.lt\/wp-content\/uploads\/2023\/11\/Small-logo-be-fono-1-e1698868741484.png?fit=390%2C399&ssl=1","contentUrl":"https:\/\/i0.wp.com\/trampampam.lt\/wp-content\/uploads\/2023\/11\/Small-logo-be-fono-1-e1698868741484.png?fit=390%2C399&ssl=1","width":390,"height":399,"caption":"Trampampam.lt"},"image":{"@id":"https:\/\/trampampam.lt\/#\/schema\/logo\/image\/"},"sameAs":["https:\/\/www.facebook.com\/Trampampam.lt","https:\/\/www.instagram.com\/trampampam.lt\/"]}]}},"jetpack_sharing_enabled":true,"_links":{"self":[{"href":"https:\/\/trampampam.lt\/en\/wp-json\/wp\/v2\/pages\/127","targetHints":{"allow":["GET"]}}],"collection":[{"href":"https:\/\/trampampam.lt\/en\/wp-json\/wp\/v2\/pages"}],"about":[{"href":"https:\/\/trampampam.lt\/en\/wp-json\/wp\/v2\/types\/page"}],"author":[{"embeddable":true,"href":"https:\/\/trampampam.lt\/en\/wp-json\/wp\/v2\/users\/1"}],"replies":[{"embeddable":true,"href":"https:\/\/trampampam.lt\/en\/wp-json\/wp\/v2\/comments?post=127"}],"version-history":[{"count":0,"href":"https:\/\/trampampam.lt\/en\/wp-json\/wp\/v2\/pages\/127\/revisions"}],"wp:featuredmedia":[{"embeddable":true,"href":"https:\/\/trampampam.lt\/en\/wp-json\/wp\/v2\/media\/3476"}],"wp:attachment":[{"href":"https:\/\/trampampam.lt\/en\/wp-json\/wp\/v2\/media?parent=127"}],"curies":[{"name":"wp","href":"https:\/\/api.w.org\/{rel}","templated":true}]}}