{"id":11,"date":"2023-10-07T19:54:33","date_gmt":"2023-10-07T16:54:33","guid":{"rendered":"http:\/\/trampampam.lt\/?page_id=11"},"modified":"2023-12-17T00:18:11","modified_gmt":"2023-12-16T22:18:11","slug":"prekiu-grazinimas","status":"publish","type":"page","link":"https:\/\/trampampam.lt\/en\/prekiu-grazinimas\/","title":{"rendered":"Preki\u0173 gr\u0105\u017einimas"},"content":{"rendered":"<p>El. pa\u0161to adresas, kuriuo reikia atsi\u0173sti informacij\u0105 apie preki\u0173 gr\u0105\u017einim\u0105:&nbsp;<strong><em>info@trampampam.lt<\/em><\/strong><\/p>\n\n\n\n<p>Preki\u0173 gr\u0105\u017einimas ir keitimas.<\/p>\n\n\n\n<p>1.1. Parduot\u0173 preki\u0173 tr\u016bkumai \u0161alinami, nekokybi\u0161kos prek\u0117s kei\u010diamos, gr\u0105\u017einamos vadovaujantis Civilinio kodekso nuostatomis.<\/p>\n\n\n\n<p>1.2 Jeigu pirk\u0117jui nepatinka nusipirktos prek\u0117s forma, dydis, spalva, modelis ar komlekti\u0161kumas, prek\u0117s gr\u0105\u017einimo pardav\u0117jui i\u0161laidas padengia pirk\u0117jas.<\/p>\n\n\n\n<p>1.3. Nor\u0117damas gr\u0105\u017einti prek\u0119(-es) remiantis Taisykli\u0173 1.1. punktu, Pirk\u0117jas gali tai padaryti per 14 (keturiolika) darbo dien\u0173 nuo preki\u0173 pristatymo Pirk\u0117jui dienos, informuodamas Pardav\u0117j\u0105 kontakt\u0173 skyriuje nurodytomis susisiekimo priemon\u0117mis.<\/p>\n\n\n\n<p>1.3.1 Atliekant gr\u0105\u017einimo proces\u0105 pirk\u0117jas turi : nurodyti prek\u0117s gr\u0105\u017einimo prie\u017e\u0105st\u012f, atsi\u0173sti nurodytu elektroniniu pa\u0161tu prek\u0117s, bei pakuotes nuotraukas, pateiki s\u0105skait\u0105 fakt\u016br\u0105 ir u\u017esakymo numer\u012f.<\/p>\n\n\n\n<p>1.4. Pirk\u0117jui gr\u0105\u017einant prekes, b\u016btina laikytis \u0161i\u0173 s\u0105lyg\u0173:<\/p>\n\n\n\n<p>1.4.1. gr\u0105\u017einama prek\u0117 turi b\u016bti originalioje tvarkingoje pakuot\u0117je;<\/p>\n\n\n\n<p>1.4.2. prek\u0117 turi b\u016bti Pirk\u0117jo nesugadinta;<\/p>\n\n\n\n<p>1.4.3. prek\u0117 turi b\u016bti nenaudota, nepraradusi prekin\u0117s i\u0161vaizdos (nepa\u017eeistos etiket\u0117s, nenupl\u0117\u0161tos apsaugin\u0117s pl\u0117vel\u0117s ir kt.) (\u0161is punktas netaikomas tuo atveju, kai gr\u0105\u017einama nekokybi\u0161ka prek\u0117);<\/p>\n\n\n\n<p>1.4.4. gr\u0105\u017einama prek\u0117 turi b\u016bti tos pa\u010dios komplektacijos, kokios Pirk\u0117jas j\u0105 gavo;<\/p>\n\n\n\n<p>1.4.5. gr\u0105\u017einant prek\u0119 b\u016btina pateikti jos \u012fsigijimo dokument\u0105.<\/p>\n\n\n\n<p>1.5. Pardav\u0117jas turi teis\u0119 nepriimti Pirk\u0117jo gr\u0105\u017einam\u0173 preki\u0173, jei Pirk\u0117jas nesilaiko 1.3. straipsnyje nustatytos preki\u0173 gr\u0105\u017einimo tvarkos.<\/p>\n\n\n\n<p>1.6. Gr\u0105\u017einant gaut\u0105 ne t\u0105 prek\u0119 ir\/ar nekokybi\u0161k\u0105 prek\u0117, Pardav\u0117jas \u012fsipareigoja atsiimti tokias prekes ir jas pakeisti analogi\u0161komis tinkamomis prek\u0117mis.<\/p>\n\n\n\n<p>1.7. Tuo atveju, kai Pardav\u0117jas neturi pakeitimui tinkam\u0173 preki\u0173, Pirk\u0117jui gr\u0105\u017einama sumok\u0117ta suma, neskaitant kainos u\u017e pristatym\u0105. Pristatymo kaina nustatoma pagal tai dienai galiojan\u010dius kurjeri\u0173 tarnybos \u012fkainius.<\/p>\n\n\n\n<p>1.8 Gr\u0105\u017einant prek\u0119, u\u017e pristatymo paslaugas atsiskaito pirk\u0117jas \u2013 kurjeri\u0173 tarnybos nustatytais \u012fkainiais.<\/p>\n\n\n\n<p>1.9 Negr\u0105\u017einamos ir atgal nepriimamos prek\u0117s, kurios yra netinkamos gr\u0105\u017einti d\u0117l sveikatos apsaugos ar higienos prie\u017eas\u010di\u0173.<\/p>","protected":false},"excerpt":{"rendered":"<p>El. pa\u0161to adresas, kuriuo reikia atsi\u0173sti informacij\u0105 apie preki\u0173 gr\u0105\u017einim\u0105:&nbsp;info@trampampam.lt Preki\u0173 gr\u0105\u017einimas ir keitimas. 1.1. Parduot\u0173 preki\u0173 tr\u016bkumai \u0161alinami, nekokybi\u0161kos prek\u0117s kei\u010diamos, gr\u0105\u017einamos vadovaujantis Civilinio kodekso nuostatomis. 1.2 Jeigu pirk\u0117jui nepatinka nusipirktos prek\u0117s forma, dydis, spalva, modelis ar komlekti\u0161kumas, prek\u0117s gr\u0105\u017einimo pardav\u0117jui i\u0161laidas padengia pirk\u0117jas. 1.3. Nor\u0117damas gr\u0105\u017einti prek\u0119(-es) remiantis Taisykli\u0173 1.1. punktu, Pirk\u0117jas gali [&hellip;]<\/p>\n","protected":false},"author":1,"featured_media":0,"parent":0,"menu_order":0,"comment_status":"closed","ping_status":"closed","template":"","meta":{"footnotes":""},"class_list":["post-11","page","type-page","status-publish","hentry"],"blocksy_meta":[],"yoast_head":"<!-- This site is optimized with the Yoast SEO plugin v27.4 - https:\/\/yoast.com\/product\/yoast-seo-wordpress\/ -->\n<title>Preki\u0173 gr\u0105\u017einimas - Trampampam.lt<\/title>\n<meta name=\"robots\" content=\"index, follow, max-snippet:-1, max-image-preview:large, max-video-preview:-1\" \/>\n<link rel=\"canonical\" href=\"https:\/\/trampampam.lt\/en\/prekiu-grazinimas\/\" \/>\n<meta property=\"og:locale\" content=\"en_US\" \/>\n<meta property=\"og:type\" content=\"article\" \/>\n<meta property=\"og:title\" content=\"Preki\u0173 gr\u0105\u017einimas - Trampampam.lt\" \/>\n<meta property=\"og:description\" content=\"El. pa\u0161to adresas, kuriuo reikia atsi\u0173sti informacij\u0105 apie preki\u0173 gr\u0105\u017einim\u0105:&nbsp;info@trampampam.lt Preki\u0173 gr\u0105\u017einimas ir keitimas. 1.1. Parduot\u0173 preki\u0173 tr\u016bkumai \u0161alinami, nekokybi\u0161kos prek\u0117s kei\u010diamos, gr\u0105\u017einamos vadovaujantis Civilinio kodekso nuostatomis. 1.2 Jeigu pirk\u0117jui nepatinka nusipirktos prek\u0117s forma, dydis, spalva, modelis ar komlekti\u0161kumas, prek\u0117s gr\u0105\u017einimo pardav\u0117jui i\u0161laidas padengia pirk\u0117jas. 1.3. Nor\u0117damas gr\u0105\u017einti prek\u0119(-es) remiantis Taisykli\u0173 1.1. punktu, Pirk\u0117jas gali [&hellip;]\" \/>\n<meta property=\"og:url\" content=\"https:\/\/trampampam.lt\/en\/prekiu-grazinimas\/\" \/>\n<meta property=\"og:site_name\" content=\"Trampampam.lt\" \/>\n<meta property=\"article:publisher\" content=\"https:\/\/www.facebook.com\/Trampampam.lt\" \/>\n<meta property=\"article:modified_time\" content=\"2023-12-16T22:18:11+00:00\" \/>\n<meta name=\"twitter:card\" content=\"summary_large_image\" \/>\n<meta name=\"twitter:label1\" content=\"Est. reading time\" \/>\n\t<meta name=\"twitter:data1\" content=\"2 minutes\" \/>\n<script type=\"application\/ld+json\" class=\"yoast-schema-graph\">{\"@context\":\"https:\\\/\\\/schema.org\",\"@graph\":[{\"@type\":\"WebPage\",\"@id\":\"https:\\\/\\\/trampampam.lt\\\/prekiu-grazinimas\\\/\",\"url\":\"https:\\\/\\\/trampampam.lt\\\/prekiu-grazinimas\\\/\",\"name\":\"Preki\u0173 gr\u0105\u017einimas - Trampampam.lt\",\"isPartOf\":{\"@id\":\"https:\\\/\\\/trampampam.lt\\\/#website\"},\"datePublished\":\"2023-10-07T16:54:33+00:00\",\"dateModified\":\"2023-12-16T22:18:11+00:00\",\"breadcrumb\":{\"@id\":\"https:\\\/\\\/trampampam.lt\\\/prekiu-grazinimas\\\/#breadcrumb\"},\"inLanguage\":\"en-US\",\"potentialAction\":[{\"@type\":\"ReadAction\",\"target\":[\"https:\\\/\\\/trampampam.lt\\\/prekiu-grazinimas\\\/\"]}]},{\"@type\":\"BreadcrumbList\",\"@id\":\"https:\\\/\\\/trampampam.lt\\\/prekiu-grazinimas\\\/#breadcrumb\",\"itemListElement\":[{\"@type\":\"ListItem\",\"position\":1,\"name\":\"Home\",\"item\":\"https:\\\/\\\/trampampam.lt\\\/\"},{\"@type\":\"ListItem\",\"position\":2,\"name\":\"Preki\u0173 gr\u0105\u017einimas\"}]},{\"@type\":\"WebSite\",\"@id\":\"https:\\\/\\\/trampampam.lt\\\/#website\",\"url\":\"https:\\\/\\\/trampampam.lt\\\/\",\"name\":\"Telefon\u0173 d\u0117klai, Balionai ir kita \u0161ventin\u0117 atributika | Trampampam.lt\",\"description\":\"Telefon\u0173 d\u0117klai, balionai, dovan\u0173 id\u0117jos ir kita \u0161ventin\u0117 atributika\",\"publisher\":{\"@id\":\"https:\\\/\\\/trampampam.lt\\\/#organization\"},\"alternateName\":\"Telefon\u0173 d\u0117klai\",\"potentialAction\":[{\"@type\":\"SearchAction\",\"target\":{\"@type\":\"EntryPoint\",\"urlTemplate\":\"https:\\\/\\\/trampampam.lt\\\/?s={search_term_string}\"},\"query-input\":{\"@type\":\"PropertyValueSpecification\",\"valueRequired\":true,\"valueName\":\"search_term_string\"}}],\"inLanguage\":\"en-US\"},{\"@type\":\"Organization\",\"@id\":\"https:\\\/\\\/trampampam.lt\\\/#organization\",\"name\":\"Trampampam.lt\",\"url\":\"https:\\\/\\\/trampampam.lt\\\/\",\"logo\":{\"@type\":\"ImageObject\",\"inLanguage\":\"en-US\",\"@id\":\"https:\\\/\\\/trampampam.lt\\\/#\\\/schema\\\/logo\\\/image\\\/\",\"url\":\"https:\\\/\\\/i0.wp.com\\\/trampampam.lt\\\/wp-content\\\/uploads\\\/2023\\\/11\\\/Small-logo-be-fono-1-e1698868741484.png?fit=390%2C399&ssl=1\",\"contentUrl\":\"https:\\\/\\\/i0.wp.com\\\/trampampam.lt\\\/wp-content\\\/uploads\\\/2023\\\/11\\\/Small-logo-be-fono-1-e1698868741484.png?fit=390%2C399&ssl=1\",\"width\":390,\"height\":399,\"caption\":\"Trampampam.lt\"},\"image\":{\"@id\":\"https:\\\/\\\/trampampam.lt\\\/#\\\/schema\\\/logo\\\/image\\\/\"},\"sameAs\":[\"https:\\\/\\\/www.facebook.com\\\/Trampampam.lt\",\"https:\\\/\\\/www.instagram.com\\\/trampampam.lt\\\/\"]}]}<\/script>\n<!-- \/ Yoast SEO plugin. -->","yoast_head_json":{"title":"Preki\u0173 gr\u0105\u017einimas - Trampampam.lt","robots":{"index":"index","follow":"follow","max-snippet":"max-snippet:-1","max-image-preview":"max-image-preview:large","max-video-preview":"max-video-preview:-1"},"canonical":"https:\/\/trampampam.lt\/en\/prekiu-grazinimas\/","og_locale":"en_US","og_type":"article","og_title":"Preki\u0173 gr\u0105\u017einimas - Trampampam.lt","og_description":"El. pa\u0161to adresas, kuriuo reikia atsi\u0173sti informacij\u0105 apie preki\u0173 gr\u0105\u017einim\u0105:&nbsp;info@trampampam.lt Preki\u0173 gr\u0105\u017einimas ir keitimas. 1.1. Parduot\u0173 preki\u0173 tr\u016bkumai \u0161alinami, nekokybi\u0161kos prek\u0117s kei\u010diamos, gr\u0105\u017einamos vadovaujantis Civilinio kodekso nuostatomis. 1.2 Jeigu pirk\u0117jui nepatinka nusipirktos prek\u0117s forma, dydis, spalva, modelis ar komlekti\u0161kumas, prek\u0117s gr\u0105\u017einimo pardav\u0117jui i\u0161laidas padengia pirk\u0117jas. 1.3. Nor\u0117damas gr\u0105\u017einti prek\u0119(-es) remiantis Taisykli\u0173 1.1. punktu, Pirk\u0117jas gali [&hellip;]","og_url":"https:\/\/trampampam.lt\/en\/prekiu-grazinimas\/","og_site_name":"Trampampam.lt","article_publisher":"https:\/\/www.facebook.com\/Trampampam.lt","article_modified_time":"2023-12-16T22:18:11+00:00","twitter_card":"summary_large_image","twitter_misc":{"Est. reading time":"2 minutes"},"schema":{"@context":"https:\/\/schema.org","@graph":[{"@type":"WebPage","@id":"https:\/\/trampampam.lt\/prekiu-grazinimas\/","url":"https:\/\/trampampam.lt\/prekiu-grazinimas\/","name":"Preki\u0173 gr\u0105\u017einimas - Trampampam.lt","isPartOf":{"@id":"https:\/\/trampampam.lt\/#website"},"datePublished":"2023-10-07T16:54:33+00:00","dateModified":"2023-12-16T22:18:11+00:00","breadcrumb":{"@id":"https:\/\/trampampam.lt\/prekiu-grazinimas\/#breadcrumb"},"inLanguage":"en-US","potentialAction":[{"@type":"ReadAction","target":["https:\/\/trampampam.lt\/prekiu-grazinimas\/"]}]},{"@type":"BreadcrumbList","@id":"https:\/\/trampampam.lt\/prekiu-grazinimas\/#breadcrumb","itemListElement":[{"@type":"ListItem","position":1,"name":"Home","item":"https:\/\/trampampam.lt\/"},{"@type":"ListItem","position":2,"name":"Preki\u0173 gr\u0105\u017einimas"}]},{"@type":"WebSite","@id":"https:\/\/trampampam.lt\/#website","url":"https:\/\/trampampam.lt\/","name":"Telefon\u0173 d\u0117klai, Balionai ir kita \u0161ventin\u0117 atributika | Trampampam.lt","description":"Telefon\u0173 d\u0117klai, balionai, dovan\u0173 id\u0117jos ir kita \u0161ventin\u0117 atributika","publisher":{"@id":"https:\/\/trampampam.lt\/#organization"},"alternateName":"Telefon\u0173 d\u0117klai","potentialAction":[{"@type":"SearchAction","target":{"@type":"EntryPoint","urlTemplate":"https:\/\/trampampam.lt\/?s={search_term_string}"},"query-input":{"@type":"PropertyValueSpecification","valueRequired":true,"valueName":"search_term_string"}}],"inLanguage":"en-US"},{"@type":"Organization","@id":"https:\/\/trampampam.lt\/#organization","name":"Trampampam.lt","url":"https:\/\/trampampam.lt\/","logo":{"@type":"ImageObject","inLanguage":"en-US","@id":"https:\/\/trampampam.lt\/#\/schema\/logo\/image\/","url":"https:\/\/i0.wp.com\/trampampam.lt\/wp-content\/uploads\/2023\/11\/Small-logo-be-fono-1-e1698868741484.png?fit=390%2C399&ssl=1","contentUrl":"https:\/\/i0.wp.com\/trampampam.lt\/wp-content\/uploads\/2023\/11\/Small-logo-be-fono-1-e1698868741484.png?fit=390%2C399&ssl=1","width":390,"height":399,"caption":"Trampampam.lt"},"image":{"@id":"https:\/\/trampampam.lt\/#\/schema\/logo\/image\/"},"sameAs":["https:\/\/www.facebook.com\/Trampampam.lt","https:\/\/www.instagram.com\/trampampam.lt\/"]}]}},"jetpack_sharing_enabled":true,"_links":{"self":[{"href":"https:\/\/trampampam.lt\/en\/wp-json\/wp\/v2\/pages\/11","targetHints":{"allow":["GET"]}}],"collection":[{"href":"https:\/\/trampampam.lt\/en\/wp-json\/wp\/v2\/pages"}],"about":[{"href":"https:\/\/trampampam.lt\/en\/wp-json\/wp\/v2\/types\/page"}],"author":[{"embeddable":true,"href":"https:\/\/trampampam.lt\/en\/wp-json\/wp\/v2\/users\/1"}],"replies":[{"embeddable":true,"href":"https:\/\/trampampam.lt\/en\/wp-json\/wp\/v2\/comments?post=11"}],"version-history":[{"count":0,"href":"https:\/\/trampampam.lt\/en\/wp-json\/wp\/v2\/pages\/11\/revisions"}],"wp:attachment":[{"href":"https:\/\/trampampam.lt\/en\/wp-json\/wp\/v2\/media?parent=11"}],"curies":[{"name":"wp","href":"https:\/\/api.w.org\/{rel}","templated":true}]}}