{"id":10,"date":"2023-08-13T14:49:34","date_gmt":"2023-08-13T14:49:34","guid":{"rendered":"http:\/\/trampampam.lt\/index.php\/my-account\/"},"modified":"2023-12-17T00:12:38","modified_gmt":"2023-12-16T22:12:38","slug":"mano-paskyra","status":"publish","type":"page","link":"https:\/\/trampampam.lt\/en\/mano-paskyra\/","title":{"rendered":"Mano paskyra"},"content":{"rendered":"<div class=\"woocommerce ct-woo-unauthorized\"><div class=\"woocommerce-notices-wrapper\"><\/div>\n\n<div class=\"u-columns col2-set\" id=\"customer_login\">\n\n\t<div class=\"u-column1 col-1\">\n\n\n\t\t<h2 data-no-translation=\"\" data-trp-gettext=\"\">Login<\/h2>\n\n\t\t<form class=\"woocommerce-form woocommerce-form-login login\" method=\"post\" novalidate action=\"\">\n\n\t\t\t<div class=\"googlesitekit-sign-in-with-google__frontend-output-button woocommerce-form-row form-row\"><\/div>\n\t\t\t<p class=\"woocommerce-form-row woocommerce-form-row--wide form-row form-row-wide\">\n\t\t\t\t<label for=\"username\">Username or email address&nbsp;<span class=\"required\" aria-hidden=\"true\">*<\/span><span class=\"screen-reader-text\" data-no-translation=\"\" data-trp-gettext=\"\">Required<\/span><\/label>\n\t\t\t\t<input type=\"text\" class=\"woocommerce-Input woocommerce-Input--text input-text\" name=\"username\" id=\"username\" autocomplete=\"username\" value=\"\" required aria-required=\"true\" \/>\t\t\t<\/p>\n\t\t\t<p class=\"woocommerce-form-row woocommerce-form-row--wide form-row form-row-wide\">\n\t\t\t\t<label for=\"password\">Password&nbsp;<span class=\"required\" aria-hidden=\"true\">*<\/span><span class=\"screen-reader-text\" data-no-translation=\"\" data-trp-gettext=\"\">Required<\/span><\/label>\n\t\t\t\t<input class=\"woocommerce-Input woocommerce-Input--text input-text\" type=\"password\" name=\"password\" id=\"password\" autocomplete=\"current-password\" required aria-required=\"true\" \/>\n\t\t\t<\/p>\n\n\t\t\t\n\t\t\t<p class=\"form-row\">\n\t\t\t\t<label class=\"woocommerce-form__label woocommerce-form__label-for-checkbox woocommerce-form-login__rememberme\">\n\t\t\t\t\t<input class=\"woocommerce-form__input woocommerce-form__input-checkbox\" name=\"rememberme\" type=\"checkbox\" id=\"rememberme\" value=\"forever\" \/> <span data-no-translation=\"\" data-trp-gettext=\"\">Remember me<\/span>\n\t\t\t\t<\/label>\n\t\t\t\t<input type=\"hidden\" id=\"woocommerce-login-nonce\" name=\"woocommerce-login-nonce\" value=\"ffe2b354d5\" \/><input type=\"hidden\" name=\"_wp_http_referer\" value=\"\/en\/wp-json\/wp\/v2\/pages\/10\" \/>\t\t\t\t<button type=\"submit\" class=\"woocommerce-button button woocommerce-form-login__submit\" name=\"login\" value=\"Log in\" data-no-translation=\"\" data-trp-gettext=\"\" data-no-translation-value=\"\">Log in<\/button>\n\t\t\t<\/p>\n\t\t\t<p class=\"woocommerce-LostPassword lost_password\">\n\t\t\t\t<a href=\"https:\/\/trampampam.lt\/en\/mano-paskyra\/lost-password\/\" data-no-translation=\"\" data-trp-gettext=\"\">Lost your password?<\/a>\n\t\t\t<\/p>\n\n\t\t\t\n\t\t<input type=\"hidden\" name=\"trp-form-language\" value=\"en\"\/><\/form>\n\n\n\t<\/div>\n\n\t<div class=\"u-column2 col-2\">\n\n\t\t<h2 data-no-translation=\"\" data-trp-gettext=\"\">Register<\/h2>\n\n\t\t<form method=\"post\" class=\"woocommerce-form woocommerce-form-register register\" action=\"\"  >\n\n\t\t\t\n\t\t\t\n\t\t\t<p class=\"woocommerce-form-row woocommerce-form-row--wide form-row form-row-wide\">\n\t\t\t\t<label for=\"reg_email\">Email address&nbsp;<span class=\"required\" aria-hidden=\"true\">*<\/span><span class=\"screen-reader-text\" data-no-translation=\"\" data-trp-gettext=\"\">Required<\/span><\/label>\n\t\t\t\t<input type=\"email\" class=\"woocommerce-Input woocommerce-Input--text input-text\" name=\"email\" id=\"reg_email\" autocomplete=\"email\" value=\"\" required aria-required=\"true\" \/>\t\t\t<\/p>\n\n\t\t\t\n\t\t\t\t<p data-no-translation=\"\" data-trp-gettext=\"\">A link to set a new password will be sent to your email address.<\/p>\n\n\t\t\t\n\t\t\t<wc-order-attribution-inputs><\/wc-order-attribution-inputs><div class=\"woocommerce-privacy-policy-text\"><p>J\u016bs\u0173 asmeniniai duomenys bus naudojami u\u017esakymo vykdymui ir kitais tikslais, apra\u0161ytais <a href=\"https:\/\/trampampam.lt\/en\/privatumo-politika\/\" class=\"woocommerce-privacy-policy-link\" target=\"_blank\" data-no-translation=\"\" data-trp-gettext=\"\">privacy policy<\/a>.<\/p>\n<\/div>\n\t\t\t<p class=\"woocommerce-form-row form-row\">\n\t\t\t\t<input type=\"hidden\" id=\"woocommerce-register-nonce\" name=\"woocommerce-register-nonce\" value=\"1cdd998cd4\" \/><input type=\"hidden\" name=\"_wp_http_referer\" value=\"\/en\/wp-json\/wp\/v2\/pages\/10\" \/>\t\t\t\t<button type=\"submit\" class=\"woocommerce-Button woocommerce-button button woocommerce-form-register__submit\" name=\"register\" value=\"Register\" data-no-translation=\"\" data-trp-gettext=\"\" data-no-translation-value=\"\">Register<\/button>\n\t\t\t<\/p>\n\n\t\t\t\n\t\t<input type=\"hidden\" name=\"trp-form-language\" value=\"en\"\/><\/form>\n\n\t<\/div>\n\n<\/div>\n\n<\/div>","protected":false},"excerpt":{"rendered":"","protected":false},"author":1,"featured_media":0,"parent":0,"menu_order":0,"comment_status":"closed","ping_status":"closed","template":"","meta":{"footnotes":""},"class_list":["post-10","page","type-page","status-publish","hentry"],"blocksy_meta":[],"yoast_head":"<!-- This site is optimized with the Yoast SEO plugin v27.4 - https:\/\/yoast.com\/product\/yoast-seo-wordpress\/ -->\n<title>Mano paskyra - Trampampam.lt<\/title>\n<meta name=\"robots\" content=\"index, follow, max-snippet:-1, max-image-preview:large, max-video-preview:-1\" \/>\n<link rel=\"canonical\" href=\"https:\/\/trampampam.lt\/en\/mano-paskyra\/\" \/>\n<meta property=\"og:locale\" content=\"en_US\" \/>\n<meta property=\"og:type\" content=\"article\" \/>\n<meta property=\"og:title\" content=\"Mano paskyra - Trampampam.lt\" \/>\n<meta property=\"og:url\" content=\"https:\/\/trampampam.lt\/en\/mano-paskyra\/\" \/>\n<meta property=\"og:site_name\" content=\"Trampampam.lt\" \/>\n<meta property=\"article:publisher\" content=\"https:\/\/www.facebook.com\/Trampampam.lt\" \/>\n<meta property=\"article:modified_time\" content=\"2023-12-16T22:12:38+00:00\" \/>\n<meta name=\"twitter:card\" content=\"summary_large_image\" \/>\n<script type=\"application\/ld+json\" class=\"yoast-schema-graph\">{\"@context\":\"https:\\\/\\\/schema.org\",\"@graph\":[{\"@type\":\"WebPage\",\"@id\":\"https:\\\/\\\/trampampam.lt\\\/mano-paskyra\\\/\",\"url\":\"https:\\\/\\\/trampampam.lt\\\/mano-paskyra\\\/\",\"name\":\"Mano paskyra - Trampampam.lt\",\"isPartOf\":{\"@id\":\"https:\\\/\\\/trampampam.lt\\\/#website\"},\"datePublished\":\"2023-08-13T14:49:34+00:00\",\"dateModified\":\"2023-12-16T22:12:38+00:00\",\"breadcrumb\":{\"@id\":\"https:\\\/\\\/trampampam.lt\\\/mano-paskyra\\\/#breadcrumb\"},\"inLanguage\":\"en-US\",\"potentialAction\":[{\"@type\":\"ReadAction\",\"target\":[\"https:\\\/\\\/trampampam.lt\\\/mano-paskyra\\\/\"]}]},{\"@type\":\"BreadcrumbList\",\"@id\":\"https:\\\/\\\/trampampam.lt\\\/mano-paskyra\\\/#breadcrumb\",\"itemListElement\":[{\"@type\":\"ListItem\",\"position\":1,\"name\":\"Home\",\"item\":\"https:\\\/\\\/trampampam.lt\\\/\"},{\"@type\":\"ListItem\",\"position\":2,\"name\":\"Mano paskyra\"}]},{\"@type\":\"WebSite\",\"@id\":\"https:\\\/\\\/trampampam.lt\\\/#website\",\"url\":\"https:\\\/\\\/trampampam.lt\\\/\",\"name\":\"Telefon\u0173 d\u0117klai, Balionai ir kita \u0161ventin\u0117 atributika | Trampampam.lt\",\"description\":\"Telefon\u0173 d\u0117klai, balionai, dovan\u0173 id\u0117jos ir kita \u0161ventin\u0117 atributika\",\"publisher\":{\"@id\":\"https:\\\/\\\/trampampam.lt\\\/#organization\"},\"alternateName\":\"Telefon\u0173 d\u0117klai\",\"potentialAction\":[{\"@type\":\"SearchAction\",\"target\":{\"@type\":\"EntryPoint\",\"urlTemplate\":\"https:\\\/\\\/trampampam.lt\\\/?s={search_term_string}\"},\"query-input\":{\"@type\":\"PropertyValueSpecification\",\"valueRequired\":true,\"valueName\":\"search_term_string\"}}],\"inLanguage\":\"en-US\"},{\"@type\":\"Organization\",\"@id\":\"https:\\\/\\\/trampampam.lt\\\/#organization\",\"name\":\"Trampampam.lt\",\"url\":\"https:\\\/\\\/trampampam.lt\\\/\",\"logo\":{\"@type\":\"ImageObject\",\"inLanguage\":\"en-US\",\"@id\":\"https:\\\/\\\/trampampam.lt\\\/#\\\/schema\\\/logo\\\/image\\\/\",\"url\":\"https:\\\/\\\/i0.wp.com\\\/trampampam.lt\\\/wp-content\\\/uploads\\\/2023\\\/11\\\/Small-logo-be-fono-1-e1698868741484.png?fit=390%2C399&ssl=1\",\"contentUrl\":\"https:\\\/\\\/i0.wp.com\\\/trampampam.lt\\\/wp-content\\\/uploads\\\/2023\\\/11\\\/Small-logo-be-fono-1-e1698868741484.png?fit=390%2C399&ssl=1\",\"width\":390,\"height\":399,\"caption\":\"Trampampam.lt\"},\"image\":{\"@id\":\"https:\\\/\\\/trampampam.lt\\\/#\\\/schema\\\/logo\\\/image\\\/\"},\"sameAs\":[\"https:\\\/\\\/www.facebook.com\\\/Trampampam.lt\",\"https:\\\/\\\/www.instagram.com\\\/trampampam.lt\\\/\"]}]}<\/script>\n<!-- \/ Yoast SEO plugin. -->","yoast_head_json":{"title":"Mano paskyra - Trampampam.lt","robots":{"index":"index","follow":"follow","max-snippet":"max-snippet:-1","max-image-preview":"max-image-preview:large","max-video-preview":"max-video-preview:-1"},"canonical":"https:\/\/trampampam.lt\/en\/mano-paskyra\/","og_locale":"en_US","og_type":"article","og_title":"Mano paskyra - Trampampam.lt","og_url":"https:\/\/trampampam.lt\/en\/mano-paskyra\/","og_site_name":"Trampampam.lt","article_publisher":"https:\/\/www.facebook.com\/Trampampam.lt","article_modified_time":"2023-12-16T22:12:38+00:00","twitter_card":"summary_large_image","schema":{"@context":"https:\/\/schema.org","@graph":[{"@type":"WebPage","@id":"https:\/\/trampampam.lt\/mano-paskyra\/","url":"https:\/\/trampampam.lt\/mano-paskyra\/","name":"Mano paskyra - Trampampam.lt","isPartOf":{"@id":"https:\/\/trampampam.lt\/#website"},"datePublished":"2023-08-13T14:49:34+00:00","dateModified":"2023-12-16T22:12:38+00:00","breadcrumb":{"@id":"https:\/\/trampampam.lt\/mano-paskyra\/#breadcrumb"},"inLanguage":"en-US","potentialAction":[{"@type":"ReadAction","target":["https:\/\/trampampam.lt\/mano-paskyra\/"]}]},{"@type":"BreadcrumbList","@id":"https:\/\/trampampam.lt\/mano-paskyra\/#breadcrumb","itemListElement":[{"@type":"ListItem","position":1,"name":"Home","item":"https:\/\/trampampam.lt\/"},{"@type":"ListItem","position":2,"name":"Mano paskyra"}]},{"@type":"WebSite","@id":"https:\/\/trampampam.lt\/#website","url":"https:\/\/trampampam.lt\/","name":"Telefon\u0173 d\u0117klai, Balionai ir kita \u0161ventin\u0117 atributika | Trampampam.lt","description":"Telefon\u0173 d\u0117klai, balionai, dovan\u0173 id\u0117jos ir kita \u0161ventin\u0117 atributika","publisher":{"@id":"https:\/\/trampampam.lt\/#organization"},"alternateName":"Telefon\u0173 d\u0117klai","potentialAction":[{"@type":"SearchAction","target":{"@type":"EntryPoint","urlTemplate":"https:\/\/trampampam.lt\/?s={search_term_string}"},"query-input":{"@type":"PropertyValueSpecification","valueRequired":true,"valueName":"search_term_string"}}],"inLanguage":"en-US"},{"@type":"Organization","@id":"https:\/\/trampampam.lt\/#organization","name":"Trampampam.lt","url":"https:\/\/trampampam.lt\/","logo":{"@type":"ImageObject","inLanguage":"en-US","@id":"https:\/\/trampampam.lt\/#\/schema\/logo\/image\/","url":"https:\/\/i0.wp.com\/trampampam.lt\/wp-content\/uploads\/2023\/11\/Small-logo-be-fono-1-e1698868741484.png?fit=390%2C399&ssl=1","contentUrl":"https:\/\/i0.wp.com\/trampampam.lt\/wp-content\/uploads\/2023\/11\/Small-logo-be-fono-1-e1698868741484.png?fit=390%2C399&ssl=1","width":390,"height":399,"caption":"Trampampam.lt"},"image":{"@id":"https:\/\/trampampam.lt\/#\/schema\/logo\/image\/"},"sameAs":["https:\/\/www.facebook.com\/Trampampam.lt","https:\/\/www.instagram.com\/trampampam.lt\/"]}]}},"jetpack_sharing_enabled":true,"_links":{"self":[{"href":"https:\/\/trampampam.lt\/en\/wp-json\/wp\/v2\/pages\/10","targetHints":{"allow":["GET"]}}],"collection":[{"href":"https:\/\/trampampam.lt\/en\/wp-json\/wp\/v2\/pages"}],"about":[{"href":"https:\/\/trampampam.lt\/en\/wp-json\/wp\/v2\/types\/page"}],"author":[{"embeddable":true,"href":"https:\/\/trampampam.lt\/en\/wp-json\/wp\/v2\/users\/1"}],"replies":[{"embeddable":true,"href":"https:\/\/trampampam.lt\/en\/wp-json\/wp\/v2\/comments?post=10"}],"version-history":[{"count":0,"href":"https:\/\/trampampam.lt\/en\/wp-json\/wp\/v2\/pages\/10\/revisions"}],"wp:attachment":[{"href":"https:\/\/trampampam.lt\/en\/wp-json\/wp\/v2\/media?parent=10"}],"curies":[{"name":"wp","href":"https:\/\/api.w.org\/{rel}","templated":true}]}}